{"id":93587,"date":"2024-11-09T23:59:25","date_gmt":"2024-11-09T21:06:14","guid":{"rendered":"https:\/\/factory.sale\/?post_type=product&#038;p=93587"},"modified":"2024-11-10T11:41:07","modified_gmt":"2024-11-10T08:41:07","slug":"gaasitulega-ummargune-kohvilaud","status":"publish","type":"product","link":"https:\/\/factory.sale\/et\/toode\/gaasitulega-ummargune-kohvilaud\/","title":{"rendered":"Gaasitulega \u00fcmmargune kohvilaud"},"content":{"rendered":"<p>Naudi oma \u00f5ueala ka kehvade ilmade korral meie \u00fcmmarguse gaasitulega kohvilauaga. Valmistatud hooldusvabast alumiiniumist, mis on t\u00e4ielikult ilmastikukindel, see luksuslik gaasitulega kohvilaud on silmapaistev keskpunkt igal \u00f5uekogunemisel, s\u00f5ltumata sellest, kas tuli p\u00f5leb v\u00f5i mitte.<\/p>\n<p>EL-is on gaasiregulaatori vahetamine vajalik, kuid see on lihtne protsess.<\/p>\n<p>See gaasitulega laud on teisaldatav, seega saab seda liigutada igale poole, kus on piisavalt ruumi ventilatsiooniks. K\u00f5ik meie gaasitule s\u00fcsteemid on CE-sertifitseeritud ja sobivad 5 kg gaasiballoonile, mida saab peita alumiiniumist gaasiballooni kattega (m\u00fc\u00fcakse eraldi). Eeldame, et iga gaasiballoon kestab ligikaudu 6\u20137 tundi.<\/p>\n<p>&nbsp;<\/p>\n<p><strong>Raami v\u00e4rv:<\/strong> kivivalge, s\u00f6ehall<\/p>\n<p>&nbsp;<\/p>\n<p>&nbsp;<\/p>\n<p><strong>Tehnilised andmed:<\/strong><\/p>\n<ul>\n<li>1x \u2013 \u00dcmmargune gaasitulega kohvilaud<\/li>\n<li>K\u00f5rgus: 34 cm<\/li>\n<li>L\u00e4bim\u00f5\u00f5t: 90 cm<\/li>\n<li>K\u00fctus: LPG propaan (gaasiballoon EI ole komplektis)<\/li>\n<li>Maksimaalne soojusv\u00f5imsus: 14,7 kWh<\/li>\n<li>Kaal: 30 kg<\/li>\n<\/ul>\n","protected":false},"excerpt":{"rendered":"<p>Naudi oma \u00f5ueala ka kehvade ilmade korral meie \u00fcmmarguse gaasitulega kohvilauaga. Valmistatud hooldusvabast alumiiniumist, mis on t\u00e4ielikult ilmastikukindel, on see luksuslik gaasitulega kohvilaud silmapaistev keskpunkt igal \u00f5uekogunemisel, s\u00f5ltumata sellest, kas tuli p\u00f5leb v\u00f5i mitte.<\/p>\n","protected":false},"featured_media":93579,"comment_status":"open","ping_status":"closed","template":"","meta":{"_acf_changed":false},"factory":[],"free-shipment":[],"product_brand":[],"product_cat":[3007],"product_tag":[],"class_list":{"0":"post-93587","1":"product","2":"type-product","3":"status-publish","4":"has-post-thumbnail","6":"product_cat-tulelauad","8":"first","9":"instock","10":"sale","11":"taxable","12":"shipping-taxable","13":"purchasable","14":"product-type-simple"},"acf":[],"_links":{"self":[{"href":"https:\/\/factory.sale\/et\/wp-json\/wp\/v2\/product\/93587","targetHints":{"allow":["GET"]}}],"collection":[{"href":"https:\/\/factory.sale\/et\/wp-json\/wp\/v2\/product"}],"about":[{"href":"https:\/\/factory.sale\/et\/wp-json\/wp\/v2\/types\/product"}],"replies":[{"embeddable":true,"href":"https:\/\/factory.sale\/et\/wp-json\/wp\/v2\/comments?post=93587"}],"wp:featuredmedia":[{"embeddable":true,"href":"https:\/\/factory.sale\/et\/wp-json\/wp\/v2\/media\/93579"}],"wp:attachment":[{"href":"https:\/\/factory.sale\/et\/wp-json\/wp\/v2\/media?parent=93587"}],"wp:term":[{"taxonomy":"factory","embeddable":true,"href":"https:\/\/factory.sale\/et\/wp-json\/wp\/v2\/factory?post=93587"},{"taxonomy":"free-shipment","embeddable":true,"href":"https:\/\/factory.sale\/et\/wp-json\/wp\/v2\/free-shipment?post=93587"},{"taxonomy":"product_brand","embeddable":true,"href":"https:\/\/factory.sale\/et\/wp-json\/wp\/v2\/product_brand?post=93587"},{"taxonomy":"product_cat","embeddable":true,"href":"https:\/\/factory.sale\/et\/wp-json\/wp\/v2\/product_cat?post=93587"},{"taxonomy":"product_tag","embeddable":true,"href":"https:\/\/factory.sale\/et\/wp-json\/wp\/v2\/product_tag?post=93587"}],"curies":[{"name":"wp","href":"https:\/\/api.w.org\/{rel}","templated":true}]}}