{"id":93566,"date":"2024-11-08T15:38:50","date_gmt":"2024-11-08T12:43:36","guid":{"rendered":"https:\/\/factory.sale\/?post_type=product&#038;p=93566"},"modified":"2024-11-09T12:49:25","modified_gmt":"2024-11-09T09:49:25","slug":"nuovamat","status":"publish","type":"product","link":"https:\/\/factory.sale\/et\/toode\/nuovamat\/","title":{"rendered":"Nuovamat"},"content":{"rendered":"<p>NUOVAMAT \u2013 S\u00fcgavmatt akr\u00fc\u00fclveega lahjendatav v\u00e4rv seintele ja lagedele koos keraamikaga. Eriti h\u00f5\u00f5rdumiskindel, kergesti puhastatav s\u00fcgavmatt akr\u00fc\u00fcldispersioonv\u00e4rv. Selle v\u00e4rvi koostis on v\u00e4lja t\u00f6\u00f6tatud kaasaegse tehnoloogia abil, mille tulemusel omandab v\u00e4rv unikaalse omaduste kombinatsiooni. NUOVAMAT sisaldab eriti k\u00f5vasid keraamilisi ja klaasp\u00f5hiseid t\u00e4iteaineid, mis muudavad pinna eriti vastupidavaks nii kuivale kui ka m\u00e4rjale h\u00f5\u00f5rdumisele. Intensiivse mehaanilise m\u00f5ju (h\u00f5\u00f5rdumise) t\u00f5ttu tekkivat l\u00e4iget saab h\u00f5lpsasti eemaldada, p\u00fchkides need kohad niiske lapiga. Keraamilised t\u00e4iteained annavad pinnale \u00fchtlase struktuuri ja suurendavad valguse hajuvust; n\u00e4htavaid liitekohti ei teki ning v\u00e4rvitud ala saab vajadusel kergesti parandada. Suurep\u00e4rane voolamisv\u00f5ime v\u00e4ldib eba\u00fchtlaste pindade tekkimist, mis v\u00f5ivad ilmneda v\u00e4rvi rulliga pealekandmisel. V\u00e4rv on m\u00f5eldud seinte ja lagede v\u00e4rvimiseks eluruumides, kontorites, avalikes ja teistes intensiivselt kasutatavates ruumides. Sobib ka suurema niiskusega ruumidesse \u2013 vannitubadesse, tualettidesse jne. Sobib krohvi-, betoon-, tellis-, armeeritud pindade ning tekstuursete akr\u00fc\u00fcl-, vin\u00fc\u00fcl- ja klaaskiudkatete v\u00e4rvimiseks. Seda v\u00e4rvi v\u00f5ib kasutada ka ettevalmistatud metall- ja muudel pindadel, mis on varem kaetud veep\u00f5hise dispersioonv\u00e4rviga. T\u00e4nu heale kattev\u00f5imele sobib v\u00e4rv ideaalselt ka kahjustatud kohtade parandamiseks kahes kihis. Valge (A-p\u00f5hi), mida saab toonida heledates toonides RILAKOLOR toonimiss\u00fcsteemi abil. M\u00e4rgpuhastuskindlus: ISO 11998 standardi kohaselt 1. klass. \u00dcle 5000 ts\u00fckli vastavalt DIN 53778 standardile.<\/p>\n<p>&nbsp;<\/p>\n<p><strong>Siseviimistluseks<\/strong><\/p>\n<ul>\n<li>Toodet saab kanda pinnale rulliga<\/li>\n<li>Toodet saab kanda pinnale pintsliga<\/li>\n<li>Toodet saab kanda pinnale pihustusp\u00fcstoliga<\/li>\n<li>Toodet saab toonida<\/li>\n<li>Lahjendamiseks ja t\u00f6\u00f6riistade puhastamiseks kasutage vett<\/li>\n<li>Kuivamisaeg 1 tund<\/li>\n<li>Pakendid: 0,9 l, 3,6 l, 9 l<\/li>\n<li>Toodet saab hoida ainult temperatuuril \u00fcle +5 \u00baC<\/li>\n<li>Kulu: 8 &#8211; 12 m\u00b2\/l<\/li>\n<\/ul>\n<p>&nbsp;<\/p>\n<p><strong>V\u00c4RVI ETTEVALMISTAMINE T\u00d6\u00d6KS:<\/strong><\/p>\n<p>Segage v\u00e4rv enne kasutamist. Vajadusel lahjendage veega, kuni saavutatakse soovitud viskoossus.<\/p>\n<p>&nbsp;<\/p>\n<p><strong>PINNA ETTEVALMISTAMINE:<\/strong><\/p>\n<p>Eemaldage tolm, mustus, kriit, eelnevalt kantud liimv\u00e4rvi kiht v\u00f5i muu kooruv vana v\u00e4rvikiht. T\u00f6\u00f6tle alk\u00fc\u00fcdi- v\u00f5i \u00f5liv\u00e4rvitud pinnad liivapaberiga kuni kerge mati v\u00e4ljan\u00e4gemise saavutamiseni.<\/p>\n<p>&nbsp;<\/p>\n<p><strong>PINNA KRUNTIMINE:<\/strong><\/p>\n<p>Poorsed krohv- ja betoonpinnad tuleks eelnevalt kruntida MOVILAT BASE, FORAKRIL BASE, AKROPRIM v\u00f5i veega kuni 15% mahust lahjendatud NUOVAMAT v\u00e4rviga.<\/p>\n<p>&nbsp;<\/p>\n<p><strong>PEALEKANDMINE:<\/strong><\/p>\n<p>Kandke pinnale 2 v\u00e4rvikihti. Kandmiseks kasutatavad t\u00f6\u00f6riistad on pintsel, rull v\u00f5i pihusti. \u00d5hu ja v\u00e4rvitava pinna temperatuur ei tohi olla madalam kui +5 \u00baC ega k\u00f5rgem kui +30 \u00baC. Kuivamisaeg temperatuuril 20 \u00baC: 1 tund. Kulu: 8\u201312 m\u00b2\/l \u00fche kihi kohta.<\/p>\n<p>&nbsp;<\/p>\n<p><strong>T\u00d6\u00d6RIISTADE PUHASTAMINE:<\/strong><\/p>\n<p>T\u00f6\u00f6riistade puhastamiseks kasutage vett.<\/p>\n<p>&nbsp;<\/p>\n<p><strong>PINNA HOOLDUS:<\/strong><\/p>\n<p>Puhastamist v\u00f5ib alustada mitte varem kui \u00fcks n\u00e4dal p\u00e4rast v\u00e4rvimist. Pinna puhastamiseks v\u00f5ib kasutada puhta veega v\u00f5i n\u00f5rga aluselise puhastuslahusega niisutatud lappi. Puhastamine l\u00f5petada puhta veega niisutatud k\u00e4snaga.<\/p>\n<p>&nbsp;<\/p>\n<p><strong>S\u00c4ILITUSAEG:<\/strong><\/p>\n<p>36 kuud tootja tihedalt suletud anumas temperatuuril \u00fcle +5 \u00baC.<\/p>\n<p>&nbsp;<\/p>\n<p>&nbsp;<\/p>\n<p><strong>Suurused ja hinnad (ilma k\u00e4ibemaksuta):<\/strong><\/p>\n<table dir=\"ltr\" border=\"1\" cellspacing=\"0\" cellpadding=\"0\" data-sheets-root=\"1\" data-sheets-baot=\"1\">\n<colgroup>\n<col width=\"210\" \/>\n<col width=\"151\" \/><\/colgroup>\n<tbody>\n<tr>\n<td>Nuovamat 3,6 L ( A )<\/td>\n<td>8.65 \u20ac<\/td>\n<\/tr>\n<tr>\n<td>Nuovamat 9 L ( A )<\/td>\n<td>39.05 \u20ac<\/td>\n<\/tr>\n<\/tbody>\n<\/table>\n","protected":false},"excerpt":{"rendered":"<p>Min. tellimus 150 EUR!<\/p>\n<p>On v\u00f5imalik sama tootja tooteid komplekteerida omavahel.<\/p>\n","protected":false},"featured_media":93558,"comment_status":"open","ping_status":"closed","template":"","meta":{"_acf_changed":false},"factory":[],"free-shipment":[],"product_brand":[],"product_cat":[169],"product_tag":[],"class_list":{"0":"post-93566","1":"product","2":"type-product","3":"status-publish","4":"has-post-thumbnail","6":"product_cat-kruntvarvid-ja-varvid","8":"first","9":"instock","10":"sale","11":"taxable","12":"shipping-taxable","13":"purchasable","14":"product-type-simple"},"acf":[],"_links":{"self":[{"href":"https:\/\/factory.sale\/et\/wp-json\/wp\/v2\/product\/93566","targetHints":{"allow":["GET"]}}],"collection":[{"href":"https:\/\/factory.sale\/et\/wp-json\/wp\/v2\/product"}],"about":[{"href":"https:\/\/factory.sale\/et\/wp-json\/wp\/v2\/types\/product"}],"replies":[{"embeddable":true,"href":"https:\/\/factory.sale\/et\/wp-json\/wp\/v2\/comments?post=93566"}],"wp:featuredmedia":[{"embeddable":true,"href":"https:\/\/factory.sale\/et\/wp-json\/wp\/v2\/media\/93558"}],"wp:attachment":[{"href":"https:\/\/factory.sale\/et\/wp-json\/wp\/v2\/media?parent=93566"}],"wp:term":[{"taxonomy":"factory","embeddable":true,"href":"https:\/\/factory.sale\/et\/wp-json\/wp\/v2\/factory?post=93566"},{"taxonomy":"free-shipment","embeddable":true,"href":"https:\/\/factory.sale\/et\/wp-json\/wp\/v2\/free-shipment?post=93566"},{"taxonomy":"product_brand","embeddable":true,"href":"https:\/\/factory.sale\/et\/wp-json\/wp\/v2\/product_brand?post=93566"},{"taxonomy":"product_cat","embeddable":true,"href":"https:\/\/factory.sale\/et\/wp-json\/wp\/v2\/product_cat?post=93566"},{"taxonomy":"product_tag","embeddable":true,"href":"https:\/\/factory.sale\/et\/wp-json\/wp\/v2\/product_tag?post=93566"}],"curies":[{"name":"wp","href":"https:\/\/api.w.org\/{rel}","templated":true}]}}