{"id":93549,"date":"2024-11-08T15:13:37","date_gmt":"2024-11-08T12:16:24","guid":{"rendered":"https:\/\/factory.sale\/?post_type=product&#038;p=93549"},"modified":"2024-11-10T02:42:22","modified_gmt":"2024-11-09T23:42:22","slug":"kruntvarvid-rilak-movilat-primer-valge","status":"publish","type":"product","link":"https:\/\/factory.sale\/et\/toode\/kruntvarvid-rilak-movilat-primer-valge\/","title":{"rendered":"Kruntv\u00e4rvid Rilak Movilat Primer, valge"},"content":{"rendered":"<p><strong>Toote omadused:<\/strong><\/p>\n<ul>\n<li>\u00dcldn\u00e4itajad<\/li>\n<li>Toote t\u00fc\u00fcp Kruntv\u00e4rv<\/li>\n<li>Kaubam\u00e4rk Rilak<\/li>\n<li>Kollektsioon Movilat<\/li>\n<li>Mudel Primer<\/li>\n<li>Kogus pakendis, l 9<\/li>\n<li>V\u00e4rvi t\u00fc\u00fcp Emulsiooni-<\/li>\n<li>V\u00e4rvitoon Valge<\/li>\n<li>V\u00e4rvi nimi Valge<\/li>\n<li>L\u00e4ige Matt<\/li>\n<li>Vedeldi Vesi<\/li>\n<li>On m\u00f5eldud viimistlust\u00f6\u00f6dele Sise-<\/li>\n<li>V\u00e4rvi otstarve Laele, Seinale<\/li>\n<li>Sobib pinna katteks Betooni, Krohvitud pindadele, Puidu<\/li>\n<li>T\u00f6\u00f6riistad Pihusti, Pintsel, Rull<\/li>\n<li>Vastupidavus m\u00e4rjale k\u00fc\u00fcrimisele 3. tugevusklass<\/li>\n<li>Kuivamisaeg (puutekuiv) 1 h<\/li>\n<li>Kuivamisaeg (enne \u00fclev\u00e4rvimist) 1 h<\/li>\n<li>Sobib kuumadele pindadele Ei<\/li>\n<li>P\u00e4ritoluriik L\u00e4ti<\/li>\n<\/ul>\n<p>&nbsp;<\/p>\n<p>&nbsp;<\/p>\n<p><strong>Suurused ja v\u00e4rvid (ei sisalda k\u00e4ibemaksu):<\/strong><\/p>\n<table dir=\"ltr\" style=\"height: 102px;\" border=\"1\" width=\"443\" cellspacing=\"0\" cellpadding=\"0\" data-sheets-root=\"1\" data-sheets-baot=\"1\">\n<colgroup>\n<col width=\"210\" \/>\n<col width=\"151\" \/><\/colgroup>\n<tbody>\n<tr>\n<td>Movilat Krunt-Primer 3,6 L ( A )<\/td>\n<td>10.74 \u20ac<\/td>\n<\/tr>\n<tr>\n<td>Movilat Krunt-Primer 9 L( A )<\/td>\n<td>25.46 \u20ac<\/td>\n<\/tr>\n<\/tbody>\n<\/table>\n<p>&nbsp;<\/p>\n","protected":false},"excerpt":{"rendered":"<p>Min. tellimus 150 EUR!<\/p>\n<p>On v\u00f5imalik sama tootja tooteid komplekteerida omavahel.<\/p>\n","protected":false},"featured_media":93547,"comment_status":"open","ping_status":"closed","template":"","meta":{"_acf_changed":false},"factory":[],"free-shipment":[],"product_brand":[],"product_cat":[169],"product_tag":[],"class_list":{"0":"post-93549","1":"product","2":"type-product","3":"status-publish","4":"has-post-thumbnail","6":"product_cat-kruntvarvid-ja-varvid","8":"first","9":"instock","10":"sale","11":"taxable","12":"shipping-taxable","13":"purchasable","14":"product-type-simple"},"acf":[],"_links":{"self":[{"href":"https:\/\/factory.sale\/et\/wp-json\/wp\/v2\/product\/93549","targetHints":{"allow":["GET"]}}],"collection":[{"href":"https:\/\/factory.sale\/et\/wp-json\/wp\/v2\/product"}],"about":[{"href":"https:\/\/factory.sale\/et\/wp-json\/wp\/v2\/types\/product"}],"replies":[{"embeddable":true,"href":"https:\/\/factory.sale\/et\/wp-json\/wp\/v2\/comments?post=93549"}],"wp:featuredmedia":[{"embeddable":true,"href":"https:\/\/factory.sale\/et\/wp-json\/wp\/v2\/media\/93547"}],"wp:attachment":[{"href":"https:\/\/factory.sale\/et\/wp-json\/wp\/v2\/media?parent=93549"}],"wp:term":[{"taxonomy":"factory","embeddable":true,"href":"https:\/\/factory.sale\/et\/wp-json\/wp\/v2\/factory?post=93549"},{"taxonomy":"free-shipment","embeddable":true,"href":"https:\/\/factory.sale\/et\/wp-json\/wp\/v2\/free-shipment?post=93549"},{"taxonomy":"product_brand","embeddable":true,"href":"https:\/\/factory.sale\/et\/wp-json\/wp\/v2\/product_brand?post=93549"},{"taxonomy":"product_cat","embeddable":true,"href":"https:\/\/factory.sale\/et\/wp-json\/wp\/v2\/product_cat?post=93549"},{"taxonomy":"product_tag","embeddable":true,"href":"https:\/\/factory.sale\/et\/wp-json\/wp\/v2\/product_tag?post=93549"}],"curies":[{"name":"wp","href":"https:\/\/api.w.org\/{rel}","templated":true}]}}