{"id":93540,"date":"2024-11-08T14:30:58","date_gmt":"2024-11-08T11:37:21","guid":{"rendered":"https:\/\/factory.sale\/?post_type=product&#038;p=93540"},"modified":"2024-11-10T09:13:49","modified_gmt":"2024-11-10T06:13:49","slug":"hasti-pestav-matt-akruulvarv-movilat-12-a","status":"publish","type":"product","link":"https:\/\/factory.sale\/et\/toode\/hasti-pestav-matt-akruulvarv-movilat-12-a\/","title":{"rendered":"H\u00e4sti pestav matt akr\u00fc\u00fclv\u00e4rv Movilat-12 A"},"content":{"rendered":"<p>Vesidispersioon-akr\u00fc\u00fclv\u00e4rv. Moodustab kerge siidise (satiini meenutava) l\u00e4ikega mati katte ja on suurep\u00e4rase pesemiskindlusega. V\u00e4rvitud pinna elastsus hoiab \u00e4ra pragude tekke. M\u00f5eldud krohvitud, betoon-, puit-, tellis- ja kipspindade v\u00e4rvimiseks k\u00f5rge ja keskmise kasutuskoormusega siseruumide seintel ja lagedel (eluruumid, b\u00fcrood ja \u00fcldkasutatavad hooned jne). Sobib ka reljeefsete akr\u00fc\u00fcl- ja klaaskiudtapeetide v\u00e4rvimiseks. Sobib viimistlust\u00f6\u00f6deks v\u00e4ga niisketes ruumides (vannitoad, sanitaars\u00f5lmed jne).<\/p>\n<p>&nbsp;<\/p>\n<p><strong>Omadused<\/strong><\/p>\n<ul>\n<li>Toodet v\u00f5ib toonida<\/li>\n<li>Vesidispersioonv\u00e4rvid<\/li>\n<li>Toodet v\u00f5ib hoida ainult temperatuuril \u00fcle +5\u00baC<\/li>\n<li>Toode on kasutatav siset\u00f6\u00f6deks<\/li>\n<\/ul>\n<p>&nbsp;<\/p>\n<p>&nbsp;<\/p>\n<p><strong>Kasutamise \u00fcksikasjad<\/strong><\/p>\n<p>Kasutamine: Enne kasutamist tuleb v\u00e4rvi segada. Vajaduse korral lahjendada veega t\u00f6\u00f6viskoossuseni. Pind tuleb enne v\u00e4rvimist puhastada kriidist, koorunud v\u00e4rvist ja mustusest. Kanda peale pintsli, rulli v\u00f5i pihustiga 2 kihina \u00f5hu ja v\u00e4rvitava pinna temperatuuril mitte alla +5 \u00b0\u0421. Poorsed pinnad soovitatakse kruntida kruntimisvahenditega FORAKRIL BASE, AKROPRIM v\u00f5i v\u00e4rviga MOVILAT BASE. Kruntimiseks on lubatud kasutada ka v\u00e4rvi MOVILAT 12, mida on lahjendatud veega vahekorras kuni 15% mahust.<\/p>\n<p>T\u00f6\u00f6 \u2013 ja keskkonnakaitse: Hoida suletult lastele k\u00e4ttesaamatus kohas. V\u00e4ltida aerosooli sissehingamist. Silma sattumise korral pesta viivitamatult rohke veega ja p\u00f6\u00f6rduda arsti poole. Allaneelamise korral p\u00f6\u00f6rduda kohe arsti poole ja esitada toote pakend v\u00f5i etikett.<\/p>\n<p>&nbsp;<\/p>\n<p>&nbsp;<\/p>\n<p><strong>Tehnilised andmed:<\/strong><\/p>\n<p>Kuivamisaeg: 1 tund<br \/>\nKaubam\u00e4rk : RIIA LAKID O\u00dc<br \/>\nKood : 4750445113365<br \/>\nV\u00e4rvikulu : 8\u00f712 m\u00b2\/l<\/p>\n<p>&nbsp;<\/p>\n<p><strong>Suurused ja hinnad (ei sisalda k\u00e4ibemaksu):<\/strong><\/p>\n<p>&nbsp;<\/p>\n<table dir=\"ltr\" border=\"1\" cellspacing=\"0\" cellpadding=\"0\" data-sheets-root=\"1\" data-sheets-baot=\"1\">\n<colgroup>\n<col width=\"210\" \/>\n<col width=\"151\" \/><\/colgroup>\n<tbody>\n<tr>\n<td>Movilat &#8211; 12 3,6 L ( A )<\/td>\n<td>15.35 \u20ac<\/td>\n<\/tr>\n<tr>\n<td>Movilat &#8211; 12 9 L ( A )<\/td>\n<td>36.55 \u20ac<\/td>\n<\/tr>\n<\/tbody>\n<\/table>\n<p>&nbsp;<\/p>\n<p>&nbsp;<\/p>\n<p>&nbsp;<\/p>\n<p><a href=\"https:\/\/factory.sale\/wp-content\/uploads\/2024\/11\/movilat12-tooteleht.pdf\" target=\"_blank\" rel=\"noopener\">PDF<\/a><\/p>\n","protected":false},"excerpt":{"rendered":"<p>Vesidispersioon-akr\u00fc\u00fclv\u00e4rv. Moodustab kerge siidise (satiini meenutava) l\u00e4ikega mati katte ja on suurep\u00e4rase pesemiskindlusega. V\u00e4rvitud pinna elastsus hoiab \u00e4ra pragude tekke. M\u00f5eldud krohvitud, betoon-, puit-, tellis- ja kipspindade v\u00e4rvimiseks k\u00f5rge ja keskmise kasutuskoormusega siseruumide seintel ja lagedel (eluruumid, b\u00fcrood ja \u00fcldkasutatavad hooned jne). Sobib ka reljeefsete akr\u00fc\u00fcl- ja klaaskiudtapeetide v\u00e4rvimiseks. Sobib viimistlust\u00f6\u00f6deks v\u00e4ga niisketes ruumides (vannitoad, sanitaars\u00f5lmed jne).<\/p>\n<p>Min. tellimus 150 EUR!<br \/>\nOn v\u00f5imalik sama tootja tooteid komplekteerida omavahel.<\/p>\n","protected":false},"featured_media":93536,"comment_status":"open","ping_status":"closed","template":"","meta":{"_acf_changed":false},"factory":[],"free-shipment":[],"product_brand":[],"product_cat":[169],"product_tag":[],"class_list":{"0":"post-93540","1":"product","2":"type-product","3":"status-publish","4":"has-post-thumbnail","6":"product_cat-kruntvarvid-ja-varvid","8":"first","9":"instock","10":"sale","11":"taxable","12":"shipping-taxable","13":"purchasable","14":"product-type-simple"},"acf":[],"_links":{"self":[{"href":"https:\/\/factory.sale\/et\/wp-json\/wp\/v2\/product\/93540","targetHints":{"allow":["GET"]}}],"collection":[{"href":"https:\/\/factory.sale\/et\/wp-json\/wp\/v2\/product"}],"about":[{"href":"https:\/\/factory.sale\/et\/wp-json\/wp\/v2\/types\/product"}],"replies":[{"embeddable":true,"href":"https:\/\/factory.sale\/et\/wp-json\/wp\/v2\/comments?post=93540"}],"wp:featuredmedia":[{"embeddable":true,"href":"https:\/\/factory.sale\/et\/wp-json\/wp\/v2\/media\/93536"}],"wp:attachment":[{"href":"https:\/\/factory.sale\/et\/wp-json\/wp\/v2\/media?parent=93540"}],"wp:term":[{"taxonomy":"factory","embeddable":true,"href":"https:\/\/factory.sale\/et\/wp-json\/wp\/v2\/factory?post=93540"},{"taxonomy":"free-shipment","embeddable":true,"href":"https:\/\/factory.sale\/et\/wp-json\/wp\/v2\/free-shipment?post=93540"},{"taxonomy":"product_brand","embeddable":true,"href":"https:\/\/factory.sale\/et\/wp-json\/wp\/v2\/product_brand?post=93540"},{"taxonomy":"product_cat","embeddable":true,"href":"https:\/\/factory.sale\/et\/wp-json\/wp\/v2\/product_cat?post=93540"},{"taxonomy":"product_tag","embeddable":true,"href":"https:\/\/factory.sale\/et\/wp-json\/wp\/v2\/product_tag?post=93540"}],"curies":[{"name":"wp","href":"https:\/\/api.w.org\/{rel}","templated":true}]}}