{"id":93524,"date":"2024-11-08T10:16:38","date_gmt":"2024-11-08T07:20:52","guid":{"rendered":"https:\/\/factory.sale\/?post_type=product&#038;p=93524"},"modified":"2025-10-29T11:16:18","modified_gmt":"2025-10-29T08:16:18","slug":"lateksil","status":"publish","type":"product","link":"https:\/\/factory.sale\/et\/toode\/lateksil\/","title":{"rendered":"Lateksil"},"content":{"rendered":"<p>LATEKSIL \u2013 S\u00fcgavmatt akr\u00fc\u00fclveep\u00f5hine v\u00e4rv seintele ja lagedele. Kiiresti kuivav ja kergesti pealekantav veep\u00f5hine v\u00e4rv, millel on suurep\u00e4rane nakkumine uutele ja varem v\u00e4rvitud krohvi-, betoon-, tellis- ja kipsplaadipindadele. Vastupidav renoveerimisv\u00e4rvimisele selle v\u00f5i sarnase v\u00e4rviga. V\u00e4rv on m\u00f5eldud kuivade v\u00e4hese koormusega alade, n\u00e4iteks ladude, garaa\u017eide jne seinte ja lagede mineraalpindade v\u00e4rvimiseks. Sobib nii uute kui ka varem v\u00e4rvitud pindade viimistlemiseks. M\u00e4rgh\u00f5\u00f5rdekindlus: klass IV EN 13300 (ISO 11998).<\/p>\n<p>&nbsp;<\/p>\n<p><strong>S\u00fcgavmatt akr\u00fc\u00fclveep\u00f5hine v\u00e4rv seintele ja lagedele<\/strong><\/p>\n<ul>\n<li>Siseviimistluseks<\/li>\n<li>Toodet saab kanda pinnale rulliga<\/li>\n<li>Toodet saab kanda pinnale pintsliga<\/li>\n<li>Toodet saab kanda pinnale pihustusp\u00fcstoliga<\/li>\n<li>Toodet saab toonida<\/li>\n<li>Lahjendamiseks ja t\u00f6\u00f6riistade puhastamiseks kasutage vett<\/li>\n<li>Kuivamisaeg 1 tund<\/li>\n<li>Pakendid: 3,6 l, 9 l<\/li>\n<li>Toodet saab hoida ainult temperatuuril \u00fcle +5 \u00baC<\/li>\n<li>Kulu: 7 &#8211; 10 m\u00b2\/l<\/li>\n<\/ul>\n<p>&nbsp;<\/p>\n<p><strong>V\u00e4rvi ettevalmistamine kasutamiseks<\/strong><\/p>\n<p>Sega v\u00e4rv enne kasutamist korralikult l\u00e4bi. Vajadusel lahjenda veega soovitud viskoossuseni.<\/p>\n<p>&nbsp;<\/p>\n<p><strong>Pinna ettevalmistamine<\/strong><\/p>\n<p>Eemaldage tolm, mustus, kriit, eelnevalt kantud liimv\u00e4rvi kiht v\u00f5i muu lahtine vana v\u00e4rvikiht. T\u00f6\u00f6tle \u00f5li- v\u00f5i alk\u00fc\u00fcdv\u00e4rvitud pinnad liivapaberiga kuni kergelt mati v\u00e4limuse saavutamiseni.<\/p>\n<p>&nbsp;<\/p>\n<p><strong>Pinna kruntimine<\/strong><\/p>\n<p>Poorsed krohvi- ja betoonpinnad tuleks kruntida, kasutades FORAKRIL BASE, AKROPRIM v\u00f5i eelnevalt kuni 15% v\u00e4rvimahust veega lahjendatud LATEKSIL v\u00e4rvi.<\/p>\n<p>&nbsp;<\/p>\n<p><strong>Pealekandmine<\/strong><\/p>\n<p>Kandke pinnale 2 kihti v\u00e4rvi. Kandmiseks kasutage pintslit, rulli v\u00f5i pihustusp\u00fcstolit. Esimese kihi pealekandmisel on soovitatav lahjendada v\u00e4rvi kuni 10% veega. Varem v\u00e4rvitud pindadele on soovitatav kanda 1\u20132 kihti. \u00d5hu ja v\u00e4rvitava pinna temperatuur ei tohi olla madalam kui +5 \u00baC ega k\u00f5rgem kui +30 \u00baC. Kuivamisaeg temperatuuril 20 \u00baC on 1 tund. Kulu: 7\u201310 m\u00b2\/l.<\/p>\n<p>&nbsp;<\/p>\n<p><strong>T\u00f6\u00f6riistade puhastamine<\/strong><\/p>\n<p>T\u00f6\u00f6riistade puhastamiseks kasutage vett.<\/p>\n<p>&nbsp;<\/p>\n<p><strong>S\u00e4ilitamisaeg<\/strong><\/p>\n<p>36 kuud tootja tihedalt suletud anumas temperatuuril \u00fcle +5 \u00baC.<\/p>\n<p>&nbsp;<\/p>\n<p><strong>Suurused ja hinnad (ilma k\u00e4ibemaksuta):<\/strong><\/p>\n<table dir=\"ltr\" border=\"1\" cellspacing=\"0\" cellpadding=\"0\" data-sheets-root=\"1\" data-sheets-baot=\"1\">\n<colgroup>\n<col width=\"210\" \/>\n<col width=\"151\" \/><\/colgroup>\n<tbody>\n<tr>\n<td>Lateksil-18 L<\/td>\n<td>32.87 \u20ac<\/td>\n<\/tr>\n<tr>\n<td>Lateksil 3,6 L<\/td>\n<td>7.55 \u20ac<\/td>\n<\/tr>\n<tr>\n<td>Lateksil 9 L<\/td>\n<td>17.99 \u20ac<\/td>\n<\/tr>\n<\/tbody>\n<\/table>\n","protected":false},"excerpt":{"rendered":"<p>LATEKSIL \u2013 S\u00fcgavmatt akr\u00fc\u00fclveep\u00f5hine v\u00e4rv seintele ja lagedele. Kiiresti kuivav ja kergesti pealekantav veep\u00f5hine v\u00e4rv, millel on suurep\u00e4rane nakkumine uutele ja varem v\u00e4rvitud krohvi-, betoon-, tellis- ja kipsplaadipindadele. Vastupidav renoveerimisv\u00e4rvimisele selle v\u00f5i sarnase v\u00e4rviga. V\u00e4rv on m\u00f5eldud kuivade v\u00e4hese koormusega alade, n\u00e4iteks ladude, garaa\u017eide jne seinte ja lagede mineraalpindade v\u00e4rvimiseks. Sobib nii uute kui ka varem v\u00e4rvitud pindade viimistlemiseks. M\u00e4rgh\u00f5\u00f5rdekindlus: klass IV EN 13300 (ISO 11998).<\/p>\n<p>Minimaalne tellimus: 150 EUR!<\/p>\n<p>V\u00f5imalik kombineerida sama tootja tooteid.<\/p>\n","protected":false},"featured_media":93522,"comment_status":"open","ping_status":"closed","template":"","meta":{"_acf_changed":false},"factory":[],"free-shipment":[],"product_brand":[],"product_cat":[169],"product_tag":[],"class_list":{"0":"post-93524","1":"product","2":"type-product","3":"status-publish","4":"has-post-thumbnail","6":"product_cat-kruntvarvid-ja-varvid","8":"first","9":"instock","10":"sale","11":"taxable","12":"shipping-taxable","13":"purchasable","14":"product-type-simple"},"acf":[],"_links":{"self":[{"href":"https:\/\/factory.sale\/et\/wp-json\/wp\/v2\/product\/93524","targetHints":{"allow":["GET"]}}],"collection":[{"href":"https:\/\/factory.sale\/et\/wp-json\/wp\/v2\/product"}],"about":[{"href":"https:\/\/factory.sale\/et\/wp-json\/wp\/v2\/types\/product"}],"replies":[{"embeddable":true,"href":"https:\/\/factory.sale\/et\/wp-json\/wp\/v2\/comments?post=93524"}],"wp:featuredmedia":[{"embeddable":true,"href":"https:\/\/factory.sale\/et\/wp-json\/wp\/v2\/media\/93522"}],"wp:attachment":[{"href":"https:\/\/factory.sale\/et\/wp-json\/wp\/v2\/media?parent=93524"}],"wp:term":[{"taxonomy":"factory","embeddable":true,"href":"https:\/\/factory.sale\/et\/wp-json\/wp\/v2\/factory?post=93524"},{"taxonomy":"free-shipment","embeddable":true,"href":"https:\/\/factory.sale\/et\/wp-json\/wp\/v2\/free-shipment?post=93524"},{"taxonomy":"product_brand","embeddable":true,"href":"https:\/\/factory.sale\/et\/wp-json\/wp\/v2\/product_brand?post=93524"},{"taxonomy":"product_cat","embeddable":true,"href":"https:\/\/factory.sale\/et\/wp-json\/wp\/v2\/product_cat?post=93524"},{"taxonomy":"product_tag","embeddable":true,"href":"https:\/\/factory.sale\/et\/wp-json\/wp\/v2\/product_tag?post=93524"}],"curies":[{"name":"wp","href":"https:\/\/api.w.org\/{rel}","templated":true}]}}