{"id":93512,"date":"2024-11-08T00:34:12","date_gmt":"2024-11-07T21:41:07","guid":{"rendered":"https:\/\/factory.sale\/?post_type=product&#038;p=93512"},"modified":"2024-11-08T00:47:55","modified_gmt":"2024-11-07T21:47:55","slug":"terrassioli","status":"publish","type":"product","link":"https:\/\/factory.sale\/et\/toode\/terrassioli\/","title":{"rendered":"Terrassi\u00f5li"},"content":{"rendered":"<p>Terrassi\u00f5li on etten\u00e4htud v\u00e4listingimustes kasutatavate puidupindade kaitsmiseks (sh terrasside lauad, paadisillad, piirdeaiad ja tarad jne), kaitseb t\u00f6\u00f6deldud pinda mustuse ja kahjulike ilmastikum\u00f5jude eest, parandab t\u00f6\u00f6deldud pindade kulumiskindlust ning takistab vee imendumist. On lubatud kasutada nii uue kui ka varem \u00f5litatud ja puidukaitsevahenditega t\u00f6\u00f6deldud puidu hooldamiseks tingimusel, et nende imamisv\u00f5ime on s\u00e4ilinud. TERRACEOIL soovitatakse kasutada ainult toonitud kujul. (ELis pole toonimata p\u00f5hiv\u00e4rv v\u00e4lispindade v\u00e4rvimiseks lubatud).<\/p>\n<p>&nbsp;<\/p>\n<p><strong>\u00d5li puidupindadele<\/strong><\/p>\n<ul>\n<li>V\u00e4litingimustes kasutamiseks<\/li>\n<li>Toodet saab kanda pinnale pintsliga<\/li>\n<li>Toodet saab toonida<\/li>\n<li>Lahjendamiseks ja t\u00f6\u00f6riistade puhastamiseks kasutage sobivat lahustit<\/li>\n<li>Kuivamisaeg 12 tundi<\/li>\n<li>Pakendid: 0,9 l, 2,7 l, 9,9 l<\/li>\n<li>Kulu h\u00f6\u00f6veldamata pindadel: 4 &#8211; 7 m\u00b2\/l<\/li>\n<li>Kulu h\u00f6\u00f6veldatud pindadel: 9 &#8211; 11 m\u00b2\/l<\/li>\n<\/ul>\n<p>&nbsp;<\/p>\n<p>&nbsp;<\/p>\n<p><strong>Kasutamine<\/strong><\/p>\n<p>\u00d5li on kasutamiseks valmis ja lahjendamine pole vajalik. Segage terrassi\u00f5li enne kasutamist hoolikalt l\u00e4bi. Kandke puhtale ja kuivale puidupinnale pintsliga 1\u20132 kihti, h\u00f5\u00f5rudes hoolikalt piki puidukiudu. Erilist t\u00e4helepanu tuleks p\u00f6\u00f6rata laudade otstele. Soovitatav on toodet kasutamise ajal perioodiliselt segada (v\u00e4hemalt kord poole tunni jooksul). Pealekandmise ja kuivamise ajal peab \u00fcmbritseva \u00f5hu ja pinna temperatuur olema \u00fcle +5 \u00baC ja \u00f5huniiskus ei tohi \u00fcletada 85%. Kuivamisaeg temperatuuril 20\u00b12 \u00b0C on 12 tundi. Kulu h\u00f6\u00f6veldatud pindadel on 9\u201311 m\u00b2\/l \u00fche kihi kohta; t\u00f6\u00f6tlemata pindadel 4\u20137 m\u00b2\/l \u00fche kihi kohta. Pindadele, mis asuvad pidevalt v\u00e4litingimustes ja on mehaanilise kulumise all, soovitatakse TERRACEOIL-iga t\u00f6\u00f6tlust korrata regulaarselt (v\u00e4hemalt kord aastas). P\u00e4rast t\u00f6\u00f6d puhastage t\u00f6\u00f6riistad lakibensiini v\u00f5i lahustiga. Soovitatav on toode t\u00e4ielikult \u00e4ra kasutada. T\u00fchjad mahutid utiliseerida vastavalt kohalikele eeskirjadele.<\/p>\n<p>&nbsp;<\/p>\n<p>&nbsp;<\/p>\n<p><strong>S\u00e4ilitamine<\/strong><\/p>\n<p>K\u00fclm ei m\u00f5juta toodet. Hoida tihedalt suletud anumas kuivas ja h\u00e4sti ventileeritavas kohas, eemal soojusallikatest ja otsesest p\u00e4ikesevalgusest temperatuuril, mis ei \u00fcleta +40 \u00baC, eraldi toiduainetest ja loomas\u00f6\u00f6dast.<\/p>\n<p>&nbsp;<\/p>\n<p>&nbsp;<\/p>\n<p><strong>Suurused ja hinnad (ilma k\u00e4ibemaksuta):<\/strong><\/p>\n<table dir=\"ltr\" style=\"height: 310px;\" border=\"1\" width=\"406\" cellspacing=\"0\" cellpadding=\"0\" data-sheets-root=\"1\" data-sheets-baot=\"1\">\n<colgroup>\n<col width=\"210\" \/>\n<col width=\"151\" \/><\/colgroup>\n<tbody>\n<tr>\n<td>Terrace oil Nano 1L hall<\/td>\n<td>5.28 \u20ac<\/td>\n<\/tr>\n<tr>\n<td>Terrace oil Nano 1L must<\/td>\n<td>5.28 \u20ac<\/td>\n<\/tr>\n<tr>\n<td>Terrace oil Nano 1L pruun<\/td>\n<td>5.28 \u20ac<\/td>\n<\/tr>\n<tr>\n<td>Terrace oil Nano 1L tume pruun<\/td>\n<td>5.28 \u20ac<\/td>\n<\/tr>\n<tr>\n<td>Terrace oil Nano 1L v\u00e4rvitu<\/td>\n<td>5.28 \u20ac<\/td>\n<\/tr>\n<tr>\n<td>Terrace oil Nano 5L hall<\/td>\n<td>22.02 \u20ac<\/td>\n<\/tr>\n<tr>\n<td>Terrace oil Nano 5L must<\/td>\n<td>22.02 \u20ac<\/td>\n<\/tr>\n<tr>\n<td>Terrace oil Nano 5L pruun<\/td>\n<td>22.02 \u20ac<\/td>\n<\/tr>\n<tr>\n<td>Terrace oil Nano 5L tume pruun<\/td>\n<td>22.02 \u20ac<\/td>\n<\/tr>\n<tr>\n<td>Terrace oil Nano 5L v\u00e4rvitu<\/td>\n<td>22.02 \u20ac<\/td>\n<\/tr>\n<\/tbody>\n<\/table>\n","protected":false},"excerpt":{"rendered":"<p>\u00d5li puidupindadele.<\/p>\n<p>Minimaalne tellimus: 150 EUR!<\/p>\n<p>V\u00f5imalik kombineerida sama tootja tooteid.<\/p>\n","protected":false},"featured_media":93504,"comment_status":"open","ping_status":"closed","template":"","meta":{"_acf_changed":false},"factory":[],"free-shipment":[],"product_brand":[],"product_cat":[169],"product_tag":[305],"class_list":{"0":"post-93512","1":"product","2":"type-product","3":"status-publish","4":"has-post-thumbnail","6":"product_cat-kruntvarvid-ja-varvid","7":"product_tag-oil-et-2","9":"first","10":"instock","11":"sale","12":"taxable","13":"shipping-taxable","14":"purchasable","15":"product-type-simple"},"acf":[],"_links":{"self":[{"href":"https:\/\/factory.sale\/et\/wp-json\/wp\/v2\/product\/93512","targetHints":{"allow":["GET"]}}],"collection":[{"href":"https:\/\/factory.sale\/et\/wp-json\/wp\/v2\/product"}],"about":[{"href":"https:\/\/factory.sale\/et\/wp-json\/wp\/v2\/types\/product"}],"replies":[{"embeddable":true,"href":"https:\/\/factory.sale\/et\/wp-json\/wp\/v2\/comments?post=93512"}],"wp:featuredmedia":[{"embeddable":true,"href":"https:\/\/factory.sale\/et\/wp-json\/wp\/v2\/media\/93504"}],"wp:attachment":[{"href":"https:\/\/factory.sale\/et\/wp-json\/wp\/v2\/media?parent=93512"}],"wp:term":[{"taxonomy":"factory","embeddable":true,"href":"https:\/\/factory.sale\/et\/wp-json\/wp\/v2\/factory?post=93512"},{"taxonomy":"free-shipment","embeddable":true,"href":"https:\/\/factory.sale\/et\/wp-json\/wp\/v2\/free-shipment?post=93512"},{"taxonomy":"product_brand","embeddable":true,"href":"https:\/\/factory.sale\/et\/wp-json\/wp\/v2\/product_brand?post=93512"},{"taxonomy":"product_cat","embeddable":true,"href":"https:\/\/factory.sale\/et\/wp-json\/wp\/v2\/product_cat?post=93512"},{"taxonomy":"product_tag","embeddable":true,"href":"https:\/\/factory.sale\/et\/wp-json\/wp\/v2\/product_tag?post=93512"}],"curies":[{"name":"wp","href":"https:\/\/api.w.org\/{rel}","templated":true}]}}