{"id":93497,"date":"2024-11-08T00:04:47","date_gmt":"2024-11-07T21:10:22","guid":{"rendered":"https:\/\/factory.sale\/?post_type=product&#038;p=93497"},"modified":"2025-10-29T11:16:51","modified_gmt":"2025-10-29T08:16:51","slug":"93497","status":"publish","type":"product","link":"https:\/\/factory.sale\/et\/toode\/93497\/","title":{"rendered":""},"content":{"rendered":"<p>Kiiresti kuivav ja kergesti pealekantav must veep\u00f5hine v\u00e4rv. V\u00e4rvi iseloomustab hea levimisv\u00f5ime ja vastupidavus puhastusvahenditele, m\u00e4rkimisv\u00e4\u00e4rne aurul\u00e4bilaskvus.<\/p>\n<p>V\u00e4rv on m\u00f5eldud seinte ja lagede v\u00e4rvimiseks kuivades eluruumides, kontorites, avalikes ruumides jne, samuti suurema niiskusega ruumides nagu vannitoad, tualetid jne. Sobib krohvi, betooni, tellise, kipsplaadi ja reljeefsete akr\u00fc\u00fcl-, vin\u00fc\u00fcl- ja klaaskiudtapettide, samuti puidukiud- ja puitlaastplaatide v\u00e4rvimiseks.<\/p>\n<p>&nbsp;<\/p>\n<p><strong>Must akr\u00fc\u00fclv\u00e4rv seintele siseruumides<\/strong><\/p>\n<ul>\n<li>Siseviimistluseks<\/li>\n<li>Toodet saab kanda pinnale rulliga<\/li>\n<li>Toodet saab kanda pinnale pintsliga<\/li>\n<li>Toodet saab kanda pinnale pihustusp\u00fcstoliga<\/li>\n<li>Lahjendamiseks ja t\u00f6\u00f6riistade puhastamiseks kasutage vett<\/li>\n<li>Kuivamisaeg 2 tundi<\/li>\n<li>Pakendid: 0,9 l; 3,6 l; 9 l<\/li>\n<li>Toodet saab hoida ainult temperatuuril \u00fcle +5 \u00baC<\/li>\n<li>Kulu: 10 &#8211; 14 m\u00b2\/l<\/li>\n<\/ul>\n<p>&nbsp;<\/p>\n<p><strong>V\u00e4rvi ettevalmistamine<\/strong><\/p>\n<p>Sega v\u00e4rv enne pealekandmist korralikult l\u00e4bi. Vajadusel lahjenda veega soovitud viskoossuseni.<\/p>\n<p>&nbsp;<\/p>\n<p><strong>Pinna ettevalmistamine<\/strong><\/p>\n<p>Eemaldage tolm, mustus, kriit, eelnevalt kantud liimv\u00e4rv v\u00f5i muud lahtised vanad v\u00e4rvikihid.<\/p>\n<p>&nbsp;<\/p>\n<p><strong>Pinna kruntimine<\/strong><\/p>\n<p>Poorsed krohvi- ja betoonpinnad tuleks kruntida, kasutades MOVILAT PRIMER, FORAKRIL BASE, AKROPRIM. INTERIOR PROFESSIONAL BLACK-i saab samuti kasutada krundina, lahjendades seda veega kuni 15% v\u00e4rvi mahust.<\/p>\n<p>&nbsp;<\/p>\n<p><strong>Pealekandmine<\/strong><\/p>\n<p>Kandke pinnale 2 kihti v\u00e4rvi. \u00d5hu ja v\u00e4rvitava pinna temperatuur ei tohi olla madalam kui +5 \u00baC ja k\u00f5rgem kui +30 \u00baC.<\/p>\n<p>&nbsp;<\/p>\n<p><strong>T\u00f6\u00f6riistade puhastamine<\/strong><\/p>\n<p>T\u00f6\u00f6riistade puhastamiseks kasutage vett.<\/p>\n<p>&nbsp;<\/p>\n<p><strong>Suurused ja hinnad (ilma k\u00e4ibemaksuta):<\/strong><\/p>\n<table dir=\"ltr\" border=\"1\" width=\"464\" cellspacing=\"0\" cellpadding=\"0\" data-sheets-root=\"1\" data-sheets-baot=\"1\">\n<colgroup>\n<col width=\"210\" \/>\n<col width=\"151\" \/><\/colgroup>\n<tbody>\n<tr>\n<td>Interior Professional 4 \u2013 3,6L (A)<\/td>\n<td>16.56 \u20ac<\/td>\n<\/tr>\n<tr>\n<td>Interior Professional 4 \u2013 9L (A)<\/td>\n<td>39.56 \u20ac<\/td>\n<\/tr>\n<\/tbody>\n<\/table>\n<p>&nbsp;<\/p>\n","protected":false},"excerpt":{"rendered":"<p>Must akr\u00fc\u00fclv\u00e4rv seintele siseruumides.<\/p>\n<p>Minimaalne tellimus: 150 EUR!<\/p>\n<p>V\u00f5imalik kombineerida sama tootja tooteid.<\/p>\n<p>&nbsp;<\/p>\n","protected":false},"featured_media":93489,"comment_status":"open","ping_status":"closed","template":"","meta":{"_acf_changed":false},"factory":[],"free-shipment":[],"product_brand":[],"product_cat":[169],"product_tag":[],"class_list":{"0":"post-93497","1":"product","2":"type-product","3":"status-publish","4":"has-post-thumbnail","6":"product_cat-kruntvarvid-ja-varvid","8":"first","9":"instock","10":"sale","11":"taxable","12":"shipping-taxable","13":"purchasable","14":"product-type-simple"},"acf":[],"_links":{"self":[{"href":"https:\/\/factory.sale\/et\/wp-json\/wp\/v2\/product\/93497","targetHints":{"allow":["GET"]}}],"collection":[{"href":"https:\/\/factory.sale\/et\/wp-json\/wp\/v2\/product"}],"about":[{"href":"https:\/\/factory.sale\/et\/wp-json\/wp\/v2\/types\/product"}],"replies":[{"embeddable":true,"href":"https:\/\/factory.sale\/et\/wp-json\/wp\/v2\/comments?post=93497"}],"wp:featuredmedia":[{"embeddable":true,"href":"https:\/\/factory.sale\/et\/wp-json\/wp\/v2\/media\/93489"}],"wp:attachment":[{"href":"https:\/\/factory.sale\/et\/wp-json\/wp\/v2\/media?parent=93497"}],"wp:term":[{"taxonomy":"factory","embeddable":true,"href":"https:\/\/factory.sale\/et\/wp-json\/wp\/v2\/factory?post=93497"},{"taxonomy":"free-shipment","embeddable":true,"href":"https:\/\/factory.sale\/et\/wp-json\/wp\/v2\/free-shipment?post=93497"},{"taxonomy":"product_brand","embeddable":true,"href":"https:\/\/factory.sale\/et\/wp-json\/wp\/v2\/product_brand?post=93497"},{"taxonomy":"product_cat","embeddable":true,"href":"https:\/\/factory.sale\/et\/wp-json\/wp\/v2\/product_cat?post=93497"},{"taxonomy":"product_tag","embeddable":true,"href":"https:\/\/factory.sale\/et\/wp-json\/wp\/v2\/product_tag?post=93497"}],"curies":[{"name":"wp","href":"https:\/\/api.w.org\/{rel}","templated":true}]}}