{"id":93480,"date":"2024-11-07T20:11:48","date_gmt":"2024-11-07T17:57:24","guid":{"rendered":"https:\/\/factory.sale\/?post_type=product&#038;p=93480"},"modified":"2024-11-08T00:40:35","modified_gmt":"2024-11-07T21:40:35","slug":"interior-professional-4","status":"publish","type":"product","link":"https:\/\/factory.sale\/et\/toode\/interior-professional-4\/","title":{"rendered":"Interior Professional 4"},"content":{"rendered":"<p><strong>AKR\u00dc\u00dcL VESIDISPERSIOONV\u00c4RV LAEDE JA SEINTE JAOKS<\/strong><\/p>\n<ul>\n<li>Siseviimistluseks<\/li>\n<li>Toodet saab kanda pinnale rulli abil<\/li>\n<li>Toodet saab kanda pinnale pintsliga<\/li>\n<li>Toodet saab kanda pinnale pihustusp\u00fcstoliga<\/li>\n<li>Toodet saab toonida<\/li>\n<li>Lahjendamiseks ja t\u00f6\u00f6riistade puhastamiseks kasutage vett<\/li>\n<li>Kuivamisaeg 2 tundi<\/li>\n<li>Pakendid: 0,9 l; 3,6 l; 9 l<\/li>\n<li>Toodet saab hoida ainult temperatuuril \u00fcle +5 \u00baC<\/li>\n<li>Kulu 9 &#8211; 12 m\u00b2\/l<\/li>\n<li>Soovitatav kasutada ruumides, kus on suur t\u00f6\u00f6koormus<\/li>\n<li>Hea kattev\u00f5ime ja suurenenud valgesusega<\/li>\n<li>Sobib vannitubade v\u00e4rvimiseks<\/li>\n<\/ul>\n<p>&nbsp;<\/p>\n<p><strong>Omadused:<\/strong><\/p>\n<p>Veep\u00f5hine v\u00e4rv, akr\u00fc\u00fcl-dispersioonil. Moodustab mati kattekihi. Vastupidav pesemisele ja k\u00f5rgele \u00f5huniiskusele. Iseloomulikud on suur kattev\u00f5ime ja parem valgesuse aste.<\/p>\n<p>&nbsp;<\/p>\n<p>&nbsp;<\/p>\n<p><strong>Kasutamine:<\/strong><\/p>\n<p>M\u00f5eldud krohvitud, betoonist, tellistest, puidust ja krohvitud lagede ja karniiside v\u00e4rvimiseks keskmise v\u00f5i k\u00f5rge t\u00f6\u00f6koormusega ruumides (eluruumid, kontorid, avalikud ruumid jne). Soovitatav ka reljeefse akr\u00fc\u00fclseina tapeedi v\u00e4rvimiseks. Sobib viimistlemiseks k\u00f5rge \u00f5huniiskusega ruumides (n\u00e4iteks vannitoad).<\/p>\n<p>&nbsp;<\/p>\n<p>&nbsp;<\/p>\n<p><strong>Tehniline teave:<\/strong><\/p>\n<ul>\n<li>Toon: Valge (A baas), heledate toonide toonimine. Tumete toonide toonimine C baas, RILAKOLOR toonimiss\u00fcsteem.<\/li>\n<li>L\u00e4ige: Matt<\/li>\n<li>Kuivamisaeg +20 \u00b0C juures ja suhtelise \u00f5huniiskuse 50% korral: 2 tundi<\/li>\n<li>LO\u00dc, %: 65 \u00b1 3<\/li>\n<li>Kulu \u00fche kihi kohta: 9 \u2013 12 m\u00b2 \/ l<\/li>\n<li>M\u00e4rgpesukindlus: 2. klass (ISO 11998)<\/li>\n<li>Lahusti: vesi<\/li>\n<li>T\u00f6\u00f6riistad: Pintsel, rull, pihustusp\u00fcstol<\/li>\n<li>S\u00e4ilivusaeg: 36 kuud, temperatuur \u00fcle +5 \u00b0C<\/li>\n<\/ul>\n<p>&nbsp;<\/p>\n<p><strong>Suurused ja hinnad (ilma k\u00e4ibemaksuta):<\/strong><\/p>\n<table dir=\"ltr\" style=\"height: 102px;\" border=\"1\" width=\"464\" cellspacing=\"0\" cellpadding=\"0\" data-sheets-root=\"1\" data-sheets-baot=\"1\">\n<colgroup>\n<col width=\"210\" \/>\n<col width=\"151\" \/><\/colgroup>\n<tbody>\n<tr>\n<td>Interior Professional 4 &#8211; 3,6L (A)<\/td>\n<td>16.56 \u20ac<\/td>\n<\/tr>\n<tr>\n<td>Interior Professional 4 &#8211; 9L (A)<\/td>\n<td>39.56 \u20ac<\/td>\n<\/tr>\n<\/tbody>\n<\/table>\n","protected":false},"excerpt":{"rendered":"<p>Akr\u00fc\u00fcl-veedispersioonv\u00e4rv lagede ja seinte jaoks.<\/p>\n<p>Minimaalne tellimus: 150 EUR!<\/p>\n<p>V\u00f5imalik kombineerida sama tootja tooteid.<\/p>\n<p>&nbsp;<\/p>\n","protected":false},"featured_media":93471,"comment_status":"open","ping_status":"closed","template":"","meta":{"_acf_changed":false},"factory":[],"free-shipment":[],"product_brand":[],"product_cat":[169],"product_tag":[1579],"class_list":{"0":"post-93480","1":"product","2":"type-product","3":"status-publish","4":"has-post-thumbnail","6":"product_cat-kruntvarvid-ja-varvid","7":"product_tag-paint-et","9":"first","10":"instock","11":"sale","12":"taxable","13":"shipping-taxable","14":"purchasable","15":"product-type-simple"},"acf":[],"_links":{"self":[{"href":"https:\/\/factory.sale\/et\/wp-json\/wp\/v2\/product\/93480","targetHints":{"allow":["GET"]}}],"collection":[{"href":"https:\/\/factory.sale\/et\/wp-json\/wp\/v2\/product"}],"about":[{"href":"https:\/\/factory.sale\/et\/wp-json\/wp\/v2\/types\/product"}],"replies":[{"embeddable":true,"href":"https:\/\/factory.sale\/et\/wp-json\/wp\/v2\/comments?post=93480"}],"wp:featuredmedia":[{"embeddable":true,"href":"https:\/\/factory.sale\/et\/wp-json\/wp\/v2\/media\/93471"}],"wp:attachment":[{"href":"https:\/\/factory.sale\/et\/wp-json\/wp\/v2\/media?parent=93480"}],"wp:term":[{"taxonomy":"factory","embeddable":true,"href":"https:\/\/factory.sale\/et\/wp-json\/wp\/v2\/factory?post=93480"},{"taxonomy":"free-shipment","embeddable":true,"href":"https:\/\/factory.sale\/et\/wp-json\/wp\/v2\/free-shipment?post=93480"},{"taxonomy":"product_brand","embeddable":true,"href":"https:\/\/factory.sale\/et\/wp-json\/wp\/v2\/product_brand?post=93480"},{"taxonomy":"product_cat","embeddable":true,"href":"https:\/\/factory.sale\/et\/wp-json\/wp\/v2\/product_cat?post=93480"},{"taxonomy":"product_tag","embeddable":true,"href":"https:\/\/factory.sale\/et\/wp-json\/wp\/v2\/product_tag?post=93480"}],"curies":[{"name":"wp","href":"https:\/\/api.w.org\/{rel}","templated":true}]}}