{"id":9347,"date":"2022-07-01T15:12:48","date_gmt":"2022-07-01T15:12:57","guid":{"rendered":"https:\/\/factory.sale\/?post_type=product&#038;p=9347"},"modified":"2024-06-27T13:16:56","modified_gmt":"2024-06-27T13:16:56","slug":"kuivati-ttk-655-s","status":"publish","type":"product","link":"https:\/\/factory.sale\/et\/toode\/kuivati-ttk-655-s\/","title":{"rendered":"Kuivati TTK 655 S"},"content":{"rendered":"<div>V\u00f5imas 1,9 kW kompressor tagab suurtes ruumides k\u00f5rge \u00f5hukuivatusv\u00f5ime isegi madalatel temperatuuridel alla 10 \u00b0 C \u2013 ja kvaliteetne kuuma gaasi automaatne sulatuss\u00fcsteem TTK 655 S garanteerib palju t\u00f5husama kuivatustoime, v\u00f5rreldes teiste sulatuss\u00fcsteemidega.<\/div>\n<div><\/div>\n<div>Uusehitiste kuivatamine, veekahjustuste taastamine \u2013 sagedased asukoha- ja kasutustingimuste muutused karmides ehituskeskkondades pole selle kondensaatkuivati \u200b\u200bpuhul probleem:<\/div>\n<div><\/div>\n<div>Trotec TTK 655 S p\u00f6\u00f6rleva kolbkompressori tehnoloogia v\u00f5imaldab mitte ainult transportida praktiliselt igas asendis, vaid v\u00f5imaldab seda \u00f5hukuivatit kohe p\u00e4rast paigaldamist t\u00f6\u00f6le panna, mis s\u00e4\u00e4stab olulist aega.<\/div>\n<div><\/div>\n<div>T\u00e4nu k\u00e4epidemele ja suurte ratastega transpordirullidele ning ergonoomilisele disainile, on seadme transport kiire isegi ebatasasel pinnal v\u00f5i treppidel. Siseruumides ei j\u00e4ta TTK 655 S v\u00e4rvimata kummist rattad parketile ega muudele tundlikele pindadele j\u00e4lgi.<\/div>\n<div><\/div>\n<div>Elektroonikale kahjuliku tolmu v\u00f5i niiskuse ladestumise eest, on seadme kaitsmiseks \u00f5hukuivati \u200b\u200belektrilised komponendid spetsiaalselt kapseldatud. K\u00f5ik muud TTK 655 S komponendid on turvaliselt kaitstud ja paigutatud praktikas optimeeritud ja kaitstud registreeritud disainilahendusena.<\/div>\n<div><\/div>\n<div><\/div>\n<div><strong>TTK 655 S praktilised eelised l\u00fchidalt:<\/strong><\/div>\n<ul>\n<li>Arendus, disain, tootmine: 100% Trotec (Saksamaa)<\/li>\n<li>K\u00f5rge niiskuse eemaldamise j\u00f5udlus isegi madalatel temperatuuridel<\/li>\n<li>K\u00f5igi elektrikomponentide maksimaalne tolmu- ja niiskuskaitse<\/li>\n<li>\u00c4\u00e4rmiselt hoolduss\u00f5bralik disain<\/li>\n<li>Optimaalsed k\u00e4sitsemisomadused<\/li>\n<li>T\u00e4nu p\u00f6\u00f6rdkolbkompressorile saab seda transportida ja hoida mis tahes asendis<\/li>\n<li>Praktiline virnastamissoon stabiilseks, ruumis\u00e4\u00e4stlikuks ladustamiseks ja transportimiseks<\/li>\n<li>Mitmekordne virnastamine sama suurusega Trotec mudelitega<\/li>\n<li>Praktiliselt optimeeritud Saksa t\u00f6\u00f6stusdisain \u2013 kaitstud disain<\/li>\n<\/ul>\n<div><\/div>\n<div><\/div>\n<div><strong>Funktsioonid ja omadused:<\/strong><\/div>\n<ul>\n<li>Automaatne rikke diagnoosimise s\u00fcsteem<\/li>\n<li>Automaatne v\u00e4ljal\u00fclitus<\/li>\n<li>Juhtnupp j\u00e4\u00e4kvee \u00e4rajuhtimiseks<\/li>\n<li>Automaatse taask\u00e4ivitamise funktsioon<\/li>\n<li>\u00dchendus v\u00e4lise kondensaadi \u00e4ravoolu jaoks<\/li>\n<li>M\u00e4lu funktsioon<\/li>\n<li>Ventilaatori sissel\u00fclitamise funktsioon<\/li>\n<\/ul>\n<p>&nbsp;<\/p>\n<p><strong>Lisainformatsioon:<\/strong><\/p>\n<div id=\"product-823\" class=\"product type-product post-823 status-publish first onbackorder product_cat-korge-joudlusega-tooted product_cat-kuivatamine product_cat-maaramata product_tag-ohukuivati has-post-thumbnail taxable shipping-taxable purchasable product-type-simple ct-ajax-add-to-cart thumbs-bottom sticky-gallery ct-default-gallery\">\n<div class=\"woocommerce-tabs wc-tabs-wrapper\" data-type=\"type-1:left\">\n<article>\n<div id=\"tab-description\" class=\"woocommerce-Tabs-panel woocommerce-Tabs-panel--description panel entry-content wc-tab\" role=\"tabpanel\" aria-labelledby=\"tab-title-description\">\n<table id=\"t0611ebfb3c91cd\" class=\"tech\" cellspacing=\"0\" cellpadding=\"0\">\n<tbody>\n<tr class=\"headerrow\">\n<th colspan=\"3\">Kuivatamise j\u00f5udlus<\/th>\n<\/tr>\n<tr class=\"odd\">\n<th width=\"30%\"><\/th>\n<th width=\"30%\">Temperatuuril 20 \u00b0 C \/ 60% RH [l \/ 24h]<\/th>\n<td width=\"40%\">44<\/td>\n<\/tr>\n<tr class=\"even\">\n<th width=\"30%\"><\/th>\n<th width=\"30%\">Temperatuuril 30 \u00b0 C \/ 80% RH [l \/ 24h]<\/th>\n<td width=\"40%\">91<\/td>\n<\/tr>\n<tr class=\"odd\">\n<th width=\"30%\"><\/th>\n<th width=\"30%\">Max [l \/ 24h]<\/th>\n<td width=\"40%\">150<\/td>\n<\/tr>\n<tr class=\"headerrow\">\n<th colspan=\"3\">\u00d5hu maht<\/th>\n<\/tr>\n<tr class=\"odd\">\n<th width=\"30%\"><\/th>\n<th width=\"30%\">Tase max [M\u00b3 \/ h]<\/th>\n<td width=\"40%\">1000<\/td>\n<\/tr>\n<tr class=\"headerrow\">\n<th colspan=\"3\">Soovitatav ruumi suuruse hoone kuivatamine<\/th>\n<\/tr>\n<tr class=\"odd\">\n<th width=\"30%\"><\/th>\n<th width=\"30%\">m\u00b3<\/th>\n<td width=\"40%\">750<\/td>\n<\/tr>\n<tr class=\"even\">\n<th width=\"30%\"><\/th>\n<th width=\"30%\">m\u00b2<\/th>\n<td width=\"40%\">300<\/td>\n<\/tr>\n<tr class=\"headerrow\">\n<th colspan=\"3\">Soovitatav ruumi suurus hoides kuivana<\/th>\n<\/tr>\n<tr class=\"odd\">\n<th width=\"30%\"><\/th>\n<th width=\"30%\">m\u00b3<\/th>\n<td width=\"40%\">1470<\/td>\n<\/tr>\n<tr class=\"even\">\n<th width=\"30%\"><\/th>\n<th width=\"30%\">m\u00b2<\/th>\n<td width=\"40%\">590<\/td>\n<\/tr>\n<tr class=\"headerrow\">\n<th colspan=\"3\">Keskkonnatingimused<\/th>\n<\/tr>\n<tr class=\"odd\">\n<th width=\"30%\"><\/th>\n<th width=\"30%\">Temperatuuri vahemik min [\u00b0 C]<\/th>\n<td width=\"40%\">5<\/td>\n<\/tr>\n<tr class=\"even\">\n<th width=\"30%\"><\/th>\n<th width=\"30%\">Maksimaalne temperatuurivahemik [\u00b0 C]<\/th>\n<td width=\"40%\">32<\/td>\n<\/tr>\n<tr class=\"odd\">\n<th width=\"30%\"><\/th>\n<th width=\"30%\">Niiskusvahemik min. [% RH]<\/th>\n<td width=\"40%\">50<\/td>\n<\/tr>\n<tr class=\"even\">\n<th width=\"30%\"><\/th>\n<th width=\"30%\">Niiskusvahemik max [% RH]<\/th>\n<td width=\"40%\">90<\/td>\n<\/tr>\n<tr class=\"headerrow\">\n<th colspan=\"3\"><\/th>\n<\/tr>\n<tr class=\"odd\">\n<th width=\"30%\"><\/th>\n<th width=\"30%\">V\u00f5rgu\u00fchendus<\/th>\n<td width=\"40%\">220-240 V \/ 50 Hz<\/td>\n<\/tr>\n<tr class=\"even\">\n<th width=\"30%\"><\/th>\n<th width=\"30%\">Nominaalne voolutarve [A]<\/th>\n<td width=\"40%\">8.6<\/td>\n<\/tr>\n<tr class=\"odd\">\n<th width=\"30%\"><\/th>\n<th width=\"30%\">Energiatarve [kW]<\/th>\n<td width=\"40%\">1.9<\/td>\n<\/tr>\n<tr class=\"even\">\n<th width=\"30%\"><\/th>\n<th width=\"30%\">Soovitatav kaitse [A]<\/th>\n<td width=\"40%\">16<\/td>\n<\/tr>\n<tr class=\"headerrow\">\n<th colspan=\"3\">Kompressor<\/th>\n<\/tr>\n<tr class=\"odd\">\n<th width=\"30%\"><\/th>\n<th width=\"30%\">P\u00f6\u00f6rlev kolbkompressor<\/th>\n<td width=\"40%\">+<\/td>\n<\/tr>\n<tr class=\"even\">\n<th width=\"30%\"><\/th>\n<th width=\"30%\">Kolbkompressor<\/th>\n<td width=\"40%\">\u2013<\/td>\n<\/tr>\n<tr class=\"odd\">\n<th width=\"30%\"><\/th>\n<th width=\"30%\">K\u00fclmutusaine t\u00fc\u00fcp<\/th>\n<td width=\"40%\">R-454C<\/td>\n<\/tr>\n<tr class=\"even\">\n<th width=\"30%\"><\/th>\n<th width=\"30%\">K\u00fclmutusagensi kogus [g]<\/th>\n<td width=\"40%\">1050<\/td>\n<\/tr>\n<tr class=\"odd\">\n<th width=\"30%\"><\/th>\n<th width=\"30%\">GWP tegur<\/th>\n<td width=\"40%\">146<\/td>\n<\/tr>\n<tr class=\"even\">\n<th width=\"30%\"><\/th>\n<th width=\"30%\">CO\u00a0<sub>2<\/sub>\u00a0ekvivalent<\/th>\n<td width=\"40%\">0,15<\/td>\n<\/tr>\n<tr class=\"odd\">\n<th width=\"30%\"><\/th>\n<th width=\"30%\">R\u00f5hu imemise pool [MPa]<\/th>\n<td width=\"40%\">0,5<\/td>\n<\/tr>\n<tr class=\"even\">\n<th width=\"30%\"><\/th>\n<th width=\"30%\">R\u00f5hu v\u00e4ljalaske pool [MPa]<\/th>\n<td width=\"40%\">1.8<\/td>\n<\/tr>\n<tr class=\"odd\">\n<th width=\"30%\"><\/th>\n<th width=\"30%\">Maksimaalne lubatud r\u00f5hk [Mpa]<\/th>\n<td width=\"40%\">1.8<\/td>\n<\/tr>\n<tr class=\"headerrow\">\n<th colspan=\"3\">Heli v\u00e4\u00e4rtused<\/th>\n<\/tr>\n<tr class=\"odd\">\n<th width=\"30%\"><\/th>\n<th width=\"30%\">Kaugus 1 m [dB (A)]<\/th>\n<td width=\"40%\">56<\/td>\n<\/tr>\n<\/tbody>\n<\/table>\n<div id=\"product-823\" class=\"product type-product post-823 status-publish first onbackorder product_cat-korge-joudlusega-tooted product_cat-kuivatamine product_cat-maaramata product_tag-ohukuivati has-post-thumbnail taxable shipping-taxable purchasable product-type-simple ct-ajax-add-to-cart thumbs-bottom sticky-gallery ct-default-gallery\">\n<div class=\"woocommerce-tabs wc-tabs-wrapper\" data-type=\"type-1:left\">\n<article>\n<div id=\"tab-description\" class=\"woocommerce-Tabs-panel woocommerce-Tabs-panel--description panel entry-content wc-tab\" role=\"tabpanel\" aria-labelledby=\"tab-title-description\">\n<table id=\"t0611ebfb3c91cd\" class=\"tech\" cellspacing=\"0\" cellpadding=\"0\">\n<tbody>\n<tr class=\"headerrow\">\n<th colspan=\"3\">M\u00f5\u00f5tmed<\/th>\n<\/tr>\n<tr class=\"odd\">\n<th width=\"30%\"><\/th>\n<th width=\"30%\">Pikkus (ilma pakendita) [mm]<\/th>\n<td width=\"40%\">620<\/td>\n<\/tr>\n<tr class=\"even\">\n<th width=\"30%\"><\/th>\n<th width=\"30%\">Laius (ilma pakendita) [mm]<\/th>\n<td width=\"40%\">515<\/td>\n<\/tr>\n<tr class=\"odd\">\n<th width=\"30%\"><\/th>\n<th width=\"30%\">K\u00f5rgus (ilma pakendita) [mm]<\/th>\n<td width=\"40%\">858<\/td>\n<\/tr>\n<tr class=\"headerrow\">\n<th colspan=\"3\">Kaal<\/th>\n<\/tr>\n<tr class=\"odd\">\n<th width=\"30%\"><\/th>\n<th width=\"30%\">(ilma pakendita) [kg]<\/th>\n<td width=\"40%\">55<\/td>\n<\/tr>\n<\/tbody>\n<\/table>\n<\/div>\n<\/article>\n<\/div>\n<\/div>\n<\/div>\n<\/article>\n<\/div>\n<\/div>\n","protected":false},"excerpt":{"rendered":"<div>Troteci kuivati \u200b\u200bTTK 655 S suudab kondenseerida kuni 150 liitrit vett p\u00e4evas, mis vastab rohkem kui 6 liitrile \u00fches tunnis. See on v\u00f5imalik t\u00e4nu suure j\u00f5udlusega soojus\u00fclekande ja ventilaatoris\u00fcsteemide optimaalselt koordineeritud koostoimele, mis v\u00f5ivad \u00f5hku kuivatada 1000 m\u00b3 \/ h.<\/div>\n<div><\/div>\n","protected":false},"featured_media":9350,"comment_status":"open","ping_status":"closed","template":"","meta":{"_acf_changed":false},"factory":[],"free-shipment":[],"product_brand":[],"product_cat":[1041,814],"product_tag":[],"class_list":{"0":"post-9347","1":"product","2":"type-product","3":"status-publish","4":"has-post-thumbnail","6":"product_cat-tooriistad-ja-tarvikud","7":"product_cat-uldehitus","9":"first","10":"instock","11":"taxable","12":"shipping-taxable","13":"purchasable","14":"product-type-simple"},"acf":[],"_links":{"self":[{"href":"https:\/\/factory.sale\/et\/wp-json\/wp\/v2\/product\/9347","targetHints":{"allow":["GET"]}}],"collection":[{"href":"https:\/\/factory.sale\/et\/wp-json\/wp\/v2\/product"}],"about":[{"href":"https:\/\/factory.sale\/et\/wp-json\/wp\/v2\/types\/product"}],"replies":[{"embeddable":true,"href":"https:\/\/factory.sale\/et\/wp-json\/wp\/v2\/comments?post=9347"}],"wp:featuredmedia":[{"embeddable":true,"href":"https:\/\/factory.sale\/et\/wp-json\/wp\/v2\/media\/9350"}],"wp:attachment":[{"href":"https:\/\/factory.sale\/et\/wp-json\/wp\/v2\/media?parent=9347"}],"wp:term":[{"taxonomy":"factory","embeddable":true,"href":"https:\/\/factory.sale\/et\/wp-json\/wp\/v2\/factory?post=9347"},{"taxonomy":"free-shipment","embeddable":true,"href":"https:\/\/factory.sale\/et\/wp-json\/wp\/v2\/free-shipment?post=9347"},{"taxonomy":"product_brand","embeddable":true,"href":"https:\/\/factory.sale\/et\/wp-json\/wp\/v2\/product_brand?post=9347"},{"taxonomy":"product_cat","embeddable":true,"href":"https:\/\/factory.sale\/et\/wp-json\/wp\/v2\/product_cat?post=9347"},{"taxonomy":"product_tag","embeddable":true,"href":"https:\/\/factory.sale\/et\/wp-json\/wp\/v2\/product_tag?post=9347"}],"curies":[{"name":"wp","href":"https:\/\/api.w.org\/{rel}","templated":true}]}}