{"id":93456,"date":"2024-11-06T23:25:38","date_gmt":"2024-11-06T20:47:36","guid":{"rendered":"https:\/\/factory.sale\/?post_type=product&#038;p=93456"},"modified":"2024-11-07T00:24:15","modified_gmt":"2024-11-06T21:24:15","slug":"akvatop-akruulvesidispersioonvarv","status":"publish","type":"product","link":"https:\/\/factory.sale\/et\/toode\/akvatop-akruulvesidispersioonvarv\/","title":{"rendered":"Akvatop akr\u00fc\u00fclvesidispersioonv\u00e4rv"},"content":{"rendered":"<p>Akr\u00fc\u00fclvesidispersioonv\u00e4rv. Suure paindlikkusega kile takistab ilmastikum\u00f5jude tagaj\u00e4rjel pragunemist ja koorumist. V\u00e4rv tagab pikaajalise kaitse. Sisaldab fungitsiide, mis kaitsevad puitu hallituse, vetikate jms eest (8\u201310 aastat).<\/p>\n<p>&nbsp;<\/p>\n<p>&nbsp;<\/p>\n<p><strong>Soovitatav kasutamine:<\/strong><\/p>\n<p>M\u00f5eldud puidust fassaadide ja muude v\u00e4listingimustes puidupindade v\u00e4rvimiseks. Sobib nii uute, varem v\u00e4rvimata kui ka varem pooll\u00e4bipaistvate alk\u00fc\u00fcdv\u00e4rvidega TEKSTURDEKOR v\u00f5i TEKSTURDEKORS AKVASATIN viimistletud pindade ning puidupindade jaoks m\u00f5eldud \u00f5lide, nagu TERRACEOIL v\u00f5i TERRACE OIL AKVA, viimistlemiseks, samuti puidupindade kruntimiseks m\u00f5eldud immutuskrundi TEKSTURDEKOR BASE kasutamiseks. Samuti v\u00f5ib \u00fcle v\u00e4rvida puidupindu, mis on eelnevalt v\u00e4rvitud alk\u00fc\u00fcdemalga v\u00e4rviga. Sel juhul on vaja teha prooviv\u00e4rvimine v\u00e4ikesel pinnal. P\u00e4rast t\u00e4ielikku kuivamist on vaja veenduda kihtide vahelises suurep\u00e4rases nakkumises.<\/p>\n<p>&nbsp;<\/p>\n<p>&nbsp;<\/p>\n<p><strong>Akr\u00fc\u00fclvesidispersioonv\u00e4rv puidust fassaadidele.<\/strong><\/p>\n<ul>\n<li>V\u00e4litingimustes kasutamiseks<\/li>\n<li>Toodet saab kanda peale rulliga<\/li>\n<li>Toodet saab kanda peale pintsliga<\/li>\n<li>Toodet saab kanda pihustusp\u00fcstoliga<\/li>\n<li>Toodet saab toonida<\/li>\n<li>Lahjendamiseks ja t\u00f6\u00f6riistade puhastamiseks kasutatakse vett<\/li>\n<li>Kuivamisaeg: 1 tund<\/li>\n<li>Pakendid: 0,9 l, 3,6 l, 9 l<\/li>\n<li>Toodet saab s\u00e4ilitada ainult temperatuuril \u00fcle 5 \u00baC<\/li>\n<li>Kulu: 8\u201312 m\u00b2\/l<\/li>\n<li>Tagab puidu pikaajalise kaitse<\/li>\n<li>Erineb k\u00f5rge vastupidavusega ilmastikum\u00f5judele<\/li>\n<li>UV-kiirguse kindel<\/li>\n<li>Lai valik valmis v\u00e4rvitoone<\/li>\n<\/ul>\n<p>&nbsp;<\/p>\n<p>&nbsp;<\/p>\n<p><strong>Tehnilised andmed:<\/strong><\/p>\n<ul>\n<li>V\u00e4rv: 11 valmis v\u00e4rvitooni \u2013 valge (A-alus), p\u00e4rlvalge, kollane, sinepikollane, punakaspruun, kastanipruun, tumepruun, tumeroheline, hall, tumehall ja must. Valget v\u00e4rvi (A-alus) kasutatakse heledate toonide toonimiseks; v\u00e4rvitu (C-alus) tumedate toonide jaoks. Toonimiseks kasutatakse RILAKOLOR-s\u00fcsteemi.<\/li>\n<li>Kuivamisaeg +20 \u00baC ja suhtelise \u00f5huniiskuse 50% korral: kuni 1 tund.<\/li>\n<li>Kuivaine sisaldus massis, %: 53 \u00b1 5, olenevalt valitud toonist.<\/li>\n<li>Katvus \u00fche kihiga:<br \/>\n8\u201311 m\u00b2\/l h\u00f6\u00f6veldatud laudade v\u00e4rvimiseks,<br \/>\n6\u20138 m\u00b2\/l h\u00f6\u00f6veldamata laudade v\u00e4rvimiseks,<br \/>\n10\u201312 m\u00b2\/l varem alk\u00fc\u00fcdemalga v\u00e4rviga kaetud pindade viimistlemiseks<\/li>\n<li>Vedeldi: vesi<\/li>\n<li>Pealekandmismeetod: pintsel, rull v\u00f5i pihusti. \u00d5huta pihustamiseks soovitatav d\u00fc\u00fcsi l\u00e4bim\u00f5\u00f5t 0,017\u20130,021\u2033.<\/li>\n<\/ul>\n<p>&nbsp;<\/p>\n<p>&nbsp;<\/p>\n<p><strong>Kasutamine:<\/strong><\/p>\n<ul>\n<li>V\u00e4rvi ettevalmistamine: Segage hoolikalt enne kasutamist. Vajadusel lahjendage veega: kuni 5% mahust pintsliga v\u00f5i rulliga pealekandmisel; kuni 20% pihustiga pealekandmisel.<\/li>\n<li>Pinna ettevalmistamine: Enne v\u00e4rvimist peab pind olema kuiv, puhastatud rasvast (\u00f5liplekkidest) ja mustusest. Vana puidupinna v\u00e4rvimisel on soovitatav desinfitseerida pind AKVASEPT lahusega. Puidu niiskus ei tohi \u00fcletada 16%.<\/li>\n<li>Pinna kruntimine: Varem v\u00e4rvimata puidupindade kruntimiseks on soovitatav kasutada sobivat tooni immutusvahendit WOOD PROTECT.<\/li>\n<li>V\u00e4rvimine: Kandke v\u00e4rv peale 1\u20132 kihina, kui \u00f5hu ja v\u00e4rvitava pinna temperatuur on v\u00e4hemalt +5 \u00baC ja suhteline \u00f5huniiskus ei ole k\u00f5rgem kui 85%.<\/li>\n<li>T\u00f6\u00f6riistade puhastamine: Puhastage t\u00f6\u00f6riistad veega.<\/li>\n<li>S\u00e4ilitamine: 36 kuud tihedalt suletud tootjapakendis temperatuuril \u00fcle +5 \u00baC.<\/li>\n<\/ul>\n<p>&nbsp;<\/p>\n<p>&nbsp;<\/p>\n<p><strong>V\u00e4rvid ja hinnad (ilma KM):<\/strong><\/p>\n<table dir=\"ltr\" border=\"1\" cellspacing=\"0\" cellpadding=\"0\" data-sheets-root=\"1\" data-sheets-baot=\"1\">\n<colgroup>\n<col width=\"417\" \/>\n<col width=\"203\" \/><\/colgroup>\n<tbody>\n<tr>\n<td>Akvatop 0,9 L ( A )<\/td>\n<td>6.49 \u20ac<\/td>\n<\/tr>\n<tr>\n<td>Akvatop 0,9 L ( C )<\/td>\n<td>5.48 \u20ac<\/td>\n<\/tr>\n<tr>\n<td>Akvatop 3,6 L ( A )<\/td>\n<td>22.49 \u20ac<\/td>\n<\/tr>\n<tr>\n<td>Akvatop 3,6 L ( C )<\/td>\n<td>17.75 \u20ac<\/td>\n<\/tr>\n<tr>\n<td>Akvatop 9 L ( A )<\/td>\n<td>8.66 \u20ac<\/td>\n<\/tr>\n<tr>\n<td>Akvatop 9 L ( C )<\/td>\n<td>41.65 \u20ac<\/td>\n<\/tr>\n<tr>\n<td>Akvatop hall 0,9 L<\/td>\n<td>5.87 \u20ac<\/td>\n<\/tr>\n<tr>\n<td>Akvatop hall 3,6 L<\/td>\n<td>18.65 \u20ac<\/td>\n<\/tr>\n<tr>\n<td>Akvatop hall 9 L<\/td>\n<td>41.98 \u20ac<\/td>\n<\/tr>\n<tr>\n<td>Akvatop kastanipruun 0,9 L<\/td>\n<td>5.87 \u20ac<\/td>\n<\/tr>\n<tr>\n<td>Akvatop kastanipruun 3,6 L<\/td>\n<td>18.65 \u20ac<\/td>\n<\/tr>\n<tr>\n<td>Akvatop kastanipruun 9 L<\/td>\n<td>41.98 \u20ac<\/td>\n<\/tr>\n<tr>\n<td>Akvatop kollane 0,9 L<\/td>\n<td>5.87 \u20ac<\/td>\n<\/tr>\n<tr>\n<td>Akvatop kollane 3,6 L<\/td>\n<td>18.65 \u20ac<\/td>\n<\/tr>\n<tr>\n<td>Akvatop kollane 9 L<\/td>\n<td>41.98 \u20ac<\/td>\n<\/tr>\n<tr>\n<td>Akvatop must 0,9 L<\/td>\n<td>5.87 \u20ac<\/td>\n<\/tr>\n<tr>\n<td>Akvatop must 3,6 L<\/td>\n<td>18.65 \u20ac<\/td>\n<\/tr>\n<tr>\n<td>Akvatop must 9 L<\/td>\n<td>41.98 \u20ac<\/td>\n<\/tr>\n<tr>\n<td>Akvatop punakas-pruun 0,9 L<\/td>\n<td>5.87 \u20ac<\/td>\n<\/tr>\n<tr>\n<td>Akvatop punakas-pruun 3,6 L<\/td>\n<td>18.65 \u20ac<\/td>\n<\/tr>\n<tr>\n<td>Akvatop punakas-pruun 9 L<\/td>\n<td>41.98 \u20ac<\/td>\n<\/tr>\n<tr>\n<td>Akvatop p\u00e4rl-valge 0,9 L<\/td>\n<td>5.87 \u20ac<\/td>\n<\/tr>\n<tr>\n<td>Akvatop p\u00e4rl-valge 3,6 L<\/td>\n<td>18.65 \u20ac<\/td>\n<\/tr>\n<tr>\n<td>Akvatop p\u00e4rl-valge 9 L<\/td>\n<td>41.98 \u20ac<\/td>\n<\/tr>\n<tr>\n<td>Akvatop sinepi-kollane 0,9 L<\/td>\n<td>5.87 \u20ac<\/td>\n<\/tr>\n<tr>\n<td>Akvatop sinepi-kollane 3,6 L<\/td>\n<td>18.65 \u20ac<\/td>\n<\/tr>\n<tr>\n<td>Akvatop sinepi-kollane 9 L<\/td>\n<td>41.98 \u20ac<\/td>\n<\/tr>\n<tr>\n<td>Akvatop tume hall 0,9 L<\/td>\n<td>5.87 \u20ac<\/td>\n<\/tr>\n<tr>\n<td>Akvatop tume hall 3,6 L<\/td>\n<td>18.65 \u20ac<\/td>\n<\/tr>\n<tr>\n<td>Akvatop tume hall 9 L<\/td>\n<td>41.98 \u20ac<\/td>\n<\/tr>\n<tr>\n<td>Akvatop tume pruun 0,9 L<\/td>\n<td>5.87 \u20ac<\/td>\n<\/tr>\n<tr>\n<td>Akvatop tume pruun 3,6 L<\/td>\n<td>18.65 \u20ac<\/td>\n<\/tr>\n<tr>\n<td>Akvatop tume pruun 9 L<\/td>\n<td>41.98 \u20ac<\/td>\n<\/tr>\n<tr>\n<td>Akvatop tume roheline 0,9 L<\/td>\n<td>5.87 \u20ac<\/td>\n<\/tr>\n<tr>\n<td>Akvatop tume roheline 3,6 L<\/td>\n<td>18.65 \u20ac<\/td>\n<\/tr>\n<tr>\n<td>Akvatop tume roheline 9 L<\/td>\n<td>41.98 \u20ac<\/td>\n<\/tr>\n<\/tbody>\n<\/table>\n","protected":false},"excerpt":{"rendered":"<p>Akr\u00fc\u00fclveedispersioonv\u00e4rv puidust fassaadidele.<\/p>\n<p>Minimaalne tellimus 150 EUR!<\/p>\n<p>V\u00f5imalik on kombineerida sama tootja tooteid.<\/p>\n","protected":false},"featured_media":93447,"comment_status":"open","ping_status":"closed","template":"","meta":{"_acf_changed":false},"factory":[],"free-shipment":[],"product_brand":[],"product_cat":[169],"product_tag":[1579],"class_list":{"0":"post-93456","1":"product","2":"type-product","3":"status-publish","4":"has-post-thumbnail","6":"product_cat-kruntvarvid-ja-varvid","7":"product_tag-paint-et","9":"first","10":"instock","11":"sale","12":"taxable","13":"shipping-taxable","14":"purchasable","15":"product-type-simple"},"acf":[],"_links":{"self":[{"href":"https:\/\/factory.sale\/et\/wp-json\/wp\/v2\/product\/93456","targetHints":{"allow":["GET"]}}],"collection":[{"href":"https:\/\/factory.sale\/et\/wp-json\/wp\/v2\/product"}],"about":[{"href":"https:\/\/factory.sale\/et\/wp-json\/wp\/v2\/types\/product"}],"replies":[{"embeddable":true,"href":"https:\/\/factory.sale\/et\/wp-json\/wp\/v2\/comments?post=93456"}],"wp:featuredmedia":[{"embeddable":true,"href":"https:\/\/factory.sale\/et\/wp-json\/wp\/v2\/media\/93447"}],"wp:attachment":[{"href":"https:\/\/factory.sale\/et\/wp-json\/wp\/v2\/media?parent=93456"}],"wp:term":[{"taxonomy":"factory","embeddable":true,"href":"https:\/\/factory.sale\/et\/wp-json\/wp\/v2\/factory?post=93456"},{"taxonomy":"free-shipment","embeddable":true,"href":"https:\/\/factory.sale\/et\/wp-json\/wp\/v2\/free-shipment?post=93456"},{"taxonomy":"product_brand","embeddable":true,"href":"https:\/\/factory.sale\/et\/wp-json\/wp\/v2\/product_brand?post=93456"},{"taxonomy":"product_cat","embeddable":true,"href":"https:\/\/factory.sale\/et\/wp-json\/wp\/v2\/product_cat?post=93456"},{"taxonomy":"product_tag","embeddable":true,"href":"https:\/\/factory.sale\/et\/wp-json\/wp\/v2\/product_tag?post=93456"}],"curies":[{"name":"wp","href":"https:\/\/api.w.org\/{rel}","templated":true}]}}