{"id":93231,"date":"2024-11-03T01:15:50","date_gmt":"2024-11-02T22:18:25","guid":{"rendered":"https:\/\/factory.sale\/?post_type=product&#038;p=93231"},"modified":"2024-11-03T02:45:28","modified_gmt":"2024-11-02T23:45:28","slug":"saunacare-premium-istmekatted","status":"publish","type":"product","link":"https:\/\/factory.sale\/et\/toode\/saunacare-premium-istmekatted\/","title":{"rendered":"SaunaCare Premium istmekatted"},"content":{"rendered":"<p>SaunaCare Premium istmekatted on \u00fchekordsed kasutamiseks m\u00f5eldud kattematerjalid saunadele.<\/p>\n<p>T\u00e4nu oma kolmekihilisele struktuurile on SaunaCare Premium istmekatted vastupidavad nii kuumusele kui ka niiskusele ning pakuvad 100% kaitset saunalavadele kogunevate bakterite vastu.<\/p>\n<p>NB! Minimaalne tellimus transpordikasti kohta on 6 pakki (iga pakk sisaldab 120 istmekatet).<br \/>\nHind on transpordikasti kohta.<\/p>\n<p>SaunaCare Premium istmekatte suurus on 41 x 41 cm, mis sobib nii v\u00e4iksematele kui ka suurematele saunak\u00fclastajatele. \u00dcks SaunaCare Premium pakk sisaldab 120 \u00fchekordset istmekatet. Paki m\u00f5\u00f5tmed on 21 x 21 x 21 cm, mis t\u00e4hendab, et see v\u00f5tab vaid v\u00e4hesel m\u00e4\u00e4ral ruumi.<\/p>\n<p>SaunaCare istmekatetega s\u00e4\u00e4state raha, energiat ja vett ning hoolitsete nii enda kui ka oma sauna heaolu eest. Allpool saate lisateavet kulude ja energias\u00e4\u00e4stu kohta.<\/p>\n<p>&nbsp;<\/p>\n<p><strong>J\u00e4tkusuutlikkus<\/strong><\/p>\n<p>Traditsiooniliselt on hotellide ja spaade saunades kasutatud tavalisi hotellir\u00e4tikuid istmekatetena. See toob kaasa suure koguse m\u00e4\u00e4rdunud r\u00e4tikuid pesuks, mis suurendab energia, vee ja pesuvahendite kasutust ning kulusid.<\/p>\n<p>Pakkudes \u00fchekordseid istmekatteid, soovime olla osa arengust, kus v\u00e4hendatakse ressursside kasutamist. T\u00e4psemad arvud hotellir\u00e4tikute pesemise kulude ja keskkonnajalaj\u00e4lje kohta leiate allolevast tabelist.<\/p>\n<p>&nbsp;<\/p>\n<p><img loading=\"lazy\" decoding=\"async\" class=\"alignnone  wp-image-93225\" src=\"https:\/\/factory.sale\/wp-content\/uploads\/2024\/11\/image-300x167.png\" alt=\"\" width=\"636\" height=\"354\" srcset=\"https:\/\/factory.sale\/wp-content\/uploads\/2024\/11\/image-300x167.png 300w, https:\/\/factory.sale\/wp-content\/uploads\/2024\/11\/image-150x83.png 150w, https:\/\/factory.sale\/wp-content\/uploads\/2024\/11\/image.png 600w\" sizes=\"auto, (max-width: 636px) 100vw, 636px\" \/><\/p>\n<p><img loading=\"lazy\" decoding=\"async\" class=\"alignnone  wp-image-93228\" src=\"https:\/\/factory.sale\/wp-content\/uploads\/2024\/11\/image-2-300x228.png\" alt=\"\" width=\"597\" height=\"454\" srcset=\"https:\/\/factory.sale\/wp-content\/uploads\/2024\/11\/image-2-300x228.png 300w, https:\/\/factory.sale\/wp-content\/uploads\/2024\/11\/image-2-150x114.png 150w, https:\/\/factory.sale\/wp-content\/uploads\/2024\/11\/image-2.png 600w\" sizes=\"auto, (max-width: 597px) 100vw, 597px\" \/><\/p>\n<p>&nbsp;<\/p>\n<p>&nbsp;<\/p>\n<p><strong>Transport ja Pakendamine<\/strong><\/p>\n<p>SaunaCare Premium istmekatted tarnitakse spetsiaalselt kohandatud transpordipakendis, mis v\u00f5imaldab neid h\u00f5lpsasti hoida laos v\u00f5i sarnases hoiukohas. \u00dcks transpordikast sisaldab kuus pakki istmekatteid. \u00dchele euroalusele mahub kaksk\u00fcmmend transpordikasti. See t\u00e4hendab \u00fcle 14 000 istmekatte \u00fche aluse kohta!<\/p>\n<p>&nbsp;<\/p>\n<p>Transpordikast &#8211; 86,18 EUR (720 istmekatet)<\/p>\n<p>\u00dcks EUR-alus &#8211; 1723,50 EUR (14 400 istmekatet)<\/p>\n<p>&nbsp;<\/p>\n","protected":false},"excerpt":{"rendered":"<p>SaunaCare Premium istmekatted on \u00fchekordsed kasutamiseks m\u00f5eldud kattematerjalid saunadele.<\/p>\n<p>T\u00e4nu oma kolmekihilisele struktuurile on SaunaCare Premium istmekatted vastupidavad nii kuumusele kui ka niiskusele ning pakuvad 100% kaitset saunalavadele kogunevate bakterite vastu.<\/p>\n<p>NB! Minimaalne tellimus transpordikasti kohta on 6 pakki (iga pakk sisaldab 120 istmekatet).<br \/>\nHind on transpordikasti kohta.<\/p>\n","protected":false},"featured_media":93217,"comment_status":"open","ping_status":"closed","template":"","meta":{"_acf_changed":false},"factory":[],"free-shipment":[],"product_brand":[],"product_cat":[3111,1028],"product_tag":[811],"class_list":{"0":"post-93231","1":"product","2":"type-product","3":"status-publish","4":"has-post-thumbnail","6":"product_cat-pefletid-ja-tekstiilid","7":"product_cat-saunatarvikud","8":"product_tag-sauna-et","10":"first","11":"instock","12":"sale","13":"taxable","14":"shipping-taxable","15":"purchasable","16":"product-type-simple"},"acf":[],"_links":{"self":[{"href":"https:\/\/factory.sale\/et\/wp-json\/wp\/v2\/product\/93231","targetHints":{"allow":["GET"]}}],"collection":[{"href":"https:\/\/factory.sale\/et\/wp-json\/wp\/v2\/product"}],"about":[{"href":"https:\/\/factory.sale\/et\/wp-json\/wp\/v2\/types\/product"}],"replies":[{"embeddable":true,"href":"https:\/\/factory.sale\/et\/wp-json\/wp\/v2\/comments?post=93231"}],"wp:featuredmedia":[{"embeddable":true,"href":"https:\/\/factory.sale\/et\/wp-json\/wp\/v2\/media\/93217"}],"wp:attachment":[{"href":"https:\/\/factory.sale\/et\/wp-json\/wp\/v2\/media?parent=93231"}],"wp:term":[{"taxonomy":"factory","embeddable":true,"href":"https:\/\/factory.sale\/et\/wp-json\/wp\/v2\/factory?post=93231"},{"taxonomy":"free-shipment","embeddable":true,"href":"https:\/\/factory.sale\/et\/wp-json\/wp\/v2\/free-shipment?post=93231"},{"taxonomy":"product_brand","embeddable":true,"href":"https:\/\/factory.sale\/et\/wp-json\/wp\/v2\/product_brand?post=93231"},{"taxonomy":"product_cat","embeddable":true,"href":"https:\/\/factory.sale\/et\/wp-json\/wp\/v2\/product_cat?post=93231"},{"taxonomy":"product_tag","embeddable":true,"href":"https:\/\/factory.sale\/et\/wp-json\/wp\/v2\/product_tag?post=93231"}],"curies":[{"name":"wp","href":"https:\/\/api.w.org\/{rel}","templated":true}]}}