{"id":93204,"date":"2024-11-02T02:02:54","date_gmt":"2024-11-01T23:07:24","guid":{"rendered":"https:\/\/factory.sale\/?post_type=product&#038;p=93204"},"modified":"2026-05-07T23:45:47","modified_gmt":"2026-05-07T20:45:47","slug":"autovarjualune-kuuri-ja-kulgseinaga-luna-f-plus-49x56-m","status":"publish","type":"product","link":"https:\/\/factory.sale\/et\/toode\/autovarjualune-kuuri-ja-kulgseinaga-luna-f-plus-49x56-m\/","title":{"rendered":"Autovarjualune kuuri ja k\u00fclgseinaga LUNA F PLUS (4,9\u00d75,6 m)"},"content":{"rendered":"<p>Hind sisaldab 2 autovarjualuse k\u00fclgseinapaneeli lisakaitseks. Lisaks saate varieerida k\u00fclgseinapaneelide arvu nulli ja 3 vahel. Stiilne lamekatus annab ainulaadse ja kaasaegse v\u00e4limuse.<br \/>\nLisaks on saadaval 2 t\u00f5husat laoruumi, millest iga\u00fcks on 5 m\u00b2 suurune. Ideaalne teie aiat\u00f6\u00f6riistade, -riistade ja -seadmete mugavaks hoiustamiseks.<br \/>\nKui soovite laiendada oma aeda stiilse ja funktsionaalse autovarjualusega, on tugev ja t\u00f6\u00f6kindel LUNA F PLUS autovarjualune hea valik. Lisaks, valmistatud naturaalsest pehmest puidust, tagab see s\u00f5iduki korraliku kaitse ja optimaalse ventilatsiooni.<\/p>\n<p>Sellel autovarjualusel on 2 vertikaalse paneeliga puitraamist k\u00fclgseina, mis pakuvad teie s\u00f5idukile suurep\u00e4rast kaitset. Lisaks saab autovarjualuse konstruktsiooni h\u00f5lpsasti t\u00e4iustada lisapaneelidega meie lisatarvikute hulgast, mis v\u00f5imaldab k\u00fclgseinu lisada v\u00f5i eemaldada.<\/p>\n<p>&nbsp;<\/p>\n<p>&nbsp;<\/p>\n<p><strong>Tehniline teave:<\/strong><\/p>\n<ul>\n<li>Ehitusmaterjal: Sertifitseeritud looduslik p\u00f5hjamaine m\u00e4nd v\u00f5i kuusk<\/li>\n<li>Katus: 18-20 mm katuselauad. Lisaks saab lisatasu eest lisada katusekatte.<\/li>\n<li>Paneelid: Paneel on m\u00f5lemalt poolt kaetud 20 mm laudadega. Puitkarkassi m\u00f5\u00f5dud: 45 mm x 70 mm, voodrilauad<\/li>\n<li>120mm x 20mm. Kinnitatakse vertikaalselt 25 mm vahedega. Iga paneeli puit tarnitakse eraldi.<\/li>\n<li>Katuse pindala: 27,69 m\u00b2<\/li>\n<li>V\u00e4lism\u00f5\u00f5dud: 790 x 565 cm<\/li>\n<li>Seina minimaalne k\u00f5rgus: 210 cm<\/li>\n<li>Harja k\u00f5rgus: 230 cm<\/li>\n<li>Uste arv: 2 tk<\/li>\n<\/ul>\n<p>&nbsp;<\/p>\n<p>&nbsp;<\/p>\n<p>Bituumensindlid (must, roheline, punane)<\/p>\n<p><img loading=\"lazy\" decoding=\"async\" class=\"alignnone wp-image-86156\" src=\"https:\/\/factory.sale\/wp-content\/uploads\/2024\/06\/colours-wooden-me-300x82.png\" sizes=\"auto, (max-width: 567px) 100vw, 567px\" srcset=\"https:\/\/factory.sale\/wp-content\/uploads\/2024\/06\/colours-wooden-me-300x82.png 300w, https:\/\/factory.sale\/wp-content\/uploads\/2024\/06\/colours-wooden-me-150x41.png 150w, https:\/\/factory.sale\/wp-content\/uploads\/2024\/06\/colours-wooden-me-600x164.png 600w, https:\/\/factory.sale\/wp-content\/uploads\/2024\/06\/colours-wooden-me.png 638w\" alt=\"\" width=\"567\" height=\"155\" \/><\/p>\n<p>&nbsp;<\/p>\n<div class=\"video-wrapper \"><iframe loading=\"lazy\" title=\"Hoe monteer je dakshingles voor zadeldaken?\" width=\"500\" height=\"281\" src=\"https:\/\/www.youtube.com\/embed\/9S4j3SFXrjM?feature=oembed\" frameborder=\"0\" allow=\"accelerometer; autoplay; clipboard-write; encrypted-media; gyroscope; picture-in-picture; web-share\" referrerpolicy=\"strict-origin-when-cross-origin\" allowfullscreen><\/iframe><\/div>\n<div class=\"video-wrapper \"><iframe loading=\"lazy\" title=\"How To Build a Log Cabin | Assembly Instructions\" width=\"500\" height=\"281\" src=\"https:\/\/www.youtube.com\/embed\/k9kK04ZBp0o?feature=oembed\" frameborder=\"0\" allow=\"accelerometer; autoplay; clipboard-write; encrypted-media; gyroscope; picture-in-picture; web-share\" referrerpolicy=\"strict-origin-when-cross-origin\" allowfullscreen><\/iframe><\/div>\n<p>&nbsp;<\/p>\n","protected":false},"excerpt":{"rendered":"<p>Sellel autovarjualusel on 2 vertikaalse paneeliga puitraamist k\u00fclgseina, mis pakuvad teie s\u00f5idukile suurep\u00e4rast kaitset. Lisaks saab autovarjualuse konstruktsiooni h\u00f5lpsasti t\u00e4iustada lisapaneelidega meie lisatarvikute hulgast, mis v\u00f5imaldab k\u00fclgseinu lisada v\u00f5i eemaldada.<\/p>\n","protected":false},"featured_media":93190,"comment_status":"open","ping_status":"closed","template":"","meta":{"_acf_changed":false},"factory":[],"free-shipment":[],"product_brand":[],"product_cat":[924,936],"product_tag":[1483,1484,2714],"class_list":{"0":"post-93204","1":"product","2":"type-product","3":"status-publish","4":"has-post-thumbnail","6":"product_cat-aiatooted","7":"product_cat-auto-varjualused","8":"product_tag-garden-et","9":"product_tag-yard-et","10":"product_tag-yard-and-garden-et","12":"first","13":"instock","14":"sale","15":"taxable","16":"shipping-taxable","17":"purchasable","18":"product-type-simple"},"acf":[],"_links":{"self":[{"href":"https:\/\/factory.sale\/et\/wp-json\/wp\/v2\/product\/93204","targetHints":{"allow":["GET"]}}],"collection":[{"href":"https:\/\/factory.sale\/et\/wp-json\/wp\/v2\/product"}],"about":[{"href":"https:\/\/factory.sale\/et\/wp-json\/wp\/v2\/types\/product"}],"replies":[{"embeddable":true,"href":"https:\/\/factory.sale\/et\/wp-json\/wp\/v2\/comments?post=93204"}],"wp:featuredmedia":[{"embeddable":true,"href":"https:\/\/factory.sale\/et\/wp-json\/wp\/v2\/media\/93190"}],"wp:attachment":[{"href":"https:\/\/factory.sale\/et\/wp-json\/wp\/v2\/media?parent=93204"}],"wp:term":[{"taxonomy":"factory","embeddable":true,"href":"https:\/\/factory.sale\/et\/wp-json\/wp\/v2\/factory?post=93204"},{"taxonomy":"free-shipment","embeddable":true,"href":"https:\/\/factory.sale\/et\/wp-json\/wp\/v2\/free-shipment?post=93204"},{"taxonomy":"product_brand","embeddable":true,"href":"https:\/\/factory.sale\/et\/wp-json\/wp\/v2\/product_brand?post=93204"},{"taxonomy":"product_cat","embeddable":true,"href":"https:\/\/factory.sale\/et\/wp-json\/wp\/v2\/product_cat?post=93204"},{"taxonomy":"product_tag","embeddable":true,"href":"https:\/\/factory.sale\/et\/wp-json\/wp\/v2\/product_tag?post=93204"}],"curies":[{"name":"wp","href":"https:\/\/api.w.org\/{rel}","templated":true}]}}