{"id":93177,"date":"2024-11-01T17:41:18","date_gmt":"2024-11-01T14:47:27","guid":{"rendered":"https:\/\/factory.sale\/?post_type=product&#038;p=93177"},"modified":"2026-05-07T23:50:44","modified_gmt":"2026-05-07T20:50:44","slug":"autovarjualune-matkaautole-7-m-x-6-m-x-4-m","status":"publish","type":"product","link":"https:\/\/factory.sale\/et\/toode\/autovarjualune-matkaautole-7-m-x-6-m-x-4-m\/","title":{"rendered":"Autovarjualune matkaautole (7 m x 6 m x 4 m)"},"content":{"rendered":"<p>Kui teil on matkaauto, vajate sellele ka varjualust, mis kaitseb seda ilmastiku eest ja tagab h\u00f5lpsa juurdep\u00e4\u00e4su. Autovarjualusel on lihtne konstruktsioon, millel on postidele toetuv katus, ilma seinte ja usteta. Matkaauto on s\u00f5iduk, mida saate kasutada reisimiseks ja magamiseks, n\u00e4iteks matkaauto v\u00f5i haagissuvila. Autovarjualune on suure sissep\u00e4\u00e4su k\u00f5rgusega 303 cm, kuhu mahub enamik matkaautosid v\u00f5i saab parkida traktorit. Seet\u00f5ttu on see mitmek\u00fclgne ja mugav lahendus teie s\u00f5idukile. Tellige oma autovarjualune juba t\u00e4na ja nautige selle eeliseid!<\/p>\n<p>&nbsp;<\/p>\n<p>&nbsp;<\/p>\n<p><strong>Tehnilised andmed:<\/strong><\/p>\n<ul>\n<li>Ehitusmaterjal: sertifitseeritud looduslik p\u00f5hjamaine m\u00e4nd<\/li>\n<li>V\u00e4lism\u00f5\u00f5dud: 700 x 400 cm<\/li>\n<li>Harja k\u00f5rgus: 402 cm<\/li>\n<li>Sissep\u00e4\u00e4su k\u00f5rgus: 303 cm<\/li>\n<li>Autovarjualuse toe m\u00f5\u00f5dud: 18\u00d718 cm, 8 tk<\/li>\n<li>Katuse pindala: 43 m\u00b2<\/li>\n<li>Katuse \u00fcleulatus: 20 cm<\/li>\n<li>Bituumenkatus: lisatasu eest on valikuliselt saadaval katusekate<\/li>\n<li>Katuse kalle: 12\u00b0<\/li>\n<\/ul>\n<p>&nbsp;<\/p>\n<p>&nbsp;<\/p>\n<p><strong>Lisaks saadaval:<\/strong><\/p>\n<p>Bituumensindlid (must, roheline, punane) + 494,50 \u20ac<\/p>\n<p><img loading=\"lazy\" decoding=\"async\" class=\"alignnone wp-image-86156\" src=\"https:\/\/factory.sale\/wp-content\/uploads\/2024\/06\/colours-wooden-me-300x82.png\" sizes=\"auto, (max-width: 567px) 100vw, 567px\" srcset=\"https:\/\/factory.sale\/wp-content\/uploads\/2024\/06\/colours-wooden-me-300x82.png 300w, https:\/\/factory.sale\/wp-content\/uploads\/2024\/06\/colours-wooden-me-150x41.png 150w, https:\/\/factory.sale\/wp-content\/uploads\/2024\/06\/colours-wooden-me-600x164.png 600w, https:\/\/factory.sale\/wp-content\/uploads\/2024\/06\/colours-wooden-me.png 638w\" alt=\"\" width=\"567\" height=\"155\" \/><\/p>\n<p>&nbsp;<\/p>\n<p>&nbsp;<\/p>\n<div class=\"video-wrapper \"><iframe loading=\"lazy\" title=\"Hoe monteer je dakshingles voor zadeldaken?\" width=\"500\" height=\"281\" src=\"https:\/\/www.youtube.com\/embed\/9S4j3SFXrjM?feature=oembed\" frameborder=\"0\" allow=\"accelerometer; autoplay; clipboard-write; encrypted-media; gyroscope; picture-in-picture; web-share\" referrerpolicy=\"strict-origin-when-cross-origin\" allowfullscreen><\/iframe><\/div>\n","protected":false},"excerpt":{"rendered":"<p>Kui teil on matkaauto, vajate sellele ka varjualust, mis kaitseb seda ilmastiku eest ja tagab h\u00f5lpsa juurdep\u00e4\u00e4su. Autovarjualusel on lihtne konstruktsioon, millel on postidele toetuv katus, ilma seinte ja usteta. Matkaauto on s\u00f5iduk, mida saate kasutada reisimiseks ja magamiseks, n\u00e4iteks matkaauto v\u00f5i haagissuvila. Autovarjualune on suure sissep\u00e4\u00e4su k\u00f5rgusega 303 cm, kuhu mahub enamik matkaautosid v\u00f5i saab parkida traktorit. Seet\u00f5ttu on see mitmek\u00fclgne ja mugav lahendus teie s\u00f5idukile. Tellige oma autovarjualune juba t\u00e4na ja nautige selle eeliseid!<\/p>\n","protected":false},"featured_media":93163,"comment_status":"open","ping_status":"closed","template":"","meta":{"_acf_changed":false},"factory":[],"free-shipment":[],"product_brand":[],"product_cat":[924,936],"product_tag":[1483,1484,2714],"class_list":{"0":"post-93177","1":"product","2":"type-product","3":"status-publish","4":"has-post-thumbnail","6":"product_cat-aiatooted","7":"product_cat-auto-varjualused","8":"product_tag-garden-et","9":"product_tag-yard-et","10":"product_tag-yard-and-garden-et","12":"first","13":"instock","14":"sale","15":"taxable","16":"shipping-taxable","17":"purchasable","18":"product-type-simple"},"acf":[],"_links":{"self":[{"href":"https:\/\/factory.sale\/et\/wp-json\/wp\/v2\/product\/93177","targetHints":{"allow":["GET"]}}],"collection":[{"href":"https:\/\/factory.sale\/et\/wp-json\/wp\/v2\/product"}],"about":[{"href":"https:\/\/factory.sale\/et\/wp-json\/wp\/v2\/types\/product"}],"replies":[{"embeddable":true,"href":"https:\/\/factory.sale\/et\/wp-json\/wp\/v2\/comments?post=93177"}],"wp:featuredmedia":[{"embeddable":true,"href":"https:\/\/factory.sale\/et\/wp-json\/wp\/v2\/media\/93163"}],"wp:attachment":[{"href":"https:\/\/factory.sale\/et\/wp-json\/wp\/v2\/media?parent=93177"}],"wp:term":[{"taxonomy":"factory","embeddable":true,"href":"https:\/\/factory.sale\/et\/wp-json\/wp\/v2\/factory?post=93177"},{"taxonomy":"free-shipment","embeddable":true,"href":"https:\/\/factory.sale\/et\/wp-json\/wp\/v2\/free-shipment?post=93177"},{"taxonomy":"product_brand","embeddable":true,"href":"https:\/\/factory.sale\/et\/wp-json\/wp\/v2\/product_brand?post=93177"},{"taxonomy":"product_cat","embeddable":true,"href":"https:\/\/factory.sale\/et\/wp-json\/wp\/v2\/product_cat?post=93177"},{"taxonomy":"product_tag","embeddable":true,"href":"https:\/\/factory.sale\/et\/wp-json\/wp\/v2\/product_tag?post=93177"}],"curies":[{"name":"wp","href":"https:\/\/api.w.org\/{rel}","templated":true}]}}