{"id":9317,"date":"2022-06-30T09:18:40","date_gmt":"2022-06-30T09:18:50","guid":{"rendered":"https:\/\/factory.sale\/?post_type=product&#038;p=9317"},"modified":"2024-06-27T23:02:48","modified_gmt":"2024-06-27T23:02:48","slug":"kuivati-%e2%80%8b%e2%80%8bttk-175-s","status":"publish","type":"product","link":"https:\/\/factory.sale\/et\/toode\/kuivati-%e2%80%8b%e2%80%8bttk-175-s\/","title":{"rendered":"Kuivati \u200b\u200bTTK 175 S"},"content":{"rendered":"<p>K\u00f5ik elektrilised komponendid on standardvarustuses kaitstud tolmu v\u00f5i niiskuse eest. Spetsiaalne kapseldus pakub elektroonikale maksimaalset kaitset kahjuliku keskkonna eest, mis l\u00fchendavad seadme eluiga. See annab v\u00f5imaluse kasutada seadet ka karmimates tingimustes.<\/p>\n<p>Lisaks tagab Trotec TTK 175 S kvaliteetne kuuma gaasi automaatne sulatuss\u00fcsteem v\u00f5rreldes teiste sulatuss\u00fcsteemidega palju t\u00f5husama kuivatust\u00f5hususe, ilma pikkade sulatuspausidetada, millal kuivatust ei toimu!<\/p>\n<p>&nbsp;<\/p>\n<p><strong>Tugev p\u00f6\u00f6rleva kolbkompressori tehnoloogia j\u00f5ulises mobiilses konstruktsioonis<\/strong><\/p>\n<p>T\u00e4nu k\u00e4epideme ja suurte ratastega k\u00e4ruversiooni ergonoomilisele disainile on \u00f5hukuivati TTK 175 S h\u00f5lpsasti transporditav ka ehitusplatsi tingimustes v\u00f5i treppidel. Siseruumides ei j\u00e4ta v\u00e4rvimata kummist rattad parketile ega muudele tundlikele pindadele mingeid j\u00e4lgi, ehk ei riku p\u00f5randat v\u00f5i selle katet.<\/p>\n<p>TTK 175 S p\u00f6\u00f6rleva kolbkompressori tehnoloogia v\u00f5imaldab transportida praktiliselt igas asendis, ajas\u00e4\u00e4stlikltu \u00f5hukuivati \u200b\u200bviivitamatut kasutuselev\u00f5ttu kohe p\u00e4rast paigaldamist.<\/p>\n<p>Kui see v\u00f5imas kondensaatorkuivati \u200b\u200bon paigutatud, n\u00e4itab see kohe, millest see koosneb.\u00a0Kuna TTK 175 S kvaliteetne p\u00f6\u00f6rlev kompressor 0,88 kW pakub kuivatusv\u00f5imsust kuni 50 liitrit p\u00e4evas ja avaldab muljet oma k\u00f5rge \u00f5hukuivatusv\u00f5imega isegi madalatel temperatuuridel.<\/p>\n<p>Kaks virnastamissoont v\u00f5imaldavad sama suurusega TTK-S kommertskuivatite stabiilset ja ruumis\u00e4\u00e4stlikku ladustamist.<\/p>\n<p>&nbsp;<\/p>\n<p><strong>Propaan (R290) kui keskkonnas\u00f5bralik k\u00fclmutusagens \u00f5hukuivatites<\/strong><\/p>\n<p>Igal aastal paiskavad s\u00fcnteetilised k\u00fclmutusagensid \u00f5hku mitu miljonit tonni keskkonnale kahjulikke s\u00fcsinikdioksiidi heitkoguseid (kasvuhoonegaase).\u00a0Seet\u00f5ttu on alternatiivsete k\u00fclmutusagensite kasutamine \u00fcks meie olulisemaid eesm\u00e4rke.\u00a0Kasutades propaani (R290) k\u00fclmutusagensina, annab see \u00f5hukuivati \u200b\u200bv\u00e4\u00e4rtusliku panuse kliimakaitsesse.<\/p>\n<p>Looduslik k\u00fclmutusagens propaan (R290) on orgaaniline \u00fchend ja \u00fcks s\u00fcsivesinikest.\u00a0Vastupidiselt s\u00fcnteetilistele k\u00fclmutusagensitele ei ole keskkonnas\u00f5bralikul propaanil (R290) osoonikihti kahandavat potentsiaali (ODP = 0) ega m\u00e4rkimisv\u00e4\u00e4rset kasvuhooneefekti (GWP = 3).<\/p>\n<p>T\u00e4iendav pluss keskkonnale: T\u00e4nu suurep\u00e4rastele termod\u00fcnaamilistele omadustele on propaan (R290) eriti energias\u00e4\u00e4stlik k\u00fclmutusagens ja v\u00e4hendab seega ka teie energiakulusid.<\/p>\n<p>&nbsp;<\/p>\n<p><strong>Praktika eelised:<\/strong><\/p>\n<ul>\n<li>Arendus, disain, tootmine: 100% Trotec<\/li>\n<li>K\u00f5rge niiskuse eemaldamise j\u00f5udlus isegi madalatel temperatuuridel<\/li>\n<li>K\u00f5igi elektrikomponentide maksimaalne tolmu- ja niiskuskaitse<\/li>\n<li>\u00c4\u00e4rmiselt hoolduss\u00f5bralik disain<\/li>\n<li>Optimaalsed k\u00e4sitsemisomadused<\/li>\n<li>T\u00e4nu p\u00f6\u00f6rdkolbkompressorile saab seda transportida ja hoida mis tahes asendis<\/li>\n<li>Praktiline virnastamissoon stabiilseks, ruumis\u00e4\u00e4stlikuks ladustamiseks ja transportimiseks<\/li>\n<li>Mitmekordne virnastamine sama suurusega mudelitega<\/li>\n<li>Praktiliselt optimeeritud Saksa t\u00f6\u00f6stusdisain \u2013 kaitstud disain<\/li>\n<\/ul>\n<p>&nbsp;<\/p>\n<p><strong>Omadused ja varustus:<\/strong><\/p>\n<ul>\n<li>Automaatne rikke diagnoosimise s\u00fcsteem<\/li>\n<li>Operatsiooni kontrolllamp<\/li>\n<li>Ruumi temperatuuriandur<\/li>\n<li>Automaatne v\u00e4ljal\u00fclitus<\/li>\n<li>Juhtnupp j\u00e4\u00e4kvee \u00e4rajuhtimiseks<\/li>\n<li>Automaatse taask\u00e4ivitamise s\u00fcsteem<\/li>\n<li>\u00dchendus v\u00e4lise \u00e4ravoolu jaoks<\/li>\n<li>M\u00e4lu funktsioon<\/li>\n<li>Ventilaatori sissel\u00fclitamise funktsioon<\/li>\n<\/ul>\n<p>&nbsp;<\/p>\n<table id=\"t0611ebfb353653\" class=\"tech\" cellspacing=\"0\" cellpadding=\"0\">\n<tbody>\n<tr class=\"headerrow\">\n<th colspan=\"3\">Kuivatamise j\u00f5udlus<\/th>\n<\/tr>\n<tr class=\"odd\">\n<th width=\"30%\"><\/th>\n<th width=\"30%\">temperatuuril 20 \u00b0 C \/ 60% RH [l \/ 24h]<\/th>\n<td width=\"40%\">18<\/td>\n<\/tr>\n<tr class=\"even\">\n<th width=\"30%\"><\/th>\n<th width=\"30%\">temperatuuril 30 \u00b0 C \/ 80% RH [l \/ 24h]<\/th>\n<td width=\"40%\">40<\/td>\n<\/tr>\n<tr class=\"odd\">\n<th width=\"30%\"><\/th>\n<th width=\"30%\">Max [l \/ 24h]<\/th>\n<td width=\"40%\">50<\/td>\n<\/tr>\n<tr class=\"headerrow\">\n<th colspan=\"3\">\u00d5hu maht<\/th>\n<\/tr>\n<tr class=\"odd\">\n<th width=\"30%\"><\/th>\n<th width=\"30%\">Tase max [M\u00b3 \/ h]<\/th>\n<td width=\"40%\">580<\/td>\n<\/tr>\n<tr class=\"headerrow\">\n<th colspan=\"3\">Soovitatav ruumi suuruse hoone kuivatamine<\/th>\n<\/tr>\n<tr class=\"odd\">\n<th width=\"30%\"><\/th>\n<th width=\"30%\">m\u00b3<\/th>\n<td width=\"40%\">225<\/td>\n<\/tr>\n<tr class=\"even\">\n<th width=\"30%\"><\/th>\n<th width=\"30%\">m\u00b2<\/th>\n<td width=\"40%\">90<\/td>\n<\/tr>\n<tr class=\"headerrow\">\n<th colspan=\"3\">Soovitatav ruumi suurus hoides kuivana<\/th>\n<\/tr>\n<tr class=\"odd\">\n<th width=\"30%\"><\/th>\n<th width=\"30%\">m\u00b3<\/th>\n<td width=\"40%\">450<\/td>\n<\/tr>\n<tr class=\"even\">\n<th width=\"30%\"><\/th>\n<th width=\"30%\">m\u00b2<\/th>\n<td width=\"40%\">180<\/td>\n<\/tr>\n<tr class=\"headerrow\">\n<th colspan=\"3\">Keskkonnatingimused<\/th>\n<\/tr>\n<tr class=\"odd\">\n<th width=\"30%\"><\/th>\n<th width=\"30%\">Temperatuuri vahemik min [\u00b0 C]<\/th>\n<td width=\"40%\">5<\/td>\n<\/tr>\n<tr class=\"even\">\n<th width=\"30%\"><\/th>\n<th width=\"30%\">Maksimaalne temperatuurivahemik [\u00b0 C]<\/th>\n<td width=\"40%\">32<\/td>\n<\/tr>\n<tr class=\"odd\">\n<th width=\"30%\"><\/th>\n<th width=\"30%\">Niiskusvahemik min. [% RH]<\/th>\n<td width=\"40%\">50<\/td>\n<\/tr>\n<tr class=\"even\">\n<th width=\"30%\"><\/th>\n<th width=\"30%\">Niiskusvahemik max [% RH]<\/th>\n<td width=\"40%\">90<\/td>\n<\/tr>\n<tr class=\"headerrow\">\n<th colspan=\"3\">Elektrilised n\u00e4itajad<\/th>\n<\/tr>\n<tr class=\"odd\">\n<th width=\"30%\"><\/th>\n<th width=\"30%\">V\u00f5rgu\u00fchendus<\/th>\n<td width=\"40%\">220-240 V \/ 50 Hz<\/td>\n<\/tr>\n<tr class=\"even\">\n<th width=\"30%\"><\/th>\n<th width=\"30%\">Nominaalne voolutarve [A]<\/th>\n<td width=\"40%\">2.8<\/td>\n<\/tr>\n<tr class=\"odd\">\n<th width=\"30%\"><\/th>\n<th width=\"30%\">Energiatarve [kW]<\/th>\n<td width=\"40%\">0.6<\/td>\n<\/tr>\n<tr class=\"even\">\n<th width=\"30%\"><\/th>\n<th width=\"30%\">soovitatav kaitse [A]<\/th>\n<td width=\"40%\">10<\/td>\n<\/tr>\n<tr class=\"headerrow\">\n<th colspan=\"3\">Kompressor<\/th>\n<\/tr>\n<tr class=\"odd\">\n<th width=\"30%\"><\/th>\n<th width=\"30%\">P\u00f6\u00f6rlev kolbkompressor<\/th>\n<td width=\"40%\">+<\/td>\n<\/tr>\n<tr class=\"even\">\n<th width=\"30%\"><\/th>\n<th width=\"30%\">Kolbkompressor<\/th>\n<td width=\"40%\">\u2013<\/td>\n<\/tr>\n<tr class=\"odd\">\n<th width=\"30%\"><\/th>\n<th width=\"30%\">K\u00fclmutusaine t\u00fc\u00fcp<\/th>\n<td width=\"40%\">R290<\/td>\n<\/tr>\n<tr class=\"even\">\n<th width=\"30%\"><\/th>\n<th width=\"30%\">K\u00fclmutusagensi kogus [g]<\/th>\n<td width=\"40%\">150<\/td>\n<\/tr>\n<tr class=\"odd\">\n<th width=\"30%\"><\/th>\n<th width=\"30%\">GWP tegur<\/th>\n<td width=\"40%\">3<\/td>\n<\/tr>\n<tr class=\"even\">\n<th width=\"30%\"><\/th>\n<th width=\"30%\">CO\u00a0<sub>2<\/sub>\u00a0ekvivalent<\/th>\n<td width=\"40%\">0,00045<\/td>\n<\/tr>\n<tr class=\"odd\">\n<th width=\"30%\"><\/th>\n<th width=\"30%\">R\u00f5hu imemise pool [MPa]<\/th>\n<td width=\"40%\">1.1<\/td>\n<\/tr>\n<tr class=\"even\">\n<th width=\"30%\"><\/th>\n<th width=\"30%\">R\u00f5hu v\u00e4ljalaske pool [MPa]<\/th>\n<td width=\"40%\">3.1<\/td>\n<\/tr>\n<tr class=\"odd\">\n<th width=\"30%\"><\/th>\n<th width=\"30%\">maksimaalne lubatud r\u00f5hk [Mpa]<\/th>\n<td width=\"40%\">3.1<\/td>\n<\/tr>\n<tr class=\"headerrow\">\n<th colspan=\"3\">Veepaak<\/th>\n<\/tr>\n<tr class=\"odd\">\n<th width=\"30%\"><\/th>\n<th width=\"30%\">Sisu [liitrites]<\/th>\n<td width=\"40%\">6<\/td>\n<\/tr>\n<tr class=\"headerrow\">\n<th colspan=\"3\">Heli v\u00e4\u00e4rtused<\/th>\n<\/tr>\n<tr class=\"odd\">\n<th width=\"30%\"><\/th>\n<th width=\"30%\">Kaugus 1 m [dB (A)]<\/th>\n<td width=\"40%\">52<\/td>\n<\/tr>\n<\/tbody>\n<\/table>\n<p>&nbsp;<\/p>\n","protected":false},"excerpt":{"rendered":"<p>Kuivati TTK 175 S avaldab muljet arvukate lahendusdetailidega, mis lihtsustavad t\u00f6\u00f6d, parandavad j\u00f5udlust \u2013 seadme optimeeritud disain (Saksa t\u00f6\u00f6stusdisainilahendus), mis on kaitstud registreeritud patendiga.<\/p>\n","protected":false},"featured_media":9320,"comment_status":"open","ping_status":"closed","template":"","meta":{"_acf_changed":false},"factory":[],"free-shipment":[],"product_brand":[],"product_cat":[1041,814],"product_tag":[],"class_list":{"0":"post-9317","1":"product","2":"type-product","3":"status-publish","4":"has-post-thumbnail","6":"product_cat-tooriistad-ja-tarvikud","7":"product_cat-uldehitus","9":"first","10":"instock","11":"taxable","12":"shipping-taxable","13":"purchasable","14":"product-type-simple"},"acf":[],"_links":{"self":[{"href":"https:\/\/factory.sale\/et\/wp-json\/wp\/v2\/product\/9317","targetHints":{"allow":["GET"]}}],"collection":[{"href":"https:\/\/factory.sale\/et\/wp-json\/wp\/v2\/product"}],"about":[{"href":"https:\/\/factory.sale\/et\/wp-json\/wp\/v2\/types\/product"}],"replies":[{"embeddable":true,"href":"https:\/\/factory.sale\/et\/wp-json\/wp\/v2\/comments?post=9317"}],"wp:featuredmedia":[{"embeddable":true,"href":"https:\/\/factory.sale\/et\/wp-json\/wp\/v2\/media\/9320"}],"wp:attachment":[{"href":"https:\/\/factory.sale\/et\/wp-json\/wp\/v2\/media?parent=9317"}],"wp:term":[{"taxonomy":"factory","embeddable":true,"href":"https:\/\/factory.sale\/et\/wp-json\/wp\/v2\/factory?post=9317"},{"taxonomy":"free-shipment","embeddable":true,"href":"https:\/\/factory.sale\/et\/wp-json\/wp\/v2\/free-shipment?post=9317"},{"taxonomy":"product_brand","embeddable":true,"href":"https:\/\/factory.sale\/et\/wp-json\/wp\/v2\/product_brand?post=9317"},{"taxonomy":"product_cat","embeddable":true,"href":"https:\/\/factory.sale\/et\/wp-json\/wp\/v2\/product_cat?post=9317"},{"taxonomy":"product_tag","embeddable":true,"href":"https:\/\/factory.sale\/et\/wp-json\/wp\/v2\/product_tag?post=9317"}],"curies":[{"name":"wp","href":"https:\/\/api.w.org\/{rel}","templated":true}]}}