{"id":93156,"date":"2024-11-01T17:04:20","date_gmt":"2024-11-01T14:14:39","guid":{"rendered":"https:\/\/factory.sale\/?post_type=product&#038;p=93156"},"modified":"2024-11-03T08:56:16","modified_gmt":"2024-11-03T05:56:16","slug":"autovarjualune-hercules-8-m-x-5-m","status":"publish","type":"product","link":"https:\/\/factory.sale\/et\/toode\/autovarjualune-hercules-8-m-x-5-m\/","title":{"rendered":"Autovarjualune Hercules (8 m x 5 m)"},"content":{"rendered":"<p>Tagage oma s\u00f5idukite ohutus ja kaitse meie vastupidava ja tugeva autovarjualusega Hercules. See sertifitseeritud looduslikust p\u00f5hjamaisest m\u00e4nnist valmistatud kahekordne autovarjualune on suurep\u00e4rane vastupidavuse ja kvaliteedi kombo. Sellel kahekohalisel autovarjualusel pole seinu, mis tagab lihtsa juurdep\u00e4\u00e4su ja ka tasuta kohaletoimetamise valitud piirkondadesse.<\/p>\n<p>See autovarjualune on v\u00e4ga tugev ja m\u00f5eldud praktilistele inimestele. Sellel on 18 cm x 18 cm toed, mis peavad vastu karmidele ilmastikutingimustele. See mahutab mugavalt ka kaks autot ja pakub minimaalset kaitset p\u00e4ikese, lume v\u00f5i vihma eest.<\/p>\n<p>Tellige oma autovarjualune juba t\u00e4na ja nautige selle eeliseid!<\/p>\n<p>&nbsp;<\/p>\n<p>&nbsp;<\/p>\n<p><strong>Tehnilised andmed:<\/strong><\/p>\n<ul>\n<li>Ehitusmaterjal: sertifitseeritud looduslik p\u00f5hjamaine m\u00e4nd<\/li>\n<li>V\u00e4lism\u00f5\u00f5dud: 800 x 500 cm<\/li>\n<li>Harja k\u00f5rgus: 292 cm<\/li>\n<li>Katus: 18-20 mm katuselauad<\/li>\n<li>Sissep\u00e4\u00e4su k\u00f5rgus: 200 cm<\/li>\n<li>Autovarjualuse toe m\u00f5\u00f5dud: 18\u00d718 cm, 8 tk<\/li>\n<li>Katuse pindala: 43 m\u00b2<\/li>\n<li>Bituumenkatus: lisatasu eest on valikuliselt saadaval katusekate<\/li>\n<li>Katuse \u00fcleulatus: 20 cm<\/li>\n<li>Katuse kalle: 12\u00b0<\/li>\n<\/ul>\n<p>&nbsp;<\/p>\n<p><strong>Lisaks saadaval:<\/strong><\/p>\n<p>Bituumensindlid (must, roheline, punane)<\/p>\n<p>&nbsp;<\/p>\n<p><img loading=\"lazy\" decoding=\"async\" class=\"alignnone wp-image-93081\" src=\"https:\/\/factory.sale\/wp-content\/uploads\/2024\/11\/katuse-varvid-factory.sale_-300x92.png\" alt=\"\" width=\"450\" height=\"138\" srcset=\"https:\/\/factory.sale\/wp-content\/uploads\/2024\/11\/katuse-varvid-factory.sale_-300x92.png 300w, https:\/\/factory.sale\/wp-content\/uploads\/2024\/11\/katuse-varvid-factory.sale_-150x46.png 150w, https:\/\/factory.sale\/wp-content\/uploads\/2024\/11\/katuse-varvid-factory.sale_-600x185.png 600w, https:\/\/factory.sale\/wp-content\/uploads\/2024\/11\/katuse-varvid-factory.sale_.png 636w\" sizes=\"auto, (max-width: 450px) 100vw, 450px\" \/><\/p>\n<p>&nbsp;<\/p>\n<p>&nbsp;<\/p>\n<div class=\"video-wrapper \"><iframe loading=\"lazy\" title=\"Hoe monteer je dakshingles voor zadeldaken?\" width=\"500\" height=\"281\" src=\"https:\/\/www.youtube.com\/embed\/9S4j3SFXrjM?feature=oembed\" frameborder=\"0\" allow=\"accelerometer; autoplay; clipboard-write; encrypted-media; gyroscope; picture-in-picture; web-share\" referrerpolicy=\"strict-origin-when-cross-origin\" allowfullscreen><\/iframe><\/div>\n","protected":false},"excerpt":{"rendered":"<p>Tagage oma s\u00f5idukite ohutus ja kaitse meie vastupidava ja tugeva autovarjualusega Hercules. See sertifitseeritud looduslikust p\u00f5hjamaisest m\u00e4nnist valmistatud kahekordne autovarjualune on suurep\u00e4rane vastupidavuse ja kvaliteedi kombo. Sellel kahekohalisel autovarjualusel pole seinu, mis tagab lihtsa juurdep\u00e4\u00e4su ja ka tasuta kohaletoimetamise valitud piirkondadesse.<\/p>\n","protected":false},"featured_media":93147,"comment_status":"open","ping_status":"closed","template":"","meta":{"_acf_changed":false},"factory":[],"free-shipment":[],"product_brand":[],"product_cat":[917,931],"product_tag":[932,1035,1034,2465],"class_list":{"0":"post-93156","1":"product","2":"type-product","3":"status-publish","4":"has-post-thumbnail","6":"product_cat-garden-yard","7":"product_cat-carports","8":"product_tag-carport","9":"product_tag-garden","10":"product_tag-yard","11":"product_tag-yard-and-garden","13":"first","14":"instock","15":"sale","16":"taxable","17":"shipping-taxable","18":"purchasable","19":"product-type-simple"},"acf":[],"_links":{"self":[{"href":"https:\/\/factory.sale\/et\/wp-json\/wp\/v2\/product\/93156","targetHints":{"allow":["GET"]}}],"collection":[{"href":"https:\/\/factory.sale\/et\/wp-json\/wp\/v2\/product"}],"about":[{"href":"https:\/\/factory.sale\/et\/wp-json\/wp\/v2\/types\/product"}],"replies":[{"embeddable":true,"href":"https:\/\/factory.sale\/et\/wp-json\/wp\/v2\/comments?post=93156"}],"wp:featuredmedia":[{"embeddable":true,"href":"https:\/\/factory.sale\/et\/wp-json\/wp\/v2\/media\/93147"}],"wp:attachment":[{"href":"https:\/\/factory.sale\/et\/wp-json\/wp\/v2\/media?parent=93156"}],"wp:term":[{"taxonomy":"factory","embeddable":true,"href":"https:\/\/factory.sale\/et\/wp-json\/wp\/v2\/factory?post=93156"},{"taxonomy":"free-shipment","embeddable":true,"href":"https:\/\/factory.sale\/et\/wp-json\/wp\/v2\/free-shipment?post=93156"},{"taxonomy":"product_brand","embeddable":true,"href":"https:\/\/factory.sale\/et\/wp-json\/wp\/v2\/product_brand?post=93156"},{"taxonomy":"product_cat","embeddable":true,"href":"https:\/\/factory.sale\/et\/wp-json\/wp\/v2\/product_cat?post=93156"},{"taxonomy":"product_tag","embeddable":true,"href":"https:\/\/factory.sale\/et\/wp-json\/wp\/v2\/product_tag?post=93156"}],"curies":[{"name":"wp","href":"https:\/\/api.w.org\/{rel}","templated":true}]}}