{"id":93138,"date":"2024-11-01T15:57:45","date_gmt":"2024-11-01T13:12:02","guid":{"rendered":"https:\/\/factory.sale\/?post_type=product&#038;p=93138"},"modified":"2026-02-27T16:01:11","modified_gmt":"2026-02-27T13:01:11","slug":"autovarjualune-koos-kuuriga-30m%c2%b2-4-m-x-75-m","status":"publish","type":"product","link":"https:\/\/factory.sale\/et\/toode\/autovarjualune-koos-kuuriga-30m%c2%b2-4-m-x-75-m\/","title":{"rendered":"Autovarjualune koos kuuriga 30m\u00b2 (4 m x 7,5 m)"},"content":{"rendered":"<p>Autovarjualune koos kuuriga on praktilisele inimesele suurep\u00e4rane valik. Klassikalises stiilis puukuuriga autovarjualune \u2013 selliseid tooteid meil palju ei ole, nii et saate kasutada seda v\u00f5imalust, et osta t\u00f5eliselt hea kombo. Saate h\u00f5lpsasti parkida kaks autot eest v\u00f5i tagant. \u00dchendatud kuuriga suvilas saab hoida asju, mille jaoks majas ruumi ei ole. K\u00f5ikidele asjadele on kuuris ruumi: autorehvid, vibud, aiat\u00f6\u00f6riistad v\u00f5i muud esemed, mis ei sobi kodus hoidmiseks. Garanteerime, et see autovarjualune koos kuuriga kaunistab teie aeda.<\/p>\n<p>&nbsp;<\/p>\n<p>&nbsp;<\/p>\n<p><strong>Tehnilised andmed:<\/strong><\/p>\n<div class=\"TyagGW_tableContainer\">\n<div class=\"group TyagGW_tableWrapper flex flex-col-reverse w-fit\" tabindex=\"-1\">\n<table class=\"w-fit min-w-(--thread-content-width)\" style=\"height: 489px;\" width=\"704\" data-start=\"93\" data-end=\"876\">\n<thead data-start=\"93\" data-end=\"124\">\n<tr data-start=\"93\" data-end=\"124\">\n<th class=\"\" data-start=\"93\" data-end=\"113\" data-col-size=\"sm\">Tehnilised andmed<\/th>\n<th class=\"\" data-start=\"113\" data-end=\"124\" data-col-size=\"md\">V\u00e4\u00e4rtus<\/th>\n<\/tr>\n<\/thead>\n<tbody data-start=\"158\" data-end=\"876\">\n<tr data-start=\"158\" data-end=\"192\">\n<td data-start=\"158\" data-end=\"176\" data-col-size=\"sm\"><strong data-start=\"160\" data-end=\"175\">V\u00e4lism\u00f5\u00f5dud<\/strong><\/td>\n<td data-col-size=\"md\" data-start=\"176\" data-end=\"192\">400 \u00d7 750 cm<\/td>\n<\/tr>\n<tr data-start=\"193\" data-end=\"233\">\n<td data-start=\"193\" data-end=\"223\" data-col-size=\"sm\"><strong data-start=\"195\" data-end=\"222\">Seina minimaalne k\u00f5rgus<\/strong><\/td>\n<td data-start=\"223\" data-end=\"233\" data-col-size=\"md\">209 cm<\/td>\n<\/tr>\n<tr data-start=\"234\" data-end=\"263\">\n<td data-start=\"234\" data-end=\"253\" data-col-size=\"sm\"><strong data-start=\"236\" data-end=\"252\">Harja k\u00f5rgus<\/strong><\/td>\n<td data-start=\"253\" data-end=\"263\" data-col-size=\"md\">250 cm<\/td>\n<\/tr>\n<tr data-start=\"264\" data-end=\"301\">\n<td data-start=\"264\" data-end=\"289\" data-col-size=\"sm\"><strong data-start=\"266\" data-end=\"288\">P\u00f5randapind (kuur)<\/strong><\/td>\n<td data-start=\"289\" data-end=\"301\" data-col-size=\"md\">18,35 m\u00b2<\/td>\n<\/tr>\n<tr data-start=\"302\" data-end=\"380\">\n<td data-start=\"302\" data-end=\"323\" data-col-size=\"sm\"><strong data-start=\"304\" data-end=\"322\">Ehitusmaterjal<\/strong><\/td>\n<td data-start=\"323\" data-end=\"380\" data-col-size=\"md\">Sertifitseeritud p\u00f5hjamaine naturaalne m\u00e4nd v\u00f5i kuusk<\/td>\n<\/tr>\n<tr data-start=\"381\" data-end=\"409\">\n<td data-start=\"381\" data-end=\"400\" data-col-size=\"sm\"><strong data-start=\"383\" data-end=\"399\">Seina paksus<\/strong><\/td>\n<td data-start=\"400\" data-end=\"409\" data-col-size=\"md\">44 mm<\/td>\n<\/tr>\n<tr data-start=\"410\" data-end=\"484\">\n<td data-start=\"410\" data-end=\"438\" data-col-size=\"sm\"><strong data-start=\"412\" data-end=\"437\">Katuse konstruktsioon<\/strong><\/td>\n<td data-start=\"438\" data-end=\"484\" data-col-size=\"md\">135 mm puittalad; 19\u201320 mm punn-soon lauad<\/td>\n<\/tr>\n<tr data-start=\"485\" data-end=\"518\">\n<td data-start=\"485\" data-end=\"506\" data-col-size=\"sm\"><strong data-start=\"487\" data-end=\"505\">Katuse pindala<\/strong><\/td>\n<td data-start=\"506\" data-end=\"518\" data-col-size=\"md\">35,00 m\u00b2<\/td>\n<\/tr>\n<tr data-start=\"519\" data-end=\"545\">\n<td data-start=\"519\" data-end=\"538\" data-col-size=\"sm\"><strong data-start=\"521\" data-end=\"537\">Katuse kalle<\/strong><\/td>\n<td data-start=\"538\" data-end=\"545\" data-col-size=\"md\">12\u00b0<\/td>\n<\/tr>\n<tr data-start=\"546\" data-end=\"605\">\n<td data-start=\"546\" data-end=\"569\" data-col-size=\"sm\"><strong data-start=\"548\" data-end=\"568\">Katuse \u00fcleulatus<\/strong><\/td>\n<td data-start=\"569\" data-end=\"605\" data-col-size=\"md\">Ees\/taga: 30 cm; k\u00fclgedel: 20 cm<\/td>\n<\/tr>\n<tr data-start=\"606\" data-end=\"654\">\n<td data-start=\"606\" data-end=\"626\" data-col-size=\"sm\"><strong data-start=\"608\" data-end=\"625\">Bitumensindel<\/strong><\/td>\n<td data-start=\"626\" data-end=\"654\" data-col-size=\"md\">Saadaval lisavarustusena<\/td>\n<\/tr>\n<tr data-start=\"655\" data-end=\"732\">\n<td data-start=\"655\" data-end=\"680\" data-col-size=\"sm\"><strong data-start=\"657\" data-end=\"679\">P\u00f5rand \/ vundament<\/strong><\/td>\n<td data-start=\"680\" data-end=\"732\" data-col-size=\"md\">40\u201350 mm puidust alusprussid (ainult seinte all)<\/td>\n<\/tr>\n<tr data-start=\"733\" data-end=\"771\">\n<td data-start=\"733\" data-end=\"751\" data-col-size=\"sm\"><strong data-start=\"735\" data-end=\"750\">Uks (L \u00d7 K)<\/strong><\/td>\n<td data-start=\"751\" data-end=\"771\" data-col-size=\"md\">1 \u00d7 161 \u00d7 192 cm<\/td>\n<\/tr>\n<tr data-start=\"772\" data-end=\"811\">\n<td data-start=\"772\" data-end=\"791\" data-col-size=\"sm\"><strong data-start=\"774\" data-end=\"790\">Aken (L \u00d7 K)<\/strong><\/td>\n<td data-start=\"791\" data-end=\"811\" data-col-size=\"md\">1 \u00d7 138 \u00d7 105 cm<\/td>\n<\/tr>\n<tr data-start=\"812\" data-end=\"876\">\n<td data-start=\"812\" data-end=\"830\" data-col-size=\"sm\"><strong data-start=\"814\" data-end=\"829\">Ruumide arv<\/strong><\/td>\n<td data-start=\"830\" data-end=\"876\" data-col-size=\"md\">2 (8,25 m\u00b2 ruum + 18,75 m\u00b2 autovarjualune)<\/td>\n<\/tr>\n<\/tbody>\n<\/table>\n<\/div>\n<p>&nbsp;<\/p>\n<\/div>\n<p><strong>Transpordi info:<\/strong><\/p>\n<p>Kaal: 1800 kg<br \/>\nM\u00f5\u00f5dud: 600 \u00d7 120 \u00d7 90 cm<\/p>\n<p>&nbsp;<\/p>\n<p><strong>Lisaks saadaval:<\/strong><\/p>\n<p>Bituumen katusesindlid (must, roheline, punane)<\/p>\n<p>&nbsp;<\/p>\n<p><img loading=\"lazy\" decoding=\"async\" class=\"alignnone wp-image-93081\" src=\"https:\/\/factory.sale\/wp-content\/uploads\/2024\/11\/katuse-varvid-factory.sale_-300x92.png\" alt=\"\" width=\"401\" height=\"123\" srcset=\"https:\/\/factory.sale\/wp-content\/uploads\/2024\/11\/katuse-varvid-factory.sale_-300x92.png 300w, https:\/\/factory.sale\/wp-content\/uploads\/2024\/11\/katuse-varvid-factory.sale_-150x46.png 150w, https:\/\/factory.sale\/wp-content\/uploads\/2024\/11\/katuse-varvid-factory.sale_-600x185.png 600w, https:\/\/factory.sale\/wp-content\/uploads\/2024\/11\/katuse-varvid-factory.sale_.png 636w\" sizes=\"auto, (max-width: 401px) 100vw, 401px\" \/><\/p>\n<p>&nbsp;<\/p>\n<p><strong>Puitp\u00f5rand (18\u201319 mm p\u00f5randalauad ja alusp\u00f5randa toed) 242,65 \u20ac + KM<\/strong><\/p>\n<p>&nbsp;<\/p>\n<div class=\"video-wrapper \"><iframe loading=\"lazy\" title=\"How To Build a Log Cabin | Assembly Instructions\" width=\"500\" height=\"281\" src=\"https:\/\/www.youtube.com\/embed\/k9kK04ZBp0o?feature=oembed\" frameborder=\"0\" allow=\"accelerometer; autoplay; clipboard-write; encrypted-media; gyroscope; picture-in-picture; web-share\" referrerpolicy=\"strict-origin-when-cross-origin\" allowfullscreen><\/iframe><\/div>\n<div class=\"video-wrapper \"><iframe loading=\"lazy\" title=\"Hoe monteer je dakshingles voor zadeldaken?\" width=\"500\" height=\"281\" src=\"https:\/\/www.youtube.com\/embed\/9S4j3SFXrjM?feature=oembed\" frameborder=\"0\" allow=\"accelerometer; autoplay; clipboard-write; encrypted-media; gyroscope; picture-in-picture; web-share\" referrerpolicy=\"strict-origin-when-cross-origin\" allowfullscreen><\/iframe><\/div>\n","protected":false},"excerpt":{"rendered":"<p>Autovarjualune koos kuuriga on praktilisele inimesele suurep\u00e4rane valik. Klassikalises stiilis puukuuriga autovarjualune \u2013 selliseid tooteid meil palju ei ole, nii et saate kasutada seda v\u00f5imalust, et osta t\u00f5eliselt hea kombo. Saate h\u00f5lpsasti parkida kaks autot eest v\u00f5i tagant. \u00dchendatud kuuriga suvilas saab hoida asju, mille jaoks majas ruumi ei ole. K\u00f5ikidele asjadele on kuuris ruumi: autorehvid, vibud, aiat\u00f6\u00f6riistad v\u00f5i muud esemed, mis ei sobi kodus hoidmiseks. Garanteerime, et see autovarjualune koos kuuriga kaunistab teie aeda.<\/p>\n","protected":false},"featured_media":140861,"comment_status":"open","ping_status":"closed","template":"","meta":{"_acf_changed":false},"factory":[],"free-shipment":[],"product_brand":[],"product_cat":[917,931],"product_tag":[932,1035,1034,2465],"class_list":{"0":"post-93138","1":"product","2":"type-product","3":"status-publish","4":"has-post-thumbnail","6":"product_cat-garden-yard","7":"product_cat-carports","8":"product_tag-carport","9":"product_tag-garden","10":"product_tag-yard","11":"product_tag-yard-and-garden","12":"pa_roofing-material-none","13":"pa_roofing-material-black","14":"pa_roofing-material-red","15":"pa_roofing-material-green","17":"first","18":"instock","19":"sale","20":"taxable","21":"shipping-taxable","22":"purchasable","23":"product-type-variable"},"acf":[],"_links":{"self":[{"href":"https:\/\/factory.sale\/et\/wp-json\/wp\/v2\/product\/93138","targetHints":{"allow":["GET"]}}],"collection":[{"href":"https:\/\/factory.sale\/et\/wp-json\/wp\/v2\/product"}],"about":[{"href":"https:\/\/factory.sale\/et\/wp-json\/wp\/v2\/types\/product"}],"replies":[{"embeddable":true,"href":"https:\/\/factory.sale\/et\/wp-json\/wp\/v2\/comments?post=93138"}],"wp:featuredmedia":[{"embeddable":true,"href":"https:\/\/factory.sale\/et\/wp-json\/wp\/v2\/media\/140861"}],"wp:attachment":[{"href":"https:\/\/factory.sale\/et\/wp-json\/wp\/v2\/media?parent=93138"}],"wp:term":[{"taxonomy":"factory","embeddable":true,"href":"https:\/\/factory.sale\/et\/wp-json\/wp\/v2\/factory?post=93138"},{"taxonomy":"free-shipment","embeddable":true,"href":"https:\/\/factory.sale\/et\/wp-json\/wp\/v2\/free-shipment?post=93138"},{"taxonomy":"product_brand","embeddable":true,"href":"https:\/\/factory.sale\/et\/wp-json\/wp\/v2\/product_brand?post=93138"},{"taxonomy":"product_cat","embeddable":true,"href":"https:\/\/factory.sale\/et\/wp-json\/wp\/v2\/product_cat?post=93138"},{"taxonomy":"product_tag","embeddable":true,"href":"https:\/\/factory.sale\/et\/wp-json\/wp\/v2\/product_tag?post=93138"}],"curies":[{"name":"wp","href":"https:\/\/api.w.org\/{rel}","templated":true}]}}