{"id":93115,"date":"2024-11-01T13:41:27","date_gmt":"2024-11-01T10:47:39","guid":{"rendered":"https:\/\/factory.sale\/?post_type=product&#038;p=93115"},"modified":"2025-07-03T18:57:11","modified_gmt":"2025-07-03T15:57:11","slug":"auto-varjualune-36-m%c2%b2","status":"publish","type":"product","link":"https:\/\/factory.sale\/et\/toode\/auto-varjualune-36-m%c2%b2\/","title":{"rendered":"Auto varjualune 36 m\u00b2"},"content":{"rendered":"<p>Kui otsite oma autole modernset ja vastupidavat varjualust, olete te leidnud \u00f5ige koha. See auto varjualune on piisavalt ruumikas, et mahutada kaks autot, mist\u00f5ttu on see ideaalne peredele v\u00f5i autohuvilistele. Samuti on see valmistatud kvaliteetsetest materjalidest, mis peavad vastu k\u00f5ikidele ilmastikutingimustele.<\/p>\n<p>&nbsp;<\/p>\n<p>&nbsp;<\/p>\n<p><strong>Tehnilised andmed:<\/strong><\/p>\n<ul>\n<li>M\u00f5\u00f5tmed (Laius x Pikkus): 5950 x 5950 mm<\/li>\n<li>P\u00f5randapind: 35,4 m\u00b2<\/li>\n<li>Auto varjualuse toestuspostid: 12 x 13 cm, 8 tk<\/li>\n<li>Kogu k\u00f5rgus: 2920 mm \u2013 annab avara ja ruumika mulje<\/li>\n<li>Katuse materjal: 18\u201320 mm paksud puitlaudised \u2013 vastupidavad ja kergesti hooldatavad<\/li>\n<li>R\u00e4\u00e4sta ulatus: 30 cm \u2013 pakub lisakaitset vihma ja lume eest<\/li>\n<li>Katuse pind \/ Kalle: 42 m\u00b2 \/ 13\u00b0 \u2013 annab harmoonilise ja stiilse v\u00e4limuse<\/li>\n<\/ul>\n<p>&nbsp;<\/p>\n<p>&nbsp;<\/p>\n<p><strong>Lisaks saadaval:<\/strong><\/p>\n<p>Bituumen katusesindlid + aluskate (must, roheline, punane)<\/p>\n<p>Vihmatorud<\/p>\n<p>&nbsp;<\/p>\n<p><img loading=\"lazy\" decoding=\"async\" class=\"alignnone wp-image-93081\" src=\"https:\/\/factory.sale\/wp-content\/uploads\/2024\/11\/katuse-varvid-factory.sale_-300x92.png\" alt=\"\" width=\"388\" height=\"119\" srcset=\"https:\/\/factory.sale\/wp-content\/uploads\/2024\/11\/katuse-varvid-factory.sale_-300x92.png 300w, https:\/\/factory.sale\/wp-content\/uploads\/2024\/11\/katuse-varvid-factory.sale_-150x46.png 150w, https:\/\/factory.sale\/wp-content\/uploads\/2024\/11\/katuse-varvid-factory.sale_-600x185.png 600w, https:\/\/factory.sale\/wp-content\/uploads\/2024\/11\/katuse-varvid-factory.sale_.png 636w\" sizes=\"auto, (max-width: 388px) 100vw, 388px\" \/><\/p>\n<p>&nbsp;<\/p>\n<p>&nbsp;<\/p>\n<p>&nbsp;<\/p>\n<p><a href=\"https:\/\/factory.sale\/wp-content\/uploads\/2024\/11\/Carport-5.95x5.95m-44mm-2.pdf\" target=\"_blank\" rel=\"noopener\">Joonis PDF<\/a><\/p>\n<p>&nbsp;<\/p>\n<div class=\"video-wrapper \"><iframe loading=\"lazy\" title=\"Hoe monteer je dakshingles voor zadeldaken?\" width=\"500\" height=\"281\" src=\"https:\/\/www.youtube.com\/embed\/9S4j3SFXrjM?feature=oembed\" frameborder=\"0\" allow=\"accelerometer; autoplay; clipboard-write; encrypted-media; gyroscope; picture-in-picture; web-share\" referrerpolicy=\"strict-origin-when-cross-origin\" allowfullscreen><\/iframe><\/div>\n","protected":false},"excerpt":{"rendered":"<p>Kui otsite oma autole modernset ja vastupidavat varjualust, olete te leidnud \u00f5ige koha. See autovarjualune on piisavalt ruumikas, et mahutada kaks autot, mist\u00f5ttu on see ideaalne peredele v\u00f5i autohuvilistele. Samuti on see valmistatud kvaliteetsetest materjalidest, mis peavad vastu k\u00f5ikidele ilmastikutingimustele.<\/p>\n","protected":false},"featured_media":93103,"comment_status":"open","ping_status":"closed","template":"","meta":{"_acf_changed":false},"factory":[],"free-shipment":[],"product_brand":[],"product_cat":[924,936],"product_tag":[1483,1484,2714],"class_list":{"0":"post-93115","1":"product","2":"type-product","3":"status-publish","4":"has-post-thumbnail","6":"product_cat-aiatooted","7":"product_cat-auto-varjualused","8":"product_tag-garden-et","9":"product_tag-yard-et","10":"product_tag-yard-and-garden-et","12":"first","13":"instock","14":"sale","15":"taxable","16":"shipping-taxable","17":"purchasable","18":"product-type-simple"},"acf":[],"_links":{"self":[{"href":"https:\/\/factory.sale\/et\/wp-json\/wp\/v2\/product\/93115","targetHints":{"allow":["GET"]}}],"collection":[{"href":"https:\/\/factory.sale\/et\/wp-json\/wp\/v2\/product"}],"about":[{"href":"https:\/\/factory.sale\/et\/wp-json\/wp\/v2\/types\/product"}],"replies":[{"embeddable":true,"href":"https:\/\/factory.sale\/et\/wp-json\/wp\/v2\/comments?post=93115"}],"wp:featuredmedia":[{"embeddable":true,"href":"https:\/\/factory.sale\/et\/wp-json\/wp\/v2\/media\/93103"}],"wp:attachment":[{"href":"https:\/\/factory.sale\/et\/wp-json\/wp\/v2\/media?parent=93115"}],"wp:term":[{"taxonomy":"factory","embeddable":true,"href":"https:\/\/factory.sale\/et\/wp-json\/wp\/v2\/factory?post=93115"},{"taxonomy":"free-shipment","embeddable":true,"href":"https:\/\/factory.sale\/et\/wp-json\/wp\/v2\/free-shipment?post=93115"},{"taxonomy":"product_brand","embeddable":true,"href":"https:\/\/factory.sale\/et\/wp-json\/wp\/v2\/product_brand?post=93115"},{"taxonomy":"product_cat","embeddable":true,"href":"https:\/\/factory.sale\/et\/wp-json\/wp\/v2\/product_cat?post=93115"},{"taxonomy":"product_tag","embeddable":true,"href":"https:\/\/factory.sale\/et\/wp-json\/wp\/v2\/product_tag?post=93115"}],"curies":[{"name":"wp","href":"https:\/\/api.w.org\/{rel}","templated":true}]}}