{"id":93072,"date":"2024-11-01T12:50:48","date_gmt":"2024-11-01T10:01:35","guid":{"rendered":"https:\/\/factory.sale\/?post_type=product&#038;p=93072"},"modified":"2024-11-01T18:36:13","modified_gmt":"2024-11-01T15:36:13","slug":"auto-varjualune-hercules-6-m-x-5-m","status":"publish","type":"product","link":"https:\/\/factory.sale\/et\/toode\/auto-varjualune-hercules-6-m-x-5-m\/","title":{"rendered":"Auto varjualune Hercules (6 m x 5 m)"},"content":{"rendered":"<p>Tugev autovarjualune Hercules esindab enamat kui lihtsalt autovarjualune; see on investeering nii oma vara esteetilisesse v\u00e4ljendusesse kui ka selle praktilisse v\u00e4\u00e4rtusse. Lisaks on see kahekordne autovarjualune projekteeritud nii vastupidavust kui ka elegantsi silmas pidades, muutes selle ideaalseks lisandiks igale kodule, mis soovib t\u00f5sta oma v\u00e4\u00e4rtust, kaitstes samal ajal s\u00f5idukeid elementide eest. Selle asemel investeeri tugevasse autovarjualusesse ja koge aastaringselt kaitstud ja ligip\u00e4\u00e4setava auto varjualuse vabadust!<\/p>\n<p>Lisaks pakume lisaks standardsetele m\u00f5\u00f5tudele ka Herculese mittestandardsete suuruste v\u00f5imalust vastavalt kliendi soovile. J\u00e4relikult tagab see, et saate autovarjualuse, mis vastab t\u00e4pselt teie konkreetsetele vajadustele ja eelistustele, s\u00f5ltumata piirkonnast v\u00f5i disainin\u00f5uetest. Seet\u00f5ttu tellige oma autovarjualune juba t\u00e4na ja nautige h\u00fcvesid!<\/p>\n<p>&nbsp;<\/p>\n<p>&nbsp;<\/p>\n<p><strong>Tehnilised andmed:<\/strong><\/p>\n<ul>\n<li>Ehitusmaterjal: sertifitseeritud looduslik p\u00f5hjamaine m\u00e4nd<\/li>\n<li>V\u00e4lism\u00f5\u00f5dud: 600 x 500 cm<\/li>\n<li>Harja k\u00f5rgus: 292 cm<\/li>\n<li>Katus: 18-20 mm katuselauad<\/li>\n<li>Sissep\u00e4\u00e4su k\u00f5rgus: 200 cm<\/li>\n<li>Autovarjualuse toe m\u00f5\u00f5dud: 18\u00d718 cm, 6 tk<\/li>\n<li>Katuse pindala: 43 m\u00b2<\/li>\n<li>Bituumenkatus: lisatasu eest on valikuliselt saadaval katusekate<\/li>\n<li>Katuse \u00fcleulatus: 20 cm<\/li>\n<li>Katuse kalle: 12\u00b0<\/li>\n<\/ul>\n<p>&nbsp;<\/p>\n<p>&nbsp;<\/p>\n<p><strong>Lisaks saadaval:<\/strong><\/p>\n<p>Bituumensindlid<\/p>\n<p>&nbsp;<\/p>\n<p>&nbsp;<\/p>\n<div class=\"video-wrapper \"><iframe loading=\"lazy\" title=\"Hoe monteer je dakshingles voor zadeldaken?\" width=\"500\" height=\"281\" src=\"https:\/\/www.youtube.com\/embed\/9S4j3SFXrjM?feature=oembed\" frameborder=\"0\" allow=\"accelerometer; autoplay; clipboard-write; encrypted-media; gyroscope; picture-in-picture; web-share\" referrerpolicy=\"strict-origin-when-cross-origin\" allowfullscreen><\/iframe><\/div>\n","protected":false},"excerpt":{"rendered":"<p>Tugev autovarjualune Hercules esindab enamat kui lihtsalt autovarjualune; see on investeering nii oma vara esteetilisesse v\u00e4ljendusesse kui ka selle praktilisse v\u00e4\u00e4rtusse. Lisaks on see kahekordne autovarjualune projekteeritud nii vastupidavust kui ka elegantsi silmas pidades, muutes selle ideaalseks lisandiks igale kodule, mis soovib t\u00f5sta oma v\u00e4\u00e4rtust, kaitstes samal ajal s\u00f5idukeid elementide eest. Selle asemel investeeri tugevasse autovarjualusesse ja koge aastaringselt kaitstud ja ligip\u00e4\u00e4setava auto varjualuse vabadust!<\/p>\n","protected":false},"featured_media":93047,"comment_status":"open","ping_status":"closed","template":"","meta":{"_acf_changed":false},"factory":[],"free-shipment":[],"product_brand":[],"product_cat":[924,936],"product_tag":[],"class_list":{"0":"post-93072","1":"product","2":"type-product","3":"status-publish","4":"has-post-thumbnail","6":"product_cat-aiatooted","7":"product_cat-auto-varjualused","9":"first","10":"instock","11":"sale","12":"taxable","13":"shipping-taxable","14":"purchasable","15":"product-type-simple"},"acf":[],"_links":{"self":[{"href":"https:\/\/factory.sale\/et\/wp-json\/wp\/v2\/product\/93072","targetHints":{"allow":["GET"]}}],"collection":[{"href":"https:\/\/factory.sale\/et\/wp-json\/wp\/v2\/product"}],"about":[{"href":"https:\/\/factory.sale\/et\/wp-json\/wp\/v2\/types\/product"}],"replies":[{"embeddable":true,"href":"https:\/\/factory.sale\/et\/wp-json\/wp\/v2\/comments?post=93072"}],"wp:featuredmedia":[{"embeddable":true,"href":"https:\/\/factory.sale\/et\/wp-json\/wp\/v2\/media\/93047"}],"wp:attachment":[{"href":"https:\/\/factory.sale\/et\/wp-json\/wp\/v2\/media?parent=93072"}],"wp:term":[{"taxonomy":"factory","embeddable":true,"href":"https:\/\/factory.sale\/et\/wp-json\/wp\/v2\/factory?post=93072"},{"taxonomy":"free-shipment","embeddable":true,"href":"https:\/\/factory.sale\/et\/wp-json\/wp\/v2\/free-shipment?post=93072"},{"taxonomy":"product_brand","embeddable":true,"href":"https:\/\/factory.sale\/et\/wp-json\/wp\/v2\/product_brand?post=93072"},{"taxonomy":"product_cat","embeddable":true,"href":"https:\/\/factory.sale\/et\/wp-json\/wp\/v2\/product_cat?post=93072"},{"taxonomy":"product_tag","embeddable":true,"href":"https:\/\/factory.sale\/et\/wp-json\/wp\/v2\/product_tag?post=93072"}],"curies":[{"name":"wp","href":"https:\/\/api.w.org\/{rel}","templated":true}]}}