{"id":93021,"date":"2024-11-01T00:48:39","date_gmt":"2024-10-31T21:54:50","guid":{"rendered":"https:\/\/factory.sale\/?post_type=product&#038;p=93021"},"modified":"2024-11-02T02:18:09","modified_gmt":"2024-11-01T23:18:09","slug":"auto-varjualune-18-m%c2%b2","status":"publish","type":"product","link":"https:\/\/factory.sale\/et\/toode\/auto-varjualune-18-m%c2%b2\/","title":{"rendered":"Auto varjualune 18 m\u00b2"},"content":{"rendered":"<p>Kas soovite praktilist ja elegantset lahendust oma auto kaitsmiseks ilmastiku ja tuule eest? Meie autovarjualune on teie jaoks ideaalne valik. Kuigi see on meie v\u00e4ikseim mudel, pakub see siiski piisavalt ruumi autole ja natuke lisaruumi. Saate seda kasutada isegi hubase aiapaviljonina ning nautida suvep\u00e4evi pere ja s\u00f5pradega.<\/p>\n<p>See autovarjualune, mis on loodud vastupidavaks ja h\u00f5lpsaks hooldamiseks, tagab usaldusv\u00e4\u00e4rse kaitse, suurendades samal ajal teie ruumi visuaalset atraktiivsust. Ideaalne teie s\u00f5iduki kaitsmiseks ja elegantse v\u00e4livarjualuse loomiseks. Tellige kohe ja t\u00e4iustage oma parkla ja aed selle praktilise ja stiilse lahendusega.<\/p>\n<p>&nbsp;<\/p>\n<p>&nbsp;<\/p>\n<p><strong>Tehnilised andmed:<\/strong><\/p>\n<ul>\n<li>M\u00f5\u00f5dud (laius x pikkus): 5950 x 3000 mm, p\u00f5randapind on 17,85 m\u00b2;<\/li>\n<li>Autovarjualuse kolonni m\u00f5\u00f5tmed: 150 x 150 mm, tagab kindla ja stabiilse konstruktsiooni;<\/li>\n<li>Autovarjualune tugi: 18\u00d718 cm, 6 tk. (6 puitdetailidest kokku pandud ja liimitud autovarjualune tugi tagab, et<br \/>\nautovarjualune on erakordselt tugev ja stabiilne.);<\/li>\n<li>K\u00f5rgus: 2920 mm, loob avara ja \u00f5hulise mulje;<\/li>\n<li>Katusematerjal: 18-20 mm paksused puitlauad, mis on vastupidavad ja kergesti hooldatavad;<\/li>\n<li>\u00dcleulatuvus: 30 cm, lisab lisakaitset vihma ja lume eest;<\/li>\n<li>Katuse pindala \/ Katusekalle: 21 m\u00b2 \/ 13\u00b0, annab kena ja harmoonilise v\u00e4limuse;<\/li>\n<\/ul>\n<p>&nbsp;<\/p>\n<p>&nbsp;<\/p>\n<p><strong>Lisaks saadaval:<\/strong><\/p>\n<p>Bituumen katusesindlid (must, roheline, punane) + aluskate<\/p>\n<p>Vihmatorud<\/p>\n<p>&nbsp;<\/p>\n<p><img loading=\"lazy\" decoding=\"async\" class=\"alignnone wp-image-86156\" src=\"https:\/\/factory.sale\/wp-content\/uploads\/2024\/06\/colours-wooden-me-300x82.png\" sizes=\"auto, (max-width: 567px) 100vw, 567px\" srcset=\"https:\/\/factory.sale\/wp-content\/uploads\/2024\/06\/colours-wooden-me-300x82.png 300w, https:\/\/factory.sale\/wp-content\/uploads\/2024\/06\/colours-wooden-me-150x41.png 150w, https:\/\/factory.sale\/wp-content\/uploads\/2024\/06\/colours-wooden-me-600x164.png 600w, https:\/\/factory.sale\/wp-content\/uploads\/2024\/06\/colours-wooden-me.png 638w\" alt=\"\" width=\"567\" height=\"155\" \/><\/p>\n<p>&nbsp;<\/p>\n<p>&nbsp;<\/p>\n<p>&nbsp;<\/p>\n<div class=\"video-wrapper \"><iframe loading=\"lazy\" title=\"Hoe monteer je dakshingles voor zadeldaken?\" width=\"500\" height=\"281\" src=\"https:\/\/www.youtube.com\/embed\/9S4j3SFXrjM?feature=oembed\" frameborder=\"0\" allow=\"accelerometer; autoplay; clipboard-write; encrypted-media; gyroscope; picture-in-picture; web-share\" referrerpolicy=\"strict-origin-when-cross-origin\" allowfullscreen><\/iframe><\/div>\n","protected":false},"excerpt":{"rendered":"<p>Kas soovite praktilist ja elegantset lahendust oma auto kaitsmiseks ilmastiku ja tuule eest? Meie autovarjualune on teie jaoks ideaalne valik. Kuigi see on meie v\u00e4ikseim mudel, pakub see siiski piisavalt ruumi autole ja natuke lisaruumi. Saate seda kasutada isegi hubase aiapaviljonina ning nautida suvep\u00e4evi pere ja s\u00f5pradega.<\/p>\n","protected":false},"featured_media":93009,"comment_status":"open","ping_status":"closed","template":"","meta":{"_acf_changed":false},"factory":[],"free-shipment":[],"product_brand":[],"product_cat":[924,936],"product_tag":[1483,1484,2714],"class_list":{"0":"post-93021","1":"product","2":"type-product","3":"status-publish","4":"has-post-thumbnail","6":"product_cat-aiatooted","7":"product_cat-auto-varjualused","8":"product_tag-garden-et","9":"product_tag-yard-et","10":"product_tag-yard-and-garden-et","12":"first","13":"instock","14":"sale","15":"taxable","16":"shipping-taxable","17":"purchasable","18":"product-type-simple"},"acf":[],"_links":{"self":[{"href":"https:\/\/factory.sale\/et\/wp-json\/wp\/v2\/product\/93021","targetHints":{"allow":["GET"]}}],"collection":[{"href":"https:\/\/factory.sale\/et\/wp-json\/wp\/v2\/product"}],"about":[{"href":"https:\/\/factory.sale\/et\/wp-json\/wp\/v2\/types\/product"}],"replies":[{"embeddable":true,"href":"https:\/\/factory.sale\/et\/wp-json\/wp\/v2\/comments?post=93021"}],"wp:featuredmedia":[{"embeddable":true,"href":"https:\/\/factory.sale\/et\/wp-json\/wp\/v2\/media\/93009"}],"wp:attachment":[{"href":"https:\/\/factory.sale\/et\/wp-json\/wp\/v2\/media?parent=93021"}],"wp:term":[{"taxonomy":"factory","embeddable":true,"href":"https:\/\/factory.sale\/et\/wp-json\/wp\/v2\/factory?post=93021"},{"taxonomy":"free-shipment","embeddable":true,"href":"https:\/\/factory.sale\/et\/wp-json\/wp\/v2\/free-shipment?post=93021"},{"taxonomy":"product_brand","embeddable":true,"href":"https:\/\/factory.sale\/et\/wp-json\/wp\/v2\/product_brand?post=93021"},{"taxonomy":"product_cat","embeddable":true,"href":"https:\/\/factory.sale\/et\/wp-json\/wp\/v2\/product_cat?post=93021"},{"taxonomy":"product_tag","embeddable":true,"href":"https:\/\/factory.sale\/et\/wp-json\/wp\/v2\/product_tag?post=93021"}],"curies":[{"name":"wp","href":"https:\/\/api.w.org\/{rel}","templated":true}]}}