{"id":92997,"date":"2024-11-01T00:01:58","date_gmt":"2024-10-31T21:06:53","guid":{"rendered":"https:\/\/factory.sale\/?post_type=product&#038;p=92997"},"modified":"2024-11-01T04:14:44","modified_gmt":"2024-11-01T01:14:44","slug":"klassikaline-puidust-autovarjualune-3m-x-6m","status":"publish","type":"product","link":"https:\/\/factory.sale\/et\/toode\/klassikaline-puidust-autovarjualune-3m-x-6m\/","title":{"rendered":"Klassikaline puidust autovarjualune 3m x 6m"},"content":{"rendered":"<p>Carport Classic on osa uuest sarjast ja seda saab kohandada k\u00f5ikidele garaa\u017eimudelitele. N\u00fc\u00fcd p\u00e4\u00e4sete oma autole paremini ligi, kuna varjualusel pole seinu. See on minimaalne kaitse p\u00e4ikese, lume v\u00f5i vihma eest.<\/p>\n<p>Meie toodete kokkupanek on piisavalt lihtne, sellega saab hakkama iga\u00fcks. Montaa\u017eijuhised on hoolikalt kavandatud, et oleks lihtsam aru saada igast kokkupaneku etapist selgelt ja probleemideta iga osa nummerdatakse.<\/p>\n<p>Tavaliselt on k\u00fclgseinte k\u00f5rgus 209 cm ja hari 249 cm. Kliendi soovil ja vastavalt soovile saab k\u00f5rgust v\u00e4hendada v\u00f5i suurendada.<\/p>\n<p>&nbsp;<\/p>\n<p>&nbsp;<\/p>\n<p><strong>Tehnilised andmed:<\/strong><\/p>\n<ul>\n<li>Tootekood: ECA-CARPORT-3&#215;6-C<\/li>\n<li>Materjal Sertifitseeritud p\u00f5hjam\u00e4nd v\u00f5i kuusk<\/li>\n<li>V\u00e4lism\u00f5\u00f5t (laius x pikkus) 300 cm x 600 cm<\/li>\n<li>Sisem\u00f5\u00f5t (laius x pikkus) 271 cm x 571 cm<\/li>\n<li>Ruumi number 1<\/li>\n<li>K\u00fclgseina k\u00f5rgus 209 cm<\/li>\n<li>Rinna k\u00f5rgus 249 cm<\/li>\n<li>Katusematerjalid 19 mm \u2013 20 mm t\u00e4pi ja soonega lauad<\/li>\n<li>Katuse \u00fcleulatus 18 cm<\/li>\n<li>Katuse pindala \/ Katusekalle 20,5m\u00b2 \/ 22\u00b0<\/li>\n<\/ul>\n<p>&nbsp;<\/p>\n<div class=\"video-wrapper \"><iframe loading=\"lazy\" title=\"How To Build a Log Cabin | Assembly Instructions\" width=\"500\" height=\"281\" src=\"https:\/\/www.youtube.com\/embed\/k9kK04ZBp0o?feature=oembed\" frameborder=\"0\" allow=\"accelerometer; autoplay; clipboard-write; encrypted-media; gyroscope; picture-in-picture; web-share\" referrerpolicy=\"strict-origin-when-cross-origin\" allowfullscreen><\/iframe><\/div>\n<div class=\"video-wrapper \"><iframe loading=\"lazy\" title=\"Hoe monteer je dakshingles voor zadeldaken?\" width=\"500\" height=\"281\" src=\"https:\/\/www.youtube.com\/embed\/9S4j3SFXrjM?feature=oembed\" frameborder=\"0\" allow=\"accelerometer; autoplay; clipboard-write; encrypted-media; gyroscope; picture-in-picture; web-share\" referrerpolicy=\"strict-origin-when-cross-origin\" allowfullscreen><\/iframe><\/div>\n","protected":false},"excerpt":{"rendered":"<p>Carport Classic on osa uuest sarjast ja seda saab kohandada k\u00f5ikidele garaa\u017eimudelitele. N\u00fc\u00fcd p\u00e4\u00e4sete oma autole paremini ligi, kuna varjualusel pole seinu. See on minimaalne kaitse p\u00e4ikese, lume v\u00f5i vihma eest.<\/p>\n","protected":false},"featured_media":92982,"comment_status":"open","ping_status":"closed","template":"","meta":{"_acf_changed":false},"factory":[],"free-shipment":[],"product_brand":[],"product_cat":[924,936],"product_tag":[939,1483,1484],"class_list":{"0":"post-92997","1":"product","2":"type-product","3":"status-publish","4":"has-post-thumbnail","6":"product_cat-aiatooted","7":"product_cat-auto-varjualused","8":"product_tag-carport-et","9":"product_tag-garden-et","10":"product_tag-yard-et","12":"first","13":"instock","14":"sale","15":"taxable","16":"shipping-taxable","17":"purchasable","18":"product-type-simple"},"acf":[],"_links":{"self":[{"href":"https:\/\/factory.sale\/et\/wp-json\/wp\/v2\/product\/92997","targetHints":{"allow":["GET"]}}],"collection":[{"href":"https:\/\/factory.sale\/et\/wp-json\/wp\/v2\/product"}],"about":[{"href":"https:\/\/factory.sale\/et\/wp-json\/wp\/v2\/types\/product"}],"replies":[{"embeddable":true,"href":"https:\/\/factory.sale\/et\/wp-json\/wp\/v2\/comments?post=92997"}],"wp:featuredmedia":[{"embeddable":true,"href":"https:\/\/factory.sale\/et\/wp-json\/wp\/v2\/media\/92982"}],"wp:attachment":[{"href":"https:\/\/factory.sale\/et\/wp-json\/wp\/v2\/media?parent=92997"}],"wp:term":[{"taxonomy":"factory","embeddable":true,"href":"https:\/\/factory.sale\/et\/wp-json\/wp\/v2\/factory?post=92997"},{"taxonomy":"free-shipment","embeddable":true,"href":"https:\/\/factory.sale\/et\/wp-json\/wp\/v2\/free-shipment?post=92997"},{"taxonomy":"product_brand","embeddable":true,"href":"https:\/\/factory.sale\/et\/wp-json\/wp\/v2\/product_brand?post=92997"},{"taxonomy":"product_cat","embeddable":true,"href":"https:\/\/factory.sale\/et\/wp-json\/wp\/v2\/product_cat?post=92997"},{"taxonomy":"product_tag","embeddable":true,"href":"https:\/\/factory.sale\/et\/wp-json\/wp\/v2\/product_tag?post=92997"}],"curies":[{"name":"wp","href":"https:\/\/api.w.org\/{rel}","templated":true}]}}