{"id":92838,"date":"2024-11-11T00:37:01","date_gmt":"2024-11-10T21:50:50","guid":{"rendered":"https:\/\/factory.sale\/?post_type=product&#038;p=92838"},"modified":"2024-11-11T04:36:41","modified_gmt":"2024-11-11T01:36:41","slug":"meretes-koduspaa","status":"publish","type":"product","link":"https:\/\/factory.sale\/et\/toode\/meretes-koduspaa\/","title":{"rendered":"&#8220;Meretes&#8221; koduspaa"},"content":{"rendered":"<p>Loo oma kodu\u00f5ue t\u00f5eline \u201eoutdoor\u201c spaa. See mitmek\u00fclgne v\u00e4lisaunakomplekt pakub ideaalset kombinatsiooni luksusest ja funktsionaalsusest, olles justkui sinu isiklik retriidi keskus, kuhu p\u00e4\u00e4seb igal hetkel, kui vajad hetke puhkamiseks ning l\u00f5\u00f5gastumiseks.<br \/>\nV\u00e4lisaun on loodud kestma ka k\u00f5ige karmimates ilmastikutingimustes, tagades aastaringse kasutusmugavuse, pakkudes rahulikku puhkepaika otse looduse keskel. Kujunda kompleks vastavalt oma eelistustele \u2013 vali koos k\u00fcmblust\u00fcnniga, et kogeda vee- ja leilirituaale, v\u00f5i loo avar puhkeala, kus saab l\u00f5\u00f5gastuda, teha joogaharjutusi v\u00f5i lihtsalt nautida rahu.<\/p>\n<p>Komplekt sisaldab:<\/p>\n<ul>\n<li>k\u00f5iki seinte, p\u00f5randa ja katuse materjale<\/li>\n<li>pinke<\/li>\n<li>aknaid<\/li>\n<li>k\u00e4epidemega ust<\/li>\n<li>k\u00f5iki vajalikke kinnitusi ja kruvisid lihtsaks paigaldamiseks.<\/li>\n<\/ul>\n<p>Tehnilised andmed:<\/p>\n<ul>\n<li>Alusraam: 90 mm x 45 mm (immutatud)<\/li>\n<li>Vundamenditalad: 45 mm x 45 mm (immutatud)<\/li>\n<li>P\u00f5randalauad: 28 mm paksused<\/li>\n<li>Katuse talad: 70 mm x 170 mm<\/li>\n<li>Katuse lauad: 20 mm paksused<\/li>\n<li>Katusekatte materjal: iseliimuv katusesindel ilmastikukindluse tagamiseks<\/li>\n<li>V\u00e4lism\u00f5\u00f5dud \u2013 Sauna laius on 688 cm, k\u00f5rgus 237,9 cm ja s\u00fcgavus 299,4 cm.<\/li>\n<li>Karastatud klaasist uksed ja aknad \u2013 Suured aknad (k\u00f5rgus 182 cm) ja uksed (k\u00f5rgus 195 cm) lasevad sisse loomulikku valgust, s\u00e4ilitades samal ajal privaatsuse ja turvalisuse.<\/li>\n<\/ul>\n<p>NB! K\u00fctteseade ei kuulu komplekti. Sobiva <a href=\"https:\/\/factory.sale\/et\/toode\/elektriline-keris-harvia-cilindro-pc90\/\" target=\"_blank\" rel=\"noopener\">elektrikerise leiad siit<\/a> ja <a href=\"https:\/\/factory.sale\/et\/toode\/harvia-m3-puukeris\/\" target=\"_blank\" rel=\"noopener\">puuk\u00fcttega kerise siit<\/a>.<\/p>\n<p>Loodud v\u00e4listingimustesse \u2013 T\u00e4nu suurep\u00e4rasele ventilatsioonile ja tugevale konstruktsioonile on see saun ideaalne, et nautida sooja ja hubast olemist igasugustes v\u00e4listingimustes, s\u00f5ltumata ilmast.<\/p>\n<p>Komplektne paigalduskomplekt \u2013 Sisaldab k\u00f5iki kruvisid ja kinnitusi lihtsaks paigaldamiseks.<\/p>\n<p>Pakendi m\u00f5\u00f5dud: 700 cm x 120 cm x 80 cm ja kaal umbes 1700 kg<\/p>\n","protected":false},"excerpt":{"rendered":"<p>Sinu isiklik retriidi keskus \u2013 t\u00e4iuslik k\u00fcmblust\u00fcnni ja sauna kombinatsioon, mis toob spaa-elamuse otse koju!<\/p>\n","protected":false},"featured_media":90584,"comment_status":"open","ping_status":"closed","template":"","meta":{"_acf_changed":false},"factory":[],"free-shipment":[],"product_brand":[],"product_cat":[826,2257,784],"product_tag":[765,811],"class_list":{"0":"post-92838","1":"product","2":"type-product","3":"status-publish","4":"has-post-thumbnail","6":"product_cat-saunas-et","7":"product_cat-valisaun","8":"product_cat-sanitaartehnika","9":"product_tag-home-spa-et","10":"product_tag-sauna-et","12":"first","13":"instock","14":"sale","15":"taxable","16":"shipping-taxable","17":"purchasable","18":"product-type-simple"},"acf":[],"_links":{"self":[{"href":"https:\/\/factory.sale\/et\/wp-json\/wp\/v2\/product\/92838","targetHints":{"allow":["GET"]}}],"collection":[{"href":"https:\/\/factory.sale\/et\/wp-json\/wp\/v2\/product"}],"about":[{"href":"https:\/\/factory.sale\/et\/wp-json\/wp\/v2\/types\/product"}],"replies":[{"embeddable":true,"href":"https:\/\/factory.sale\/et\/wp-json\/wp\/v2\/comments?post=92838"}],"wp:featuredmedia":[{"embeddable":true,"href":"https:\/\/factory.sale\/et\/wp-json\/wp\/v2\/media\/90584"}],"wp:attachment":[{"href":"https:\/\/factory.sale\/et\/wp-json\/wp\/v2\/media?parent=92838"}],"wp:term":[{"taxonomy":"factory","embeddable":true,"href":"https:\/\/factory.sale\/et\/wp-json\/wp\/v2\/factory?post=92838"},{"taxonomy":"free-shipment","embeddable":true,"href":"https:\/\/factory.sale\/et\/wp-json\/wp\/v2\/free-shipment?post=92838"},{"taxonomy":"product_brand","embeddable":true,"href":"https:\/\/factory.sale\/et\/wp-json\/wp\/v2\/product_brand?post=92838"},{"taxonomy":"product_cat","embeddable":true,"href":"https:\/\/factory.sale\/et\/wp-json\/wp\/v2\/product_cat?post=92838"},{"taxonomy":"product_tag","embeddable":true,"href":"https:\/\/factory.sale\/et\/wp-json\/wp\/v2\/product_tag?post=92838"}],"curies":[{"name":"wp","href":"https:\/\/api.w.org\/{rel}","templated":true}]}}