{"id":92834,"date":"2024-11-11T00:36:40","date_gmt":"2024-12-08T19:34:08","guid":{"rendered":"https:\/\/factory.sale\/?post_type=product&#038;p=92834"},"modified":"2025-04-03T21:07:48","modified_gmt":"2025-04-03T18:07:48","slug":"saun-vegvisir","status":"publish","type":"product","link":"https:\/\/factory.sale\/et\/toode\/saun-vegvisir\/","title":{"rendered":"Saun &#8220;Vegvisir&#8221;"},"content":{"rendered":"<p>&#8220;Vegvisir&#8221; saun on rustikaalne ja funktsionaalne v\u00e4lisaun, mille erip\u00e4raks kuusepuidust seinad, mis tagavad suurep\u00e4rase isolatsiooni ning soojapidavuse. T\u00e4iuslik, et luua m\u00f5nus pelgupaik koduaeda v\u00f5i s\u00fcdamel\u00e4hedasse kohta, mis on sobilik nautimiseks igal aastaajal. Vegvisir on vastupidav, mis sobib paigaldamiseks isegi mere\u00e4\u00e4rsele krundile. Suur karastatud klaasist aken ja klaasuks lasevad sisse loomulikku valgust ning \u00fchtlasi annavad saunale avarust.<\/p>\n<p>Olulisemad omadused:<\/p>\n<ul>\n<li>Kvaliteetne kuusepuidust konstruktsioon \u2013 70 mm paksused seinad tagavad suurep\u00e4rase soojustuse ja pikaealisuse, sobides ideaalselt igasse ilmastikku.<\/li>\n<li>Karastatud klaasist detailid \u2013 suur aken (1290 mm x 1770 mm) ja uks (800 mm x 1900 mm) on valmistatud 4 mm karastatud klaasist, mis laseb sisse looduslikku valgust ja tagab ohutuse.<\/li>\n<li>Luksuslikud haavapuidust saunapingid \u2013 k\u00e4sit\u00f6\u00f6na valmistatud pingid koos seljatugede ja esipaneelidega tagavad mugavuse ja kuumakindluse, et saunakogemus oleks veelgi nauditavam.<\/li>\n<\/ul>\n<p>Tehnilised andmed:<\/p>\n<ul>\n<li>Materjal: P\u00f5hjmaine kuusk<\/li>\n<li>Seinte paksus: 70 mm<\/li>\n<li>P\u00f5hjaraam: 90 mm x 45 mm (immutatud)<\/li>\n<li>Vundamenditalad: 45 mm x 45 mm (immutatud)<\/li>\n<li>P\u00f5randalauad: 28 mm<\/li>\n<li>Katuseprussid: 70 mm x 170 mm<\/li>\n<li>Katusevooder: 20 mm<\/li>\n<li>Katusekatte materjal: Isekleepuv katusevilt (Toptite 6), kaitseb ilmastiku eest<\/li>\n<li>Aken: 4 mm karastatud klaasist, 1290 mm x 1770 mm<\/li>\n<li>Uks: 4 mm karastatud klaasist, 800 mm x 1900 mm<\/li>\n<li>V\u00e4lism\u00f5\u00f5dud: 3410 mm (L) x 2346 mm (S) x 2405 mm (K)<\/li>\n<li>Saunapinkide s\u00fcgavused: \u00fclemine lava \u2013 543 mm, alumine lava \u2013 348 mm<\/li>\n<li>Saunapinkide materjal: haab<\/li>\n<\/ul>\n<p>Komplekt sisaldab:<\/p>\n<ul>\n<li>Komplektne saun p\u00f5hjamaise kuusepuidust (t\u00f6\u00f6tlemata, monteerimata, tarnitakse detailidena lamedas pakendis)<\/li>\n<li>Lavad ja seljatoed mugavaks saunakogemuseks<\/li>\n<li>Karastatud klaasist aknad ja -uks modernse v\u00e4limuse loomiseks<\/li>\n<li>Katusematerjal Toptite 6<\/li>\n<li>Paigaldusjuhend ja vajalikud kinnitusvahendid<\/li>\n<\/ul>\n<p>NB! K\u00fcttekeha ei kuulu komplekti!<\/p>\n<p>Soovituslikud kerised:<\/p>\n<blockquote class=\"wp-embedded-content\" data-secret=\"O0kQcnj9E2\">    <div class=\"col-xl-3 col-6\">\n        <div class=\"product-card h-100\">\n            <div class=\"ratio ratio-4x3 overflow-hidden\">\n                <a href=\"https:\/\/factory.sale\/product\/huum-hive-flow-wood-burning-stove-98kw\/\">\n                    <img loading=\"lazy\" decoding=\"async\" width=\"768\" height=\"768\" src=\"https:\/\/factory.sale\/wp-content\/uploads\/2024\/07\/wood-burning-sauna-heater-huum-hive-flow-factory-sale.webp\" class=\"img-fluid object-fit-contain w-100 h-100\" alt=\"HUUM HIVE Flow wood-burning stove 9,8kW\" srcset=\"https:\/\/factory.sale\/wp-content\/uploads\/2024\/07\/wood-burning-sauna-heater-huum-hive-flow-factory-sale.webp 2304w, https:\/\/factory.sale\/wp-content\/uploads\/2024\/07\/wood-burning-sauna-heater-huum-hive-flow-factory-sale-300x300.webp 300w, https:\/\/factory.sale\/wp-content\/uploads\/2024\/07\/wood-burning-sauna-heater-huum-hive-flow-factory-sale-1024x1024.webp 1024w, https:\/\/factory.sale\/wp-content\/uploads\/2024\/07\/wood-burning-sauna-heater-huum-hive-flow-factory-sale-150x150.webp 150w, https:\/\/factory.sale\/wp-content\/uploads\/2024\/07\/wood-burning-sauna-heater-huum-hive-flow-factory-sale-1536x1536.webp 1536w, https:\/\/factory.sale\/wp-content\/uploads\/2024\/07\/wood-burning-sauna-heater-huum-hive-flow-factory-sale-2048x2048.webp 2048w, https:\/\/factory.sale\/wp-content\/uploads\/2024\/07\/wood-burning-sauna-heater-huum-hive-flow-factory-sale-400x400.webp 400w, https:\/\/factory.sale\/wp-content\/uploads\/2024\/07\/wood-burning-sauna-heater-huum-hive-flow-factory-sale-600x600.webp 600w, https:\/\/factory.sale\/wp-content\/uploads\/2024\/07\/wood-burning-sauna-heater-huum-hive-flow-factory-sale-100x100.webp 100w\" sizes=\"auto, (max-width: 768px) 100vw, 768px\" \/>                <\/a>\n            <\/div>\n\n            <div class=\"px-xl-3 px-2 py-3 text-xl-start\">\n                <a class=\"product-title-link\" href=\"https:\/\/factory.sale\/product\/huum-hive-flow-wood-burning-stove-98kw\/\">\n                    <p class=\"d-none d-xl-block\">HUUM HIVE Flow wood-burning stove 9,8kW<\/p>\n                    <p class=\"d-xl-none\">HUUM HIVE Flow wood-burning stove 9,8kW<\/p>\n                <\/a>\n\n                <div class=\"price\">\n                                            <span class=\"new-price\"><span class=\"woocommerce-Price-amount amount\"><bdi><span class=\"woocommerce-Price-currencySymbol\">&euro;<\/span>1 380,00<\/bdi><\/span><\/span>\n                        <span class=\"old-price\"><span class=\"woocommerce-Price-amount amount\"><bdi><span class=\"woocommerce-Price-currencySymbol\">&euro;<\/span>1 528,00<\/bdi><\/span><\/span>\n                                    <\/div>\n\n                <div class=\"d-xl-grid d-none gap-4 d-xl-flex justify-content-start mt-2\">\n                    <button class=\"btn btn-product ajax-add-to-quote w-100 mt-1rem\"\n                            data-product-id=\"87803\">\n                        Add to quote\n                    <\/button>\n                <\/div>\n            <\/div>\n\n                            <div class=\"sale\">Sale -10%<\/div>\n                    <\/div>\n    <\/div>\n    <\/blockquote>\n<p><iframe loading=\"lazy\" class=\"wp-embedded-content\" sandbox=\"allow-scripts\" security=\"restricted\" style=\"position: absolute; visibility: hidden;\" title=\"&#8220;HUUM HIVE Flow wood-burning stove 9,8kW&#8221; &#8212; Factory Sale\" src=\"https:\/\/factory.sale\/product\/huum-hive-flow-wood-burning-stove-98kw\/embed\/#?secret=uVKylhUwQa#?secret=O0kQcnj9E2\" data-secret=\"O0kQcnj9E2\" width=\"500\" height=\"282\" frameborder=\"0\" marginwidth=\"0\" marginheight=\"0\" scrolling=\"no\"><\/iframe><\/p>\n<blockquote class=\"wp-embedded-content\" data-secret=\"vcoNhkCyRy\">    <div class=\"col-xl-3 col-6\">\n        <div class=\"product-card h-100\">\n            <div class=\"ratio ratio-4x3 overflow-hidden\">\n                <a href=\"https:\/\/factory.sale\/et\/toode\/puukuttega-keris-huum-hive-wood-13-kw\/\">\n                    <img loading=\"lazy\" decoding=\"async\" width=\"768\" height=\"768\" src=\"https:\/\/factory.sale\/wp-content\/uploads\/2021\/03\/huum-hive-wood-sauna-heater-13kw-factory-sale-768x768.webp\" class=\"img-fluid object-fit-contain w-100 h-100\" alt=\"Puuk\u00fcttega keris HUUM HIVE WOOD 13 kW\" srcset=\"https:\/\/factory.sale\/wp-content\/uploads\/2021\/03\/huum-hive-wood-sauna-heater-13kw-factory-sale-768x768.webp 768w, https:\/\/factory.sale\/wp-content\/uploads\/2021\/03\/huum-hive-wood-sauna-heater-13kw-factory-sale-300x300.webp 300w, https:\/\/factory.sale\/wp-content\/uploads\/2021\/03\/huum-hive-wood-sauna-heater-13kw-factory-sale-1024x1024.webp 1024w, https:\/\/factory.sale\/wp-content\/uploads\/2021\/03\/huum-hive-wood-sauna-heater-13kw-factory-sale-150x150.webp 150w, https:\/\/factory.sale\/wp-content\/uploads\/2021\/03\/huum-hive-wood-sauna-heater-13kw-factory-sale-1536x1536.webp 1536w, https:\/\/factory.sale\/wp-content\/uploads\/2021\/03\/huum-hive-wood-sauna-heater-13kw-factory-sale-2048x2048.webp 2048w, https:\/\/factory.sale\/wp-content\/uploads\/2021\/03\/huum-hive-wood-sauna-heater-13kw-factory-sale-600x600.webp 600w, https:\/\/factory.sale\/wp-content\/uploads\/2021\/03\/huum-hive-wood-sauna-heater-13kw-factory-sale-100x100.webp 100w\" sizes=\"auto, (max-width: 768px) 100vw, 768px\" \/>                <\/a>\n            <\/div>\n\n            <div class=\"px-xl-3 px-2 py-3 text-xl-start\">\n                <a class=\"product-title-link\" href=\"https:\/\/factory.sale\/et\/toode\/puukuttega-keris-huum-hive-wood-13-kw\/\">\n                    <p class=\"d-none d-xl-block\">Puuk\u00fcttega keris HUUM HIVE WOOD 13 kW<\/p>\n                    <p class=\"d-xl-none\">Puuk\u00fcttega keris HUUM HIVE WOOD 13 kW<\/p>\n                <\/a>\n\n                <div class=\"price\">\n                                            <span class=\"new-price\"><span class=\"woocommerce-Price-amount amount\"><bdi><span class=\"woocommerce-Price-currencySymbol\">&euro;<\/span>1 000,00<\/bdi><\/span><\/span>\n                        <span class=\"old-price\"><span class=\"woocommerce-Price-amount amount\"><bdi><span class=\"woocommerce-Price-currencySymbol\">&euro;<\/span>1 100,00<\/bdi><\/span><\/span>\n                                    <\/div>\n\n                <div class=\"d-xl-grid d-none gap-4 d-xl-flex justify-content-start mt-2\">\n                    <button class=\"btn btn-product ajax-add-to-quote w-100 mt-1rem\"\n                            data-product-id=\"4788\">\n                        Add to quote\n                    <\/button>\n                <\/div>\n            <\/div>\n\n                            <div class=\"sale\">Sale -9%<\/div>\n                    <\/div>\n    <\/div>\n    <\/blockquote>\n<p><iframe loading=\"lazy\" class=\"wp-embedded-content\" sandbox=\"allow-scripts\" security=\"restricted\" style=\"position: absolute; visibility: hidden;\" title=\"&#8220;Puuk\u00fcttega keris HUUM HIVE WOOD 13 kW&#8221; &#8212; Factory Sale\" src=\"https:\/\/factory.sale\/et\/toode\/puukuttega-keris-huum-hive-wood-13-kw\/embed\/#?secret=pSUay0hduf#?secret=vcoNhkCyRy\" data-secret=\"vcoNhkCyRy\" width=\"500\" height=\"282\" frameborder=\"0\" marginwidth=\"0\" marginheight=\"0\" scrolling=\"no\"><\/iframe><\/p>\n<blockquote class=\"wp-embedded-content\" data-secret=\"UQWnKDifKH\">    <div class=\"col-xl-3 col-6\">\n        <div class=\"product-card h-100\">\n            <div class=\"ratio ratio-4x3 overflow-hidden\">\n                <a href=\"https:\/\/factory.sale\/et\/toode\/puukeris-huum-hive-wood-17kw\/\">\n                    <img loading=\"lazy\" decoding=\"async\" width=\"768\" height=\"768\" src=\"https:\/\/factory.sale\/wp-content\/uploads\/2022\/08\/huum-hive-wood-sauna-heater-factory-sale-2-1.webp\" class=\"img-fluid object-fit-contain w-100 h-100\" alt=\"Puuk\u00fcttega keris HUUM HIVE Wood 17kW\" srcset=\"https:\/\/factory.sale\/wp-content\/uploads\/2022\/08\/huum-hive-wood-sauna-heater-factory-sale-2-1.webp 2304w, https:\/\/factory.sale\/wp-content\/uploads\/2022\/08\/huum-hive-wood-sauna-heater-factory-sale-2-1-300x300.webp 300w, https:\/\/factory.sale\/wp-content\/uploads\/2022\/08\/huum-hive-wood-sauna-heater-factory-sale-2-1-1024x1024.webp 1024w, https:\/\/factory.sale\/wp-content\/uploads\/2022\/08\/huum-hive-wood-sauna-heater-factory-sale-2-1-150x150.webp 150w, https:\/\/factory.sale\/wp-content\/uploads\/2022\/08\/huum-hive-wood-sauna-heater-factory-sale-2-1-1536x1536.webp 1536w, https:\/\/factory.sale\/wp-content\/uploads\/2022\/08\/huum-hive-wood-sauna-heater-factory-sale-2-1-2048x2048.webp 2048w, https:\/\/factory.sale\/wp-content\/uploads\/2022\/08\/huum-hive-wood-sauna-heater-factory-sale-2-1-400x400.webp 400w, https:\/\/factory.sale\/wp-content\/uploads\/2022\/08\/huum-hive-wood-sauna-heater-factory-sale-2-1-600x600.webp 600w, https:\/\/factory.sale\/wp-content\/uploads\/2022\/08\/huum-hive-wood-sauna-heater-factory-sale-2-1-100x100.webp 100w\" sizes=\"auto, (max-width: 768px) 100vw, 768px\" \/>                <\/a>\n            <\/div>\n\n            <div class=\"px-xl-3 px-2 py-3 text-xl-start\">\n                <a class=\"product-title-link\" href=\"https:\/\/factory.sale\/et\/toode\/puukeris-huum-hive-wood-17kw\/\">\n                    <p class=\"d-none d-xl-block\">Puuk\u00fcttega keris HUUM HIVE Wood 17kW<\/p>\n                    <p class=\"d-xl-none\">Puuk\u00fcttega keris HUUM HIVE Wood 17kW<\/p>\n                <\/a>\n\n                <div class=\"price\">\n                                            <span class=\"new-price\"><span class=\"woocommerce-Price-amount amount\"><bdi><span class=\"woocommerce-Price-currencySymbol\">&euro;<\/span>1 165,00<\/bdi><\/span><\/span>\n                        <span class=\"old-price\"><span class=\"woocommerce-Price-amount amount\"><bdi><span class=\"woocommerce-Price-currencySymbol\">&euro;<\/span>1 281,00<\/bdi><\/span><\/span>\n                                    <\/div>\n\n                <div class=\"d-xl-grid d-none gap-4 d-xl-flex justify-content-start mt-2\">\n                    <button class=\"btn btn-product ajax-add-to-quote w-100 mt-1rem\"\n                            data-product-id=\"11663\">\n                        Add to quote\n                    <\/button>\n                <\/div>\n            <\/div>\n\n                            <div class=\"sale\">Sale -9%<\/div>\n                    <\/div>\n    <\/div>\n    <\/blockquote>\n<p><iframe loading=\"lazy\" class=\"wp-embedded-content\" sandbox=\"allow-scripts\" security=\"restricted\" style=\"position: absolute; visibility: hidden;\" title=\"&#8220;Puuk\u00fcttega keris HUUM HIVE Wood 17kW&#8221; &#8212; Factory Sale\" src=\"https:\/\/factory.sale\/et\/toode\/puukeris-huum-hive-wood-17kw\/embed\/#?secret=HHqACekY2D#?secret=UQWnKDifKH\" data-secret=\"UQWnKDifKH\" width=\"500\" height=\"282\" frameborder=\"0\" marginwidth=\"0\" marginheight=\"0\" scrolling=\"no\"><\/iframe><\/p>\n<blockquote class=\"wp-embedded-content\" data-secret=\"eaQgOvBrEB\">    <div class=\"col-xl-3 col-6\">\n        <div class=\"product-card h-100\">\n            <div class=\"ratio ratio-4x3 overflow-hidden\">\n                <a href=\"https:\/\/factory.sale\/et\/toode\/elektrikeris-huum-hive-15kw\/\">\n                    <img loading=\"lazy\" decoding=\"async\" width=\"768\" height=\"768\" src=\"https:\/\/factory.sale\/wp-content\/uploads\/2022\/08\/huum-hive-sauna-heater-electric-15kw-incl-factory-sale-768x768.webp\" class=\"img-fluid object-fit-contain w-100 h-100\" alt=\"Elektrikeris HUUM HIVE 15kW \u00f5hutunneliga\" srcset=\"https:\/\/factory.sale\/wp-content\/uploads\/2022\/08\/huum-hive-sauna-heater-electric-15kw-incl-factory-sale-768x768.webp 768w, https:\/\/factory.sale\/wp-content\/uploads\/2022\/08\/huum-hive-sauna-heater-electric-15kw-incl-factory-sale-300x300.webp 300w, https:\/\/factory.sale\/wp-content\/uploads\/2022\/08\/huum-hive-sauna-heater-electric-15kw-incl-factory-sale-1024x1024.webp 1024w, https:\/\/factory.sale\/wp-content\/uploads\/2022\/08\/huum-hive-sauna-heater-electric-15kw-incl-factory-sale-150x150.webp 150w, https:\/\/factory.sale\/wp-content\/uploads\/2022\/08\/huum-hive-sauna-heater-electric-15kw-incl-factory-sale-1536x1536.webp 1536w, https:\/\/factory.sale\/wp-content\/uploads\/2022\/08\/huum-hive-sauna-heater-electric-15kw-incl-factory-sale-2048x2048.webp 2048w, https:\/\/factory.sale\/wp-content\/uploads\/2022\/08\/huum-hive-sauna-heater-electric-15kw-incl-factory-sale-600x600.webp 600w, https:\/\/factory.sale\/wp-content\/uploads\/2022\/08\/huum-hive-sauna-heater-electric-15kw-incl-factory-sale-100x100.webp 100w\" sizes=\"auto, (max-width: 768px) 100vw, 768px\" \/>                <\/a>\n            <\/div>\n\n            <div class=\"px-xl-3 px-2 py-3 text-xl-start\">\n                <a class=\"product-title-link\" href=\"https:\/\/factory.sale\/et\/toode\/elektrikeris-huum-hive-15kw\/\">\n                    <p class=\"d-none d-xl-block\">Elektrikeris HUUM HIVE 15kW \u00f5hutunneliga<\/p>\n                    <p class=\"d-xl-none\">Elektrikeris HUUM HIVE 15kW \u00f5hutunneliga<\/p>\n                <\/a>\n\n                <div class=\"price\">\n                                            <span class=\"new-price\"><span class=\"woocommerce-Price-amount amount\"><bdi><span class=\"woocommerce-Price-currencySymbol\">&euro;<\/span>1 018,00<\/bdi><\/span><\/span>\n                        <span class=\"old-price\"><span class=\"woocommerce-Price-amount amount\"><bdi><span class=\"woocommerce-Price-currencySymbol\">&euro;<\/span>1 119,00<\/bdi><\/span><\/span>\n                                    <\/div>\n\n                <div class=\"d-xl-grid d-none gap-4 d-xl-flex justify-content-start mt-2\">\n                    <button class=\"btn btn-product ajax-add-to-quote w-100 mt-1rem\"\n                            data-product-id=\"11733\">\n                        Add to quote\n                    <\/button>\n                <\/div>\n            <\/div>\n\n                            <div class=\"sale\">Sale -9%<\/div>\n                    <\/div>\n    <\/div>\n    <\/blockquote>\n<p><iframe loading=\"lazy\" class=\"wp-embedded-content\" sandbox=\"allow-scripts\" security=\"restricted\" style=\"position: absolute; visibility: hidden;\" title=\"&#8220;Elektrikeris HUUM HIVE 15kW \u00f5hutunneliga&#8221; &#8212; Factory Sale\" src=\"https:\/\/factory.sale\/et\/toode\/elektrikeris-huum-hive-15kw\/embed\/#?secret=sDDFIdYNtf#?secret=eaQgOvBrEB\" data-secret=\"eaQgOvBrEB\" width=\"500\" height=\"282\" frameborder=\"0\" marginwidth=\"0\" marginheight=\"0\" scrolling=\"no\"><\/iframe><\/p>\n<p>Tugev ja vastupidav v\u00e4litingimustes kasutamiseks<br \/>\nDisainitud kestma ka karmides ilmastikutingimustes, sobib see saun paigaldamiseks \u00f5ue, pakkudes sulle soojust ja hubasust isegi jahedatel p\u00e4evadel.<\/p>\n<p>Turvaline ja kompaktne transport &#8211; pakendi m\u00f5\u00f5dud: 450 cm x 120 cm x 80 cm.<\/p>\n","protected":false},"excerpt":{"rendered":"<p>Sinu isiklik hygge ja heaolukompass \u2013 p\u00f5hjamaine v\u00e4lisaun \u201cVegvisr\u201d!<\/p>\n<p>Vegvisir v\u00e4lisaun on valmistatud kvaliteetsest kuusepuidust, mille panoraamvaade lisab avarust ning v\u00f5imaldab nautida kauneid vaateid koos l\u00f5\u00f5gastava sauna sessiooniga. Loo enda isiklik hygge, hyggel ei ole reegleid, naudi kas \u00fcksi, koos s\u00f5prade v\u00f5i perega.<\/p>\n","protected":false},"featured_media":90598,"comment_status":"open","ping_status":"closed","template":"","meta":{"_acf_changed":false},"factory":[],"free-shipment":[],"product_brand":[],"product_cat":[826,2257,784],"product_tag":[811],"class_list":{"0":"post-92834","1":"product","2":"type-product","3":"status-publish","4":"has-post-thumbnail","6":"product_cat-saunas-et","7":"product_cat-valisaun","8":"product_cat-sanitaartehnika","9":"product_tag-sauna-et","11":"first","12":"instock","13":"sale","14":"taxable","15":"shipping-taxable","16":"purchasable","17":"product-type-simple"},"acf":[],"_links":{"self":[{"href":"https:\/\/factory.sale\/et\/wp-json\/wp\/v2\/product\/92834","targetHints":{"allow":["GET"]}}],"collection":[{"href":"https:\/\/factory.sale\/et\/wp-json\/wp\/v2\/product"}],"about":[{"href":"https:\/\/factory.sale\/et\/wp-json\/wp\/v2\/types\/product"}],"replies":[{"embeddable":true,"href":"https:\/\/factory.sale\/et\/wp-json\/wp\/v2\/comments?post=92834"}],"wp:featuredmedia":[{"embeddable":true,"href":"https:\/\/factory.sale\/et\/wp-json\/wp\/v2\/media\/90598"}],"wp:attachment":[{"href":"https:\/\/factory.sale\/et\/wp-json\/wp\/v2\/media?parent=92834"}],"wp:term":[{"taxonomy":"factory","embeddable":true,"href":"https:\/\/factory.sale\/et\/wp-json\/wp\/v2\/factory?post=92834"},{"taxonomy":"free-shipment","embeddable":true,"href":"https:\/\/factory.sale\/et\/wp-json\/wp\/v2\/free-shipment?post=92834"},{"taxonomy":"product_brand","embeddable":true,"href":"https:\/\/factory.sale\/et\/wp-json\/wp\/v2\/product_brand?post=92834"},{"taxonomy":"product_cat","embeddable":true,"href":"https:\/\/factory.sale\/et\/wp-json\/wp\/v2\/product_cat?post=92834"},{"taxonomy":"product_tag","embeddable":true,"href":"https:\/\/factory.sale\/et\/wp-json\/wp\/v2\/product_tag?post=92834"}],"curies":[{"name":"wp","href":"https:\/\/api.w.org\/{rel}","templated":true}]}}