{"id":92814,"date":"2024-10-30T14:15:08","date_gmt":"2024-10-30T11:16:32","guid":{"rendered":"https:\/\/factory.sale\/?post_type=product&#038;p=92814"},"modified":"2024-10-31T08:07:41","modified_gmt":"2024-10-31T05:07:41","slug":"korge-kasest-voodikomplekt","status":"publish","type":"product","link":"https:\/\/factory.sale\/et\/toode\/korge-kasest-voodikomplekt\/","title":{"rendered":"K\u00f5rge kasest voodikomplekt"},"content":{"rendered":"<p><strong>Tehnilised andmed:<\/strong><\/p>\n<ul>\n<li>Mudelinimi: K\u00f5rge kasest voodi<\/li>\n<li>Pikkus: 200 cm<\/li>\n<li>Laius: 80, 90, 100, 120, 140, 160, 180, 200 cm<\/li>\n<li>Peatsik\u00f5rgus: 80\/97 cm madal\/k\u00f5rge<\/li>\n<li>Jalan\u00f5u ja k\u00fclgpaneelide k\u00f5rgus: 35 cm<\/li>\n<li>V\u00e4rv: Valge\/ pool roosa\/ elevandiluuv\u00e4rvi\/ poolvalge\/ oliiv<\/li>\n<li>Peatugi: Sirge ja tugev<\/li>\n<li>Peatugi kinnitamine: Kindlustatud 4 kruviga<\/li>\n<li>Materjal: 100% t\u00e4ispuit kask<\/li>\n<li>Konstruktsioon: Koosneb 4 peamisest osast, mis on \u00fchendatud metallkinnitusvahenditega vastupidavuse tagamiseks<\/li>\n<\/ul>\n<p>&nbsp;<\/p>\n<p>&nbsp;<\/p>\n<p>Meie voodid on valmistatud looduslikust, keskkonnas\u00f5bralikust t\u00e4ispuidust kasest, mis on sertifitseeritud FSC. Tekstuuri ja v\u00e4rvi kerged variatsioonid on loomulikud, r\u00f5hutades puidu ainulaadseid omadusi. Spetsiaalselt loodud Euroopa kliimatingimuste jaoks vastupidavuse tagamiseks. Kokkupanek on vajalik, kuid protsess on kiire ja lihtne ning juhised on selgelt toodud. Viimistletud h\u00fcpoallergeense lakiga, mis pakub pikaajalist kaitset. Voodipakud on hinna sees ja pakuvad suurep\u00e4rast tuge madratsile.<\/p>\n<p>Pildil olevad madratsid ja muud esemed ei kuulu hinna sisse.<\/p>\n","protected":false},"excerpt":{"rendered":"<p>Meie voodid on valmistatud looduslikust, keskkonnas\u00f5bralikust t\u00e4ispuidust kasest, mis on sertifitseeritud FSC. Tekstuuri ja v\u00e4rvi kerged variatsioonid on loomulikud, r\u00f5hutades puidu ainulaadseid omadusi. Spetsiaalselt loodud Euroopa kliimatingimuste jaoks vastupidavuse tagamiseks. Kokkupanek on vajalik, kuid protsess on kiire ja lihtne ning juhised on selgelt toodud. Viimistletud h\u00fcpoallergeense lakiga, mis pakub pikaajalist kaitset. Voodipakud on hinna sees ja pakuvad suurep\u00e4rast tuge madratsile.<\/p>\n<p>Pildil olevad madratsid ja muud esemed ei kuulu hinna sisse.<\/p>\n","protected":false},"featured_media":92809,"comment_status":"open","ping_status":"closed","template":"","meta":{"_acf_changed":false},"factory":[],"free-shipment":[],"product_brand":[],"product_cat":[714,3104],"product_tag":[],"class_list":{"0":"post-92814","1":"product","2":"type-product","3":"status-publish","4":"has-post-thumbnail","6":"product_cat-moobel","7":"product_cat-voodid","9":"first","10":"instock","11":"sale","12":"taxable","13":"shipping-taxable","14":"purchasable","15":"product-type-simple"},"acf":[],"_links":{"self":[{"href":"https:\/\/factory.sale\/et\/wp-json\/wp\/v2\/product\/92814","targetHints":{"allow":["GET"]}}],"collection":[{"href":"https:\/\/factory.sale\/et\/wp-json\/wp\/v2\/product"}],"about":[{"href":"https:\/\/factory.sale\/et\/wp-json\/wp\/v2\/types\/product"}],"replies":[{"embeddable":true,"href":"https:\/\/factory.sale\/et\/wp-json\/wp\/v2\/comments?post=92814"}],"wp:featuredmedia":[{"embeddable":true,"href":"https:\/\/factory.sale\/et\/wp-json\/wp\/v2\/media\/92809"}],"wp:attachment":[{"href":"https:\/\/factory.sale\/et\/wp-json\/wp\/v2\/media?parent=92814"}],"wp:term":[{"taxonomy":"factory","embeddable":true,"href":"https:\/\/factory.sale\/et\/wp-json\/wp\/v2\/factory?post=92814"},{"taxonomy":"free-shipment","embeddable":true,"href":"https:\/\/factory.sale\/et\/wp-json\/wp\/v2\/free-shipment?post=92814"},{"taxonomy":"product_brand","embeddable":true,"href":"https:\/\/factory.sale\/et\/wp-json\/wp\/v2\/product_brand?post=92814"},{"taxonomy":"product_cat","embeddable":true,"href":"https:\/\/factory.sale\/et\/wp-json\/wp\/v2\/product_cat?post=92814"},{"taxonomy":"product_tag","embeddable":true,"href":"https:\/\/factory.sale\/et\/wp-json\/wp\/v2\/product_tag?post=92814"}],"curies":[{"name":"wp","href":"https:\/\/api.w.org\/{rel}","templated":true}]}}