{"id":92798,"date":"2024-11-02T23:50:15","date_gmt":"2024-11-02T20:51:05","guid":{"rendered":"https:\/\/factory.sale\/?post_type=product&#038;p=92798"},"modified":"2025-08-15T12:45:57","modified_gmt":"2025-08-15T09:45:57","slug":"pigmendid","status":"publish","type":"product","link":"https:\/\/factory.sale\/et\/toode\/pigmendid\/","title":{"rendered":"UKU Pigmendid"},"content":{"rendered":"<p>UKU Pigmendid loovad v\u00e4rvika elamuse ja annavad v\u00f5imaluse luua l\u00f5pmatuid v\u00e4rvivahemikke. UKU pigmentidega saate toonida viimistlussegusid ja v\u00e4rve, et luua endale meelep\u00e4rane toon.<\/p>\n<p>Pigmente kasutatakse enamasti valget v\u00e4rvi laimip\u00f5histele toodetele tooni andmiseks.<br \/>\nVaha sees v\u00f5ib kasutada ka pigmente, et anda viimistlusele toonitud kaitse koos kauni v\u00e4rvis\u00e4raga.<\/p>\n<p>&nbsp;<\/p>\n<p>K\u00fcsi hindu.<\/p>\n<p>&nbsp;<\/p>\n<p>&nbsp;<\/p>\n<p>&nbsp;<\/p>\n<p><a href=\"https:\/\/factory.sale\/wp-content\/uploads\/2024\/10\/Pigment-manual.pdf\" target=\"_blank\" rel=\"noopener\">Tootejuhend<\/a><\/p>\n<p><a href=\"https:\/\/factory.sale\/wp-content\/uploads\/2024\/10\/Pigments.pdf\" target=\"_blank\" rel=\"noopener\">V\u00e4rvikaart<\/a><\/p>\n","protected":false},"excerpt":{"rendered":"<p>Pigmendid loovad v\u00e4rvika elamuse ja annavad v\u00f5imaluse luua l\u00f5pmatuid v\u00e4rvivahemikke. UKU pigmentidega saate toonida viimistlussegusid ja v\u00e4rve, et luua endale meelep\u00e4rane toon.<\/p>\n","protected":false},"featured_media":92796,"comment_status":"open","ping_status":"closed","template":"","meta":{"_acf_changed":false},"factory":[],"free-shipment":[],"product_brand":[4557],"product_cat":[3472,814],"product_tag":[],"class_list":{"0":"post-92798","1":"product","2":"type-product","3":"status-publish","4":"has-post-thumbnail","6":"product_brand-uku","7":"product_cat-looduslikud-ehituslahendused","8":"product_cat-uldehitus","10":"first","11":"instock","12":"taxable","13":"shipping-taxable","14":"purchasable","15":"product-type-simple"},"acf":[],"_links":{"self":[{"href":"https:\/\/factory.sale\/et\/wp-json\/wp\/v2\/product\/92798","targetHints":{"allow":["GET"]}}],"collection":[{"href":"https:\/\/factory.sale\/et\/wp-json\/wp\/v2\/product"}],"about":[{"href":"https:\/\/factory.sale\/et\/wp-json\/wp\/v2\/types\/product"}],"replies":[{"embeddable":true,"href":"https:\/\/factory.sale\/et\/wp-json\/wp\/v2\/comments?post=92798"}],"wp:featuredmedia":[{"embeddable":true,"href":"https:\/\/factory.sale\/et\/wp-json\/wp\/v2\/media\/92796"}],"wp:attachment":[{"href":"https:\/\/factory.sale\/et\/wp-json\/wp\/v2\/media?parent=92798"}],"wp:term":[{"taxonomy":"factory","embeddable":true,"href":"https:\/\/factory.sale\/et\/wp-json\/wp\/v2\/factory?post=92798"},{"taxonomy":"free-shipment","embeddable":true,"href":"https:\/\/factory.sale\/et\/wp-json\/wp\/v2\/free-shipment?post=92798"},{"taxonomy":"product_brand","embeddable":true,"href":"https:\/\/factory.sale\/et\/wp-json\/wp\/v2\/product_brand?post=92798"},{"taxonomy":"product_cat","embeddable":true,"href":"https:\/\/factory.sale\/et\/wp-json\/wp\/v2\/product_cat?post=92798"},{"taxonomy":"product_tag","embeddable":true,"href":"https:\/\/factory.sale\/et\/wp-json\/wp\/v2\/product_tag?post=92798"}],"curies":[{"name":"wp","href":"https:\/\/api.w.org\/{rel}","templated":true}]}}