{"id":92759,"date":"2024-11-02T23:45:27","date_gmt":"2024-11-02T20:46:17","guid":{"rendered":"https:\/\/factory.sale\/?post_type=product&#038;p=92759"},"modified":"2024-12-27T02:31:30","modified_gmt":"2024-12-26T23:31:30","slug":"massiivsaviplaadid","status":"publish","type":"product","link":"https:\/\/factory.sale\/et\/toode\/massiivsaviplaadid\/","title":{"rendered":"Massiivsaviplaadid"},"content":{"rendered":"<p>Saviplaat on kiire seinalahendus, mis s\u00e4\u00e4stab aega krohvi paigaldamisel. Saviplaadid on tuntud oma tugevuse ja savi v\u00e4\u00e4rtuslike omaduste poolest.<\/p>\n<p>Savist ehitusplaadid sobivad ideaalselt siseehitust\u00f6\u00f6deks. Need sobivad siseseinte, kergvaheseinte, puitposti- ja talakonstruktsioonide ning lagede katmiseks.<\/p>\n<p>Saviplaat sobib nii uusehitusprojektideks kui ka olemasolevate hoonete renoveerimiseks.<\/p>\n<p>&nbsp;<\/p>\n<p><strong>Planeerimine:<\/strong><\/p>\n<ul>\n<li>Ideaalne kuivehituslahendus puit- ja kivismajade siseehituseks ning renoveerimiseks.<\/li>\n<li>Pakub loomevabadust planeerijatele ja arhitektidele.<\/li>\n<li>Toodetakse automatiseeritud tehastes primaarenergiat ja ressursse s\u00e4\u00e4stvalt.<\/li>\n<li>Omab t\u00e4nu d\u017euudikangast aluspinnale k\u00f5rget mehaanilist tugevust<\/li>\n<li>Tagab l\u00fchema monteerimisaja ja v\u00e4hendab vajadust paksude krohvikihtide j\u00e4rele.<\/li>\n<\/ul>\n<p>&nbsp;<\/p>\n<p><strong>Paigaldamine:<\/strong><\/p>\n<ol>\n<li>Massiivsaviplaate saab h\u00f5lpsalt l\u00f5igata k\u00e4sisae v\u00f5i elektrilise l\u00f5ikuriga vastavalt vajalikele m\u00f5\u00f5tudele.<\/li>\n<li>Asetage plaadid karkassile nii, et nende vahele ei j\u00e4\u00e4ks t\u00fchimikke.<\/li>\n<li>Kasutage kruvisid v\u00f5i spetsiaalseid klambreid, et kinnitada plaadid kindlalt karkassi k\u00fclge. Kruvid peavad olema v\u00e4hemalt 30 cm vahedega.<\/li>\n<\/ol>\n<p>&nbsp;<\/p>\n<p><strong>Armeerimisv\u00f5rgu paigaldus:<\/strong><\/p>\n<p>Kandke plaatide \u00fchenduskohtadele naturaalne kiudv\u00f5rk (nt d\u017euut- v\u00f5i klaaskiudv\u00f5rk), et v\u00e4ltida pragunemist.<\/p>\n<p>Krohvimine:<\/p>\n<p>Massiivsaviplaadid sobivad suurep\u00e4raselt savikrohvi aluseks. Krohvi kiht kantakse peale vastavalt soovitud viimistlusele.<\/p>\n<p>Viimistlus:<\/p>\n<p>P\u00e4rast krohvi kuivamist saab pinda katta loodusliku saviv\u00e4rviga v\u00f5i j\u00e4tta krohv iseseisvaks viimistluseks.<\/p>\n<p>&nbsp;<\/p>\n<p>&nbsp;<\/p>\n<p><strong>M\u00f5\u00f5dud:<\/strong><\/p>\n<p>16 mm 1250 x 625 mm [0781 m\u00b2] \u2013 23 kg\/m\u00b2<br \/>\n22 mm 1250 x 625 mm [0,781 m\u00b2] \u2013 32 kg\/m\u00b2<\/p>\n<p>&nbsp;<\/p>\n<p>&nbsp;<\/p>\n<p>&nbsp;<\/p>\n<p>&nbsp;<\/p>\n<p><a href=\"https:\/\/factory.sale\/wp-content\/uploads\/2024\/10\/Clay-board.pdf\" target=\"_blank\" rel=\"noopener\">Toote juhend<\/a><\/p>\n","protected":false},"excerpt":{"rendered":"<p>Saviplaat on kiire seinalahendus, mis s\u00e4\u00e4stab aega krohvi paigaldamisel. Saviplaadid on tuntud oma tugevuse ja savi v\u00e4\u00e4rtuslike omaduste poolest.<\/p>\n<p>Savist ehitusplaadid sobivad ideaalselt siseehitust\u00f6\u00f6deks. Need sobivad siseseinte, kergvaheseinte, puitposti- ja talakonstruktsioonide ning lagede katmiseks.<\/p>\n","protected":false},"featured_media":92757,"comment_status":"open","ping_status":"closed","template":"","meta":{"_acf_changed":false},"factory":[],"free-shipment":[],"product_brand":[],"product_cat":[3108,1756],"product_tag":[],"class_list":{"0":"post-92759","1":"product","2":"type-product","3":"status-publish","4":"has-post-thumbnail","6":"product_cat-savitooted","7":"product_cat-viimistlus-materjalid","9":"first","10":"instock","11":"taxable","12":"shipping-taxable","13":"purchasable","14":"product-type-simple"},"acf":[],"_links":{"self":[{"href":"https:\/\/factory.sale\/et\/wp-json\/wp\/v2\/product\/92759","targetHints":{"allow":["GET"]}}],"collection":[{"href":"https:\/\/factory.sale\/et\/wp-json\/wp\/v2\/product"}],"about":[{"href":"https:\/\/factory.sale\/et\/wp-json\/wp\/v2\/types\/product"}],"replies":[{"embeddable":true,"href":"https:\/\/factory.sale\/et\/wp-json\/wp\/v2\/comments?post=92759"}],"wp:featuredmedia":[{"embeddable":true,"href":"https:\/\/factory.sale\/et\/wp-json\/wp\/v2\/media\/92757"}],"wp:attachment":[{"href":"https:\/\/factory.sale\/et\/wp-json\/wp\/v2\/media?parent=92759"}],"wp:term":[{"taxonomy":"factory","embeddable":true,"href":"https:\/\/factory.sale\/et\/wp-json\/wp\/v2\/factory?post=92759"},{"taxonomy":"free-shipment","embeddable":true,"href":"https:\/\/factory.sale\/et\/wp-json\/wp\/v2\/free-shipment?post=92759"},{"taxonomy":"product_brand","embeddable":true,"href":"https:\/\/factory.sale\/et\/wp-json\/wp\/v2\/product_brand?post=92759"},{"taxonomy":"product_cat","embeddable":true,"href":"https:\/\/factory.sale\/et\/wp-json\/wp\/v2\/product_cat?post=92759"},{"taxonomy":"product_tag","embeddable":true,"href":"https:\/\/factory.sale\/et\/wp-json\/wp\/v2\/product_tag?post=92759"}],"curies":[{"name":"wp","href":"https:\/\/api.w.org\/{rel}","templated":true}]}}