{"id":9274,"date":"2022-06-17T15:54:38","date_gmt":"2022-06-17T15:54:48","guid":{"rendered":"https:\/\/factory.sale\/?post_type=product&#038;p=9274"},"modified":"2026-03-05T15:37:54","modified_gmt":"2026-03-05T12:37:54","slug":"huum-korstnakomplekt-labi-seina","status":"publish","type":"product","link":"https:\/\/factory.sale\/et\/toode\/huum-korstnakomplekt-labi-seina\/","title":{"rendered":"HUUM Korstnakomplekt l\u00e4bi seina"},"content":{"rendered":"<p><strong>KOMPLEKT SISALDAB:<\/strong><\/p>\n<p><strong>A<\/strong> &#8211; \u00dcheseinaline korsten 1 m<\/p>\n<p><strong>B<\/strong> &#8211; \u00dcheseinaline p\u00f5lv 90 kraadi puhastusluugiga<\/p>\n<p><strong>C<\/strong> &#8211; \u00dcheseinaline korsten 0,25 m<\/p>\n<p><strong>D<\/strong> &#8211; Korstna alustus kaheseinaline keevitatud<\/p>\n<p><strong>E<\/strong> &#8211; Kaheseinaline korsten 0,5 m<\/p>\n<p><strong>F<\/strong> &#8211; Katteplaat seinale kaheosaline<\/p>\n<p><strong>G<\/strong> &#8211; Kaheseinaline p\u00f5lv 90 kraadi<\/p>\n<p><strong>H<\/strong> &#8211; Kaheseinaline toru 1 m<\/p>\n<p><strong>I<\/strong> &#8211; Seinakinnitusklamber reguleeritav 50-150mm<\/p>\n<p><strong>J<\/strong> &#8211; Korstnam\u00fcts<\/p>\n<p><a href=\"https:\/\/factory.sale\/wp-content\/uploads\/2022\/06\/Chimney-sets_Wall_EST_01.pdf\" target=\"_blank\" rel=\"noopener\">Tooteleht on leitav siit<\/a><\/p>\n<p><strong>EAN:<\/strong> 4744103017171<\/p>\n","protected":false},"excerpt":{"rendered":"<p id=\"tw-target-text\" class=\"tw-data-text tw-text-large tw-ta\" dir=\"ltr\" data-placeholder=\"T\u00f5lge\"><span class=\"Y2IQFc\" lang=\"et\">See korstnakomplekt on m\u00f5eldud ulatuma l\u00e4bi k\u00fclgseina ja on \u00fchilduv <strong>HUUMi<\/strong> puuk\u00fcttega saunaahjudega.<\/span><\/p>\n","protected":false},"featured_media":94456,"comment_status":"open","ping_status":"closed","template":"","meta":{"_acf_changed":false},"factory":[],"free-shipment":[],"product_brand":[],"product_cat":[4160,1028],"product_tag":[718,811],"class_list":{"0":"post-9274","1":"product","2":"type-product","3":"status-publish","4":"has-post-thumbnail","6":"product_cat-korstnakomplektid","7":"product_cat-saunatarvikud","8":"product_tag-huum-et","9":"product_tag-sauna-et","11":"first","12":"instock","13":"sale","14":"taxable","15":"shipping-taxable","16":"purchasable","17":"product-type-simple"},"acf":[],"_links":{"self":[{"href":"https:\/\/factory.sale\/et\/wp-json\/wp\/v2\/product\/9274","targetHints":{"allow":["GET"]}}],"collection":[{"href":"https:\/\/factory.sale\/et\/wp-json\/wp\/v2\/product"}],"about":[{"href":"https:\/\/factory.sale\/et\/wp-json\/wp\/v2\/types\/product"}],"replies":[{"embeddable":true,"href":"https:\/\/factory.sale\/et\/wp-json\/wp\/v2\/comments?post=9274"}],"wp:featuredmedia":[{"embeddable":true,"href":"https:\/\/factory.sale\/et\/wp-json\/wp\/v2\/media\/94456"}],"wp:attachment":[{"href":"https:\/\/factory.sale\/et\/wp-json\/wp\/v2\/media?parent=9274"}],"wp:term":[{"taxonomy":"factory","embeddable":true,"href":"https:\/\/factory.sale\/et\/wp-json\/wp\/v2\/factory?post=9274"},{"taxonomy":"free-shipment","embeddable":true,"href":"https:\/\/factory.sale\/et\/wp-json\/wp\/v2\/free-shipment?post=9274"},{"taxonomy":"product_brand","embeddable":true,"href":"https:\/\/factory.sale\/et\/wp-json\/wp\/v2\/product_brand?post=9274"},{"taxonomy":"product_cat","embeddable":true,"href":"https:\/\/factory.sale\/et\/wp-json\/wp\/v2\/product_cat?post=9274"},{"taxonomy":"product_tag","embeddable":true,"href":"https:\/\/factory.sale\/et\/wp-json\/wp\/v2\/product_tag?post=9274"}],"curies":[{"name":"wp","href":"https:\/\/api.w.org\/{rel}","templated":true}]}}