{"id":92735,"date":"2024-10-31T12:14:30","date_gmt":"2024-10-31T09:15:17","guid":{"rendered":"https:\/\/factory.sale\/?post_type=product&#038;p=92735"},"modified":"2025-09-15T16:07:40","modified_gmt":"2025-09-15T13:07:40","slug":"ohuke-pilliroomatt","status":"publish","type":"product","link":"https:\/\/factory.sale\/et\/toode\/ohuke-pilliroomatt\/","title":{"rendered":"\u00d5huke pilliroomatt"},"content":{"rendered":"<p>\u00d5huke pilliroomatt on looduslikust pilliroost valmistatud krohvi alusmatt. Pilliroo \u00f5led on \u00f5mmeldud \u00fcksteisega paralleelselt \u00f5hukese roostevaba traadiga. Toode sobib kasutamiseks krohvi alusmaterjalina nii siseruumides (seinad, laed) kui ka v\u00e4listingimustes (seinad).<\/p>\n<p>Toote andmed: 10m\u00b2\/rull (1,6 x 6,25 m)<\/p>\n<p>Pilliroomatti saab kasutada tasasel v\u00f5i veidi ebatasasel t\u00e4isseinal, tahutud palkseinal, aga ka laudadega v\u00f5i puitehitusplaadiga karkasseinal. Eeskujuliku tulemuse saavutamiseks tuleks mattide j\u00e4tke j\u00e4tkata roo otstest \u00fclekattega.<\/p>\n<p>Te ei pea pilliroomatti enne sellele krohvimist m\u00e4rjaks tegema.<\/p>\n<p>Pilliroomatt seob krohvimiseks krohvi aluskihid v\u00e4ga t\u00f5husalt ja kindlalt. Tavaliselt piisab \u00fchest aluskihist, millele kantakse teine \u200b\u200bkiht krohvi, millesse paigaldatakse tugevduseks d\u017euudist v\u00f5rk. Kui alumised krohvikihid on kuivanud, viimistletakse aluskrohvi pind naturaalsete UKU v\u00e4rvide v\u00f5i viimistluskrohvidega.<\/p>\n<p>Tutvu teiste sarnaste toodetega\u00a0<a title=\"siin\" href=\"https:\/\/factory.sale\/et\/product-category\/uldehitus\/looduslikud-ehituslahendused\/\">siin<\/a><\/p>\n","protected":false},"excerpt":{"rendered":"<p>\u00d5huke pilliroomatt on looduslikust pilliroost valmistatud krohvi alusmatt. Pilliroo \u00f5led on \u00f5mmeldud \u00fcksteisega paralleelselt \u00f5hukese roostevaba traadiga. Toode sobib kasutamiseks krohvi alusmaterjalina nii siseruumides (seinad, laed) kui ka v\u00e4listingimustes (seinad).<\/p>\n<p>\u00d5huke pilliroomatt krohvimiseks 10m\u00b2\/rull (1,6 x 6,25 m)<\/p>\n","protected":false},"featured_media":92733,"comment_status":"open","ping_status":"closed","template":"","meta":{"_acf_changed":false},"factory":[],"free-shipment":[],"product_brand":[4557],"product_cat":[3472,814],"product_tag":[],"class_list":{"0":"post-92735","1":"product","2":"type-product","3":"status-publish","4":"has-post-thumbnail","6":"product_brand-uku","7":"product_cat-looduslikud-ehituslahendused","8":"product_cat-uldehitus","10":"first","11":"instock","12":"sale","13":"taxable","14":"shipping-taxable","15":"purchasable","16":"product-type-simple"},"acf":[],"_links":{"self":[{"href":"https:\/\/factory.sale\/et\/wp-json\/wp\/v2\/product\/92735","targetHints":{"allow":["GET"]}}],"collection":[{"href":"https:\/\/factory.sale\/et\/wp-json\/wp\/v2\/product"}],"about":[{"href":"https:\/\/factory.sale\/et\/wp-json\/wp\/v2\/types\/product"}],"replies":[{"embeddable":true,"href":"https:\/\/factory.sale\/et\/wp-json\/wp\/v2\/comments?post=92735"}],"wp:featuredmedia":[{"embeddable":true,"href":"https:\/\/factory.sale\/et\/wp-json\/wp\/v2\/media\/92733"}],"wp:attachment":[{"href":"https:\/\/factory.sale\/et\/wp-json\/wp\/v2\/media?parent=92735"}],"wp:term":[{"taxonomy":"factory","embeddable":true,"href":"https:\/\/factory.sale\/et\/wp-json\/wp\/v2\/factory?post=92735"},{"taxonomy":"free-shipment","embeddable":true,"href":"https:\/\/factory.sale\/et\/wp-json\/wp\/v2\/free-shipment?post=92735"},{"taxonomy":"product_brand","embeddable":true,"href":"https:\/\/factory.sale\/et\/wp-json\/wp\/v2\/product_brand?post=92735"},{"taxonomy":"product_cat","embeddable":true,"href":"https:\/\/factory.sale\/et\/wp-json\/wp\/v2\/product_cat?post=92735"},{"taxonomy":"product_tag","embeddable":true,"href":"https:\/\/factory.sale\/et\/wp-json\/wp\/v2\/product_tag?post=92735"}],"curies":[{"name":"wp","href":"https:\/\/api.w.org\/{rel}","templated":true}]}}