{"id":92726,"date":"2024-10-31T12:19:17","date_gmt":"2024-10-31T09:20:01","guid":{"rendered":"https:\/\/factory.sale\/?post_type=product&#038;p=92726"},"modified":"2025-08-17T21:36:44","modified_gmt":"2025-08-17T18:36:44","slug":"tselluloosipraimer","status":"publish","type":"product","link":"https:\/\/factory.sale\/et\/toode\/tselluloosipraimer\/","title":{"rendered":"UKU Tselluloosipraimer"},"content":{"rendered":"<p>UKU Tselluloosiprimer ehk viimistlusprimer on m\u00f5eldud savi- ja lubikrohvi viimistluskihi kruntimiseks. Tselluloosiprimeri eesm\u00e4rk on anda savikrohvi pinnale tugevus ja kulumiskindlus. Sobib ka savi- ja lubiv\u00e4rvide kruntimiseks v\u00e4ga imavatele aluspindadele enne v\u00e4rvimist v\u00f5i krohvimist.<\/p>\n<p>1 kg<\/p>\n<p>&nbsp;<\/p>\n<p>&nbsp;<\/p>\n<p><a href=\"https:\/\/factory.sale\/wp-content\/uploads\/2024\/10\/Cellulose-primer.pdf\" target=\"_blank\" rel=\"noopener\">Tootejuhend<\/a><\/p>\n<p>&nbsp;<\/p>\n<div class=\"video-wrapper \"><iframe loading=\"lazy\" title=\"Applying primer\" width=\"500\" height=\"281\" src=\"https:\/\/www.youtube.com\/embed\/xhIeOooO1TA?feature=oembed\" frameborder=\"0\" allow=\"accelerometer; autoplay; clipboard-write; encrypted-media; gyroscope; picture-in-picture; web-share\" referrerpolicy=\"strict-origin-when-cross-origin\" allowfullscreen><\/iframe><\/div>\n","protected":false},"excerpt":{"rendered":"<p>Tselluloosiprimer ehk viimistlusprimer on m\u00f5eldud savi- ja lubikrohvi viimistluskihi kruntimiseks. Tselluloosiprimeri eesm\u00e4rk on anda savikrohvi pinnale tugevus ja kulumiskindlus. Sobib ka savi- ja lubiv\u00e4rvide kruntimiseks v\u00e4ga imavatele aluspindadele enne v\u00e4rvimist v\u00f5i krohvimist.<\/p>\n","protected":false},"featured_media":92723,"comment_status":"open","ping_status":"closed","template":"","meta":{"_acf_changed":false},"factory":[],"free-shipment":[],"product_brand":[4557],"product_cat":[3472,814],"product_tag":[138],"class_list":{"0":"post-92726","1":"product","2":"type-product","3":"status-publish","4":"has-post-thumbnail","6":"product_brand-uku","7":"product_cat-looduslikud-ehituslahendused","8":"product_cat-uldehitus","9":"product_tag-primer-et-2","11":"first","12":"instock","13":"sale","14":"taxable","15":"shipping-taxable","16":"purchasable","17":"product-type-simple"},"acf":[],"_links":{"self":[{"href":"https:\/\/factory.sale\/et\/wp-json\/wp\/v2\/product\/92726","targetHints":{"allow":["GET"]}}],"collection":[{"href":"https:\/\/factory.sale\/et\/wp-json\/wp\/v2\/product"}],"about":[{"href":"https:\/\/factory.sale\/et\/wp-json\/wp\/v2\/types\/product"}],"replies":[{"embeddable":true,"href":"https:\/\/factory.sale\/et\/wp-json\/wp\/v2\/comments?post=92726"}],"wp:featuredmedia":[{"embeddable":true,"href":"https:\/\/factory.sale\/et\/wp-json\/wp\/v2\/media\/92723"}],"wp:attachment":[{"href":"https:\/\/factory.sale\/et\/wp-json\/wp\/v2\/media?parent=92726"}],"wp:term":[{"taxonomy":"factory","embeddable":true,"href":"https:\/\/factory.sale\/et\/wp-json\/wp\/v2\/factory?post=92726"},{"taxonomy":"free-shipment","embeddable":true,"href":"https:\/\/factory.sale\/et\/wp-json\/wp\/v2\/free-shipment?post=92726"},{"taxonomy":"product_brand","embeddable":true,"href":"https:\/\/factory.sale\/et\/wp-json\/wp\/v2\/product_brand?post=92726"},{"taxonomy":"product_cat","embeddable":true,"href":"https:\/\/factory.sale\/et\/wp-json\/wp\/v2\/product_cat?post=92726"},{"taxonomy":"product_tag","embeddable":true,"href":"https:\/\/factory.sale\/et\/wp-json\/wp\/v2\/product_tag?post=92726"}],"curies":[{"name":"wp","href":"https:\/\/api.w.org\/{rel}","templated":true}]}}