{"id":92712,"date":"2024-10-31T12:46:15","date_gmt":"2024-10-31T09:47:18","guid":{"rendered":"https:\/\/factory.sale\/?post_type=product&#038;p=92712"},"modified":"2025-08-17T21:31:16","modified_gmt":"2025-08-17T18:31:16","slug":"klaaskiudvork","status":"publish","type":"product","link":"https:\/\/factory.sale\/et\/toode\/klaaskiudvork\/","title":{"rendered":"UKU Klaaskiudv\u00f5rk"},"content":{"rendered":"<p>UKU Klaaskiudv\u00f5rk on m\u00f5eldud krohvitud pindade armeerimiseks nii siseruumides kui ka fassaadidel. Klaaskiudv\u00f5rk v\u00e4hendab krohvitud pindade pragunemise ohtu. Klaaskiud armeerimisv\u00f5rk tagab krohvis\u00fcsteemidele p\u00fcsiva tugevduse, omades k\u00f5rget rebenemis- ja t\u00f5mbetugevust ning leeliskindlust.<\/p>\n<p>&nbsp;<\/p>\n<p><strong>Klaaskiudv\u00f5rk 5,5 x 5,5 mm<\/strong><\/p>\n<p>58 g\/m\u00b2<br \/>\nV\u00f5rgu laius \u2013 100 cm<br \/>\nRulli pikkus \u2013 100 m (100 m\u00b2)<\/p>\n<p>&nbsp;<\/p>\n<p><strong>Klaaskiudv\u00f5rk 11 x 11 mm<\/strong><\/p>\n<p>105 g\/m\u00b2<br \/>\nV\u00f5rgu laius \u2013 100 cm<br \/>\nRulli pikkus \u2013 50 m (50 m\u00b2)<\/p>\n","protected":false},"excerpt":{"rendered":"<p>Klaaskiudv\u00f5rk on m\u00f5eldud krohvitud pindade armeerimiseks nii siseruumides kui ka fassaadidel. Klaaskiudv\u00f5rk v\u00e4hendab krohvitud pindade pragunemise ohtu. Klaaskiud armeerimisv\u00f5rk tagab krohvis\u00fcsteemidele p\u00fcsiva tugevduse, omades k\u00f5rget rebenemis- ja t\u00f5mbetugevust ning leeliskindlust.<\/p>\n","protected":false},"featured_media":92710,"comment_status":"open","ping_status":"closed","template":"","meta":{"_acf_changed":false},"factory":[],"free-shipment":[],"product_brand":[4557],"product_cat":[3472,814],"product_tag":[],"class_list":{"0":"post-92712","1":"product","2":"type-product","3":"status-publish","4":"has-post-thumbnail","6":"product_brand-uku","7":"product_cat-looduslikud-ehituslahendused","8":"product_cat-uldehitus","10":"first","11":"instock","12":"sale","13":"taxable","14":"shipping-taxable","15":"purchasable","16":"product-type-simple"},"acf":[],"_links":{"self":[{"href":"https:\/\/factory.sale\/et\/wp-json\/wp\/v2\/product\/92712","targetHints":{"allow":["GET"]}}],"collection":[{"href":"https:\/\/factory.sale\/et\/wp-json\/wp\/v2\/product"}],"about":[{"href":"https:\/\/factory.sale\/et\/wp-json\/wp\/v2\/types\/product"}],"replies":[{"embeddable":true,"href":"https:\/\/factory.sale\/et\/wp-json\/wp\/v2\/comments?post=92712"}],"wp:featuredmedia":[{"embeddable":true,"href":"https:\/\/factory.sale\/et\/wp-json\/wp\/v2\/media\/92710"}],"wp:attachment":[{"href":"https:\/\/factory.sale\/et\/wp-json\/wp\/v2\/media?parent=92712"}],"wp:term":[{"taxonomy":"factory","embeddable":true,"href":"https:\/\/factory.sale\/et\/wp-json\/wp\/v2\/factory?post=92712"},{"taxonomy":"free-shipment","embeddable":true,"href":"https:\/\/factory.sale\/et\/wp-json\/wp\/v2\/free-shipment?post=92712"},{"taxonomy":"product_brand","embeddable":true,"href":"https:\/\/factory.sale\/et\/wp-json\/wp\/v2\/product_brand?post=92712"},{"taxonomy":"product_cat","embeddable":true,"href":"https:\/\/factory.sale\/et\/wp-json\/wp\/v2\/product_cat?post=92712"},{"taxonomy":"product_tag","embeddable":true,"href":"https:\/\/factory.sale\/et\/wp-json\/wp\/v2\/product_tag?post=92712"}],"curies":[{"name":"wp","href":"https:\/\/api.w.org\/{rel}","templated":true}]}}