{"id":92702,"date":"2024-10-31T12:50:09","date_gmt":"2024-10-31T09:50:56","guid":{"rendered":"https:\/\/factory.sale\/?post_type=product&#038;p=92702"},"modified":"2025-08-15T15:16:20","modified_gmt":"2025-08-15T12:16:20","slug":"jutevork","status":"publish","type":"product","link":"https:\/\/factory.sale\/et\/toode\/jutevork\/","title":{"rendered":"UKU Jutev\u00f5rk"},"content":{"rendered":"<p>UKU Jutev\u00f5rk on looduslik kiud, mida saadakse juuttaime vartest ja on \u00fcks levinumaid taimseid kiudmaterjale. Juutv\u00f5rku kasutatakse krohvide armeerimisv\u00f5rguna. Punutud jutekangas on spetsiaalselt v\u00e4lja t\u00f6\u00f6tatud savi-, lubi- ja muude krohvide armeerimiseks.<\/p>\n<ul>\n<li>120 g\/m\u00b2<\/li>\n<li>V\u00f5rgu laius \u2013 100 cm<\/li>\n<li>Rulli pikkus \u2013 50 m (50 m\u00b2)<\/li>\n<\/ul>\n","protected":false},"excerpt":{"rendered":"<p>Juteriie on looduslik kiud, mida saadakse juuttaime vartest ja on \u00fcks levinumaid taimseid kiudmaterjale. Juutv\u00f5rku kasutatakse krohvide armeerimisv\u00f5rguna. Punutud jutekangas on spetsiaalselt v\u00e4lja t\u00f6\u00f6tatud savi-, lubi- ja muude krohvide armeerimiseks.<\/p>\n","protected":false},"featured_media":92700,"comment_status":"open","ping_status":"closed","template":"","meta":{"_acf_changed":false},"factory":[],"free-shipment":[],"product_brand":[4557],"product_cat":[3472,814],"product_tag":[],"class_list":{"0":"post-92702","1":"product","2":"type-product","3":"status-publish","4":"has-post-thumbnail","6":"product_brand-uku","7":"product_cat-looduslikud-ehituslahendused","8":"product_cat-uldehitus","10":"first","11":"instock","12":"sale","13":"taxable","14":"shipping-taxable","15":"purchasable","16":"product-type-simple"},"acf":[],"_links":{"self":[{"href":"https:\/\/factory.sale\/et\/wp-json\/wp\/v2\/product\/92702","targetHints":{"allow":["GET"]}}],"collection":[{"href":"https:\/\/factory.sale\/et\/wp-json\/wp\/v2\/product"}],"about":[{"href":"https:\/\/factory.sale\/et\/wp-json\/wp\/v2\/types\/product"}],"replies":[{"embeddable":true,"href":"https:\/\/factory.sale\/et\/wp-json\/wp\/v2\/comments?post=92702"}],"wp:featuredmedia":[{"embeddable":true,"href":"https:\/\/factory.sale\/et\/wp-json\/wp\/v2\/media\/92700"}],"wp:attachment":[{"href":"https:\/\/factory.sale\/et\/wp-json\/wp\/v2\/media?parent=92702"}],"wp:term":[{"taxonomy":"factory","embeddable":true,"href":"https:\/\/factory.sale\/et\/wp-json\/wp\/v2\/factory?post=92702"},{"taxonomy":"free-shipment","embeddable":true,"href":"https:\/\/factory.sale\/et\/wp-json\/wp\/v2\/free-shipment?post=92702"},{"taxonomy":"product_brand","embeddable":true,"href":"https:\/\/factory.sale\/et\/wp-json\/wp\/v2\/product_brand?post=92702"},{"taxonomy":"product_cat","embeddable":true,"href":"https:\/\/factory.sale\/et\/wp-json\/wp\/v2\/product_cat?post=92702"},{"taxonomy":"product_tag","embeddable":true,"href":"https:\/\/factory.sale\/et\/wp-json\/wp\/v2\/product_tag?post=92702"}],"curies":[{"name":"wp","href":"https:\/\/api.w.org\/{rel}","templated":true}]}}