{"id":92695,"date":"2024-11-11T00:33:37","date_gmt":"2024-11-10T21:57:03","guid":{"rendered":"https:\/\/factory.sale\/?post_type=product&#038;p=92695"},"modified":"2026-03-29T15:13:09","modified_gmt":"2026-03-29T12:13:09","slug":"saun-brico","status":"publish","type":"product","link":"https:\/\/factory.sale\/et\/toode\/saun-brico\/","title":{"rendered":"Saun &#8220;Brico&#8221;"},"content":{"rendered":"<p>Avasta meie eksklusiivne v\u00e4lik\u00fcttega saun \u2013 kompaktne ja t\u00f5hus<br \/>\nL\u00f5\u00f5gastu stiilselt meie kaunilt disainitud, kompaktse v\u00e4lik\u00fcttega saunas. Praktilisuse ja mugavuse jaoks loodud saun sobib ideaalselt aedadesse ja piiratud aladele. See \u00fchendab endas modernse disaini ja traditsioonilised materjalid, pakkudes v\u00e4rskendavat saunakogemust.<\/p>\n<p>Olulisemad omadused:<\/p>\n<ul>\n<li>S\u00f5lmetust haavapuidust lavad ja seljatoed \u2013 naudi haavapuidu sileda pinna ja kuumakindluse eeliseid, mis tagavad mugava ja meeldiva saunaelamuse.<\/li>\n<li>Ideaalne v\u00e4iksematesse ruumidesse, sobib kasutamiseks nii siseruumides kui ka \u00f5ues.<\/li>\n<li>Tugev seinte ja katuse konstruktsioon \u2013 42 mm paksused seinad ja katus tagavad suurep\u00e4rase soojustuse ja vastupidavuse aastaringseks kasutamiseks.<\/li>\n<li>Isekleepuv Toptite 6 katus \u2013 komplektis olev ilmastikukindel katus, mis pakub kindlat kaitset igasugustes v\u00e4litingimustes.<\/li>\n<li>Karastatud klaasist uks \u2013 kaasaegne ja elegantne lahendus. Metallist v\u00e4limine ukseling ja puidust sisemine link tagavad mugava kasutuskogemuse.<\/li>\n<\/ul>\n<p>Komplekt sisaldab:<\/p>\n<ul>\n<li>Saunakonstruktsiooni t\u00e4iskomplekt p\u00f5hjamaisest kuusepuidust (kokkupanduna: 225 cm x 111 cm x 80 cm, 600 kg)<\/li>\n<li>Seljatoed<\/li>\n<li>Haavapuidust saunalavad<\/li>\n<li>K\u00fcttekeha turvaraam<\/li>\n<li>Pronksitooniga karastatud klaasuks koos ukse k\u00e4epidemega<\/li>\n<li>Paigaldusvahendid ja kruvid lihtsaks kokku panemiseks<\/li>\n<\/ul>\n<p>Tehnilised andmed:<\/p>\n<ul>\n<li>V\u00e4lism\u00f5\u00f5dud: 2328 mm x 2190 mm x 1894 mm (K x L x S)<\/li>\n<li>Klaasukse m\u00f5\u00f5dud: 1685 mm x 685 mm<\/li>\n<li>Seina paksus: 42 mm<\/li>\n<li>Eesmine k\u00f5rgus: 2328 mm<\/li>\n<li>Tagaosa k\u00f5rgus: 2164 mm<\/li>\n<li>Kogupindala: 3,25 m\u00b2<\/li>\n<li>Saunalava s\u00fcgavused: pealava \u2013 543 mm, jalatugi \u2013 220 mm, alumine lava \u2013 398 mm<\/li>\n<li>Lavad ja seljatoed: valmistatud haavapuidust<\/li>\n<\/ul>\n<p>NB! K\u00fcttekeha ei kuulu komplekti!<\/p>\n<p>Sobivad kerised:<\/p>\n<blockquote class=\"wp-embedded-content\" data-secret=\"bbd2g2tWaU\">    <div class=\"col-xl-3 col-6\">\n        <div class=\"product-card h-100\">\n            <div class=\"ratio ratio-4x3 overflow-hidden\">\n                <a href=\"https:\/\/factory.sale\/et\/toode\/harvia-m3-puukeris\/\">\n                    <img loading=\"lazy\" decoding=\"async\" width=\"768\" height=\"576\" src=\"https:\/\/factory.sale\/wp-content\/uploads\/2022\/06\/Harvia-M3-9kw.jpg\" class=\"img-fluid object-fit-contain w-100 h-100\" alt=\"Harvia M3 puukeris\" srcset=\"https:\/\/factory.sale\/wp-content\/uploads\/2022\/06\/Harvia-M3-9kw.jpg 800w, https:\/\/factory.sale\/wp-content\/uploads\/2022\/06\/Harvia-M3-9kw-150x113.jpg 150w, https:\/\/factory.sale\/wp-content\/uploads\/2022\/06\/Harvia-M3-9kw-300x225.jpg 300w, https:\/\/factory.sale\/wp-content\/uploads\/2022\/06\/Harvia-M3-9kw-600x450.jpg 600w\" sizes=\"auto, (max-width: 768px) 100vw, 768px\" \/>                <\/a>\n            <\/div>\n\n            <div class=\"px-xl-3 px-2 py-3 text-xl-start\">\n                <a class=\"product-title-link\" href=\"https:\/\/factory.sale\/et\/toode\/harvia-m3-puukeris\/\">\n                    <p class=\"d-none d-xl-block\">Harvia M3 puukeris<\/p>\n                    <p class=\"d-xl-none\">Harvia M3 puukeris<\/p>\n                <\/a>\n\n                <div class=\"price\">\n                                            <span class=\"new-price\"><span class=\"woocommerce-Price-amount amount\"><bdi><span class=\"woocommerce-Price-currencySymbol\">&euro;<\/span>365,70<\/bdi><\/span><\/span>\n                        <span class=\"old-price\"><span class=\"woocommerce-Price-amount amount\"><bdi><span class=\"woocommerce-Price-currencySymbol\">&euro;<\/span>392,40<\/bdi><\/span><\/span>\n                                    <\/div>\n\n                <div class=\"d-xl-grid d-none gap-4 d-xl-flex justify-content-start mt-2\">\n                    <button class=\"btn btn-product ajax-add-to-quote w-100 mt-1rem\"\n                            data-product-id=\"21564\">\n                        Add to quote\n                    <\/button>\n                <\/div>\n            <\/div>\n\n                            <div class=\"sale\">Sale -7%<\/div>\n                    <\/div>\n    <\/div>\n    <\/blockquote>\n<p><iframe loading=\"lazy\" class=\"wp-embedded-content\" sandbox=\"allow-scripts\" security=\"restricted\" style=\"position: absolute; visibility: hidden;\" title=\"&#8220;Harvia M3 puukeris&#8221; &#8212; Factory Sale\" src=\"https:\/\/factory.sale\/et\/toode\/harvia-m3-puukeris\/embed\/#?secret=t7sEBYurNi#?secret=bbd2g2tWaU\" data-secret=\"bbd2g2tWaU\" width=\"500\" height=\"282\" frameborder=\"0\" marginwidth=\"0\" marginheight=\"0\" scrolling=\"no\"><\/iframe><\/p>\n<blockquote class=\"wp-embedded-content\" data-secret=\"KWnzIcPIVr\">    <div class=\"col-xl-3 col-6\">\n        <div class=\"product-card h-100\">\n            <div class=\"ratio ratio-4x3 overflow-hidden\">\n                <a href=\"https:\/\/factory.sale\/et\/toode\/harvia-vega-bc80-elektriline-sauna-keris\/\">\n                    <img loading=\"lazy\" decoding=\"async\" width=\"768\" height=\"576\" src=\"https:\/\/factory.sale\/wp-content\/uploads\/2022\/08\/Harvia-1.jpeg\" class=\"img-fluid object-fit-contain w-100 h-100\" alt=\"HARVIA VEGA BC80, ELEKTRILINE SAUNA KERIS\" srcset=\"https:\/\/factory.sale\/wp-content\/uploads\/2022\/08\/Harvia-1.jpeg 800w, https:\/\/factory.sale\/wp-content\/uploads\/2022\/08\/Harvia-1-150x113.jpeg 150w, https:\/\/factory.sale\/wp-content\/uploads\/2022\/08\/Harvia-1-300x225.jpeg 300w, https:\/\/factory.sale\/wp-content\/uploads\/2022\/08\/Harvia-1-600x450.jpeg 600w\" sizes=\"auto, (max-width: 768px) 100vw, 768px\" \/>                <\/a>\n            <\/div>\n\n            <div class=\"px-xl-3 px-2 py-3 text-xl-start\">\n                <a class=\"product-title-link\" href=\"https:\/\/factory.sale\/et\/toode\/harvia-vega-bc80-elektriline-sauna-keris\/\">\n                    <p class=\"d-none d-xl-block\">HARVIA VEGA BC80, ELEKTRILINE SAUNA KERIS<\/p>\n                    <p class=\"d-xl-none\">HARVIA VEGA BC80, ELEKTRILINE SAUNA KERIS<\/p>\n                <\/a>\n\n                <div class=\"price\">\n                                            <span class=\"new-price\"><span class=\"woocommerce-Price-amount amount\"><bdi><span class=\"woocommerce-Price-currencySymbol\">&euro;<\/span>259,00<\/bdi><\/span><\/span>\n                        <span class=\"old-price\"><span class=\"woocommerce-Price-amount amount\"><bdi><span class=\"woocommerce-Price-currencySymbol\">&euro;<\/span>310,90<\/bdi><\/span><\/span>\n                                    <\/div>\n\n                <div class=\"d-xl-grid d-none gap-4 d-xl-flex justify-content-start mt-2\">\n                    <button class=\"btn btn-product ajax-add-to-quote w-100 mt-1rem\"\n                            data-product-id=\"11125\">\n                        Add to quote\n                    <\/button>\n                <\/div>\n            <\/div>\n\n                            <div class=\"sale\">Sale -17%<\/div>\n                    <\/div>\n    <\/div>\n    <\/blockquote>\n<p><iframe loading=\"lazy\" class=\"wp-embedded-content\" sandbox=\"allow-scripts\" security=\"restricted\" style=\"position: absolute; visibility: hidden;\" title=\"&#8220;HARVIA VEGA BC80, ELEKTRILINE SAUNA KERIS&#8221; &#8212; Factory Sale\" src=\"https:\/\/factory.sale\/et\/toode\/harvia-vega-bc80-elektriline-sauna-keris\/embed\/#?secret=XxsZO1Yri2#?secret=KWnzIcPIVr\" data-secret=\"KWnzIcPIVr\" width=\"500\" height=\"282\" frameborder=\"0\" marginwidth=\"0\" marginheight=\"0\" scrolling=\"no\"><\/iframe><\/p>\n<p>&nbsp;<\/p>\n<p>Tugev ja kompaktne pakend \u2013 pakitud kindlalt m\u00f5\u00f5tudega 225 cm x 111 cm x 80 cm, seda sauna on lihtne transportida ja paigaldada.<\/p>\n","protected":false},"excerpt":{"rendered":"<p data-start=\"147\" data-end=\"218\">Tutvustame meie eksklusiivset kompaktset v\u00e4lik\u00fcttega sauna<\/p>\n<p>Too ehtne saunam\u00f5nu ka k\u00f5ige v\u00e4iksemasse aeda \u2013 BRICO kompaktne saun teeb selle v\u00f5imalikuks!<br data-start=\"312\" data-end=\"315\" \/>P\u00f5hjamaisest kuusepuidust valmistatud 1,6-meetrine saun mahutab mugavalt 2\u20133 inimest ning pakub traditsioonilist puuk\u00fcttega saunaelamust ruumis\u00e4\u00e4stlikus vormis.<br data-start=\"475\" data-end=\"478\" \/>Lihtne paigaldada ja veelgi lihtsam nautida \u2013 ideaalne terrassile, aeda v\u00f5i suvekodusse.<\/p>\n","protected":false},"featured_media":90552,"comment_status":"open","ping_status":"closed","template":"","meta":{"_acf_changed":false},"factory":[],"free-shipment":[],"product_brand":[],"product_cat":[826,4778,2257],"product_tag":[811],"class_list":{"0":"post-92695","1":"product","2":"type-product","3":"status-publish","4":"has-post-thumbnail","6":"product_cat-saunas-et","7":"product_cat-saunad","8":"product_cat-valisaun","9":"product_tag-sauna-et","11":"first","12":"instock","13":"sale","14":"taxable","15":"shipping-taxable","16":"purchasable","17":"product-type-simple"},"acf":[],"_links":{"self":[{"href":"https:\/\/factory.sale\/et\/wp-json\/wp\/v2\/product\/92695","targetHints":{"allow":["GET"]}}],"collection":[{"href":"https:\/\/factory.sale\/et\/wp-json\/wp\/v2\/product"}],"about":[{"href":"https:\/\/factory.sale\/et\/wp-json\/wp\/v2\/types\/product"}],"replies":[{"embeddable":true,"href":"https:\/\/factory.sale\/et\/wp-json\/wp\/v2\/comments?post=92695"}],"wp:featuredmedia":[{"embeddable":true,"href":"https:\/\/factory.sale\/et\/wp-json\/wp\/v2\/media\/90552"}],"wp:attachment":[{"href":"https:\/\/factory.sale\/et\/wp-json\/wp\/v2\/media?parent=92695"}],"wp:term":[{"taxonomy":"factory","embeddable":true,"href":"https:\/\/factory.sale\/et\/wp-json\/wp\/v2\/factory?post=92695"},{"taxonomy":"free-shipment","embeddable":true,"href":"https:\/\/factory.sale\/et\/wp-json\/wp\/v2\/free-shipment?post=92695"},{"taxonomy":"product_brand","embeddable":true,"href":"https:\/\/factory.sale\/et\/wp-json\/wp\/v2\/product_brand?post=92695"},{"taxonomy":"product_cat","embeddable":true,"href":"https:\/\/factory.sale\/et\/wp-json\/wp\/v2\/product_cat?post=92695"},{"taxonomy":"product_tag","embeddable":true,"href":"https:\/\/factory.sale\/et\/wp-json\/wp\/v2\/product_tag?post=92695"}],"curies":[{"name":"wp","href":"https:\/\/api.w.org\/{rel}","templated":true}]}}