{"id":92691,"date":"2024-10-31T12:53:47","date_gmt":"2024-10-31T10:10:45","guid":{"rendered":"https:\/\/factory.sale\/?post_type=product&#038;p=92691"},"modified":"2025-08-15T15:13:01","modified_gmt":"2025-08-15T12:13:01","slug":"ukunaks-lubi-aluskrohv","status":"publish","type":"product","link":"https:\/\/factory.sale\/et\/toode\/ukunaks-lubi-aluskrohv\/","title":{"rendered":"Ukunaks lubi aluskrohv"},"content":{"rendered":"<p>Ukunaks lubi aluskrohv on m\u00f5eldud pindade krohvimiseks, t\u00e4itmiseks ja tasandamiseks nii sise- kui ka v\u00e4listingimustes. Lubialuskrohvi kasutatakse sageli vana lubikrohvi parandamiseks ja telliste v\u00f5i kivide paigaldamiseks.<\/p>\n<p>UKU lubikrohv sobib h\u00e4sti ka fassaadidele ja pesuruumidesse t\u00e4nu lubja k\u00f5rgele pH-tasemele.<\/p>\n<p>Lubialuskrohvi kasutatakse t\u00e4itekihina krohvimiseks v\u00f5i tugeva struktuuriga viimistluskihina.<\/p>\n<p>UKU lubikrohv on 100% looduslik. Lubikrohv on suurep\u00e4rane valik nii kaasaegsete kui ka ajalooliste fassaadide viimistlemiseks ja sobib ideaalselt siset\u00f6\u00f6deks, sealhulgas niisketes ruumides.<\/p>\n<p>UKU lubialuskrohv on vastupidav ja viimistlusmaterjalina hea valik suurep\u00e4rase sisekliima loomiseks ja hoonete tulekindlamaks muutmiseks.<\/p>\n<p>Lubikrohv reguleerib ruumi niiskust ja p\u00e4rsib hallituse teket, mist\u00f5ttu sobib see allergikutele. Traditsioonilistest retseptidest inspireerituna oleme loonud kaasaegsed lubitooted, mis on testitud vastavalt standardile EN 998-1.<\/p>\n<p>&nbsp;<\/p>\n<p>&nbsp;<\/p>\n<p><strong>Sobivad aluspinnad:<\/strong><\/p>\n<p>Puit (kaetud roo- v\u00f5i muu v\u00f5rguga)<br \/>\nKivi (telliskivi, konstruktsioonibetoon)<br \/>\nPlokid (Bauroc, Fibo, Columbia)<br \/>\nKrohvid (lubikrohv, mineraalkrohvid)<br \/>\n\u00d5led (\u00f5lekrohvid)<br \/>\nRook (\u00f5hukesed rookmatid, rookpaneelid)<\/p>\n<p>&nbsp;<\/p>\n<p>&nbsp;<\/p>\n<ul>\n<li>V\u00e4rv: valge<\/li>\n<li>Terade suurus: 0\u20134 mm<\/li>\n<li>Maksimaalne kihi paksus: 10 mm<\/li>\n<li>Kulu: 17 kg \/ m\u00b2 (10 mm kiht)<\/li>\n<li>Pakend: 25 kg kott, 500 kg Big-Bag, 1000 kg Big-Bag<\/li>\n<\/ul>\n<p>&nbsp;<\/p>\n<p>&nbsp;<\/p>\n<p><a href=\"https:\/\/factory.sale\/wp-content\/uploads\/2024\/10\/Lime-base-coat.pdf\" target=\"_blank\" rel=\"noopener\">Tootejuhend<\/a><\/p>\n","protected":false},"excerpt":{"rendered":"<p>Lubikrohv on m\u00f5eldud pindade krohvimiseks, t\u00e4itmiseks ja tasandamiseks nii sise- kui ka v\u00e4listingimustes. Lubialuskrohvi kasutatakse sageli vana lubikrohvi parandamiseks ja telliste v\u00f5i kivide paigaldamiseks.<\/p>\n<p>UKU lubikrohv sobib h\u00e4sti ka fassaadidele ja pesuruumidesse t\u00e4nu lubja k\u00f5rgele pH-tasemele.<\/p>\n<p>&nbsp;<\/p>\n","protected":false},"featured_media":92686,"comment_status":"open","ping_status":"closed","template":"","meta":{"_acf_changed":false},"factory":[],"free-shipment":[],"product_brand":[4557],"product_cat":[3472,814],"product_tag":[],"class_list":{"0":"post-92691","1":"product","2":"type-product","3":"status-publish","4":"has-post-thumbnail","6":"product_brand-uku","7":"product_cat-looduslikud-ehituslahendused","8":"product_cat-uldehitus","10":"first","11":"instock","12":"sale","13":"taxable","14":"shipping-taxable","15":"purchasable","16":"product-type-simple"},"acf":[],"_links":{"self":[{"href":"https:\/\/factory.sale\/et\/wp-json\/wp\/v2\/product\/92691","targetHints":{"allow":["GET"]}}],"collection":[{"href":"https:\/\/factory.sale\/et\/wp-json\/wp\/v2\/product"}],"about":[{"href":"https:\/\/factory.sale\/et\/wp-json\/wp\/v2\/types\/product"}],"replies":[{"embeddable":true,"href":"https:\/\/factory.sale\/et\/wp-json\/wp\/v2\/comments?post=92691"}],"wp:featuredmedia":[{"embeddable":true,"href":"https:\/\/factory.sale\/et\/wp-json\/wp\/v2\/media\/92686"}],"wp:attachment":[{"href":"https:\/\/factory.sale\/et\/wp-json\/wp\/v2\/media?parent=92691"}],"wp:term":[{"taxonomy":"factory","embeddable":true,"href":"https:\/\/factory.sale\/et\/wp-json\/wp\/v2\/factory?post=92691"},{"taxonomy":"free-shipment","embeddable":true,"href":"https:\/\/factory.sale\/et\/wp-json\/wp\/v2\/free-shipment?post=92691"},{"taxonomy":"product_brand","embeddable":true,"href":"https:\/\/factory.sale\/et\/wp-json\/wp\/v2\/product_brand?post=92691"},{"taxonomy":"product_cat","embeddable":true,"href":"https:\/\/factory.sale\/et\/wp-json\/wp\/v2\/product_cat?post=92691"},{"taxonomy":"product_tag","embeddable":true,"href":"https:\/\/factory.sale\/et\/wp-json\/wp\/v2\/product_tag?post=92691"}],"curies":[{"name":"wp","href":"https:\/\/api.w.org\/{rel}","templated":true}]}}