{"id":92674,"date":"2024-10-31T13:15:18","date_gmt":"2024-10-31T10:16:02","guid":{"rendered":"https:\/\/factory.sale\/?post_type=product&#038;p=92674"},"modified":"2025-08-15T13:01:48","modified_gmt":"2025-08-15T10:01:48","slug":"lubi-rustik-viimistluskrohv","status":"publish","type":"product","link":"https:\/\/factory.sale\/et\/toode\/lubi-rustik-viimistluskrohv\/","title":{"rendered":"UKU Lubi rustik viimistluskrohv"},"content":{"rendered":"<p>UKU Lubi rustik viimistluskrohv on tuntud viimistlusmaterjal ja tark valik parema sisekliima loomiseks ja hoonete tulekindlamaks muutmiseks.<\/p>\n<p>Lubi viimistluskrohv sobib suurep\u00e4raselt nii fassaadide kui ka siset\u00f6\u00f6de jaoks, sealhulgas niisketes ruumides.<\/p>\n<p>Lubi viimistluskrohv on ideaalne neile, kes hindavad tugevat ja m\u00f5nev\u00f5rra robustset viimistlust.<\/p>\n<p>Lubi viimistluskrohv on v\u00e4ga vastupidav ja sobib fassaadide, koridoride ja vannitubade viimistlemiseks. Lubikrohv reguleerib ruumi niiskust ja p\u00e4rsib hallituse tekkimist, muutes selle sobivaks ka allergikutele.<\/p>\n<p>Traditsioonilistest retseptidest inspireerituna oleme loonud kaasaegse lubiviimistluse, mis on testitud vastavalt standardile EN 998-1.<\/p>\n<p>&nbsp;<\/p>\n<p><strong>Sobivad aluspinnad:<\/strong><\/p>\n<p>Puit (kaetud roo- v\u00f5i muu v\u00f5rguga)<br \/>\nKivi (telliskivi, konstruktsioonibeton)<br \/>\nPlokid (Bauroc, Fibo, Columbia)<br \/>\nKrohvid (lubikrohv, mineraalkrohvid)<br \/>\n\u00d5led (\u00f5lekrohvid)<br \/>\nRook (\u00f5hukesed rookmatid, rookpaneelid)<\/p>\n<p>&nbsp;<\/p>\n<ul>\n<li>V\u00e4rv: valge<\/li>\n<li>Terade suurus: 0\u20132 mm<\/li>\n<li>Maksimaalne kihi paksus: 6\u20138 mm<\/li>\n<li>Kulu: 7\u201310 kg\/1 m\u00b2<\/li>\n<li>Pakend: 25 kg kott, 500 kg Big-Bag, 1000 kg Big-Bag<\/li>\n<\/ul>\n<p>&nbsp;<\/p>\n<p>&nbsp;<\/p>\n<p><a href=\"https:\/\/factory.sale\/wp-content\/uploads\/2024\/10\/Lime-finish.pdf\" target=\"_blank\" rel=\"noopener\">Tootejuhend<\/a><\/p>\n","protected":false},"excerpt":{"rendered":"<p>Lubi rustik viimistluskrohv on tuntud viimistlusmaterjal ja tark valik parema sisekliima loomiseks ja hoonete tulekindlamaks muutmiseks.<\/p>\n<p>Lubi viimistluskrohv sobib suurep\u00e4raselt nii fassaadide kui ka siset\u00f6\u00f6de jaoks, sealhulgas niisketes ruumides.<\/p>\n","protected":false},"featured_media":92664,"comment_status":"open","ping_status":"closed","template":"","meta":{"_acf_changed":false},"factory":[],"free-shipment":[],"product_brand":[4557],"product_cat":[3472,814],"product_tag":[],"class_list":{"0":"post-92674","1":"product","2":"type-product","3":"status-publish","4":"has-post-thumbnail","6":"product_brand-uku","7":"product_cat-looduslikud-ehituslahendused","8":"product_cat-uldehitus","10":"first","11":"instock","12":"sale","13":"taxable","14":"shipping-taxable","15":"purchasable","16":"product-type-simple"},"acf":[],"_links":{"self":[{"href":"https:\/\/factory.sale\/et\/wp-json\/wp\/v2\/product\/92674","targetHints":{"allow":["GET"]}}],"collection":[{"href":"https:\/\/factory.sale\/et\/wp-json\/wp\/v2\/product"}],"about":[{"href":"https:\/\/factory.sale\/et\/wp-json\/wp\/v2\/types\/product"}],"replies":[{"embeddable":true,"href":"https:\/\/factory.sale\/et\/wp-json\/wp\/v2\/comments?post=92674"}],"wp:featuredmedia":[{"embeddable":true,"href":"https:\/\/factory.sale\/et\/wp-json\/wp\/v2\/media\/92664"}],"wp:attachment":[{"href":"https:\/\/factory.sale\/et\/wp-json\/wp\/v2\/media?parent=92674"}],"wp:term":[{"taxonomy":"factory","embeddable":true,"href":"https:\/\/factory.sale\/et\/wp-json\/wp\/v2\/factory?post=92674"},{"taxonomy":"free-shipment","embeddable":true,"href":"https:\/\/factory.sale\/et\/wp-json\/wp\/v2\/free-shipment?post=92674"},{"taxonomy":"product_brand","embeddable":true,"href":"https:\/\/factory.sale\/et\/wp-json\/wp\/v2\/product_brand?post=92674"},{"taxonomy":"product_cat","embeddable":true,"href":"https:\/\/factory.sale\/et\/wp-json\/wp\/v2\/product_cat?post=92674"},{"taxonomy":"product_tag","embeddable":true,"href":"https:\/\/factory.sale\/et\/wp-json\/wp\/v2\/product_tag?post=92674"}],"curies":[{"name":"wp","href":"https:\/\/api.w.org\/{rel}","templated":true}]}}