{"id":92658,"date":"2024-11-11T00:37:04","date_gmt":"2024-11-10T21:55:09","guid":{"rendered":"https:\/\/factory.sale\/?post_type=product&#038;p=92658"},"modified":"2026-03-29T15:08:59","modified_gmt":"2026-03-29T12:08:59","slug":"saun-tuulikki-terrassiga","status":"publish","type":"product","link":"https:\/\/factory.sale\/et\/toode\/saun-tuulikki-terrassiga\/","title":{"rendered":"Saun &#8220;Tuulikki&#8221; terrassiga"},"content":{"rendered":"<p>V\u00e4lisaun Tuulikki pakub hubast saunatamise kogemust ning m\u00f5nusat koosveedetud aega s\u00f5prade ja perega. P\u00f5hjamaisest kuusepuidust 42 mm paksused seinad lisavad loodusesse sobiva rustikaalse ilme, mida tasakaalustab karastatud klaasist klaassein, luues ruumi valgust ja avarust. Kvaliteetsest haavapuust k\u00e4sitsi valmistatud lava on mugav, kuumakindel ja vastupidav, tehes iga saunak\u00e4imise nauditavaks. Avar integreeritud terrass sobib ideaalselt jahtumiseks, looduse nautimiseks v\u00f5i lihtsalt l\u00f5\u00f5gastumiseks enne ja p\u00e4rast sauna.<\/p>\n<ul>\n<li>Tehnilised andmed:<\/li>\n<li>V\u00e4lism\u00f5\u00f5tmed (koos terrassiga): P: 4408 mm, L: 2338 mm, K: 2325 mm<\/li>\n<li>Ukse m\u00f5\u00f5tmed: 843 mm x 1939 mm<\/li>\n<li>Akna m\u00f5\u00f5tmed: 653 mm x 1782 mm<\/li>\n<li>Seinalauad: 42 mm x 145 mm<\/li>\n<li>Katuse talade m\u00f5\u00f5tmed: 44 mm x 120 mm x 2300 mm<\/li>\n<li>P\u00f5randalaudade paksus: 19 mm x 95 mm<\/li>\n<li>Katuseplaatide paksus: 19 mm x 97 mm<\/li>\n<li>Katusematerjal: iseliimuv Toptite 6<\/li>\n<li>Vundamenditalad: 44 mm x 120 mm<\/li>\n<\/ul>\n<p>Saunalavad:<\/p>\n<ul>\n<li>\u00dclemine lava: 90 \u00d7 543 \u00d7 2000 mm<\/li>\n<li>Alumine lava: 90 \u00d7 348 \u00d7 2000 mm<\/li>\n<\/ul>\n<p>Peamised omadused:<\/p>\n<ul>\n<li>Valmistatud kvaliteetsest p\u00f5hjamaise kuusepuidust<\/li>\n<li>Eraldi riietusruum privaatsuse ja mugavuse tagamiseks<\/li>\n<li>Moodne lamekatusega disain<\/li>\n<li>Suured karastatud klaasist aknad, mis lasevad sisse loomulikku valgust<\/li>\n<li>Tugevad 42 mm paksud seinad<\/li>\n<li>Kompaktne, kuid avar paigutus, mis sobib erinevatesse v\u00e4litingimustesse<\/li>\n<\/ul>\n<p>Komplektis sisaldub:<\/p>\n<ul>\n<li>Komplektne saun p\u00f5hjamaise kuusepuidust (t\u00f6\u00f6tlemata, monteerimata, tarnitakse detailidena lamedas pakendis)<\/li>\n<li>Lavad ja seljatoed, et pakkuda mugavat saunaelamust<\/li>\n<li>Klaasaknad ja -uksed, mis loovad stiilse disaini<\/li>\n<li>Katusematerjal: Toptite 6<\/li>\n<li>Paigaldusjuhend ja kinnitusvahendid lihtsaks kokkupanekuks<\/li>\n<\/ul>\n<p>NB! K\u00fctteseade ei kuulu komplekti.<\/p>\n<p>Soovituslikud kerised:<\/p>\n<blockquote class=\"wp-embedded-content\" data-secret=\"6T9c5Etocf\">    <div class=\"col-xl-3 col-6\">\n        <div class=\"product-card h-100\">\n            <div class=\"ratio ratio-4x3 overflow-hidden\">\n                <a href=\"https:\/\/factory.sale\/et\/toode\/huum-hive-flow-puukuttega-keris-98kw-2\/\">\n                    <img loading=\"lazy\" decoding=\"async\" width=\"768\" height=\"768\" src=\"https:\/\/factory.sale\/wp-content\/uploads\/2024\/07\/wood-burning-sauna-heater-huum-hive-flow-factory-sale.webp\" class=\"img-fluid object-fit-contain w-100 h-100\" alt=\"HUUM HIVE Flow puuk\u00fcttega keris 9,8kW\" srcset=\"https:\/\/factory.sale\/wp-content\/uploads\/2024\/07\/wood-burning-sauna-heater-huum-hive-flow-factory-sale.webp 2304w, https:\/\/factory.sale\/wp-content\/uploads\/2024\/07\/wood-burning-sauna-heater-huum-hive-flow-factory-sale-300x300.webp 300w, https:\/\/factory.sale\/wp-content\/uploads\/2024\/07\/wood-burning-sauna-heater-huum-hive-flow-factory-sale-1024x1024.webp 1024w, https:\/\/factory.sale\/wp-content\/uploads\/2024\/07\/wood-burning-sauna-heater-huum-hive-flow-factory-sale-150x150.webp 150w, https:\/\/factory.sale\/wp-content\/uploads\/2024\/07\/wood-burning-sauna-heater-huum-hive-flow-factory-sale-1536x1536.webp 1536w, https:\/\/factory.sale\/wp-content\/uploads\/2024\/07\/wood-burning-sauna-heater-huum-hive-flow-factory-sale-2048x2048.webp 2048w, https:\/\/factory.sale\/wp-content\/uploads\/2024\/07\/wood-burning-sauna-heater-huum-hive-flow-factory-sale-400x400.webp 400w, https:\/\/factory.sale\/wp-content\/uploads\/2024\/07\/wood-burning-sauna-heater-huum-hive-flow-factory-sale-600x600.webp 600w, https:\/\/factory.sale\/wp-content\/uploads\/2024\/07\/wood-burning-sauna-heater-huum-hive-flow-factory-sale-100x100.webp 100w\" sizes=\"auto, (max-width: 768px) 100vw, 768px\" \/>                <\/a>\n            <\/div>\n\n            <div class=\"px-xl-3 px-2 py-3 text-xl-start\">\n                <a class=\"product-title-link\" href=\"https:\/\/factory.sale\/et\/toode\/huum-hive-flow-puukuttega-keris-98kw-2\/\">\n                    <p class=\"d-none d-xl-block\">HUUM HIVE Flow puuk\u00fcttega keris 9,8kW<\/p>\n                    <p class=\"d-xl-none\">HUUM HIVE Flow puuk\u00fcttega keris 9,8kW<\/p>\n                <\/a>\n\n                <div class=\"price\">\n                                            <span class=\"new-price\"><span class=\"woocommerce-Price-amount amount\"><bdi><span class=\"woocommerce-Price-currencySymbol\">&euro;<\/span>1 380,00<\/bdi><\/span><\/span>\n                        <span class=\"old-price\"><span class=\"woocommerce-Price-amount amount\"><bdi><span class=\"woocommerce-Price-currencySymbol\">&euro;<\/span>1 528,00<\/bdi><\/span><\/span>\n                                    <\/div>\n\n                <div class=\"d-xl-grid d-none gap-4 d-xl-flex justify-content-start mt-2\">\n                    <button class=\"btn btn-product ajax-add-to-quote w-100 mt-1rem\"\n                            data-product-id=\"87872\">\n                        Add to quote\n                    <\/button>\n                <\/div>\n            <\/div>\n\n                            <div class=\"sale\">Sale -10%<\/div>\n                    <\/div>\n    <\/div>\n    <\/blockquote>\n<p><iframe loading=\"lazy\" class=\"wp-embedded-content\" sandbox=\"allow-scripts\" security=\"restricted\" style=\"position: absolute; visibility: hidden;\" title=\"&#8220;HUUM HIVE Flow wood-burning stove 9,8kW&#8221; &#8212; Factory Sale\" src=\"https:\/\/factory.sale\/et\/toode\/huum-hive-flow-puukuttega-keris-98kw-2\/embed\/#?secret=UX3jZpoK7u#?secret=6T9c5Etocf\" data-secret=\"6T9c5Etocf\" width=\"500\" height=\"282\" frameborder=\"0\" marginwidth=\"0\" marginheight=\"0\" scrolling=\"no\"><\/iframe><\/p>\n<blockquote class=\"wp-embedded-content\" data-secret=\"o98timUiBO\">    <div class=\"col-xl-3 col-6\">\n        <div class=\"product-card h-100\">\n            <div class=\"ratio ratio-4x3 overflow-hidden\">\n                <a href=\"https:\/\/factory.sale\/et\/toode\/puukuttega-keris-huum-hive-wood-13-kw\/\">\n                    <img loading=\"lazy\" decoding=\"async\" width=\"768\" height=\"768\" src=\"https:\/\/factory.sale\/wp-content\/uploads\/2021\/03\/huum-hive-wood-sauna-heater-13kw-factory-sale-768x768.webp\" class=\"img-fluid object-fit-contain w-100 h-100\" alt=\"Puuk\u00fcttega keris HUUM HIVE WOOD 13 kW\" srcset=\"https:\/\/factory.sale\/wp-content\/uploads\/2021\/03\/huum-hive-wood-sauna-heater-13kw-factory-sale-768x768.webp 768w, https:\/\/factory.sale\/wp-content\/uploads\/2021\/03\/huum-hive-wood-sauna-heater-13kw-factory-sale-300x300.webp 300w, https:\/\/factory.sale\/wp-content\/uploads\/2021\/03\/huum-hive-wood-sauna-heater-13kw-factory-sale-1024x1024.webp 1024w, https:\/\/factory.sale\/wp-content\/uploads\/2021\/03\/huum-hive-wood-sauna-heater-13kw-factory-sale-150x150.webp 150w, https:\/\/factory.sale\/wp-content\/uploads\/2021\/03\/huum-hive-wood-sauna-heater-13kw-factory-sale-1536x1536.webp 1536w, https:\/\/factory.sale\/wp-content\/uploads\/2021\/03\/huum-hive-wood-sauna-heater-13kw-factory-sale-2048x2048.webp 2048w, https:\/\/factory.sale\/wp-content\/uploads\/2021\/03\/huum-hive-wood-sauna-heater-13kw-factory-sale-600x600.webp 600w, https:\/\/factory.sale\/wp-content\/uploads\/2021\/03\/huum-hive-wood-sauna-heater-13kw-factory-sale-100x100.webp 100w\" sizes=\"auto, (max-width: 768px) 100vw, 768px\" \/>                <\/a>\n            <\/div>\n\n            <div class=\"px-xl-3 px-2 py-3 text-xl-start\">\n                <a class=\"product-title-link\" href=\"https:\/\/factory.sale\/et\/toode\/puukuttega-keris-huum-hive-wood-13-kw\/\">\n                    <p class=\"d-none d-xl-block\">Puuk\u00fcttega keris HUUM HIVE WOOD 13 kW<\/p>\n                    <p class=\"d-xl-none\">Puuk\u00fcttega keris HUUM HIVE WOOD 13 kW<\/p>\n                <\/a>\n\n                <div class=\"price\">\n                                            <span class=\"new-price\"><span class=\"woocommerce-Price-amount amount\"><bdi><span class=\"woocommerce-Price-currencySymbol\">&euro;<\/span>1 000,00<\/bdi><\/span><\/span>\n                        <span class=\"old-price\"><span class=\"woocommerce-Price-amount amount\"><bdi><span class=\"woocommerce-Price-currencySymbol\">&euro;<\/span>1 100,00<\/bdi><\/span><\/span>\n                                    <\/div>\n\n                <div class=\"d-xl-grid d-none gap-4 d-xl-flex justify-content-start mt-2\">\n                    <button class=\"btn btn-product ajax-add-to-quote w-100 mt-1rem\"\n                            data-product-id=\"4788\">\n                        Add to quote\n                    <\/button>\n                <\/div>\n            <\/div>\n\n                            <div class=\"sale\">Sale -9%<\/div>\n                    <\/div>\n    <\/div>\n    <\/blockquote>\n<p><iframe loading=\"lazy\" class=\"wp-embedded-content\" sandbox=\"allow-scripts\" security=\"restricted\" style=\"position: absolute; visibility: hidden;\" title=\"&#8220;Puuk\u00fcttega keris HUUM HIVE WOOD 13 kW&#8221; &#8212; Factory Sale\" src=\"https:\/\/factory.sale\/et\/toode\/puukuttega-keris-huum-hive-wood-13-kw\/embed\/#?secret=w0uykS02UY#?secret=o98timUiBO\" data-secret=\"o98timUiBO\" width=\"500\" height=\"282\" frameborder=\"0\" marginwidth=\"0\" marginheight=\"0\" scrolling=\"no\"><\/iframe><\/p>\n<blockquote class=\"wp-embedded-content\" data-secret=\"4MBRikzzx0\">    <div class=\"col-xl-3 col-6\">\n        <div class=\"product-card h-100\">\n            <div class=\"ratio ratio-4x3 overflow-hidden\">\n                <a href=\"https:\/\/factory.sale\/et\/toode\/puukeris-huum-hive-wood-17kw\/\">\n                    <img loading=\"lazy\" decoding=\"async\" width=\"768\" height=\"768\" src=\"https:\/\/factory.sale\/wp-content\/uploads\/2022\/08\/huum-hive-wood-sauna-heater-factory-sale-2-1.webp\" class=\"img-fluid object-fit-contain w-100 h-100\" alt=\"Puuk\u00fcttega keris HUUM HIVE Wood 17kW\" srcset=\"https:\/\/factory.sale\/wp-content\/uploads\/2022\/08\/huum-hive-wood-sauna-heater-factory-sale-2-1.webp 2304w, https:\/\/factory.sale\/wp-content\/uploads\/2022\/08\/huum-hive-wood-sauna-heater-factory-sale-2-1-300x300.webp 300w, https:\/\/factory.sale\/wp-content\/uploads\/2022\/08\/huum-hive-wood-sauna-heater-factory-sale-2-1-1024x1024.webp 1024w, https:\/\/factory.sale\/wp-content\/uploads\/2022\/08\/huum-hive-wood-sauna-heater-factory-sale-2-1-150x150.webp 150w, https:\/\/factory.sale\/wp-content\/uploads\/2022\/08\/huum-hive-wood-sauna-heater-factory-sale-2-1-1536x1536.webp 1536w, https:\/\/factory.sale\/wp-content\/uploads\/2022\/08\/huum-hive-wood-sauna-heater-factory-sale-2-1-2048x2048.webp 2048w, https:\/\/factory.sale\/wp-content\/uploads\/2022\/08\/huum-hive-wood-sauna-heater-factory-sale-2-1-400x400.webp 400w, https:\/\/factory.sale\/wp-content\/uploads\/2022\/08\/huum-hive-wood-sauna-heater-factory-sale-2-1-600x600.webp 600w, https:\/\/factory.sale\/wp-content\/uploads\/2022\/08\/huum-hive-wood-sauna-heater-factory-sale-2-1-100x100.webp 100w\" sizes=\"auto, (max-width: 768px) 100vw, 768px\" \/>                <\/a>\n            <\/div>\n\n            <div class=\"px-xl-3 px-2 py-3 text-xl-start\">\n                <a class=\"product-title-link\" href=\"https:\/\/factory.sale\/et\/toode\/puukeris-huum-hive-wood-17kw\/\">\n                    <p class=\"d-none d-xl-block\">Puuk\u00fcttega keris HUUM HIVE Wood 17kW<\/p>\n                    <p class=\"d-xl-none\">Puuk\u00fcttega keris HUUM HIVE Wood 17kW<\/p>\n                <\/a>\n\n                <div class=\"price\">\n                                            <span class=\"new-price\"><span class=\"woocommerce-Price-amount amount\"><bdi><span class=\"woocommerce-Price-currencySymbol\">&euro;<\/span>1 165,00<\/bdi><\/span><\/span>\n                        <span class=\"old-price\"><span class=\"woocommerce-Price-amount amount\"><bdi><span class=\"woocommerce-Price-currencySymbol\">&euro;<\/span>1 281,00<\/bdi><\/span><\/span>\n                                    <\/div>\n\n                <div class=\"d-xl-grid d-none gap-4 d-xl-flex justify-content-start mt-2\">\n                    <button class=\"btn btn-product ajax-add-to-quote w-100 mt-1rem\"\n                            data-product-id=\"11663\">\n                        Add to quote\n                    <\/button>\n                <\/div>\n            <\/div>\n\n                            <div class=\"sale\">Sale -9%<\/div>\n                    <\/div>\n    <\/div>\n    <\/blockquote>\n<p><iframe loading=\"lazy\" class=\"wp-embedded-content\" sandbox=\"allow-scripts\" security=\"restricted\" style=\"position: absolute; visibility: hidden;\" title=\"&#8220;Puuk\u00fcttega keris HUUM HIVE Wood 17kW&#8221; &#8212; Factory Sale\" src=\"https:\/\/factory.sale\/et\/toode\/puukeris-huum-hive-wood-17kw\/embed\/#?secret=vmh7OCgwU7#?secret=4MBRikzzx0\" data-secret=\"4MBRikzzx0\" width=\"500\" height=\"282\" frameborder=\"0\" marginwidth=\"0\" marginheight=\"0\" scrolling=\"no\"><\/iframe><\/p>\n<blockquote class=\"wp-embedded-content\" data-secret=\"LIq6iHOhk6\">    <div class=\"col-xl-3 col-6\">\n        <div class=\"product-card h-100\">\n            <div class=\"ratio ratio-4x3 overflow-hidden\">\n                <a href=\"https:\/\/factory.sale\/et\/toode\/elektrikeris-huum-hive-15kw\/\">\n                    <img loading=\"lazy\" decoding=\"async\" width=\"768\" height=\"768\" src=\"https:\/\/factory.sale\/wp-content\/uploads\/2022\/08\/huum-hive-sauna-heater-electric-15kw-incl-factory-sale-768x768.webp\" class=\"img-fluid object-fit-contain w-100 h-100\" alt=\"Elektrikeris HUUM HIVE 15kW \u00f5hutunneliga\" srcset=\"https:\/\/factory.sale\/wp-content\/uploads\/2022\/08\/huum-hive-sauna-heater-electric-15kw-incl-factory-sale-768x768.webp 768w, https:\/\/factory.sale\/wp-content\/uploads\/2022\/08\/huum-hive-sauna-heater-electric-15kw-incl-factory-sale-300x300.webp 300w, https:\/\/factory.sale\/wp-content\/uploads\/2022\/08\/huum-hive-sauna-heater-electric-15kw-incl-factory-sale-1024x1024.webp 1024w, https:\/\/factory.sale\/wp-content\/uploads\/2022\/08\/huum-hive-sauna-heater-electric-15kw-incl-factory-sale-150x150.webp 150w, https:\/\/factory.sale\/wp-content\/uploads\/2022\/08\/huum-hive-sauna-heater-electric-15kw-incl-factory-sale-1536x1536.webp 1536w, https:\/\/factory.sale\/wp-content\/uploads\/2022\/08\/huum-hive-sauna-heater-electric-15kw-incl-factory-sale-2048x2048.webp 2048w, https:\/\/factory.sale\/wp-content\/uploads\/2022\/08\/huum-hive-sauna-heater-electric-15kw-incl-factory-sale-600x600.webp 600w, https:\/\/factory.sale\/wp-content\/uploads\/2022\/08\/huum-hive-sauna-heater-electric-15kw-incl-factory-sale-100x100.webp 100w\" sizes=\"auto, (max-width: 768px) 100vw, 768px\" \/>                <\/a>\n            <\/div>\n\n            <div class=\"px-xl-3 px-2 py-3 text-xl-start\">\n                <a class=\"product-title-link\" href=\"https:\/\/factory.sale\/et\/toode\/elektrikeris-huum-hive-15kw\/\">\n                    <p class=\"d-none d-xl-block\">Elektrikeris HUUM HIVE 15kW \u00f5hutunneliga<\/p>\n                    <p class=\"d-xl-none\">Elektrikeris HUUM HIVE 15kW \u00f5hutunneliga<\/p>\n                <\/a>\n\n                <div class=\"price\">\n                                            <span class=\"new-price\"><span class=\"woocommerce-Price-amount amount\"><bdi><span class=\"woocommerce-Price-currencySymbol\">&euro;<\/span>1 018,00<\/bdi><\/span><\/span>\n                        <span class=\"old-price\"><span class=\"woocommerce-Price-amount amount\"><bdi><span class=\"woocommerce-Price-currencySymbol\">&euro;<\/span>1 119,00<\/bdi><\/span><\/span>\n                                    <\/div>\n\n                <div class=\"d-xl-grid d-none gap-4 d-xl-flex justify-content-start mt-2\">\n                    <button class=\"btn btn-product ajax-add-to-quote w-100 mt-1rem\"\n                            data-product-id=\"11733\">\n                        Add to quote\n                    <\/button>\n                <\/div>\n            <\/div>\n\n                            <div class=\"sale\">Sale -9%<\/div>\n                    <\/div>\n    <\/div>\n    <\/blockquote>\n<p><iframe loading=\"lazy\" class=\"wp-embedded-content\" sandbox=\"allow-scripts\" security=\"restricted\" style=\"position: absolute; visibility: hidden;\" title=\"&#8220;Elektrikeris HUUM HIVE 15kW \u00f5hutunneliga&#8221; &#8212; Factory Sale\" src=\"https:\/\/factory.sale\/et\/toode\/elektrikeris-huum-hive-15kw\/embed\/#?secret=UuYbWSLeNb#?secret=LIq6iHOhk6\" data-secret=\"LIq6iHOhk6\" width=\"500\" height=\"282\" frameborder=\"0\" marginwidth=\"0\" marginheight=\"0\" scrolling=\"no\"><\/iframe><\/p>\n<p>Tugev ja vastupidav v\u00e4litingimustes kasutamiseks<br \/>\nDisainitud kestma ka karmides ilmastikutingimustes, sobib see saun paigaldamiseks \u00f5ue, pakkudes sulle soojust ja hubasust isegi jahedatel p\u00e4evadel.<\/p>\n<p>Saun on pakitud m\u00f5\u00f5tmetega 232 cm x 120 cm x 120 cm ja kaalub umbes 1000 kg, et tagada lihtne transport ja turvaline kohaletoimetamine.<\/p>\n","protected":false},"excerpt":{"rendered":"<p>P\u00f5hjamaa kvaliteet tagahoovis \u2013 puidust v\u00e4lisaun koos avara terrassiga! Anita v\u00e4lisaun on sobilik igasse aeda v\u00f5i \u00f5uealale, pakkudes l\u00f5\u00f5gastavat saunakogemust v\u00f5imalusega vaadelda avaral terrasil t\u00e4histaevast v\u00f5i nautida grillimist s\u00f5pradega. Vastupidavad karastatud maast laeni klaasaknad lisavad avarust ning k\u00e4sitsi valmistatud haavapuust pingid \u00fchendavad funktsionaalsuse ja elegantsi.<\/p>\n","protected":false},"featured_media":90505,"comment_status":"open","ping_status":"closed","template":"","meta":{"_acf_changed":false},"factory":[],"free-shipment":[],"product_brand":[],"product_cat":[826,4778,2257],"product_tag":[811],"class_list":{"0":"post-92658","1":"product","2":"type-product","3":"status-publish","4":"has-post-thumbnail","6":"product_cat-saunas-et","7":"product_cat-saunad","8":"product_cat-valisaun","9":"product_tag-sauna-et","11":"first","12":"instock","13":"sale","14":"taxable","15":"shipping-taxable","16":"purchasable","17":"product-type-simple"},"acf":[],"_links":{"self":[{"href":"https:\/\/factory.sale\/et\/wp-json\/wp\/v2\/product\/92658","targetHints":{"allow":["GET"]}}],"collection":[{"href":"https:\/\/factory.sale\/et\/wp-json\/wp\/v2\/product"}],"about":[{"href":"https:\/\/factory.sale\/et\/wp-json\/wp\/v2\/types\/product"}],"replies":[{"embeddable":true,"href":"https:\/\/factory.sale\/et\/wp-json\/wp\/v2\/comments?post=92658"}],"wp:featuredmedia":[{"embeddable":true,"href":"https:\/\/factory.sale\/et\/wp-json\/wp\/v2\/media\/90505"}],"wp:attachment":[{"href":"https:\/\/factory.sale\/et\/wp-json\/wp\/v2\/media?parent=92658"}],"wp:term":[{"taxonomy":"factory","embeddable":true,"href":"https:\/\/factory.sale\/et\/wp-json\/wp\/v2\/factory?post=92658"},{"taxonomy":"free-shipment","embeddable":true,"href":"https:\/\/factory.sale\/et\/wp-json\/wp\/v2\/free-shipment?post=92658"},{"taxonomy":"product_brand","embeddable":true,"href":"https:\/\/factory.sale\/et\/wp-json\/wp\/v2\/product_brand?post=92658"},{"taxonomy":"product_cat","embeddable":true,"href":"https:\/\/factory.sale\/et\/wp-json\/wp\/v2\/product_cat?post=92658"},{"taxonomy":"product_tag","embeddable":true,"href":"https:\/\/factory.sale\/et\/wp-json\/wp\/v2\/product_tag?post=92658"}],"curies":[{"name":"wp","href":"https:\/\/api.w.org\/{rel}","templated":true}]}}