{"id":92654,"date":"2024-11-11T00:37:09","date_gmt":"2024-11-10T21:57:00","guid":{"rendered":"https:\/\/factory.sale\/?post_type=product&#038;p=92654"},"modified":"2026-03-29T15:05:54","modified_gmt":"2026-03-29T12:05:54","slug":"saun-tuulikki","status":"publish","type":"product","link":"https:\/\/factory.sale\/et\/toode\/saun-tuulikki\/","title":{"rendered":"Saun &#8220;Tuulikki&#8221;"},"content":{"rendered":"<p>V\u00e4lisaun Tuulikki pakub hubast saunatamise kogemust ning m\u00f5nusat koosveedetud aega s\u00f5prade ja perega. P\u00f5hjamaisest kuusepuidust 42 mm paksused seinad annavad rustikaalse ilme saunamajale ning mida tasakaalustab karastatud klaasist klaassein tuues ruumi valgust ja avarust.<br \/>\nKvaliteetsest haavapuust k\u00e4sitsi valmistatud lava on mugav, kuumakindel ja vastupidav, tehes iga saunask\u00e4imise nauditavaks.<\/p>\n<p class=\"\" data-start=\"986\" data-end=\"1008\">Tehnilised andmed:<\/p>\n<ul data-start=\"1010\" data-end=\"1398\">\n<li class=\"\" data-start=\"1010\" data-end=\"1066\">\n<p class=\"\" data-start=\"1012\" data-end=\"1066\">V\u00e4lism\u00f5\u00f5dud: 2328 mm x 2095 mm x 2116 mm (K x L x S)<\/p>\n<\/li>\n<li class=\"\" data-start=\"1067\" data-end=\"1100\">\n<p class=\"\" data-start=\"1069\" data-end=\"1100\">Ukse m\u00f5\u00f5dud: 843 mm x 1939 mm<\/p>\n<\/li>\n<li class=\"\" data-start=\"1101\" data-end=\"1133\">\n<p class=\"\" data-start=\"1103\" data-end=\"1133\">Seinalauad: 42 mm x 145 mm<\/p>\n<\/li>\n<li class=\"\" data-start=\"1134\" data-end=\"1177\">\n<p class=\"\" data-start=\"1136\" data-end=\"1177\">Katuseprussid: 44 mm x 120 mm x 2300 mm<\/p>\n<\/li>\n<li class=\"\" data-start=\"1178\" data-end=\"1209\">\n<p class=\"\" data-start=\"1180\" data-end=\"1209\">P\u00f5randalauad: 19 mm x 95 mm<\/p>\n<\/li>\n<li class=\"\" data-start=\"1210\" data-end=\"1240\">\n<p class=\"\" data-start=\"1212\" data-end=\"1240\">Katuselauad: 19 mm x 97 mm<\/p>\n<\/li>\n<li class=\"\" data-start=\"1241\" data-end=\"1280\">\n<p class=\"\" data-start=\"1243\" data-end=\"1280\">Katusematerjal: iseliimuv Toptite 6<\/p>\n<\/li>\n<li class=\"\" data-start=\"1281\" data-end=\"1318\">\n<p class=\"\" data-start=\"1283\" data-end=\"1318\">Alusraamiprussid: 44 mm x 120 mm<\/p>\n<\/li>\n<li class=\"\" data-start=\"1319\" data-end=\"1398\">\n<p class=\"\" data-start=\"1321\" data-end=\"1398\">Saunapingid: \u00fclemine pink 90 x 543 x 2000 mm, alumine pink 90 x 348 x 2000 mm<\/p>\n<\/li>\n<\/ul>\n<p class=\"\" data-start=\"484\" data-end=\"506\">Peamised omadused:<\/p>\n<ul data-start=\"508\" data-end=\"984\">\n<li class=\"\" data-start=\"508\" data-end=\"663\">\n<p class=\"\" data-start=\"510\" data-end=\"663\">Kvaliteetsed p\u00f5hjamaisest kuusest seinad \u2013 42 mm paksused seinad tagavad loodusliku vastupidavuse v\u00e4listingimustes.<\/p>\n<\/li>\n<li class=\"\" data-start=\"664\" data-end=\"824\">\n<p class=\"\" data-start=\"666\" data-end=\"824\">Karastatud klaasdetailid \u2013 8 mm karastatud klaasuks ja 4 mm karastatud klaasaknad lasevad loomuliku valguse sisse, pakkudes samas privaatsust ja tugevust.<\/p>\n<\/li>\n<li class=\"\" data-start=\"825\" data-end=\"984\">\n<p class=\"\" data-start=\"827\" data-end=\"984\">Luksuslikud haavapuidust pingid \u2013 valmistatud kvaliteetsest haavapuidust pingid on mugavad, vastupidavad suurele kuumusele.<\/p>\n<\/li>\n<\/ul>\n<p>Komplektis sisaldub:<\/p>\n<ul>\n<li>Komplektne saun p\u00f5hjamaisest kuusepuidust (t\u00f6\u00f6tlemata puit, tarnitakse lahtiv\u00f5etuna alusel)<\/li>\n<li>Lavad ja seljatoed<\/li>\n<li>Klaasaknad ja -uks<\/li>\n<li>Katusematerjal: Toptite 6<\/li>\n<li>Paigaldusjuhend ja kinnitusvahendid<\/li>\n<\/ul>\n<p>NB! K\u00fctteseade ei kuulu komplekti.<\/p>\n<p>Soovituslikud kerised:<\/p>\n<blockquote class=\"wp-embedded-content\" data-secret=\"ruJEuUUkFv\">    <div class=\"col-xl-3 col-6\">\n        <div class=\"product-card h-100\">\n            <div class=\"ratio ratio-4x3 overflow-hidden\">\n                <a href=\"https:\/\/factory.sale\/et\/toode\/huum-hive-flow-puukuttega-keris-98kw-2\/\">\n                    <img loading=\"lazy\" decoding=\"async\" width=\"768\" height=\"768\" src=\"https:\/\/factory.sale\/wp-content\/uploads\/2024\/07\/wood-burning-sauna-heater-huum-hive-flow-factory-sale.webp\" class=\"img-fluid object-fit-contain w-100 h-100\" alt=\"HUUM HIVE Flow puuk\u00fcttega keris 9,8kW\" srcset=\"https:\/\/factory.sale\/wp-content\/uploads\/2024\/07\/wood-burning-sauna-heater-huum-hive-flow-factory-sale.webp 2304w, https:\/\/factory.sale\/wp-content\/uploads\/2024\/07\/wood-burning-sauna-heater-huum-hive-flow-factory-sale-300x300.webp 300w, https:\/\/factory.sale\/wp-content\/uploads\/2024\/07\/wood-burning-sauna-heater-huum-hive-flow-factory-sale-1024x1024.webp 1024w, https:\/\/factory.sale\/wp-content\/uploads\/2024\/07\/wood-burning-sauna-heater-huum-hive-flow-factory-sale-150x150.webp 150w, https:\/\/factory.sale\/wp-content\/uploads\/2024\/07\/wood-burning-sauna-heater-huum-hive-flow-factory-sale-1536x1536.webp 1536w, https:\/\/factory.sale\/wp-content\/uploads\/2024\/07\/wood-burning-sauna-heater-huum-hive-flow-factory-sale-2048x2048.webp 2048w, https:\/\/factory.sale\/wp-content\/uploads\/2024\/07\/wood-burning-sauna-heater-huum-hive-flow-factory-sale-400x400.webp 400w, https:\/\/factory.sale\/wp-content\/uploads\/2024\/07\/wood-burning-sauna-heater-huum-hive-flow-factory-sale-600x600.webp 600w, https:\/\/factory.sale\/wp-content\/uploads\/2024\/07\/wood-burning-sauna-heater-huum-hive-flow-factory-sale-100x100.webp 100w\" sizes=\"auto, (max-width: 768px) 100vw, 768px\" \/>                <\/a>\n            <\/div>\n\n            <div class=\"px-xl-3 px-2 py-3 text-xl-start\">\n                <a class=\"product-title-link\" href=\"https:\/\/factory.sale\/et\/toode\/huum-hive-flow-puukuttega-keris-98kw-2\/\">\n                    <p class=\"d-none d-xl-block\">HUUM HIVE Flow puuk\u00fcttega keris 9,8kW<\/p>\n                    <p class=\"d-xl-none\">HUUM HIVE Flow puuk\u00fcttega keris 9,8kW<\/p>\n                <\/a>\n\n                <div class=\"price\">\n                                            <span class=\"new-price\"><span class=\"woocommerce-Price-amount amount\"><bdi><span class=\"woocommerce-Price-currencySymbol\">&euro;<\/span>1 380,00<\/bdi><\/span><\/span>\n                        <span class=\"old-price\"><span class=\"woocommerce-Price-amount amount\"><bdi><span class=\"woocommerce-Price-currencySymbol\">&euro;<\/span>1 528,00<\/bdi><\/span><\/span>\n                                    <\/div>\n\n                <div class=\"d-xl-grid d-none gap-4 d-xl-flex justify-content-start mt-2\">\n                    <button class=\"btn btn-product ajax-add-to-quote w-100 mt-1rem\"\n                            data-product-id=\"87872\">\n                        Add to quote\n                    <\/button>\n                <\/div>\n            <\/div>\n\n                            <div class=\"sale\">Sale -10%<\/div>\n                    <\/div>\n    <\/div>\n    <\/blockquote>\n<p><iframe loading=\"lazy\" class=\"wp-embedded-content\" sandbox=\"allow-scripts\" security=\"restricted\" style=\"position: absolute; visibility: hidden;\" title=\"&#8220;HUUM HIVE Flow wood-burning stove 9,8kW&#8221; &#8212; Factory Sale\" src=\"https:\/\/factory.sale\/et\/toode\/huum-hive-flow-puukuttega-keris-98kw-2\/embed\/#?secret=iB4UR3z0pA#?secret=ruJEuUUkFv\" data-secret=\"ruJEuUUkFv\" width=\"500\" height=\"282\" frameborder=\"0\" marginwidth=\"0\" marginheight=\"0\" scrolling=\"no\"><\/iframe><\/p>\n<blockquote class=\"wp-embedded-content\" data-secret=\"DPwfG6KAOE\">    <div class=\"col-xl-3 col-6\">\n        <div class=\"product-card h-100\">\n            <div class=\"ratio ratio-4x3 overflow-hidden\">\n                <a href=\"https:\/\/factory.sale\/et\/toode\/puukuttega-keris-huum-hive-wood-13-kw\/\">\n                    <img loading=\"lazy\" decoding=\"async\" width=\"768\" height=\"768\" src=\"https:\/\/factory.sale\/wp-content\/uploads\/2021\/03\/huum-hive-wood-sauna-heater-13kw-factory-sale-768x768.webp\" class=\"img-fluid object-fit-contain w-100 h-100\" alt=\"Puuk\u00fcttega keris HUUM HIVE WOOD 13 kW\" srcset=\"https:\/\/factory.sale\/wp-content\/uploads\/2021\/03\/huum-hive-wood-sauna-heater-13kw-factory-sale-768x768.webp 768w, https:\/\/factory.sale\/wp-content\/uploads\/2021\/03\/huum-hive-wood-sauna-heater-13kw-factory-sale-300x300.webp 300w, https:\/\/factory.sale\/wp-content\/uploads\/2021\/03\/huum-hive-wood-sauna-heater-13kw-factory-sale-1024x1024.webp 1024w, https:\/\/factory.sale\/wp-content\/uploads\/2021\/03\/huum-hive-wood-sauna-heater-13kw-factory-sale-150x150.webp 150w, https:\/\/factory.sale\/wp-content\/uploads\/2021\/03\/huum-hive-wood-sauna-heater-13kw-factory-sale-1536x1536.webp 1536w, https:\/\/factory.sale\/wp-content\/uploads\/2021\/03\/huum-hive-wood-sauna-heater-13kw-factory-sale-2048x2048.webp 2048w, https:\/\/factory.sale\/wp-content\/uploads\/2021\/03\/huum-hive-wood-sauna-heater-13kw-factory-sale-600x600.webp 600w, https:\/\/factory.sale\/wp-content\/uploads\/2021\/03\/huum-hive-wood-sauna-heater-13kw-factory-sale-100x100.webp 100w\" sizes=\"auto, (max-width: 768px) 100vw, 768px\" \/>                <\/a>\n            <\/div>\n\n            <div class=\"px-xl-3 px-2 py-3 text-xl-start\">\n                <a class=\"product-title-link\" href=\"https:\/\/factory.sale\/et\/toode\/puukuttega-keris-huum-hive-wood-13-kw\/\">\n                    <p class=\"d-none d-xl-block\">Puuk\u00fcttega keris HUUM HIVE WOOD 13 kW<\/p>\n                    <p class=\"d-xl-none\">Puuk\u00fcttega keris HUUM HIVE WOOD 13 kW<\/p>\n                <\/a>\n\n                <div class=\"price\">\n                                            <span class=\"new-price\"><span class=\"woocommerce-Price-amount amount\"><bdi><span class=\"woocommerce-Price-currencySymbol\">&euro;<\/span>1 000,00<\/bdi><\/span><\/span>\n                        <span class=\"old-price\"><span class=\"woocommerce-Price-amount amount\"><bdi><span class=\"woocommerce-Price-currencySymbol\">&euro;<\/span>1 100,00<\/bdi><\/span><\/span>\n                                    <\/div>\n\n                <div class=\"d-xl-grid d-none gap-4 d-xl-flex justify-content-start mt-2\">\n                    <button class=\"btn btn-product ajax-add-to-quote w-100 mt-1rem\"\n                            data-product-id=\"4788\">\n                        Add to quote\n                    <\/button>\n                <\/div>\n            <\/div>\n\n                            <div class=\"sale\">Sale -9%<\/div>\n                    <\/div>\n    <\/div>\n    <\/blockquote>\n<p><iframe loading=\"lazy\" class=\"wp-embedded-content\" sandbox=\"allow-scripts\" security=\"restricted\" style=\"position: absolute; visibility: hidden;\" title=\"&#8220;Puuk\u00fcttega keris HUUM HIVE WOOD 13 kW&#8221; &#8212; Factory Sale\" src=\"https:\/\/factory.sale\/et\/toode\/puukuttega-keris-huum-hive-wood-13-kw\/embed\/#?secret=oFj8xC2Rvq#?secret=DPwfG6KAOE\" data-secret=\"DPwfG6KAOE\" width=\"500\" height=\"282\" frameborder=\"0\" marginwidth=\"0\" marginheight=\"0\" scrolling=\"no\"><\/iframe><\/p>\n<blockquote class=\"wp-embedded-content\" data-secret=\"LkC7BvDPEe\">    <div class=\"col-xl-3 col-6\">\n        <div class=\"product-card h-100\">\n            <div class=\"ratio ratio-4x3 overflow-hidden\">\n                <a href=\"https:\/\/factory.sale\/et\/toode\/puukeris-huum-hive-wood-17kw\/\">\n                    <img loading=\"lazy\" decoding=\"async\" width=\"768\" height=\"768\" src=\"https:\/\/factory.sale\/wp-content\/uploads\/2022\/08\/huum-hive-wood-sauna-heater-factory-sale-2-1.webp\" class=\"img-fluid object-fit-contain w-100 h-100\" alt=\"Puuk\u00fcttega keris HUUM HIVE Wood 17kW\" srcset=\"https:\/\/factory.sale\/wp-content\/uploads\/2022\/08\/huum-hive-wood-sauna-heater-factory-sale-2-1.webp 2304w, https:\/\/factory.sale\/wp-content\/uploads\/2022\/08\/huum-hive-wood-sauna-heater-factory-sale-2-1-300x300.webp 300w, https:\/\/factory.sale\/wp-content\/uploads\/2022\/08\/huum-hive-wood-sauna-heater-factory-sale-2-1-1024x1024.webp 1024w, https:\/\/factory.sale\/wp-content\/uploads\/2022\/08\/huum-hive-wood-sauna-heater-factory-sale-2-1-150x150.webp 150w, https:\/\/factory.sale\/wp-content\/uploads\/2022\/08\/huum-hive-wood-sauna-heater-factory-sale-2-1-1536x1536.webp 1536w, https:\/\/factory.sale\/wp-content\/uploads\/2022\/08\/huum-hive-wood-sauna-heater-factory-sale-2-1-2048x2048.webp 2048w, https:\/\/factory.sale\/wp-content\/uploads\/2022\/08\/huum-hive-wood-sauna-heater-factory-sale-2-1-400x400.webp 400w, https:\/\/factory.sale\/wp-content\/uploads\/2022\/08\/huum-hive-wood-sauna-heater-factory-sale-2-1-600x600.webp 600w, https:\/\/factory.sale\/wp-content\/uploads\/2022\/08\/huum-hive-wood-sauna-heater-factory-sale-2-1-100x100.webp 100w\" sizes=\"auto, (max-width: 768px) 100vw, 768px\" \/>                <\/a>\n            <\/div>\n\n            <div class=\"px-xl-3 px-2 py-3 text-xl-start\">\n                <a class=\"product-title-link\" href=\"https:\/\/factory.sale\/et\/toode\/puukeris-huum-hive-wood-17kw\/\">\n                    <p class=\"d-none d-xl-block\">Puuk\u00fcttega keris HUUM HIVE Wood 17kW<\/p>\n                    <p class=\"d-xl-none\">Puuk\u00fcttega keris HUUM HIVE Wood 17kW<\/p>\n                <\/a>\n\n                <div class=\"price\">\n                                            <span class=\"new-price\"><span class=\"woocommerce-Price-amount amount\"><bdi><span class=\"woocommerce-Price-currencySymbol\">&euro;<\/span>1 165,00<\/bdi><\/span><\/span>\n                        <span class=\"old-price\"><span class=\"woocommerce-Price-amount amount\"><bdi><span class=\"woocommerce-Price-currencySymbol\">&euro;<\/span>1 281,00<\/bdi><\/span><\/span>\n                                    <\/div>\n\n                <div class=\"d-xl-grid d-none gap-4 d-xl-flex justify-content-start mt-2\">\n                    <button class=\"btn btn-product ajax-add-to-quote w-100 mt-1rem\"\n                            data-product-id=\"11663\">\n                        Add to quote\n                    <\/button>\n                <\/div>\n            <\/div>\n\n                            <div class=\"sale\">Sale -9%<\/div>\n                    <\/div>\n    <\/div>\n    <\/blockquote>\n<p><iframe loading=\"lazy\" class=\"wp-embedded-content\" sandbox=\"allow-scripts\" security=\"restricted\" style=\"position: absolute; visibility: hidden;\" title=\"&#8220;Puuk\u00fcttega keris HUUM HIVE Wood 17kW&#8221; &#8212; Factory Sale\" src=\"https:\/\/factory.sale\/et\/toode\/puukeris-huum-hive-wood-17kw\/embed\/#?secret=x9ToYbwYt7#?secret=LkC7BvDPEe\" data-secret=\"LkC7BvDPEe\" width=\"500\" height=\"282\" frameborder=\"0\" marginwidth=\"0\" marginheight=\"0\" scrolling=\"no\"><\/iframe><\/p>\n<blockquote class=\"wp-embedded-content\" data-secret=\"BtOBsQF8AY\">    <div class=\"col-xl-3 col-6\">\n        <div class=\"product-card h-100\">\n            <div class=\"ratio ratio-4x3 overflow-hidden\">\n                <a href=\"https:\/\/factory.sale\/et\/toode\/elektrikeris-huum-hive-15kw\/\">\n                    <img loading=\"lazy\" decoding=\"async\" width=\"768\" height=\"768\" src=\"https:\/\/factory.sale\/wp-content\/uploads\/2022\/08\/huum-hive-sauna-heater-electric-15kw-incl-factory-sale-768x768.webp\" class=\"img-fluid object-fit-contain w-100 h-100\" alt=\"Elektrikeris HUUM HIVE 15kW \u00f5hutunneliga\" srcset=\"https:\/\/factory.sale\/wp-content\/uploads\/2022\/08\/huum-hive-sauna-heater-electric-15kw-incl-factory-sale-768x768.webp 768w, https:\/\/factory.sale\/wp-content\/uploads\/2022\/08\/huum-hive-sauna-heater-electric-15kw-incl-factory-sale-300x300.webp 300w, https:\/\/factory.sale\/wp-content\/uploads\/2022\/08\/huum-hive-sauna-heater-electric-15kw-incl-factory-sale-1024x1024.webp 1024w, https:\/\/factory.sale\/wp-content\/uploads\/2022\/08\/huum-hive-sauna-heater-electric-15kw-incl-factory-sale-150x150.webp 150w, https:\/\/factory.sale\/wp-content\/uploads\/2022\/08\/huum-hive-sauna-heater-electric-15kw-incl-factory-sale-1536x1536.webp 1536w, https:\/\/factory.sale\/wp-content\/uploads\/2022\/08\/huum-hive-sauna-heater-electric-15kw-incl-factory-sale-2048x2048.webp 2048w, https:\/\/factory.sale\/wp-content\/uploads\/2022\/08\/huum-hive-sauna-heater-electric-15kw-incl-factory-sale-600x600.webp 600w, https:\/\/factory.sale\/wp-content\/uploads\/2022\/08\/huum-hive-sauna-heater-electric-15kw-incl-factory-sale-100x100.webp 100w\" sizes=\"auto, (max-width: 768px) 100vw, 768px\" \/>                <\/a>\n            <\/div>\n\n            <div class=\"px-xl-3 px-2 py-3 text-xl-start\">\n                <a class=\"product-title-link\" href=\"https:\/\/factory.sale\/et\/toode\/elektrikeris-huum-hive-15kw\/\">\n                    <p class=\"d-none d-xl-block\">Elektrikeris HUUM HIVE 15kW \u00f5hutunneliga<\/p>\n                    <p class=\"d-xl-none\">Elektrikeris HUUM HIVE 15kW \u00f5hutunneliga<\/p>\n                <\/a>\n\n                <div class=\"price\">\n                                            <span class=\"new-price\"><span class=\"woocommerce-Price-amount amount\"><bdi><span class=\"woocommerce-Price-currencySymbol\">&euro;<\/span>1 018,00<\/bdi><\/span><\/span>\n                        <span class=\"old-price\"><span class=\"woocommerce-Price-amount amount\"><bdi><span class=\"woocommerce-Price-currencySymbol\">&euro;<\/span>1 119,00<\/bdi><\/span><\/span>\n                                    <\/div>\n\n                <div class=\"d-xl-grid d-none gap-4 d-xl-flex justify-content-start mt-2\">\n                    <button class=\"btn btn-product ajax-add-to-quote w-100 mt-1rem\"\n                            data-product-id=\"11733\">\n                        Add to quote\n                    <\/button>\n                <\/div>\n            <\/div>\n\n                            <div class=\"sale\">Sale -9%<\/div>\n                    <\/div>\n    <\/div>\n    <\/blockquote>\n<p><iframe loading=\"lazy\" class=\"wp-embedded-content\" sandbox=\"allow-scripts\" security=\"restricted\" style=\"position: absolute; visibility: hidden;\" title=\"&#8220;Elektrikeris HUUM HIVE 15kW \u00f5hutunneliga&#8221; &#8212; Factory Sale\" src=\"https:\/\/factory.sale\/et\/toode\/elektrikeris-huum-hive-15kw\/embed\/#?secret=zZN2eYTqwp#?secret=BtOBsQF8AY\" data-secret=\"BtOBsQF8AY\" width=\"500\" height=\"282\" frameborder=\"0\" marginwidth=\"0\" marginheight=\"0\" scrolling=\"no\"><\/iframe><\/p>\n<p>Tugev ja vastupidav v\u00e4litingimustes kasutamiseks saunamaja. Disainitud kestma ka karmides ilmastikutingimustes.<\/p>\n<p>Saun on alusel m\u00f5\u00f5tmetega 232 cm x 120 cm x 100 cm ja kaalub umbes 700 kg. Alus kaitstud OSB plaadiga.<\/p>\n<p>&nbsp;<\/p>\n","protected":false},"excerpt":{"rendered":"<p class=\"\" data-start=\"0\" data-end=\"44\">Tutvustame meie premium-klassi v\u00e4lisauna<\/p>\n<p class=\"\" data-start=\"46\" data-end=\"393\">Muuda oma \u00f5u luksuslikuks pelgupaigaks selle kaunilt disainitud saunaga, mis on valmistatud kvaliteetsest p\u00f5hjamaisest kuusest. Ideaalne igasse hoovi \u2013 see saun pakub l\u00f5\u00f5gastumiseks t\u00f5elist heaoluelamust. Karastatud klaasaknad ja k\u00e4sit\u00f6\u00f6na valminud haavapuidust pingid loovad t\u00e4iusliku tasakaalu stiili, mugavuse ja vastupidavuse vahel.<\/p>\n","protected":false},"featured_media":90523,"comment_status":"open","ping_status":"closed","template":"","meta":{"_acf_changed":false},"factory":[],"free-shipment":[],"product_brand":[],"product_cat":[826,2257],"product_tag":[811],"class_list":{"0":"post-92654","1":"product","2":"type-product","3":"status-publish","4":"has-post-thumbnail","6":"product_cat-saunas-et","7":"product_cat-valisaun","8":"product_tag-sauna-et","10":"first","11":"instock","12":"sale","13":"taxable","14":"shipping-taxable","15":"purchasable","16":"product-type-simple"},"acf":[],"_links":{"self":[{"href":"https:\/\/factory.sale\/et\/wp-json\/wp\/v2\/product\/92654","targetHints":{"allow":["GET"]}}],"collection":[{"href":"https:\/\/factory.sale\/et\/wp-json\/wp\/v2\/product"}],"about":[{"href":"https:\/\/factory.sale\/et\/wp-json\/wp\/v2\/types\/product"}],"replies":[{"embeddable":true,"href":"https:\/\/factory.sale\/et\/wp-json\/wp\/v2\/comments?post=92654"}],"wp:featuredmedia":[{"embeddable":true,"href":"https:\/\/factory.sale\/et\/wp-json\/wp\/v2\/media\/90523"}],"wp:attachment":[{"href":"https:\/\/factory.sale\/et\/wp-json\/wp\/v2\/media?parent=92654"}],"wp:term":[{"taxonomy":"factory","embeddable":true,"href":"https:\/\/factory.sale\/et\/wp-json\/wp\/v2\/factory?post=92654"},{"taxonomy":"free-shipment","embeddable":true,"href":"https:\/\/factory.sale\/et\/wp-json\/wp\/v2\/free-shipment?post=92654"},{"taxonomy":"product_brand","embeddable":true,"href":"https:\/\/factory.sale\/et\/wp-json\/wp\/v2\/product_brand?post=92654"},{"taxonomy":"product_cat","embeddable":true,"href":"https:\/\/factory.sale\/et\/wp-json\/wp\/v2\/product_cat?post=92654"},{"taxonomy":"product_tag","embeddable":true,"href":"https:\/\/factory.sale\/et\/wp-json\/wp\/v2\/product_tag?post=92654"}],"curies":[{"name":"wp","href":"https:\/\/api.w.org\/{rel}","templated":true}]}}