{"id":92648,"date":"2024-10-31T13:19:04","date_gmt":"2024-10-31T10:23:08","guid":{"rendered":"https:\/\/factory.sale\/?post_type=product&#038;p=92648"},"modified":"2025-09-15T22:34:31","modified_gmt":"2025-09-15T19:34:31","slug":"marmor-lubikrohv","status":"publish","type":"product","link":"https:\/\/factory.sale\/et\/toode\/marmor-lubikrohv\/","title":{"rendered":"UKU Marmor lubikrohv"},"content":{"rendered":"<p>UKU Marmor lubikrohvidel on v\u00e4ga hea nakkumine ja pinnatugevus, mist\u00f5ttu sobivad need ka k\u00f5ige n\u00f5udlikumatele pindadele. Valikus on kaks erinevat v\u00e4rvi, m\u00f5lemad kahes fraktsioonis \u2013 nii peenem kui ka j\u00e4medam.<\/p>\n<p>Marmor lubikrohvi saab toonida looduslike savikrohvide ja pigmentidega. Sobib nii sise- kui ka v\u00e4listingimustes kasutamiseks.<\/p>\n<p>Marmor lubikrohv on erakordselt plastiline ja kergesti paigaldatav, olles parim, mida t\u00e4nap\u00e4eva v\u00f5imalused pakuvad.<\/p>\n<p>T\u00e4nu oma heale nakkumisele sobib krohv kipsplaatide viimistlemiseks ning k\u00f5igi t\u00e4nap\u00e4evaste ja ajalooliste krohvide viimistlemiseks.<\/p>\n<p>Marmor lubikrohv sobib h\u00e4sti karmidesse p\u00f5hjamaistesse tingimustesse ja talub ka h\u00e4sti kuiva k\u00f5rbe kuumust.<\/p>\n<p>Sobivad aluspinnad: krohvid (lubikrohv, mineraalkrohvid) V\u00f5ib paigaldada otse kipsplaadile.<\/p>\n<p>&nbsp;<\/p>\n<ul>\n<li>V\u00e4rv: valge, lumivalge<\/li>\n<li>Terade suurus: 0\u20131mm<\/li>\n<li>Maksimaalne kihi paksus: 3mm<\/li>\n<li>Kulu: 3\u20134,5 kg\/1 m\u00b2<\/li>\n<li>Pakend: 20 kg kott<\/li>\n<\/ul>\n<p><img loading=\"lazy\" decoding=\"async\" class=\"alignnone size-medium wp-image-118845\" src=\"https:\/\/factory.sale\/wp-content\/uploads\/2024\/10\/LIME-MARMORINO2-2048x1338-1-300x196.jpg\" alt=\"UKU Marmor lubikrohv\" width=\"300\" height=\"196\" srcset=\"https:\/\/factory.sale\/wp-content\/uploads\/2024\/10\/LIME-MARMORINO2-2048x1338-1-300x196.jpg 300w, https:\/\/factory.sale\/wp-content\/uploads\/2024\/10\/LIME-MARMORINO2-2048x1338-1-1024x669.jpg 1024w, https:\/\/factory.sale\/wp-content\/uploads\/2024\/10\/LIME-MARMORINO2-2048x1338-1-150x98.jpg 150w, https:\/\/factory.sale\/wp-content\/uploads\/2024\/10\/LIME-MARMORINO2-2048x1338-1-768x502.jpg 768w, https:\/\/factory.sale\/wp-content\/uploads\/2024\/10\/LIME-MARMORINO2-2048x1338-1-1536x1004.jpg 1536w, https:\/\/factory.sale\/wp-content\/uploads\/2024\/10\/LIME-MARMORINO2-2048x1338-1-600x392.jpg 600w, https:\/\/factory.sale\/wp-content\/uploads\/2024\/10\/LIME-MARMORINO2-2048x1338-1.jpg 2048w\" sizes=\"auto, (max-width: 300px) 100vw, 300px\" \/><\/p>\n<p>Tutvu teiste sarnaste toodetega\u00a0<a title=\"siin\" href=\"https:\/\/factory.sale\/et\/product-category\/uldehitus\/looduslikud-ehituslahendused\/\">siin<\/a><\/p>\n<p>&nbsp;<\/p>\n<p><a href=\"https:\/\/factory.sale\/wp-content\/uploads\/2024\/10\/Marble-lime-plaster-01.pdf\" target=\"_blank\" rel=\"noopener\">Tootejuhend<\/a><\/p>\n","protected":false},"excerpt":{"rendered":"<p>Marmor lubikrohvidel on v\u00e4ga hea nakkumine ja pinnatugevus, mist\u00f5ttu sobivad need ka k\u00f5ige n\u00f5udlikumatele pindadele. Valikus on kaks erinevat v\u00e4rvi, m\u00f5lemad kahes fraktsioonis \u2013 nii peenem kui ka j\u00e4medam.<\/p>\n<p>Marmor lubikrohvi saab toonida looduslike savikrohvide ja pigmentidega. Sobib nii sise- kui ka v\u00e4listingimustes kasutamiseks.<\/p>\n","protected":false},"featured_media":92640,"comment_status":"open","ping_status":"closed","template":"","meta":{"_acf_changed":false},"factory":[],"free-shipment":[],"product_brand":[4557],"product_cat":[3472,814],"product_tag":[],"class_list":{"0":"post-92648","1":"product","2":"type-product","3":"status-publish","4":"has-post-thumbnail","6":"product_brand-uku","7":"product_cat-looduslikud-ehituslahendused","8":"product_cat-uldehitus","10":"first","11":"instock","12":"sale","13":"taxable","14":"shipping-taxable","15":"purchasable","16":"product-type-simple"},"acf":[],"_links":{"self":[{"href":"https:\/\/factory.sale\/et\/wp-json\/wp\/v2\/product\/92648","targetHints":{"allow":["GET"]}}],"collection":[{"href":"https:\/\/factory.sale\/et\/wp-json\/wp\/v2\/product"}],"about":[{"href":"https:\/\/factory.sale\/et\/wp-json\/wp\/v2\/types\/product"}],"replies":[{"embeddable":true,"href":"https:\/\/factory.sale\/et\/wp-json\/wp\/v2\/comments?post=92648"}],"wp:featuredmedia":[{"embeddable":true,"href":"https:\/\/factory.sale\/et\/wp-json\/wp\/v2\/media\/92640"}],"wp:attachment":[{"href":"https:\/\/factory.sale\/et\/wp-json\/wp\/v2\/media?parent=92648"}],"wp:term":[{"taxonomy":"factory","embeddable":true,"href":"https:\/\/factory.sale\/et\/wp-json\/wp\/v2\/factory?post=92648"},{"taxonomy":"free-shipment","embeddable":true,"href":"https:\/\/factory.sale\/et\/wp-json\/wp\/v2\/free-shipment?post=92648"},{"taxonomy":"product_brand","embeddable":true,"href":"https:\/\/factory.sale\/et\/wp-json\/wp\/v2\/product_brand?post=92648"},{"taxonomy":"product_cat","embeddable":true,"href":"https:\/\/factory.sale\/et\/wp-json\/wp\/v2\/product_cat?post=92648"},{"taxonomy":"product_tag","embeddable":true,"href":"https:\/\/factory.sale\/et\/wp-json\/wp\/v2\/product_tag?post=92648"}],"curies":[{"name":"wp","href":"https:\/\/api.w.org\/{rel}","templated":true}]}}