{"id":92625,"date":"2024-10-31T13:29:02","date_gmt":"2024-10-31T10:30:22","guid":{"rendered":"https:\/\/factory.sale\/?post_type=product&#038;p=92625"},"modified":"2025-09-15T17:45:46","modified_gmt":"2025-09-15T14:45:46","slug":"uku-lubivarv-mattviimistlusega-hea-katvusega","status":"publish","type":"product","link":"https:\/\/factory.sale\/et\/toode\/uku-lubivarv-mattviimistlusega-hea-katvusega\/","title":{"rendered":"UKU Lubiv\u00e4rv"},"content":{"rendered":"<p>UKU Lubiv\u00e4rv on mati viimistlusega v\u00e4rv, mis katab h\u00e4sti ja lisab isikup\u00e4ra siledatele pindadele, j\u00e4ttes pinnale kerge tekstuuri. Loomulik valge lubiv\u00e4rv on v\u00f5imalik toonida laias v\u00e4rvipigmentide valikus. UKU lubiv\u00e4rv sobib ideaalselt nii ajalooliste kui ka kaasaegsete hoonete v\u00e4rvimiseks nii siseruumides kui ka v\u00e4ljas.<\/p>\n<p>Lubiv\u00e4rv on suurep\u00e4rane valik neile, kes otsivad looduslikku, j\u00e4tkusuutlikku ja pikaajalist v\u00e4rvi, mis on samal ajal esteetiliselt meeldiv.<\/p>\n<p>Lubiv\u00e4rv on valmistatud looduslikest materjalidest, mist\u00f5ttu on see ohutu ja keskkonnas\u00f5bralik viimistlus.<\/p>\n<p>Lubiv\u00e4rvil ei ole l\u00f5hna ning see ei sisalda lenduvaid orgaanilisi \u00fchendeid ega s\u00fcnteetilisi liime ja s\u00e4ilitusaineid. Seda saab kasutada igasugustes ruumides, sealhulgas seinte ja lakke, aga ka vannitoas, k\u00f6\u00f6gis, kaminates ja fassaadidel.<\/p>\n<p>Lubiv\u00e4rv ei takista aluse veevaporatsiooni ja on lihtne paigaldada. V\u00e4rvitud pind j\u00e4\u00e4b matiks ega peegelda valgust. T\u00e4ielik katvus saavutatakse kahe kihiga; pintsliga kantuna loob see pinnale kauni pilves efekti.<\/p>\n<p>Sobivad aluspinnad: krohv (savikrohv, lubikrohv, mineraalkrohid), kivi (telliskivi, konstruktsioonibetoon), ehitusplokk (Bauroc, Fibo, Columbia), gipsplaat (Knauf, Fermacell).<\/p>\n<p>&nbsp;<\/p>\n<ul>\n<li>V\u00e4rv: valge. Saab toonida pigmente kasutades.<\/li>\n<li>Terade suurus: 0\u20130,2 mm<\/li>\n<li>Kulu: 0,2 kg\/m\u00b2 kahe kihiga<\/li>\n<li>Pakend: 1 kg \u00e4mber, 5 kg \u00e4mber, 10 kg \u00e4mber<\/li>\n<\/ul>\n<p><img loading=\"lazy\" decoding=\"async\" class=\"alignnone size-medium wp-image-118831\" src=\"https:\/\/factory.sale\/wp-content\/uploads\/2024\/10\/uku-300x233.jpg\" alt=\"UKU lubiv\u00e4rv\" width=\"300\" height=\"233\" srcset=\"https:\/\/factory.sale\/wp-content\/uploads\/2024\/10\/uku-300x233.jpg 300w, https:\/\/factory.sale\/wp-content\/uploads\/2024\/10\/uku-150x116.jpg 150w, https:\/\/factory.sale\/wp-content\/uploads\/2024\/10\/uku-600x466.jpg 600w, https:\/\/factory.sale\/wp-content\/uploads\/2024\/10\/uku.jpg 667w\" sizes=\"auto, (max-width: 300px) 100vw, 300px\" \/><\/p>\n<p>&nbsp;<\/p>\n<p><a href=\"https:\/\/factory.sale\/wp-content\/uploads\/2024\/10\/Lime-paint.pdf\" target=\"_blank\" rel=\"noopener\">Tootejuhend<\/a><\/p>\n<p><a href=\"https:\/\/factory.sale\/wp-content\/uploads\/2024\/10\/Lime-paint.pdf\" target=\"_blank\" rel=\"noopener\">Peamised v\u00e4rvid<\/a><\/p>\n<p>&nbsp;<\/p>\n<p>&nbsp;<\/p>\n<div class=\"video-wrapper \"><iframe loading=\"lazy\" title=\"Preparing UKU structural lime paint for application\" width=\"500\" height=\"281\" src=\"https:\/\/www.youtube.com\/embed\/Pahg4XVHYU8?feature=oembed\" frameborder=\"0\" allow=\"accelerometer; autoplay; clipboard-write; encrypted-media; gyroscope; picture-in-picture; web-share\" referrerpolicy=\"strict-origin-when-cross-origin\" allowfullscreen><\/iframe><\/div>\n<div class=\"video-wrapper \"><iframe loading=\"lazy\" title=\"Applying UKU structural lime paint\" width=\"500\" height=\"281\" src=\"https:\/\/www.youtube.com\/embed\/UZKgErMJa-Y?feature=oembed\" frameborder=\"0\" allow=\"accelerometer; autoplay; clipboard-write; encrypted-media; gyroscope; picture-in-picture; web-share\" referrerpolicy=\"strict-origin-when-cross-origin\" allowfullscreen><\/iframe><\/div>\n","protected":false},"excerpt":{"rendered":"<p>Lubiv\u00e4rv on mati viimistlusega v\u00e4rv, mis katab h\u00e4sti ja lisab isikup\u00e4ra siledatele pindadele, j\u00e4ttes pinnale kerge tekstuuri. Loomulik valge lubiv\u00e4rv on v\u00f5imalik toonida laias v\u00e4rvipigmentide valikus. UKU lubiv\u00e4rv sobib ideaalselt nii ajalooliste kui ka kaasaegsete hoonete v\u00e4rvimiseks nii siseruumides kui ka v\u00e4ljas.<\/p>\n","protected":false},"featured_media":92620,"comment_status":"open","ping_status":"closed","template":"","meta":{"_acf_changed":false},"factory":[],"free-shipment":[],"product_brand":[4557],"product_cat":[3472,814],"product_tag":[1579],"class_list":{"0":"post-92625","1":"product","2":"type-product","3":"status-publish","4":"has-post-thumbnail","6":"product_brand-uku","7":"product_cat-looduslikud-ehituslahendused","8":"product_cat-uldehitus","9":"product_tag-paint-et","11":"first","12":"instock","13":"sale","14":"taxable","15":"shipping-taxable","16":"purchasable","17":"product-type-simple"},"acf":[],"_links":{"self":[{"href":"https:\/\/factory.sale\/et\/wp-json\/wp\/v2\/product\/92625","targetHints":{"allow":["GET"]}}],"collection":[{"href":"https:\/\/factory.sale\/et\/wp-json\/wp\/v2\/product"}],"about":[{"href":"https:\/\/factory.sale\/et\/wp-json\/wp\/v2\/types\/product"}],"replies":[{"embeddable":true,"href":"https:\/\/factory.sale\/et\/wp-json\/wp\/v2\/comments?post=92625"}],"wp:featuredmedia":[{"embeddable":true,"href":"https:\/\/factory.sale\/et\/wp-json\/wp\/v2\/media\/92620"}],"wp:attachment":[{"href":"https:\/\/factory.sale\/et\/wp-json\/wp\/v2\/media?parent=92625"}],"wp:term":[{"taxonomy":"factory","embeddable":true,"href":"https:\/\/factory.sale\/et\/wp-json\/wp\/v2\/factory?post=92625"},{"taxonomy":"free-shipment","embeddable":true,"href":"https:\/\/factory.sale\/et\/wp-json\/wp\/v2\/free-shipment?post=92625"},{"taxonomy":"product_brand","embeddable":true,"href":"https:\/\/factory.sale\/et\/wp-json\/wp\/v2\/product_brand?post=92625"},{"taxonomy":"product_cat","embeddable":true,"href":"https:\/\/factory.sale\/et\/wp-json\/wp\/v2\/product_cat?post=92625"},{"taxonomy":"product_tag","embeddable":true,"href":"https:\/\/factory.sale\/et\/wp-json\/wp\/v2\/product_tag?post=92625"}],"curies":[{"name":"wp","href":"https:\/\/api.w.org\/{rel}","templated":true}]}}