{"id":92610,"date":"2024-10-31T13:33:34","date_gmt":"2024-10-31T10:34:52","guid":{"rendered":"https:\/\/factory.sale\/?post_type=product&#038;p=92610"},"modified":"2024-11-01T04:58:44","modified_gmt":"2024-11-01T01:58:44","slug":"tampsavi","status":"publish","type":"product","link":"https:\/\/factory.sale\/et\/toode\/tampsavi\/","title":{"rendered":"Tampsavi"},"content":{"rendered":"<p>Tampsavi on savisegu, mida kasutatakse massiivsete seinte ehitamiseks ja saviehitiste ulatuslikeks parandust\u00f6\u00f6deks. Tampimisprotsess j\u00e4tab seinale iseloomulikud horisontaalsed triibud, mis on ainulaadsed ja m\u00f5juvad interj\u00f6\u00f6ris pilkup\u00fc\u00fcdvalt.<\/p>\n<p>Lisaks j\u00e4tkusuutlikkusele ja v\u00e4ikesele keskkonnam\u00f5jule on tampitud saviseintel ka esteetiline eelis. Seinad j\u00e4etakse enamasti viimistlemata, et tuua esile savipinna loomulik tekstuur ja v\u00e4rv.<\/p>\n<p>Tampitud savitehnikat on kasutatud mitmel pool maailmas tuhandeid aastaid ning see on t\u00e4nap\u00e4evalgi j\u00e4tkusuutlik ja kulut\u00f5hus ehitusmeetod.<\/p>\n<p>Saviseintel on unikaalne orgaaniline v\u00e4limus, mis sulandub loomulikult \u00fcmbritsevasse keskkonda.<\/p>\n<p>Kui seina soovitud kuju ja suuruse raketis v\u00f5i vorm on paigas, t\u00e4idetakse see kihthaaval niiske tampimisseguga. Seej\u00e4rel tihendatakse iga kiht k\u00e4sitsi v\u00f5i mehaaniliste t\u00f6\u00f6riistade, n\u00e4iteks pneumaatilise tampijaga. Tampimine ehk tihendamine surub segu kokku, eemaldab \u00f5hutaskud ja loob tiheda, tugeva seina. Tavaliselt tampitakse korraga 10\u201320 cm segu, sest muidu v\u00f5ib kihi alumine osa j\u00e4\u00e4da ebapiisava tampimise t\u00f5ttu pehmeks.<\/p>\n<p>P\u00e4ikesesoojust koguvad saviseinad omavad suurep\u00e4rast soojusmassi, mis t\u00e4hendab, et nad suudavad p\u00e4eval soojust salvestada ja \u00f6\u00f6sel seda vabastada, v\u00e4hendades vajadust k\u00fcttes\u00fcsteemide j\u00e4rele. See toimib loomulikult juhul, kui p\u00e4ike neile peale paistab.<\/p>\n<p>&nbsp;<\/p>\n<p>&nbsp;<\/p>\n<ul>\n<li>V\u00e4rv: tumepunane<\/li>\n<li>Terade suurus: 0\u20138 mm<\/li>\n<li>Kulu: 1500\u20132000 kg\/m\u00b3<\/li>\n<li>Pakend: 25 kg (500 kg \/ 1000 kg Big-Bag eraldi tellimisel)<\/li>\n<\/ul>\n<p>&nbsp;<\/p>\n<p>&nbsp;<\/p>\n<p><a href=\"https:\/\/factory.sale\/wp-content\/uploads\/2024\/10\/Rammed-earth.pdf\" target=\"_blank\" rel=\"noopener\">Tootejuhend<\/a><\/p>\n","protected":false},"excerpt":{"rendered":"<p>Tampsavi on savisegu, mida kasutatakse massiivsete seinte ehitamiseks ja saviehitiste ulatuslikeks parandust\u00f6\u00f6deks. Tampimisprotsess j\u00e4tab seinale iseloomulikud horisontaalsed triibud, mis on ainulaadsed ja m\u00f5juvad interj\u00f6\u00f6ris pilkup\u00fc\u00fcdvalt.<\/p>\n","protected":false},"featured_media":92601,"comment_status":"open","ping_status":"closed","template":"","meta":{"_acf_changed":false},"factory":[],"free-shipment":[],"product_brand":[],"product_cat":[3108,1756],"product_tag":[],"class_list":{"0":"post-92610","1":"product","2":"type-product","3":"status-publish","4":"has-post-thumbnail","6":"product_cat-savitooted","7":"product_cat-viimistlus-materjalid","9":"first","10":"instock","11":"sale","12":"taxable","13":"shipping-taxable","14":"purchasable","15":"product-type-simple"},"acf":[],"_links":{"self":[{"href":"https:\/\/factory.sale\/et\/wp-json\/wp\/v2\/product\/92610","targetHints":{"allow":["GET"]}}],"collection":[{"href":"https:\/\/factory.sale\/et\/wp-json\/wp\/v2\/product"}],"about":[{"href":"https:\/\/factory.sale\/et\/wp-json\/wp\/v2\/types\/product"}],"replies":[{"embeddable":true,"href":"https:\/\/factory.sale\/et\/wp-json\/wp\/v2\/comments?post=92610"}],"wp:featuredmedia":[{"embeddable":true,"href":"https:\/\/factory.sale\/et\/wp-json\/wp\/v2\/media\/92601"}],"wp:attachment":[{"href":"https:\/\/factory.sale\/et\/wp-json\/wp\/v2\/media?parent=92610"}],"wp:term":[{"taxonomy":"factory","embeddable":true,"href":"https:\/\/factory.sale\/et\/wp-json\/wp\/v2\/factory?post=92610"},{"taxonomy":"free-shipment","embeddable":true,"href":"https:\/\/factory.sale\/et\/wp-json\/wp\/v2\/free-shipment?post=92610"},{"taxonomy":"product_brand","embeddable":true,"href":"https:\/\/factory.sale\/et\/wp-json\/wp\/v2\/product_brand?post=92610"},{"taxonomy":"product_cat","embeddable":true,"href":"https:\/\/factory.sale\/et\/wp-json\/wp\/v2\/product_cat?post=92610"},{"taxonomy":"product_tag","embeddable":true,"href":"https:\/\/factory.sale\/et\/wp-json\/wp\/v2\/product_tag?post=92610"}],"curies":[{"name":"wp","href":"https:\/\/api.w.org\/{rel}","templated":true}]}}