{"id":92587,"date":"2024-10-31T13:37:38","date_gmt":"2024-10-31T10:38:32","guid":{"rendered":"https:\/\/factory.sale\/?post_type=product&#038;p=92587"},"modified":"2024-12-27T01:32:05","modified_gmt":"2024-12-26T22:32:05","slug":"toorsavitellis","status":"publish","type":"product","link":"https:\/\/factory.sale\/et\/toode\/toorsavitellis\/","title":{"rendered":"Toorsavitellis"},"content":{"rendered":"<p>P\u00f5letamata savitellis ehk toorsavitellis on savist valmistatud ehituskivi, mida pole p\u00f5letatud. Inglise keeles tuntud kui CEB \u2013 compressed earth block. P\u00f5letamata savitellised on savist ja liivast vormitud ehituskivid, mis sobivad nii kandvate kui mittekandvate seinte ehitamiseks.<\/p>\n<p>L\u00f5una-Eestis toodetud toorsavitelliseid kasutatakse lisaks seinte ehitamisele ka ahjude, pliitide, kaminate ja soojam\u00fc\u00fcride ladumiseks. P\u00f5letamata savitellised on laialdaselt kasutusel ka savimajade renoveerimisel, kui on vaja t\u00e4ita suuremaid avasid ja pragusid seinas.<\/p>\n<p>P\u00f5letamata savitellised sobivad allergikutele, kuna hoiavad niiskuse taseme 50% l\u00e4hedal, mis p\u00e4rsib hallituse teket.<\/p>\n<p>UKU p\u00f5letamata savitellised on oma ainulaadsete soojussalvestus- ja niiskust reguleerivate omaduste t\u00f5ttu eriti v\u00e4\u00e4rtuslikud. Need omadused kaovad kivi p\u00f5letamisel.<\/p>\n<p>Savi reguleerib sisekliima \u00f5huniiskust loomulikul viisil. Niiske \u00f5hu korral imab savitellise sein liigset niiskust, kuid kuiva \u00f5hu korral vabastab niiskust tagasi ruumi.<\/p>\n<p>Suure massi t\u00f5ttu on savitellistel v\u00f5ime talletada soojust ja vabastada seda k\u00fclmemal perioodil, v\u00e4hendades hoones suuri temperatuurik\u00f5ikumisi.<\/p>\n<p>&nbsp;<\/p>\n<p>&nbsp;<\/p>\n<p><strong>V\u00e4rv:<\/strong> punane, hall<\/p>\n<p>&nbsp;<\/p>\n<p><strong>M\u00f5\u00f5dud:<\/strong><\/p>\n<p>295 x 140 x 90 mm<\/p>\n<p>295 x 140 x 70 mm<\/p>\n<p>295 x 140 x 50 mm<\/p>\n<p>&nbsp;<\/p>\n<p>&nbsp;<\/p>\n<p>&nbsp;<\/p>\n","protected":false},"excerpt":{"rendered":"<p>Toorsavitellis on savist valmistatud ehituskivi, mida pole p\u00f5letatud. Inglise keeles tuntud kui CEB \u2013 compressed earth block. Toorsavitellised on savist ja liivast vormitud ehituskivid, mis sobivad nii kandvate kui mittekandvate seinte ehitamiseks.<\/p>\n","protected":false},"featured_media":92581,"comment_status":"open","ping_status":"closed","template":"","meta":{"_acf_changed":false},"factory":[],"free-shipment":[],"product_brand":[],"product_cat":[3108,814],"product_tag":[],"class_list":{"0":"post-92587","1":"product","2":"type-product","3":"status-publish","4":"has-post-thumbnail","6":"product_cat-savitooted","7":"product_cat-uldehitus","9":"first","10":"instock","11":"sale","12":"taxable","13":"shipping-taxable","14":"purchasable","15":"product-type-simple"},"acf":[],"_links":{"self":[{"href":"https:\/\/factory.sale\/et\/wp-json\/wp\/v2\/product\/92587","targetHints":{"allow":["GET"]}}],"collection":[{"href":"https:\/\/factory.sale\/et\/wp-json\/wp\/v2\/product"}],"about":[{"href":"https:\/\/factory.sale\/et\/wp-json\/wp\/v2\/types\/product"}],"replies":[{"embeddable":true,"href":"https:\/\/factory.sale\/et\/wp-json\/wp\/v2\/comments?post=92587"}],"wp:featuredmedia":[{"embeddable":true,"href":"https:\/\/factory.sale\/et\/wp-json\/wp\/v2\/media\/92581"}],"wp:attachment":[{"href":"https:\/\/factory.sale\/et\/wp-json\/wp\/v2\/media?parent=92587"}],"wp:term":[{"taxonomy":"factory","embeddable":true,"href":"https:\/\/factory.sale\/et\/wp-json\/wp\/v2\/factory?post=92587"},{"taxonomy":"free-shipment","embeddable":true,"href":"https:\/\/factory.sale\/et\/wp-json\/wp\/v2\/free-shipment?post=92587"},{"taxonomy":"product_brand","embeddable":true,"href":"https:\/\/factory.sale\/et\/wp-json\/wp\/v2\/product_brand?post=92587"},{"taxonomy":"product_cat","embeddable":true,"href":"https:\/\/factory.sale\/et\/wp-json\/wp\/v2\/product_cat?post=92587"},{"taxonomy":"product_tag","embeddable":true,"href":"https:\/\/factory.sale\/et\/wp-json\/wp\/v2\/product_tag?post=92587"}],"curies":[{"name":"wp","href":"https:\/\/api.w.org\/{rel}","templated":true}]}}