{"id":92562,"date":"2024-10-27T17:17:07","date_gmt":"2024-10-31T11:10:46","guid":{"rendered":"https:\/\/factory.sale\/?post_type=product&#038;p=92562"},"modified":"2024-12-27T01:27:34","modified_gmt":"2024-12-26T22:27:34","slug":"savi-nakkesegu","status":"publish","type":"product","link":"https:\/\/factory.sale\/et\/toode\/savi-nakkesegu\/","title":{"rendered":"Savi nakkesegu"},"content":{"rendered":"<p>Savi nakkesegu kasutatakse saviseinte renoveerimist\u00f6\u00f6del, kus kogu pind kaetakse vahetult enne krohvimist v\u00f5i t\u00e4itmist \u00f5hukese liimisegukihiga. See savirikas segu tagab t\u00e4iusliku nakkumise pinna ja t\u00e4itekihi vahel ning on t\u00f5eline abimees saviehitushoonete renoveerimisel v\u00f5i \u00f5lgmajade sisekrohvimisel.<\/p>\n<p>Segu kasutatakse ka \u00f5lgmajade katmiseks enne krohvimist, kus segu surutakse k\u00e4sitsi \u00f5lgade vahele.<\/p>\n<p>Savi nakkesegu on valmistatud savist ja liivast, millele on lisatud rohkelt linakiudu.<\/p>\n<p>&nbsp;<\/p>\n<p>&nbsp;<\/p>\n<ul>\n<li>V\u00e4rv: tumepunane<\/li>\n<li>Terade suurus: 0\u20134 mm<\/li>\n<li>Pakend: 25 kg (500 kg \/ 1000 kg Big-Bag eraldi tellimisel)<\/li>\n<\/ul>\n","protected":false},"excerpt":{"rendered":"<p>Savi nakkesegu kasutatakse saviseinte renoveerimist\u00f6\u00f6del, kus kogu pind kaetakse vahetult enne krohvimist v\u00f5i t\u00e4itmist \u00f5hukese liimisegukihiga. See savirikas segu tagab t\u00e4iusliku nakkumise pinna ja t\u00e4itekihi vahel ning on t\u00f5eline abimees saviehitushoonete renoveerimisel v\u00f5i \u00f5lgmajade sisekrohvimisel.<\/p>\n","protected":false},"featured_media":92557,"comment_status":"open","ping_status":"closed","template":"","meta":{"_acf_changed":false},"factory":[],"free-shipment":[],"product_brand":[],"product_cat":[3108,1756],"product_tag":[],"class_list":{"0":"post-92562","1":"product","2":"type-product","3":"status-publish","4":"has-post-thumbnail","6":"product_cat-savitooted","7":"product_cat-viimistlus-materjalid","9":"first","10":"instock","11":"sale","12":"taxable","13":"shipping-taxable","14":"purchasable","15":"product-type-simple"},"acf":[],"_links":{"self":[{"href":"https:\/\/factory.sale\/et\/wp-json\/wp\/v2\/product\/92562","targetHints":{"allow":["GET"]}}],"collection":[{"href":"https:\/\/factory.sale\/et\/wp-json\/wp\/v2\/product"}],"about":[{"href":"https:\/\/factory.sale\/et\/wp-json\/wp\/v2\/types\/product"}],"replies":[{"embeddable":true,"href":"https:\/\/factory.sale\/et\/wp-json\/wp\/v2\/comments?post=92562"}],"wp:featuredmedia":[{"embeddable":true,"href":"https:\/\/factory.sale\/et\/wp-json\/wp\/v2\/media\/92557"}],"wp:attachment":[{"href":"https:\/\/factory.sale\/et\/wp-json\/wp\/v2\/media?parent=92562"}],"wp:term":[{"taxonomy":"factory","embeddable":true,"href":"https:\/\/factory.sale\/et\/wp-json\/wp\/v2\/factory?post=92562"},{"taxonomy":"free-shipment","embeddable":true,"href":"https:\/\/factory.sale\/et\/wp-json\/wp\/v2\/free-shipment?post=92562"},{"taxonomy":"product_brand","embeddable":true,"href":"https:\/\/factory.sale\/et\/wp-json\/wp\/v2\/product_brand?post=92562"},{"taxonomy":"product_cat","embeddable":true,"href":"https:\/\/factory.sale\/et\/wp-json\/wp\/v2\/product_cat?post=92562"},{"taxonomy":"product_tag","embeddable":true,"href":"https:\/\/factory.sale\/et\/wp-json\/wp\/v2\/product_tag?post=92562"}],"curies":[{"name":"wp","href":"https:\/\/api.w.org\/{rel}","templated":true}]}}