{"id":92541,"date":"2024-10-27T17:01:17","date_gmt":"2024-10-27T14:02:01","guid":{"rendered":"https:\/\/factory.sale\/?post_type=product&#038;p=92541"},"modified":"2024-12-27T01:22:22","modified_gmt":"2024-12-26T22:22:22","slug":"savi-ahjusegu","status":"publish","type":"product","link":"https:\/\/factory.sale\/et\/toode\/savi-ahjusegu\/","title":{"rendered":"Savi ahjusegu"},"content":{"rendered":"<p>Savim\u00f6rt k\u00fcttekolletele on m\u00f5eldud tugevate ja vastupidavate k\u00fcttekollete (ahjude, kaminate, pliitide) v\u00e4lisvoodri ladumiseks ja parandamiseks, samuti korstnate, soojade seinte ja korstnate remondiks siseruumides. See sobib ideaalselt tooresavi- ja p\u00f5letatud telliste ladumiseks ning potikivide t\u00e4itmiseks.<\/p>\n<p>UKU ahjusegul on v\u00e4ga hea nakkumine, t\u00f6\u00f6deldavus ja pinnatugevus; see talub suuri temperatuurik\u00f5ikumisi, ei sisalda tervisele kahjulikke aineid ja on nahas\u00f5bralik.<\/p>\n<p>UKU ahjusegu on tsemendivaba ja ei sisalda ohtlikke lisaaineid, olles 100% looduslik ja taaskasutatav materjal.<\/p>\n<p>Savi ahjusegu saab kasutada lisaks k\u00fcttekollete v\u00e4lisvoodri ladumisele ka vaheseinte ja kandvate seinte ehitamisel. Valmissegatud ahjusegu on ohutu kasutada ka j\u00e4rgmisel p\u00e4eval.<\/p>\n<p>L\u00f5una-Eestis toodetud UKU kvaliteetsed ahjusegud koosnevad k\u00f5rgekvaliteedilisest savist ja spetsiaalse s\u00f5elk\u00f5vera j\u00e4rgi hoolikalt valitud liivast, millele on lisatud hundinuiakiudu.<\/p>\n<p>Erinevat tooni vuukide jaoks v\u00f5ib kasutada j\u00e4relvuukimist, j\u00e4ttes ladumise ajal 5\u201310 mm s\u00fcgavuse vuugi, mille saab hiljem toonida UKU dekoratiivkrohvide v\u00f5i viimistluskrohvidega. Vuugid saab katta ka UKU saviv\u00e4rvidega.<\/p>\n<p>&nbsp;<\/p>\n<p>&nbsp;<\/p>\n<p>&nbsp;<\/p>\n<ul>\n<li>V\u00e4rvitoonid: tumepunane, sinine \/ Ettetellimisel pruun, punane, hall<\/li>\n<li>Terade suurus: 0\u20132 mm<\/li>\n<li>Kulu: 0,6\u20131 kg\/tellis<\/li>\n<li>Vuugi maksimaalne paksus: 6\u20138 mm<\/li>\n<li>Pakend: 25 kg kott<\/li>\n<\/ul>\n<p>&nbsp;<\/p>\n<p>&nbsp;<\/p>\n<p>&nbsp;<\/p>\n<p><a href=\"https:\/\/factory.sale\/wp-content\/uploads\/2024\/10\/Masonry-mix.pdf\" target=\"_blank\" rel=\"noopener\">Toote kasutusjuhend<\/a><\/p>\n","protected":false},"excerpt":{"rendered":"<p>Savim\u00f6rt k\u00fcttekolletele on m\u00f5eldud tugevate ja vastupidavate k\u00fcttekollete (ahjude, kaminate, pliitide) v\u00e4lisvoodri ladumiseks ja parandamiseks, samuti korstnate, soojade seinte ja korstnate remondiks siseruumides. See sobib ideaalselt tooresavi- ja p\u00f5letatud telliste ladumiseks ning potikivide t\u00e4itmiseks.<\/p>\n","protected":false},"featured_media":92546,"comment_status":"open","ping_status":"closed","template":"","meta":{"_acf_changed":false},"factory":[],"free-shipment":[],"product_brand":[],"product_cat":[3108,1756],"product_tag":[],"class_list":{"0":"post-92541","1":"product","2":"type-product","3":"status-publish","4":"has-post-thumbnail","6":"product_cat-savitooted","7":"product_cat-viimistlus-materjalid","9":"first","10":"instock","11":"sale","12":"taxable","13":"shipping-taxable","14":"purchasable","15":"product-type-simple"},"acf":[],"_links":{"self":[{"href":"https:\/\/factory.sale\/et\/wp-json\/wp\/v2\/product\/92541","targetHints":{"allow":["GET"]}}],"collection":[{"href":"https:\/\/factory.sale\/et\/wp-json\/wp\/v2\/product"}],"about":[{"href":"https:\/\/factory.sale\/et\/wp-json\/wp\/v2\/types\/product"}],"replies":[{"embeddable":true,"href":"https:\/\/factory.sale\/et\/wp-json\/wp\/v2\/comments?post=92541"}],"wp:featuredmedia":[{"embeddable":true,"href":"https:\/\/factory.sale\/et\/wp-json\/wp\/v2\/media\/92546"}],"wp:attachment":[{"href":"https:\/\/factory.sale\/et\/wp-json\/wp\/v2\/media?parent=92541"}],"wp:term":[{"taxonomy":"factory","embeddable":true,"href":"https:\/\/factory.sale\/et\/wp-json\/wp\/v2\/factory?post=92541"},{"taxonomy":"free-shipment","embeddable":true,"href":"https:\/\/factory.sale\/et\/wp-json\/wp\/v2\/free-shipment?post=92541"},{"taxonomy":"product_brand","embeddable":true,"href":"https:\/\/factory.sale\/et\/wp-json\/wp\/v2\/product_brand?post=92541"},{"taxonomy":"product_cat","embeddable":true,"href":"https:\/\/factory.sale\/et\/wp-json\/wp\/v2\/product_cat?post=92541"},{"taxonomy":"product_tag","embeddable":true,"href":"https:\/\/factory.sale\/et\/wp-json\/wp\/v2\/product_tag?post=92541"}],"curies":[{"name":"wp","href":"https:\/\/api.w.org\/{rel}","templated":true}]}}