{"id":92529,"date":"2024-10-31T14:17:31","date_gmt":"2024-10-31T11:18:51","guid":{"rendered":"https:\/\/factory.sale\/?post_type=product&#038;p=92529"},"modified":"2024-11-01T00:48:27","modified_gmt":"2024-10-31T21:48:27","slug":"savi-viimistluskrohv","status":"publish","type":"product","link":"https:\/\/factory.sale\/et\/toode\/savi-viimistluskrohv\/","title":{"rendered":"Savi viimistluskrohv"},"content":{"rendered":"<p>Savi viimistluskrohvi kasutatakse aluskrohvi ebatasasuste t\u00e4itmiseks ja tasandamiseks v\u00f5i struktuurse viimistluse loomiseks.<\/p>\n<p>UKU viimistluskrohvi saab kasutada ka aluskrohvina pindadel, kus krohvi paksus peab j\u00e4\u00e4ma minimaalseks.<\/p>\n<p>Savi viimistluskrohv on universaalne krohv, mis sobib paljudele erinevatele t\u00f6\u00f6dele.<\/p>\n<p>Savi viimistluskrohv koosneb kvaliteetsest savist ja hoolikalt valitud liivast, millele on lisatud hundinuiakiudu. UKU savi viimistluskrohvid on testitud vastavalt Saksamaa savikrohvi standardile DIN 18947: 2013-08, kuuludes k\u00f5rgemasse tugevusklassi S II.<\/p>\n<p>Piisava kihipaksusega savikrohv (1-2 cm) reguleerib ruumi \u00f5huniiskust, akumuleerib soojust, neutraliseerib elektromagnetilist saastet, summutab kaja, p\u00e4rsib hallituse teket ja sobib allergikutele. UKU savi viimistluskrohv on v\u00e4ga hea nakkuvuse, t\u00f6\u00f6deldavuse ja pinnatugevusega ning on 100% looduslik ja taaskasutatav.<\/p>\n<p>Savi viimistluskrohv sobib erinevate pindade krohvimiseks kuivades siseruumides.<\/p>\n<p>&nbsp;<\/p>\n<p>&nbsp;<\/p>\n<p><strong>Sobivad aluspinnad:<\/strong><\/p>\n<ul>\n<li>Puit (kaetud roo mati v\u00f5i muu v\u00f5rguga)<\/li>\n<li>Kivi (telliskivi, konstruktsioonibetoon)<\/li>\n<li>Plokid (Bauroc, Fibo, Columbia)<\/li>\n<li>Kipsplaat (Knauf*, Fermacell) *Paberiga kaetud kipsplaat vajab eelnevat nakkekihti.<\/li>\n<li>Krohvid (savikrohv, lubikrohv, mineraalkrohvid)<\/li>\n<li>\u00d5led (\u00f5lest seinad)<\/li>\n<li>Roomatt (\u00f5huke roomatt, roopaneel)<\/li>\n<\/ul>\n<p>&nbsp;<\/p>\n<p><strong>V\u00e4rvitoonid:<\/strong> burgundia, tumepunane, punane, pruun, hall, sinine<\/p>\n<p><strong>Terade suurus:<\/strong> 0\u20132 mm<\/p>\n<p><strong>Kulu:<\/strong> 7-10 kg\/m\u00b2<\/p>\n<p><strong>Pakend:<\/strong> 25 kg (500 kg ja 1000 kg Big-Bag eraldi tellimisel, v\u00e4lja arvatud tumepunane)<\/p>\n<p>&nbsp;<\/p>\n<p>&nbsp;<\/p>\n<p><strong>Hinnad alates:<\/strong> 20 \u20ac, hind s\u00f5ltub koti suurusest; palun k\u00fcsige lisainfot.<\/p>\n<p>&nbsp;<\/p>\n<p>&nbsp;<\/p>\n<p><a href=\"https:\/\/factory.sale\/wp-content\/uploads\/2024\/10\/Clay-finish.pdf\" target=\"_blank\" rel=\"noopener\">Toote kasutusjuhend<\/a><\/p>\n<p><a href=\"https:\/\/factory.sale\/wp-content\/uploads\/2024\/10\/Clay-finish.pdf\" target=\"_blank\" rel=\"noopener\">V\u00e4rvikaart<\/a><\/p>\n","protected":false},"excerpt":{"rendered":"<p>Savi viimistluskrohvi kasutatakse aluskrohvi ebatasasuste t\u00e4itmiseks ja tasandamiseks v\u00f5i struktuurse viimistluse loomiseks. UKU viimistluskrohvi saab kasutada ka aluskrohvina pindadel, kus krohvi paksus peab j\u00e4\u00e4ma minimaalseks. Savi viimistluskrohv on universaalne krohv, mis sobib paljudele erinevatele t\u00f6\u00f6dele.<\/p>\n","protected":false},"featured_media":92521,"comment_status":"open","ping_status":"closed","template":"","meta":{"_acf_changed":false},"factory":[],"free-shipment":[],"product_brand":[],"product_cat":[3108,1756],"product_tag":[],"class_list":{"0":"post-92529","1":"product","2":"type-product","3":"status-publish","4":"has-post-thumbnail","6":"product_cat-savitooted","7":"product_cat-viimistlus-materjalid","9":"first","10":"instock","11":"sale","12":"taxable","13":"shipping-taxable","14":"purchasable","15":"product-type-simple"},"acf":[],"_links":{"self":[{"href":"https:\/\/factory.sale\/et\/wp-json\/wp\/v2\/product\/92529","targetHints":{"allow":["GET"]}}],"collection":[{"href":"https:\/\/factory.sale\/et\/wp-json\/wp\/v2\/product"}],"about":[{"href":"https:\/\/factory.sale\/et\/wp-json\/wp\/v2\/types\/product"}],"replies":[{"embeddable":true,"href":"https:\/\/factory.sale\/et\/wp-json\/wp\/v2\/comments?post=92529"}],"wp:featuredmedia":[{"embeddable":true,"href":"https:\/\/factory.sale\/et\/wp-json\/wp\/v2\/media\/92521"}],"wp:attachment":[{"href":"https:\/\/factory.sale\/et\/wp-json\/wp\/v2\/media?parent=92529"}],"wp:term":[{"taxonomy":"factory","embeddable":true,"href":"https:\/\/factory.sale\/et\/wp-json\/wp\/v2\/factory?post=92529"},{"taxonomy":"free-shipment","embeddable":true,"href":"https:\/\/factory.sale\/et\/wp-json\/wp\/v2\/free-shipment?post=92529"},{"taxonomy":"product_brand","embeddable":true,"href":"https:\/\/factory.sale\/et\/wp-json\/wp\/v2\/product_brand?post=92529"},{"taxonomy":"product_cat","embeddable":true,"href":"https:\/\/factory.sale\/et\/wp-json\/wp\/v2\/product_cat?post=92529"},{"taxonomy":"product_tag","embeddable":true,"href":"https:\/\/factory.sale\/et\/wp-json\/wp\/v2\/product_tag?post=92529"}],"curies":[{"name":"wp","href":"https:\/\/api.w.org\/{rel}","templated":true}]}}