{"id":92508,"date":"2024-10-31T14:28:49","date_gmt":"2024-10-26T11:07:44","guid":{"rendered":"https:\/\/factory.sale\/?post_type=product&#038;p=92508"},"modified":"2024-10-31T22:50:10","modified_gmt":"2024-10-31T19:50:10","slug":"savi-dekoratiivkrohv","status":"publish","type":"product","link":"https:\/\/factory.sale\/et\/toode\/savi-dekoratiivkrohv\/","title":{"rendered":"Savi-dekoratiivkrohv"},"content":{"rendered":"<p>Savi-dekoratiivkrohvides kasutatakse erinevat v\u00e4rvi naturaalseid savisid, et saavutada soovitud toon.<\/p>\n<p>Savi-dekoratiivkrohv sobib erinevate pindade krohvimiseks kuivades siseruumides ning iga tooni saab tellida kahes eri fraktsioonis, pakkudes v\u00f5imalust valida endale meelep\u00e4rane tekstuur.<\/p>\n<p>UKU savi peenviimistluskrohvid on 100% looduslikud. Neid on testitud vastavalt Saksamaa savikrohvi standardile DIN 18947:2013-08, kuuludes k\u00f5rgemasse tugevusklassi S II. Savi peenviimistluskrohvi kasutatakse siseruumides kuivades tingimustes seinte, lagede, ahjude, kaminatega ja pliitide viimistlemiseks.<\/p>\n<p>UKU savikrohvides saab kasutada DEKO lisandeid, nagu marmor, \u00f5led, lina, merekarbid, fuksiit. DEKO sari v\u00f5imaldab luua veelgi isikup\u00e4rasema viimistluse, kuna k\u00f5iki peenviimistluskrohve saab rikastada erinevate looduslike lisanditega, sealhulgas kristallide ja v\u00e4\u00e4riskividega.<\/p>\n<p>&nbsp;<\/p>\n<p><strong>Sobivad aluspinnad:<\/strong> Sobib k\u00f5ikidele imavatele krohv- ja pahtelpindadele kuivades siseruumides.<\/p>\n<p>&nbsp;<\/p>\n<ul>\n<li>V\u00e4rvitoonid: \u00fcle 30 erineva tooni<\/li>\n<li>Terade suurus: 0\u20130,5 mm v\u00f5i 0\u20131 mm<\/li>\n<li>Kulu: 0,85-2,5 kg\/m\u00b2 (0\u20130,5 mm), 3,5-5 kg\/m\u00b2 (0\u20131 mm)<\/li>\n<li>Pakend: 25 kg kott \/ 20 kg kott (lumivalge)<\/li>\n<\/ul>\n<p>&nbsp;<\/p>\n<p><strong><em>Hinnad alates 12.50 \u20ac, hind s\u00f5ltub koti suurusest, k\u00fcsi lisainformatsiooni.<\/em><\/strong><\/p>\n<p>&nbsp;<\/p>\n<p><a href=\"https:\/\/factory.sale\/wp-content\/uploads\/2024\/10\/Clay-decorative-plaster-005.pdf\" target=\"_blank\" rel=\"noopener\">Toote kasutusjuhend 0\u20130,5 mm<\/a><\/p>\n<p><a href=\"https:\/\/factory.sale\/wp-content\/uploads\/2024\/10\/Clay-decorative-plaster-01.pdf\" target=\"_blank\" rel=\"noopener\">Toote kasutusjuhend 0\u20131 mm<\/a><\/p>\n<p><a href=\"https:\/\/factory.sale\/wp-content\/uploads\/2024\/10\/ENG-Clay-plaster.pdf\" target=\"_blank\" rel=\"noopener\">V\u00e4rvikaart<\/a><\/p>\n<p>&nbsp;<\/p>\n<p>&nbsp;<\/p>\n<div class=\"video-wrapper \"><iframe loading=\"lazy\" title=\"How to clay plaster with natural clay plaster \/ Kuidas krohvida savikrohviga\" width=\"500\" height=\"281\" src=\"https:\/\/www.youtube.com\/embed\/7I1vNbODcl8?feature=oembed\" frameborder=\"0\" allow=\"accelerometer; autoplay; clipboard-write; encrypted-media; gyroscope; picture-in-picture; web-share\" referrerpolicy=\"strict-origin-when-cross-origin\" allowfullscreen><\/iframe><\/div>\n<div class=\"video-wrapper \"><iframe loading=\"lazy\" title=\"How to clay plaster with deko additives\" width=\"500\" height=\"281\" src=\"https:\/\/www.youtube.com\/embed\/HDlV-q0Hjfo?feature=oembed\" frameborder=\"0\" allow=\"accelerometer; autoplay; clipboard-write; encrypted-media; gyroscope; picture-in-picture; web-share\" referrerpolicy=\"strict-origin-when-cross-origin\" allowfullscreen><\/iframe><\/div>\n","protected":false},"excerpt":{"rendered":"<p>Savi-dekoratiivkrohvides kasutatakse erinevat v\u00e4rvi naturaalseid savisid, et saavutada soovitud toon.<\/p>\n<p>Savi-dekoratiivkrohv sobib erinevate pindade krohvimiseks kuivades siseruumides ning iga tooni saab tellida kahes eri fraktsioonis, pakkudes v\u00f5imalust valida endale meelep\u00e4rane tekstuur.<\/p>\n","protected":false},"featured_media":92500,"comment_status":"open","ping_status":"closed","template":"","meta":{"_acf_changed":false},"factory":[],"free-shipment":[],"product_brand":[],"product_cat":[3108,1756],"product_tag":[],"class_list":{"0":"post-92508","1":"product","2":"type-product","3":"status-publish","4":"has-post-thumbnail","6":"product_cat-savitooted","7":"product_cat-viimistlus-materjalid","9":"first","10":"instock","11":"sale","12":"taxable","13":"shipping-taxable","14":"purchasable","15":"product-type-simple"},"acf":[],"_links":{"self":[{"href":"https:\/\/factory.sale\/et\/wp-json\/wp\/v2\/product\/92508","targetHints":{"allow":["GET"]}}],"collection":[{"href":"https:\/\/factory.sale\/et\/wp-json\/wp\/v2\/product"}],"about":[{"href":"https:\/\/factory.sale\/et\/wp-json\/wp\/v2\/types\/product"}],"replies":[{"embeddable":true,"href":"https:\/\/factory.sale\/et\/wp-json\/wp\/v2\/comments?post=92508"}],"wp:featuredmedia":[{"embeddable":true,"href":"https:\/\/factory.sale\/et\/wp-json\/wp\/v2\/media\/92500"}],"wp:attachment":[{"href":"https:\/\/factory.sale\/et\/wp-json\/wp\/v2\/media?parent=92508"}],"wp:term":[{"taxonomy":"factory","embeddable":true,"href":"https:\/\/factory.sale\/et\/wp-json\/wp\/v2\/factory?post=92508"},{"taxonomy":"free-shipment","embeddable":true,"href":"https:\/\/factory.sale\/et\/wp-json\/wp\/v2\/free-shipment?post=92508"},{"taxonomy":"product_brand","embeddable":true,"href":"https:\/\/factory.sale\/et\/wp-json\/wp\/v2\/product_brand?post=92508"},{"taxonomy":"product_cat","embeddable":true,"href":"https:\/\/factory.sale\/et\/wp-json\/wp\/v2\/product_cat?post=92508"},{"taxonomy":"product_tag","embeddable":true,"href":"https:\/\/factory.sale\/et\/wp-json\/wp\/v2\/product_tag?post=92508"}],"curies":[{"name":"wp","href":"https:\/\/api.w.org\/{rel}","templated":true}]}}