{"id":92481,"date":"2024-10-26T00:07:19","date_gmt":"2024-10-25T21:13:16","guid":{"rendered":"https:\/\/factory.sale\/?post_type=product&#038;p=92481"},"modified":"2024-12-27T01:46:12","modified_gmt":"2024-12-26T22:46:12","slug":"savi-stucco","status":"publish","type":"product","link":"https:\/\/factory.sale\/et\/toode\/savi-stucco\/","title":{"rendered":"Savi Stucco"},"content":{"rendered":"<p>Savi Stucco on ime\u00f5huke viimistluskrohv, millel on rikkalik Veneetsia l\u00e4ige, mis v\u00f5imaldab luua l\u00e4ikivaid pindu.<\/p>\n<p>Stucco on 100% looduslik viimistluskrohv, millel on v\u00e4ike \u00f6koloogiline jalaj\u00e4lg ja mis on silmapaistev dekoratiivne element sisekujunduses. Inspireerituna Jaapani meistrite tuhandeid aastaid vanadest tehnikatest ja materjalidest, on see L\u00f5una-Eestis toodetud kaasaegne peen krohv kui kunstiteos, mille l\u00e4ikivale pinnale peegelduv muster loob luksusliku \u00f5hustiku vaid m\u00f5ne \u00f5hukese kihiga.<\/p>\n<p>Kasutusviisist s\u00f5ltuvalt saavutatakse savisisekrohvi abil peegelsile ja mitmek\u00fclgne muster, mis annab seintele luksusliku ja elegantse v\u00e4limuse.<\/p>\n<p>Savisiseviimistlus sobib kuivadesse siseruumidesse, seinte, lagede, samuti pliitide, kaminate ja ahjude dekoratiivseks viimistlemiseks. UKU savisisekrohv on lihtne paigaldada ja t\u00e4nu siledale l\u00e4ikivale pinnale on seda v\u00e4ga lihtne hooldada.<\/p>\n<p>Stucco segamine pigmentidega annab v\u00f5imaluse luua l\u00f5putu hulk erinevaid toone. Kellu abil silutud pind on kivik\u00f5va ja siidiselt pehme.<\/p>\n<p>&nbsp;<\/p>\n<p><strong>Sobivad aluspinnad:<\/strong> Sobib k\u00f5ikidele imavatele krohvi- ja pahtlipindadele kuivades siseruumides, mis on eelnevalt savi- v\u00f5i lubjakrohviga tasandatud.<\/p>\n<p>&nbsp;<\/p>\n<ul>\n<li>V\u00e4rvid: valge, lumivalge, oran\u017e, sinepikollane, hall, sirelililla, kollane, punane, sinine, bee\u017e, karamell, roheline, must<\/li>\n<li>Tera suurus: 0\u20130,2 mm<\/li>\n<li>Kulutus: 400-600 g\/m\u00b2<\/li>\n<\/ul>\n<p>&nbsp;<\/p>\n<p>&nbsp;<\/p>\n<p><strong>Pakkimine:<\/strong><\/p>\n<p>1 kg \u00e4mbrit\u00e4is \u2013 18,75 \u20ac<\/p>\n<p>5 kg \u00e4mbrit\u00e4is \u2013 56,25 \u20ac<\/p>\n<p>10 kg \u00e4mbrit\u00e4is \u2013 100,00 \u20ac<\/p>\n<p>&nbsp;<\/p>\n<p>&nbsp;<\/p>\n<p><a href=\"https:\/\/factory.sale\/wp-content\/uploads\/2024\/10\/Clay-stucco.pdf\" target=\"_blank\" rel=\"noopener\">Toote kasutusjuhend<\/a><\/p>\n<p>&nbsp;<\/p>\n<div class=\"video-wrapper \"><iframe loading=\"lazy\" title=\"How to: UKU clay stucco application\" width=\"500\" height=\"281\" src=\"https:\/\/www.youtube.com\/embed\/X2Hmh4TWKDk?feature=oembed\" frameborder=\"0\" allow=\"accelerometer; autoplay; clipboard-write; encrypted-media; gyroscope; picture-in-picture; web-share\" referrerpolicy=\"strict-origin-when-cross-origin\" allowfullscreen><\/iframe><\/div>\n","protected":false},"excerpt":{"rendered":"<p>Savi Stucco on ime\u00f5huke viimistluskrohv, millel on rikkalik Veneetsia l\u00e4ige, mis v\u00f5imaldab luua l\u00e4ikivaid pindu.<\/p>\n<p>Kasutusviisist s\u00f5ltuvalt saavutatakse savisisekrohvi abil peegelsile ja mitmek\u00fclgne muster, mis annab seintele luksusliku ja elegantse v\u00e4limuse.<\/p>\n","protected":false},"featured_media":92473,"comment_status":"open","ping_status":"closed","template":"","meta":{"_acf_changed":false},"factory":[],"free-shipment":[],"product_brand":[],"product_cat":[3108,1756],"product_tag":[],"class_list":{"0":"post-92481","1":"product","2":"type-product","3":"status-publish","4":"has-post-thumbnail","6":"product_cat-savitooted","7":"product_cat-viimistlus-materjalid","9":"first","10":"instock","11":"sale","12":"taxable","13":"shipping-taxable","14":"purchasable","15":"product-type-simple"},"acf":[],"_links":{"self":[{"href":"https:\/\/factory.sale\/et\/wp-json\/wp\/v2\/product\/92481","targetHints":{"allow":["GET"]}}],"collection":[{"href":"https:\/\/factory.sale\/et\/wp-json\/wp\/v2\/product"}],"about":[{"href":"https:\/\/factory.sale\/et\/wp-json\/wp\/v2\/types\/product"}],"replies":[{"embeddable":true,"href":"https:\/\/factory.sale\/et\/wp-json\/wp\/v2\/comments?post=92481"}],"wp:featuredmedia":[{"embeddable":true,"href":"https:\/\/factory.sale\/et\/wp-json\/wp\/v2\/media\/92473"}],"wp:attachment":[{"href":"https:\/\/factory.sale\/et\/wp-json\/wp\/v2\/media?parent=92481"}],"wp:term":[{"taxonomy":"factory","embeddable":true,"href":"https:\/\/factory.sale\/et\/wp-json\/wp\/v2\/factory?post=92481"},{"taxonomy":"free-shipment","embeddable":true,"href":"https:\/\/factory.sale\/et\/wp-json\/wp\/v2\/free-shipment?post=92481"},{"taxonomy":"product_brand","embeddable":true,"href":"https:\/\/factory.sale\/et\/wp-json\/wp\/v2\/product_brand?post=92481"},{"taxonomy":"product_cat","embeddable":true,"href":"https:\/\/factory.sale\/et\/wp-json\/wp\/v2\/product_cat?post=92481"},{"taxonomy":"product_tag","embeddable":true,"href":"https:\/\/factory.sale\/et\/wp-json\/wp\/v2\/product_tag?post=92481"}],"curies":[{"name":"wp","href":"https:\/\/api.w.org\/{rel}","templated":true}]}}