{"id":92461,"date":"2024-10-25T20:39:43","date_gmt":"2024-10-25T19:21:53","guid":{"rendered":"https:\/\/factory.sale\/?post_type=product&#038;p=92461"},"modified":"2024-12-27T04:27:35","modified_gmt":"2024-12-27T01:27:35","slug":"savivarv","status":"publish","type":"product","link":"https:\/\/factory.sale\/et\/toode\/savivarv\/","title":{"rendered":"Saviv\u00e4rv"},"content":{"rendered":"<p>Saviv\u00e4rv on sametiselt matt ja kergelt struktuurne looduslik v\u00e4rv. Rikkalik valik toone, mis kombineerivad erinevat v\u00e4rvi savisid. Savitoone segades v\u00f5i lisades v\u00e4rvilisi muldi, saab luua uusi ja ainulaadseid toone.<\/p>\n<p>UKU saviv\u00e4rvid on keskkonnas\u00f5bralikud ja 100% looduslikud, ei sisalda lenduvaid orgaanilisi \u00fchendeid ega s\u00fcnteetilisi s\u00e4ilitusaineid ning on l\u00f5hnatud. Kreemjas saviv\u00e4rv katab h\u00e4sti ja annab isikup\u00e4ra isegi siledatele pindadele, j\u00e4ttes pinnale kerge struktuuri.<\/p>\n<p>Esteetiliselt eristub UKU saviv\u00e4rv oma unikaalse tekstuuri poolest, andes seintele ja pindadele sooja ja maal\u00e4hedase ilme.<\/p>\n<p>Saviv\u00e4rvi on lihtne peale kanda, sobib seinte ja lagede katmiseks kuivades ruumides, samuti pliitide, kaminate ja ahjude viimistlemiseks. Saviv\u00e4rviga kaetud pinnad on matid ja pastelsed, peegeldamata valgust. Saviv\u00e4rv ei takista aluspinna veeauru sidumise omadusi.<\/p>\n<p>UKU looduslik saviv\u00e4rv on mitmek\u00fclgne ja j\u00e4tkusuutlik toode, mis pakub palju eeliseid nii keskkonnale kui ka inimeste tervisele. Saviv\u00e4rvi ainulaadsed omadused muudavad selle ideaalseks valikuks neile, kes soovivad luua kaunist, tervislikku ja keskkonnas\u00f5bralikku eluruumi.<\/p>\n<p>&nbsp;<\/p>\n<ul>\n<li>V\u00e4rvitoonid: \u00fcle 30 tooni<\/li>\n<li>Terade suurus: 0\u20130,2 mm<\/li>\n<li>Kulu: 200\u2013400 g, s\u00f5ltuvalt v\u00e4rvikihtide arvust ja aluspinna \u00fchtlusest<\/li>\n<\/ul>\n<p>&nbsp;<\/p>\n<p>&nbsp;<\/p>\n<p>&nbsp;<\/p>\n<p><strong>Pakend:<\/strong><\/p>\n<p>1 kg \u00e4mber \u2013 18,75 \u20ac<br \/>\n5 kg \u00e4mber \u2013 56,25 \u20ac<br \/>\n10 kg \u00e4mber \u2013 100 \u20ac<\/p>\n<p>&nbsp;<\/p>\n<p>&nbsp;<\/p>\n<p>&nbsp;<\/p>\n<p><a href=\"https:\/\/factory.sale\/wp-content\/uploads\/2024\/10\/Clay-paint.pdf\" target=\"_blank\" rel=\"noopener\">Toote kasutusjuhend<\/a><\/p>\n<p><a href=\"https:\/\/factory.sale\/wp-content\/uploads\/2024\/10\/ENG-Clay-paint.pdf\" target=\"_blank\" rel=\"noopener\">V\u00e4rvikaart<\/a><\/p>\n","protected":false},"excerpt":{"rendered":"<p>Saviv\u00e4rv on sametiselt matt ja kergelt struktuurne looduslik v\u00e4rv. Rikkalik valik toone, mis kombineerivad erinevat v\u00e4rvi savisid. Savitoone segades v\u00f5i lisades v\u00e4rvilisi muldi, saab luua uusi ja ainulaadseid toone.<\/p>\n<p>UKU saviv\u00e4rvid on keskkonnas\u00f5bralikud ja 100% looduslikud, ei sisalda lenduvaid orgaanilisi \u00fchendeid ega s\u00fcnteetilisi s\u00e4ilitusaineid ning on l\u00f5hnatud. Kreemjas saviv\u00e4rv katab h\u00e4sti ja annab isikup\u00e4ra isegi siledatele pindadele, j\u00e4ttes pinnale kerge struktuuri.<\/p>\n","protected":false},"featured_media":92433,"comment_status":"open","ping_status":"closed","template":"","meta":{"_acf_changed":false},"factory":[],"free-shipment":[],"product_brand":[],"product_cat":[3108,1756],"product_tag":[],"class_list":{"0":"post-92461","1":"product","2":"type-product","3":"status-publish","4":"has-post-thumbnail","6":"product_cat-savitooted","7":"product_cat-viimistlus-materjalid","9":"first","10":"instock","11":"sale","12":"taxable","13":"shipping-taxable","14":"purchasable","15":"product-type-simple"},"acf":[],"_links":{"self":[{"href":"https:\/\/factory.sale\/et\/wp-json\/wp\/v2\/product\/92461","targetHints":{"allow":["GET"]}}],"collection":[{"href":"https:\/\/factory.sale\/et\/wp-json\/wp\/v2\/product"}],"about":[{"href":"https:\/\/factory.sale\/et\/wp-json\/wp\/v2\/types\/product"}],"replies":[{"embeddable":true,"href":"https:\/\/factory.sale\/et\/wp-json\/wp\/v2\/comments?post=92461"}],"wp:featuredmedia":[{"embeddable":true,"href":"https:\/\/factory.sale\/et\/wp-json\/wp\/v2\/media\/92433"}],"wp:attachment":[{"href":"https:\/\/factory.sale\/et\/wp-json\/wp\/v2\/media?parent=92461"}],"wp:term":[{"taxonomy":"factory","embeddable":true,"href":"https:\/\/factory.sale\/et\/wp-json\/wp\/v2\/factory?post=92461"},{"taxonomy":"free-shipment","embeddable":true,"href":"https:\/\/factory.sale\/et\/wp-json\/wp\/v2\/free-shipment?post=92461"},{"taxonomy":"product_brand","embeddable":true,"href":"https:\/\/factory.sale\/et\/wp-json\/wp\/v2\/product_brand?post=92461"},{"taxonomy":"product_cat","embeddable":true,"href":"https:\/\/factory.sale\/et\/wp-json\/wp\/v2\/product_cat?post=92461"},{"taxonomy":"product_tag","embeddable":true,"href":"https:\/\/factory.sale\/et\/wp-json\/wp\/v2\/product_tag?post=92461"}],"curies":[{"name":"wp","href":"https:\/\/api.w.org\/{rel}","templated":true}]}}