{"id":92416,"date":"2024-10-23T22:34:26","date_gmt":"2024-10-23T19:37:32","guid":{"rendered":"https:\/\/factory.sale\/?post_type=product&#038;p=92416"},"modified":"2024-10-23T23:55:47","modified_gmt":"2024-10-23T20:55:47","slug":"elektrikerise-harvia-spirit-sp90xw-90-kw-koos-juhtpaneeliga","status":"publish","type":"product","link":"https:\/\/factory.sale\/et\/toode\/elektrikerise-harvia-spirit-sp90xw-90-kw-koos-juhtpaneeliga\/","title":{"rendered":"Elektrikerise Harvia Spirit SP90xw, 9,0 kW, koos juhtpaneeliga"},"content":{"rendered":"<p>Valmistatud ja disainitud Soomes, see kvaliteetne keris on Harvia meistriteos, mis \u00fchendab suurep\u00e4rase saunaelamuse turvalisuse ja t\u00f6\u00f6kindlusega. Kerise unikaalne ja diskreetne \u00f5hutuskanalite s\u00fcsteem kaitseb sauna konstruktsioone ja tagab \u00fchtlase temperatuuri. \u00d5hutuskanalid jahutavad seinakonstruktsioone ja parandavad \u00f5huvoolu k\u00fcttekehade kaudu, luues \u00fchtlase kuumuse saunas.<\/p>\n<p>WiFi-ga varustatud kerist on lihtne kasutada. Nagu nimigi viitab, on Harvia Spirit vaim teie saunas, mis tagab pehme ja nauditava saunaelamuse. Harvia Spirit keris \u00fchildub k\u00f5ige levinumate juhtseadmetega ning parima ja mitmek\u00fclgseima kasutuskogemuse annab Harvia Xenio WiFi juhtpaneel ja MyHarvia mobiilirakendus. Xenio WiFi juhtpaneeli ja MyHarvia rakendusega saate hallata k\u00f5iki sauna funktsioone, nagu temperatuuri, valgustust ja \u00f5hu ventilatsiooni. Keris sisaldab juhtpaneeli.<\/p>\n<p>&nbsp;<\/p>\n<p>&nbsp;<\/p>\n<p><strong>Tehnilised andmed:<\/strong><\/p>\n<p>Tootekood: HSPE904MXW<br \/>\nV\u00f5imsus, kW: 9,0<br \/>\nSauna ruumi suurus, m3: 8 &#8211; 14<br \/>\nM\u00f5\u00f5tmed (KxLxS), mm: 687 \/ 385 \/ 334<br \/>\nKaal, kg: 12<br \/>\nKivide maht, kg: 55 &#8211; 60<br \/>\nMinimaalne ohutuskaugus (lagi\/k\u00fcljed), mm: 900 \/ 80<br \/>\nToitepinge, faasid: 400 V 3N~ \/ 230 V 1N~ \/ 230 V 3~<br \/>\nKaitsme suurus, A: 3 x 16<br \/>\n\u00dchenduskaabel, mm2: 5 x 2,5 \/ 3 x 10 \/ 4 x 2,5<br \/>\nJuhtpaneel: Kaasas<\/p>\n<p>&nbsp;<\/p>\n<p>Kivid ei kuulu komplekti &#8212;-&gt; <a href=\"https:\/\/factory.sale\/et\/product-category\/sanitaartehnika\/saunatarvikud\/kerisekivid\/\" target=\"_blank\" rel=\"noopener\">Kliki siin, et valida omale saunakivid<\/a><\/p>\n<p>Pakendis on uksesensor ja temperatuuriandur.<\/p>\n<p>&nbsp;<\/p>\n<p>&nbsp;<\/p>\n<p><a href=\"https:\/\/factory.sale\/wp-content\/uploads\/2024\/10\/SPIRIT-FI-SE-EN-DE-FR.pdf\" target=\"_blank\" rel=\"noopener\">Kasutusjuhend<\/a><\/p>\n<p>&nbsp;<\/p>\n<div class=\"video-wrapper \"><iframe loading=\"lazy\" title=\"Harvia - Spirit of L\u00f6yly\" src=\"https:\/\/player.vimeo.com\/video\/725924617?dnt=1&amp;app_id=122963\" width=\"500\" height=\"281\" frameborder=\"0\" allow=\"autoplay; fullscreen; picture-in-picture; clipboard-write; encrypted-media; web-share\" referrerpolicy=\"strict-origin-when-cross-origin\"><\/iframe><\/div>\n","protected":false},"excerpt":{"rendered":"<p>Valmistatud ja disainitud Soomes, see kvaliteetne keris on Harvia meistriteos, mis \u00fchendab suurep\u00e4rase saunaelamuse turvalisuse ja t\u00f6\u00f6kindlusega. Kerise unikaalne ja diskreetne \u00f5hutuskanalite s\u00fcsteem kaitseb sauna konstruktsioone ja tagab \u00fchtlase temperatuuri. \u00d5hutuskanalid jahutavad seinakonstruktsioone ja parandavad \u00f5huvoolu k\u00fcttekehade kaudu, luues \u00fchtlase kuumuse saunas.<\/p>\n","protected":false},"featured_media":92400,"comment_status":"open","ping_status":"closed","template":"","meta":{"_acf_changed":false},"factory":[],"free-shipment":[],"product_brand":[],"product_cat":[1420,306],"product_tag":[2179,1443,811],"class_list":{"0":"post-92416","1":"product","2":"type-product","3":"status-publish","4":"has-post-thumbnail","6":"product_cat-harvia-et","7":"product_cat-saunakerised","8":"product_tag-electric-heater-et","9":"product_tag-harvia-et","10":"product_tag-sauna-et","12":"first","13":"instock","14":"sale","15":"taxable","16":"shipping-taxable","17":"purchasable","18":"product-type-simple"},"acf":[],"_links":{"self":[{"href":"https:\/\/factory.sale\/et\/wp-json\/wp\/v2\/product\/92416","targetHints":{"allow":["GET"]}}],"collection":[{"href":"https:\/\/factory.sale\/et\/wp-json\/wp\/v2\/product"}],"about":[{"href":"https:\/\/factory.sale\/et\/wp-json\/wp\/v2\/types\/product"}],"replies":[{"embeddable":true,"href":"https:\/\/factory.sale\/et\/wp-json\/wp\/v2\/comments?post=92416"}],"wp:featuredmedia":[{"embeddable":true,"href":"https:\/\/factory.sale\/et\/wp-json\/wp\/v2\/media\/92400"}],"wp:attachment":[{"href":"https:\/\/factory.sale\/et\/wp-json\/wp\/v2\/media?parent=92416"}],"wp:term":[{"taxonomy":"factory","embeddable":true,"href":"https:\/\/factory.sale\/et\/wp-json\/wp\/v2\/factory?post=92416"},{"taxonomy":"free-shipment","embeddable":true,"href":"https:\/\/factory.sale\/et\/wp-json\/wp\/v2\/free-shipment?post=92416"},{"taxonomy":"product_brand","embeddable":true,"href":"https:\/\/factory.sale\/et\/wp-json\/wp\/v2\/product_brand?post=92416"},{"taxonomy":"product_cat","embeddable":true,"href":"https:\/\/factory.sale\/et\/wp-json\/wp\/v2\/product_cat?post=92416"},{"taxonomy":"product_tag","embeddable":true,"href":"https:\/\/factory.sale\/et\/wp-json\/wp\/v2\/product_tag?post=92416"}],"curies":[{"name":"wp","href":"https:\/\/api.w.org\/{rel}","templated":true}]}}