{"id":92378,"date":"2024-10-23T11:41:10","date_gmt":"2024-10-23T08:43:14","guid":{"rendered":"https:\/\/factory.sale\/?post_type=product&#038;p=92378"},"modified":"2024-12-29T14:28:21","modified_gmt":"2024-12-29T11:28:21","slug":"simge-soba-kupsetusahi-701-omega","status":"publish","type":"product","link":"https:\/\/factory.sale\/et\/toode\/simge-soba-kupsetusahi-701-omega\/","title":{"rendered":"Simge Soba k\u00fcpsetusahi 701 Omega"},"content":{"rendered":"<p><strong>Omadused:<\/strong><\/p>\n<ul>\n<li>Eemaldatav tuhasahtel<\/li>\n<li>P\u00f5lemiskamber on malmist<\/li>\n<li>\u00dclemine keeduplaat ja r\u00f5ngad on malmist<\/li>\n<li>Uksed on kinnitatud vedruhinge abil<\/li>\n<li>Reguleeritav primaar- ja sekundaar\u00f5hk parema p\u00f5lemise juhtimiseks<\/li>\n<li>J\u00e4relp\u00f5lemiss\u00fcsteem (madalad heitkogused)<\/li>\n<li>Puidu sahtel<\/li>\n<li>Keraamiline klaas<\/li>\n<li>\u00dclemine parempoolne v\u00f5i tagumine suitsuv\u00e4ljund<\/li>\n<li>Kroomitud k\u00e4epidemed<\/li>\n<li>Ahju termomeeter<\/li>\n<li>K\u00fcpsetamisplaat ja grill<\/li>\n<\/ul>\n<p>&nbsp;<\/p>\n<p>&nbsp;<\/p>\n<p><strong>Tehnilised andmed:<\/strong><\/p>\n<ul>\n<li>Nimiv\u00f5imsus: 9,01 kW-N<\/li>\n<li>T\u00f5husus: 80%<\/li>\n<li>M\u00f5\u00f5tmed: 870 x 510 x 790 mm<\/li>\n<li>Suitsuv\u00e4ljundi l\u00e4bim\u00f5\u00f5t: 130 mm R\/U<\/li>\n<li>Ahju suurus: 450 x 455 x 175 mm<\/li>\n<li>Netokaal: 82 kg<\/li>\n<li>K\u00f6etav ala: 160 m\u00b3<\/li>\n<\/ul>\n<p>&nbsp;<\/p>\n<p>&nbsp;<\/p>\n<p><strong>V\u00e4rvid:<\/strong><\/p>\n<p>Must<\/p>\n<p>Valge<\/p>\n<p>Kollane<\/p>\n<p>&nbsp;<\/p>\n<p>&nbsp;<\/p>\n<p><strong>Sertifikaadid:<\/strong><\/p>\n<p><strong><em><img loading=\"lazy\" decoding=\"async\" class=\"alignnone wp-image-91549\" src=\"https:\/\/factory.sale\/wp-content\/uploads\/2024\/10\/certifications-300x31.png\" sizes=\"auto, (max-width: 919px) 100vw, 919px\" srcset=\"https:\/\/factory.sale\/wp-content\/uploads\/2024\/10\/certifications-300x31.png 300w, https:\/\/factory.sale\/wp-content\/uploads\/2024\/10\/certifications-1024x105.png 1024w, https:\/\/factory.sale\/wp-content\/uploads\/2024\/10\/certifications-150x15.png 150w, https:\/\/factory.sale\/wp-content\/uploads\/2024\/10\/certifications-1536x158.png 1536w, https:\/\/factory.sale\/wp-content\/uploads\/2024\/10\/certifications-2048x211.png 2048w, https:\/\/factory.sale\/wp-content\/uploads\/2024\/10\/certifications-600x62.png 600w\" alt=\"\" width=\"919\" height=\"95\" \/><\/em><\/strong><\/p>\n<p>&nbsp;<\/p>\n<p>&nbsp;<\/p>\n<p>&nbsp;<\/p>\n<p><strong>Toode tarnitakse alusel + kartongkarbis.<\/strong><\/p>\n","protected":false},"excerpt":{"rendered":"<ul>\n<li>Eemaldatav tuhasahtel<\/li>\n<li>P\u00f5lemiskamber on malmist<\/li>\n<li>\u00dclemine keeduplaat ja r\u00f5ngad on malmist<\/li>\n<li>Uksed on kinnitatud vedruhinge abil<\/li>\n<li>Reguleeritav primaar- ja sekundaar\u00f5hk parema p\u00f5lemise juhtimiseks<\/li>\n<li>J\u00e4relp\u00f5lemiss\u00fcsteem (madalad heitkogused)<\/li>\n<li>Puidu sahtel<\/li>\n<li>Keraamiline klaas<\/li>\n<li>\u00dclemine parempoolne v\u00f5i tagumine suitsuv\u00e4ljund<\/li>\n<li>Kroomitud k\u00e4epidemed<\/li>\n<li>Ahju termomeeter<\/li>\n<li>K\u00fcpsetamisplaat ja grill<\/li>\n<\/ul>\n","protected":false},"featured_media":92364,"comment_status":"open","ping_status":"closed","template":"","meta":{"_acf_changed":false},"factory":[],"free-shipment":[],"product_brand":[],"product_cat":[1247,4791,3061],"product_tag":[1892],"class_list":{"0":"post-92378","1":"product","2":"type-product","3":"status-publish","4":"has-post-thumbnail","6":"product_cat-ahjud","7":"product_cat-ahjud-et","8":"product_cat-simge-soba-et","9":"product_tag-stove-et","11":"first","12":"instock","13":"sale","14":"taxable","15":"shipping-taxable","16":"purchasable","17":"product-type-simple"},"acf":[],"_links":{"self":[{"href":"https:\/\/factory.sale\/et\/wp-json\/wp\/v2\/product\/92378","targetHints":{"allow":["GET"]}}],"collection":[{"href":"https:\/\/factory.sale\/et\/wp-json\/wp\/v2\/product"}],"about":[{"href":"https:\/\/factory.sale\/et\/wp-json\/wp\/v2\/types\/product"}],"replies":[{"embeddable":true,"href":"https:\/\/factory.sale\/et\/wp-json\/wp\/v2\/comments?post=92378"}],"wp:featuredmedia":[{"embeddable":true,"href":"https:\/\/factory.sale\/et\/wp-json\/wp\/v2\/media\/92364"}],"wp:attachment":[{"href":"https:\/\/factory.sale\/et\/wp-json\/wp\/v2\/media?parent=92378"}],"wp:term":[{"taxonomy":"factory","embeddable":true,"href":"https:\/\/factory.sale\/et\/wp-json\/wp\/v2\/factory?post=92378"},{"taxonomy":"free-shipment","embeddable":true,"href":"https:\/\/factory.sale\/et\/wp-json\/wp\/v2\/free-shipment?post=92378"},{"taxonomy":"product_brand","embeddable":true,"href":"https:\/\/factory.sale\/et\/wp-json\/wp\/v2\/product_brand?post=92378"},{"taxonomy":"product_cat","embeddable":true,"href":"https:\/\/factory.sale\/et\/wp-json\/wp\/v2\/product_cat?post=92378"},{"taxonomy":"product_tag","embeddable":true,"href":"https:\/\/factory.sale\/et\/wp-json\/wp\/v2\/product_tag?post=92378"}],"curies":[{"name":"wp","href":"https:\/\/api.w.org\/{rel}","templated":true}]}}