{"id":91921,"date":"2024-10-15T11:03:34","date_gmt":"2024-10-15T08:09:00","guid":{"rendered":"https:\/\/factory.sale\/?post_type=product&#038;p=91921"},"modified":"2025-10-28T10:44:52","modified_gmt":"2025-10-28T07:44:52","slug":"plastikust-tunn-kaanega-60-l","status":"publish","type":"product","link":"https:\/\/factory.sale\/et\/toode\/plastikust-tunn-kaanega-60-l\/","title":{"rendered":"Plastikust t\u00fcnn kaanega, 60 L"},"content":{"rendered":"<p>Plastikust t\u00fcnn kaanega 60 L on valmistatud Saksamaal, mis tagab stabiilse k\u00f5rge kvaliteedi ja kindla tarnimise.<\/p>\n<p><img loading=\"lazy\" decoding=\"async\" class=\"alignnone size-medium wp-image-119060\" src=\"https:\/\/factory.sale\/wp-content\/uploads\/2025\/09\/factory-sale-products-IMG_6119-300x225.jpg\" alt=\"\" width=\"300\" height=\"225\" srcset=\"https:\/\/factory.sale\/wp-content\/uploads\/2025\/09\/factory-sale-products-IMG_6119-300x225.jpg 300w, https:\/\/factory.sale\/wp-content\/uploads\/2025\/09\/factory-sale-products-IMG_6119-1024x768.jpg 1024w, https:\/\/factory.sale\/wp-content\/uploads\/2025\/09\/factory-sale-products-IMG_6119-150x113.jpg 150w, https:\/\/factory.sale\/wp-content\/uploads\/2025\/09\/factory-sale-products-IMG_6119-768x576.jpg 768w, https:\/\/factory.sale\/wp-content\/uploads\/2025\/09\/factory-sale-products-IMG_6119-1536x1152.jpg 1536w, https:\/\/factory.sale\/wp-content\/uploads\/2025\/09\/factory-sale-products-IMG_6119-600x450.jpg 600w, https:\/\/factory.sale\/wp-content\/uploads\/2025\/09\/factory-sale-products-IMG_6119.jpg 1680w\" sizes=\"auto, (max-width: 300px) 100vw, 300px\" \/><\/p>\n<p><strong>Tehnilised andmed:<\/strong><\/p>\n<p>K\u00f5rgus: 620 mm<\/p>\n<p>Diameeter: 400 mm<\/p>\n<p>Sertifikaat ohtlike toodete jaoks: UN 1H2\/X105\/S\/<\/p>\n<p>Kaal: 3,5 kg<\/p>\n<p data-start=\"3739\" data-end=\"3865\"><strong>Suuremate koguste puhul kehtivad hulgisoodustused.<\/strong><\/p>\n<p data-start=\"3739\" data-end=\"3865\"><img loading=\"lazy\" decoding=\"async\" class=\"alignnone size-medium wp-image-118994\" src=\"https:\/\/factory.sale\/wp-content\/uploads\/2025\/09\/factory-sale-products-IMG_6097-300x234.jpg\" alt=\"\" width=\"300\" height=\"234\" srcset=\"https:\/\/factory.sale\/wp-content\/uploads\/2025\/09\/factory-sale-products-IMG_6097-300x234.jpg 300w, https:\/\/factory.sale\/wp-content\/uploads\/2025\/09\/factory-sale-products-IMG_6097-1024x800.jpg 1024w, https:\/\/factory.sale\/wp-content\/uploads\/2025\/09\/factory-sale-products-IMG_6097-150x117.jpg 150w, https:\/\/factory.sale\/wp-content\/uploads\/2025\/09\/factory-sale-products-IMG_6097-768x600.jpg 768w, https:\/\/factory.sale\/wp-content\/uploads\/2025\/09\/factory-sale-products-IMG_6097-1536x1200.jpg 1536w, https:\/\/factory.sale\/wp-content\/uploads\/2025\/09\/factory-sale-products-IMG_6097-600x469.jpg 600w, https:\/\/factory.sale\/wp-content\/uploads\/2025\/09\/factory-sale-products-IMG_6097.jpg 1680w\" sizes=\"auto, (max-width: 300px) 100vw, 300px\" \/> <img loading=\"lazy\" decoding=\"async\" class=\"alignnone size-medium wp-image-118985\" src=\"https:\/\/factory.sale\/wp-content\/uploads\/2025\/09\/factory-sale-products-IMG_6062-300x225.jpg\" alt=\"\" width=\"300\" height=\"225\" srcset=\"https:\/\/factory.sale\/wp-content\/uploads\/2025\/09\/factory-sale-products-IMG_6062-300x225.jpg 300w, https:\/\/factory.sale\/wp-content\/uploads\/2025\/09\/factory-sale-products-IMG_6062-1024x768.jpg 1024w, https:\/\/factory.sale\/wp-content\/uploads\/2025\/09\/factory-sale-products-IMG_6062-150x113.jpg 150w, https:\/\/factory.sale\/wp-content\/uploads\/2025\/09\/factory-sale-products-IMG_6062-768x576.jpg 768w, https:\/\/factory.sale\/wp-content\/uploads\/2025\/09\/factory-sale-products-IMG_6062-1536x1152.jpg 1536w, https:\/\/factory.sale\/wp-content\/uploads\/2025\/09\/factory-sale-products-IMG_6062-600x450.jpg 600w, https:\/\/factory.sale\/wp-content\/uploads\/2025\/09\/factory-sale-products-IMG_6062.jpg 1680w\" sizes=\"auto, (max-width: 300px) 100vw, 300px\" \/><\/p>\n<p>Tutvu teiste sarnaste toodetega\u00a0siin<\/p>\n<p>Viide\u00a0<a title=\"ISO 9001 juhistele\" href=\"https:\/\/www.iso.org\/standard\/62085.html\" target=\"_blank\" rel=\"noopener\">ISO 9001 juhistele<\/a>\u00a0t\u00f6\u00f6stuslike konteinerite kvaliteedi tagamise kohta<\/p>\n<p><strong><em>Ei ole kindel, millist mahutit valida? Meie blogipostitus \u201c<a href=\"https:\/\/factory.sale\/et\/blog\/kuidas-valida-sobiv-mahuti\/\" target=\"_blank\" rel=\"noopener\">Kuidas valida sobiv mahuti<\/a>\u201d selgitab samm-sammult, mida silmas pidada uut mahutit valides. Vaata j\u00e4rele!<\/em><\/strong><\/p>\n","protected":false},"excerpt":{"rendered":"<p><strong>Tehnilised andmed:<\/strong><\/p>\n<p><strong>K\u00f5rgus:<\/strong> 620 mm<\/p>\n<p><strong>Diameeter:<\/strong> 400 mm<\/p>\n<p><strong>Sertifikaat ohtlike toodete jaoks:<\/strong> UN 1H2\/X105\/S\/<\/p>\n<p><strong>Kaal:<\/strong> 3,5 kg<\/p>\n<p data-start=\"3739\" data-end=\"3865\"><strong>Suuremate koguste puhul kehtivad hulgisoodustused.<\/strong><\/p>\n","protected":false},"featured_media":118183,"comment_status":"open","ping_status":"closed","template":"","meta":{"_acf_changed":false},"factory":[],"free-shipment":[],"product_brand":[],"product_cat":[924,3044],"product_tag":[2714],"class_list":{"0":"post-91921","1":"product","2":"type-product","3":"status-publish","4":"has-post-thumbnail","6":"product_cat-aiatooted","7":"product_cat-konteinerid-ja-mahutid","8":"product_tag-yard-and-garden-et","10":"first","11":"instock","12":"sale","13":"taxable","14":"shipping-taxable","15":"purchasable","16":"product-type-simple"},"acf":[],"_links":{"self":[{"href":"https:\/\/factory.sale\/et\/wp-json\/wp\/v2\/product\/91921","targetHints":{"allow":["GET"]}}],"collection":[{"href":"https:\/\/factory.sale\/et\/wp-json\/wp\/v2\/product"}],"about":[{"href":"https:\/\/factory.sale\/et\/wp-json\/wp\/v2\/types\/product"}],"replies":[{"embeddable":true,"href":"https:\/\/factory.sale\/et\/wp-json\/wp\/v2\/comments?post=91921"}],"wp:featuredmedia":[{"embeddable":true,"href":"https:\/\/factory.sale\/et\/wp-json\/wp\/v2\/media\/118183"}],"wp:attachment":[{"href":"https:\/\/factory.sale\/et\/wp-json\/wp\/v2\/media?parent=91921"}],"wp:term":[{"taxonomy":"factory","embeddable":true,"href":"https:\/\/factory.sale\/et\/wp-json\/wp\/v2\/factory?post=91921"},{"taxonomy":"free-shipment","embeddable":true,"href":"https:\/\/factory.sale\/et\/wp-json\/wp\/v2\/free-shipment?post=91921"},{"taxonomy":"product_brand","embeddable":true,"href":"https:\/\/factory.sale\/et\/wp-json\/wp\/v2\/product_brand?post=91921"},{"taxonomy":"product_cat","embeddable":true,"href":"https:\/\/factory.sale\/et\/wp-json\/wp\/v2\/product_cat?post=91921"},{"taxonomy":"product_tag","embeddable":true,"href":"https:\/\/factory.sale\/et\/wp-json\/wp\/v2\/product_tag?post=91921"}],"curies":[{"name":"wp","href":"https:\/\/api.w.org\/{rel}","templated":true}]}}