{"id":91829,"date":"2024-10-14T14:41:46","date_gmt":"2024-10-14T12:40:31","guid":{"rendered":"https:\/\/factory.sale\/?post_type=product&#038;p=91829"},"modified":"2026-03-24T14:42:53","modified_gmt":"2026-03-24T11:42:53","slug":"ummargune-mahuti-vertikaalne-1000l","status":"publish","type":"product","link":"https:\/\/factory.sale\/et\/toode\/ummargune-mahuti-vertikaalne-1000l\/","title":{"rendered":"\u00dcmmargune mahuti, vertikaalne 1000L"},"content":{"rendered":"<h2><span style=\"font-size: 14pt;\">\u00dcmmargune mahuti, vertikaalne 1000L<\/span><\/h2>\n<p>\u00dcmmargune mahuti on m\u00f5eldud vedelike hoiustamiseks. Mahutid on spetsiaalselt loodud, et h\u00f5lbustada toodete ladustamist ja transportimist. Mahuti p\u00f5hjas olev spetsiaalne s\u00fcvend, mis vastab kaane l\u00e4bim\u00f5\u00f5dule, v\u00f5imaldab mahutite stabiilset virnastamist.<\/p>\n<p><img loading=\"lazy\" decoding=\"async\" class=\"alignnone size-medium wp-image-119027\" src=\"https:\/\/factory.sale\/wp-content\/uploads\/2025\/09\/factory-sale-products-IMG_6134-300x225.jpg\" alt=\"\" width=\"300\" height=\"225\" srcset=\"https:\/\/factory.sale\/wp-content\/uploads\/2025\/09\/factory-sale-products-IMG_6134-300x225.jpg 300w, https:\/\/factory.sale\/wp-content\/uploads\/2025\/09\/factory-sale-products-IMG_6134-1024x768.jpg 1024w, https:\/\/factory.sale\/wp-content\/uploads\/2025\/09\/factory-sale-products-IMG_6134-150x113.jpg 150w, https:\/\/factory.sale\/wp-content\/uploads\/2025\/09\/factory-sale-products-IMG_6134-768x576.jpg 768w, https:\/\/factory.sale\/wp-content\/uploads\/2025\/09\/factory-sale-products-IMG_6134-1536x1152.jpg 1536w, https:\/\/factory.sale\/wp-content\/uploads\/2025\/09\/factory-sale-products-IMG_6134-600x450.jpg 600w, https:\/\/factory.sale\/wp-content\/uploads\/2025\/09\/factory-sale-products-IMG_6134.jpg 1680w\" sizes=\"auto, (max-width: 300px) 100vw, 300px\" \/><\/p>\n<p><strong>Tehniline teave:<\/strong><\/p>\n<p>Tootekood: V1003<\/p>\n<p>M\u00f5\u00f5tmed: 1940\/810 mm<\/p>\n<p>T\u00e4iteava diameeter: 350 mm<\/p>\n<p>Seina paksus: 5 mm<\/p>\n<p>K\u00fcljes on 1 keermega ava 1 toll<\/p>\n<p>Suure tugevusega, k\u00fclmakindel (-40C kuni +60C), toidukindel, UV-kindel<\/p>\n<p data-start=\"3739\" data-end=\"3865\"><strong>Suuremate koguste puhul kehtivad hulgisoodustused.<\/strong><\/p>\n<p data-start=\"3739\" data-end=\"3865\"><img loading=\"lazy\" decoding=\"async\" class=\"alignnone size-medium wp-image-118934\" src=\"https:\/\/factory.sale\/wp-content\/uploads\/2025\/09\/factory-sale-products-IMG_6133-300x225.jpg\" alt=\"\" width=\"300\" height=\"225\" srcset=\"https:\/\/factory.sale\/wp-content\/uploads\/2025\/09\/factory-sale-products-IMG_6133-300x225.jpg 300w, https:\/\/factory.sale\/wp-content\/uploads\/2025\/09\/factory-sale-products-IMG_6133-1024x768.jpg 1024w, https:\/\/factory.sale\/wp-content\/uploads\/2025\/09\/factory-sale-products-IMG_6133-150x113.jpg 150w, https:\/\/factory.sale\/wp-content\/uploads\/2025\/09\/factory-sale-products-IMG_6133-768x576.jpg 768w, https:\/\/factory.sale\/wp-content\/uploads\/2025\/09\/factory-sale-products-IMG_6133-1536x1152.jpg 1536w, https:\/\/factory.sale\/wp-content\/uploads\/2025\/09\/factory-sale-products-IMG_6133-600x450.jpg 600w, https:\/\/factory.sale\/wp-content\/uploads\/2025\/09\/factory-sale-products-IMG_6133.jpg 1680w\" sizes=\"auto, (max-width: 300px) 100vw, 300px\" \/> <img loading=\"lazy\" decoding=\"async\" class=\"alignnone size-medium wp-image-119021\" src=\"https:\/\/factory.sale\/wp-content\/uploads\/2025\/09\/factory-sale-products-IMG_6138-300x225.jpg\" alt=\"\" width=\"300\" height=\"225\" srcset=\"https:\/\/factory.sale\/wp-content\/uploads\/2025\/09\/factory-sale-products-IMG_6138-300x225.jpg 300w, https:\/\/factory.sale\/wp-content\/uploads\/2025\/09\/factory-sale-products-IMG_6138-1024x768.jpg 1024w, https:\/\/factory.sale\/wp-content\/uploads\/2025\/09\/factory-sale-products-IMG_6138-150x113.jpg 150w, https:\/\/factory.sale\/wp-content\/uploads\/2025\/09\/factory-sale-products-IMG_6138-768x576.jpg 768w, https:\/\/factory.sale\/wp-content\/uploads\/2025\/09\/factory-sale-products-IMG_6138-1536x1152.jpg 1536w, https:\/\/factory.sale\/wp-content\/uploads\/2025\/09\/factory-sale-products-IMG_6138-600x450.jpg 600w, https:\/\/factory.sale\/wp-content\/uploads\/2025\/09\/factory-sale-products-IMG_6138.jpg 1680w\" sizes=\"auto, (max-width: 300px) 100vw, 300px\" \/><\/p>\n<p data-start=\"3739\" data-end=\"3865\">Tutvu teiste sarnaste toodetega\u00a0<a href=\"https:\/\/factory.sale\/et\/product-category\/aiatooted\/konteinerid-ja-mahutid\/\">siin<\/a><\/p>\n<p data-start=\"3739\" data-end=\"3865\">Viide\u00a0<a title=\"ISO 9001 juhistele\" href=\"https:\/\/www.iso.org\/standard\/62085.html\" target=\"_blank\" rel=\"noopener\">ISO 9001 juhistele<\/a>\u00a0t\u00f6\u00f6stuslike konteinerite kvaliteedi tagamise kohta<\/p>\n<p>&nbsp;<\/p>\n<p><strong><em>Ei ole kindel, millist mahutit valida? Meie blogipostitus \u201c<a href=\"https:\/\/factory.sale\/et\/blog\/kuidas-valida-sobiv-mahuti\/\" target=\"_blank\" rel=\"noopener\">Kuidas valida sobiv mahuti<\/a>\u201d selgitab samm-sammult, mida silmas pidada uut mahutit valides. Vaata j\u00e4rele!<\/em><\/strong><\/p>\n","protected":false},"excerpt":{"rendered":"<p><strong>Mahutid sobivad k\u00f5ikidele t\u00f6\u00f6stusharudele, sealhulgas toiduainet\u00f6\u00f6stusele. Hea kvaliteet hea konkurentsiv\u00f5imelise hinnaga!<\/strong><\/p>\n<p><strong>Tehniline teave:<\/strong><\/p>\n<p>Tootekood: V1003<\/p>\n<p>M\u00f5\u00f5tmed 1625\/1184 mm<\/p>\n<p>T\u00e4iteava diameeter: 350 mm<\/p>\n<p>Seina paksus: 4.5 mm<\/p>\n<p>K\u00fcljes on 1 keermega ava 1 toll<\/p>\n<p>Suure tugevusega, k\u00fclmakindel (-40C kuni +60C), toidukindel, UV-kindel<\/p>\n<p data-start=\"3739\" data-end=\"3865\"><strong>Suuremate koguste puhul kehtivad hulgisoodustused.<\/strong><\/p>\n","protected":false},"featured_media":140178,"comment_status":"open","ping_status":"closed","template":"","meta":{"_acf_changed":false},"factory":[],"free-shipment":[],"product_brand":[],"product_cat":[924,3044],"product_tag":[2714],"class_list":{"0":"post-91829","1":"product","2":"type-product","3":"status-publish","4":"has-post-thumbnail","6":"product_cat-aiatooted","7":"product_cat-konteinerid-ja-mahutid","8":"product_tag-yard-and-garden-et","10":"first","11":"instock","12":"sale","13":"taxable","14":"shipping-taxable","15":"purchasable","16":"product-type-simple"},"acf":[],"_links":{"self":[{"href":"https:\/\/factory.sale\/et\/wp-json\/wp\/v2\/product\/91829","targetHints":{"allow":["GET"]}}],"collection":[{"href":"https:\/\/factory.sale\/et\/wp-json\/wp\/v2\/product"}],"about":[{"href":"https:\/\/factory.sale\/et\/wp-json\/wp\/v2\/types\/product"}],"replies":[{"embeddable":true,"href":"https:\/\/factory.sale\/et\/wp-json\/wp\/v2\/comments?post=91829"}],"wp:featuredmedia":[{"embeddable":true,"href":"https:\/\/factory.sale\/et\/wp-json\/wp\/v2\/media\/140178"}],"wp:attachment":[{"href":"https:\/\/factory.sale\/et\/wp-json\/wp\/v2\/media?parent=91829"}],"wp:term":[{"taxonomy":"factory","embeddable":true,"href":"https:\/\/factory.sale\/et\/wp-json\/wp\/v2\/factory?post=91829"},{"taxonomy":"free-shipment","embeddable":true,"href":"https:\/\/factory.sale\/et\/wp-json\/wp\/v2\/free-shipment?post=91829"},{"taxonomy":"product_brand","embeddable":true,"href":"https:\/\/factory.sale\/et\/wp-json\/wp\/v2\/product_brand?post=91829"},{"taxonomy":"product_cat","embeddable":true,"href":"https:\/\/factory.sale\/et\/wp-json\/wp\/v2\/product_cat?post=91829"},{"taxonomy":"product_tag","embeddable":true,"href":"https:\/\/factory.sale\/et\/wp-json\/wp\/v2\/product_tag?post=91829"}],"curies":[{"name":"wp","href":"https:\/\/api.w.org\/{rel}","templated":true}]}}