{"id":91780,"date":"2024-10-14T11:32:43","date_gmt":"2024-10-14T08:36:52","guid":{"rendered":"https:\/\/factory.sale\/?post_type=product&#038;p=91780"},"modified":"2026-02-05T20:00:33","modified_gmt":"2026-02-05T17:00:33","slug":"kandiline-mahuti-horisontaalne-500l","status":"publish","type":"product","link":"https:\/\/factory.sale\/et\/toode\/kandiline-mahuti-horisontaalne-500l\/","title":{"rendered":"Kandiline mahuti, horisontaalne &#8211; 500L"},"content":{"rendered":"<h2><span style=\"font-size: 14pt;\">Kandiline mahuti, horisontaalne &#8211; 500L<\/span><\/h2>\n<p>Kandiline mahuti on m\u00f5eldud vedelike hoiustamiseks. Mahutid on spetsiaalselt loodud, et h\u00f5lbustada toodete ladustamist ja transportimist. Mahuti p\u00f5hjas olev spetsiaalne s\u00fcvend, mis vastab kaane l\u00e4bim\u00f5\u00f5dule, v\u00f5imaldab mahutite stabiilset virnastamist.<\/p>\n<p>&nbsp;<\/p>\n<p><strong>Tehniline teave:<\/strong><\/p>\n<p>M\u00f5\u00f5tmed: 1565\/655\/610 mm<br \/>\nT\u00e4iteava diameeter: 350 mm<br \/>\nSeina paksus: 4,0 mm<br \/>\nK\u00fcljes on 1 keermega ava 3\/4 tolli<br \/>\nSuure tugevusega, k\u00fclmakindel (-40C kuni +60C), toidukindel, UV-kindel<\/p>\n<p data-start=\"3739\" data-end=\"3865\"><strong>Suuremate koguste puhul kehtivad hulgisoodustused.<\/strong><\/p>\n<p data-start=\"3739\" data-end=\"3865\">Tutvu teiste sarnaste toodetega <a title=\"siin\" href=\"https:\/\/factory.sale\/et\/product-category\/aiatooted\/konteinerid-ja-mahutid\/\">siin<\/a><\/p>\n<p>Viide\u00a0<a title=\"ISO 9001 juhistele\" href=\"https:\/\/www.iso.org\/standard\/62085.html\" target=\"_blank\" rel=\"noopener\">ISO 9001 juhistele<\/a>\u00a0t\u00f6\u00f6stuslike konteinerite kvaliteedi tagamise kohta<\/p>\n<p><strong><em>Ei ole kindel, millist mahutit valida? Meie blogipostitus \u201c<a href=\"https:\/\/factory.sale\/et\/blog\/kuidas-valida-sobiv-mahuti\/\" target=\"_blank\" rel=\"noopener\">Kuidas valida sobiv mahuti<\/a>\u201d selgitab samm-sammult, mida silmas pidada uut mahutit valides. Vaata j\u00e4rele!<\/em><\/strong><\/p>\n","protected":false},"excerpt":{"rendered":"<p><strong>Mahutid sobivad k\u00f5ikidele t\u00f6\u00f6stusharudele, sealhulgas toiduainet\u00f6\u00f6stusele. Hea kvaliteet hea konkurentsiv\u00f5imelise hinnaga!<\/strong><\/p>\n<p>Kandilised mahutid on m\u00f5eldud vedelike hoiustamiseks. Mahutid on spetsiaalselt loodud, et h\u00f5lbustada toodete ladustamist ja transportimist. Mahuti p\u00f5hjas olev spetsiaalne s\u00fcvend, mis vastab kaane l\u00e4bim\u00f5\u00f5dule, v\u00f5imaldab mahutite stabiilset virnastamist.<\/p>\n<p data-start=\"3739\" data-end=\"3865\"><strong>Suuremate koguste puhul kehtivad hulgisoodustused.<\/strong><\/p>\n","protected":false},"featured_media":140169,"comment_status":"open","ping_status":"closed","template":"","meta":{"_acf_changed":false},"factory":[],"free-shipment":[],"product_brand":[],"product_cat":[924,3044],"product_tag":[2714],"class_list":{"0":"post-91780","1":"product","2":"type-product","3":"status-publish","4":"has-post-thumbnail","6":"product_cat-aiatooted","7":"product_cat-konteinerid-ja-mahutid","8":"product_tag-yard-and-garden-et","10":"first","11":"instock","12":"sale","13":"taxable","14":"shipping-taxable","15":"purchasable","16":"product-type-simple"},"acf":[],"_links":{"self":[{"href":"https:\/\/factory.sale\/et\/wp-json\/wp\/v2\/product\/91780","targetHints":{"allow":["GET"]}}],"collection":[{"href":"https:\/\/factory.sale\/et\/wp-json\/wp\/v2\/product"}],"about":[{"href":"https:\/\/factory.sale\/et\/wp-json\/wp\/v2\/types\/product"}],"replies":[{"embeddable":true,"href":"https:\/\/factory.sale\/et\/wp-json\/wp\/v2\/comments?post=91780"}],"wp:featuredmedia":[{"embeddable":true,"href":"https:\/\/factory.sale\/et\/wp-json\/wp\/v2\/media\/140169"}],"wp:attachment":[{"href":"https:\/\/factory.sale\/et\/wp-json\/wp\/v2\/media?parent=91780"}],"wp:term":[{"taxonomy":"factory","embeddable":true,"href":"https:\/\/factory.sale\/et\/wp-json\/wp\/v2\/factory?post=91780"},{"taxonomy":"free-shipment","embeddable":true,"href":"https:\/\/factory.sale\/et\/wp-json\/wp\/v2\/free-shipment?post=91780"},{"taxonomy":"product_brand","embeddable":true,"href":"https:\/\/factory.sale\/et\/wp-json\/wp\/v2\/product_brand?post=91780"},{"taxonomy":"product_cat","embeddable":true,"href":"https:\/\/factory.sale\/et\/wp-json\/wp\/v2\/product_cat?post=91780"},{"taxonomy":"product_tag","embeddable":true,"href":"https:\/\/factory.sale\/et\/wp-json\/wp\/v2\/product_tag?post=91780"}],"curies":[{"name":"wp","href":"https:\/\/api.w.org\/{rel}","templated":true}]}}